{"id":12518,"date":"2025-08-12T08:50:53","date_gmt":"2025-08-12T08:50:53","guid":{"rendered":"https:\/\/www.simplify.rs\/?page_id=12518"},"modified":"2025-09-12T08:38:59","modified_gmt":"2025-09-12T08:38:59","slug":"rpa-business-analyst-napredni-nivo","status":"publish","type":"page","link":"https:\/\/www.simplify.rs\/ar\/%d8%aa%d9%85%d8%b1%d9%8a%d9%86\/%d9%85%d8%ad%d9%84%d9%84-%d8%a3%d8%b9%d9%85%d8%a7%d9%84-rpa-%d8%a7%d9%84%d9%85%d8%b3%d8%aa%d9%88%d9%89-%d8%a7%d9%84%d9%85%d8%aa%d9%82%d8%af%d9%85\/","title":{"rendered":"\u0645\u062d\u0644\u0644 \u0623\u0639\u0645\u0627\u0644 RPA - \u0627\u0644\u0645\u0633\u062a\u0648\u0649 \u0627\u0644\u0645\u062a\u0642\u062f\u0645"},"content":{"rendered":"<div data-elementor-type=\"wp-page\" data-elementor-id=\"12518\" class=\"elementor elementor-12518\" data-elementor-post-type=\"page\">\n\t\t\t\t<div class=\"elementor-element elementor-element-d24407d e-con-full e-flex e-con e-child\" data-id=\"d24407d\" data-element_type=\"container\" data-settings=\"{&quot;position&quot;:&quot;fixed&quot;,&quot;background_background&quot;:&quot;classic&quot;}\">\n\t\t\t\t<div class=\"elementor-element elementor-element-73af4441 elementor-widget__width-auto elementor-view-default elementor-widget elementor-widget-icon\" data-id=\"73af4441\" data-element_type=\"widget\" data-widget_type=\"icon.default\">\n\t\t\t\t<div class=\"elementor-widget-container\">\n\t\t\t\t\t\t\t<div class=\"elementor-icon-wrapper\">\n\t\t\t<a class=\"elementor-icon\" href=\"https:\/\/www.simplify.rs\/ar\/kontakt\/#contact-btn\" target=\"_blank\" rel=\"noopener\">\n\t\t\t<svg xmlns=\"http:\/\/www.w3.org\/2000\/svg\" width=\"19\" height=\"19\" viewbox=\"0 0 19 19\" fill=\"none\"><path d=\"M9.07031 0.936523L17.5819 5.99037C17.728 6.09679 17.846 6.2282 17.9357 6.3846C18.0254 6.54101 18.0703 6.71089 18.0703 6.89422V17.1288C18.0703 17.5891 17.9161 17.9734 17.6078 18.2817C17.2995 18.5901 16.9152 18.7442 16.4549 18.7442H1.68569C1.22544 18.7442 0.841146 18.5901 0.532813 18.2817C0.224479 17.9734 0.0703125 17.5891 0.0703125 17.1288V6.89422C0.0703125 6.71089 0.115179 6.54101 0.204913 6.3846C0.294663 6.2282 0.412612 6.09679 0.558762 5.99037L9.07031 0.936523ZM9.07031 11.3942L16.8703 6.74422L9.07031 2.09422L1.27031 6.74422L9.07031 11.3942ZM9.07031 12.5519L1.07031 7.79037V17.1288C1.07031 17.3083 1.128 17.4558 1.24339 17.5711C1.35877 17.6865 1.5062 17.7442 1.68569 17.7442H16.4549C16.6344 17.7442 16.7819 17.6865 16.8972 17.5711C17.0126 17.4558 17.0703 17.3083 17.0703 17.1288V7.79037L9.07031 12.5519Z\" fill=\"white\"><\/path><\/svg>\t\t\t<\/a>\n\t\t<\/div>\n\t\t\t\t\t\t<\/div>\n\t\t\t\t<\/div>\n\t\t\t\t<\/div>\n\t\t<div class=\"elementor-element elementor-element-1d27dc15 e-con-full e-flex e-con e-child\" data-id=\"1d27dc15\" data-element_type=\"container\" data-settings=\"{&quot;position&quot;:&quot;fixed&quot;,&quot;background_background&quot;:&quot;classic&quot;}\">\n\t\t\t\t<div class=\"elementor-element elementor-element-2a93d3eb elementor-widget__width-auto elementor-view-default elementor-widget elementor-widget-icon\" data-id=\"2a93d3eb\" data-element_type=\"widget\" data-widget_type=\"icon.default\">\n\t\t\t\t<div class=\"elementor-widget-container\">\n\t\t\t\t\t\t\t<div class=\"elementor-icon-wrapper\">\n\t\t\t<a class=\"elementor-icon\" href=\"#elementor-action%3Aaction%3Dpopup%3Aopen%26settings%3DeyJpZCI6IjQzNzciLCJ0b2dnbGUiOmZhbHNlfQ%3D%3D\">\n\t\t\t<svg xmlns=\"http:\/\/www.w3.org\/2000\/svg\" width=\"18\" height=\"18\" viewbox=\"0 0 18 18\" fill=\"none\"><path d=\"M16.5549 17.3177L10.2933 11.0562C9.79333 11.4818 9.21833 11.8113 8.56833 12.0447C7.91833 12.278 7.26512 12.3947 6.6087 12.3947C5.00704 12.3947 3.6515 11.8402 2.54208 10.7314C1.43265 9.62261 0.87793 8.26781 0.87793 6.66701C0.87793 5.06621 1.43234 3.71036 2.54115 2.59946C3.64997 1.48856 5.00478 0.933105 6.60558 0.933105C8.2064 0.933105 9.56225 1.48781 10.6731 2.59723C11.784 3.70665 12.3395 5.0622 12.3395 6.66388C12.3395 7.35875 12.2164 8.03118 11.9703 8.68118C11.7241 9.33118 11.401 9.88696 11.001 10.3485L17.2626 16.61L16.5549 17.3177ZM6.6087 11.3947C7.93564 11.3947 9.05583 10.9379 9.96928 10.0245C10.8827 9.11099 11.3395 7.9908 11.3395 6.66388C11.3395 5.33696 10.8827 4.21677 9.96928 3.30331C9.05583 2.38984 7.93564 1.93311 6.6087 1.93311C5.28179 1.93311 4.1616 2.38984 3.24813 3.30331C2.33468 4.21677 1.87795 5.33696 1.87795 6.66388C1.87795 7.9908 2.33468 9.11099 3.24813 10.0245C4.1616 10.9379 5.28179 11.3947 6.6087 11.3947Z\" fill=\"white\"><\/path><\/svg>\t\t\t<\/a>\n\t\t<\/div>\n\t\t\t\t\t\t<\/div>\n\t\t\t\t<\/div>\n\t\t\t\t<\/div>\n\t\t<div class=\"elementor-element elementor-element-65a2a39e e-flex e-con-boxed e-con e-parent\" data-id=\"65a2a39e\" data-element_type=\"container\" data-settings=\"{&quot;background_background&quot;:&quot;video&quot;}\">\n\t\t\t\t\t<div class=\"e-con-inner\">\n\t\t<div class=\"elementor-element elementor-element-3b60053e e-con-full e-flex e-con e-child\" data-id=\"3b60053e\" data-element_type=\"container\">\n\t\t\t\t<div class=\"elementor-element elementor-element-1710d913 elementor-widget__width-initial elementor-widget elementor-widget-heading\" data-id=\"1710d913\" data-element_type=\"widget\" data-widget_type=\"heading.default\">\n\t\t\t\t<div class=\"elementor-widget-container\">\n\t\t\t\t\t<h1 class=\"elementor-heading-title elementor-size-default\">\u0645\u062d\u0644\u0644 \u0623\u0639\u0645\u0627\u0644 RPA - \u0627\u0644\u0645\u0633\u062a\u0648\u0649 \u0627\u0644\u0645\u062a\u0642\u062f\u0645 \n<\/h1>\t\t\t\t<\/div>\n\t\t\t\t<\/div>\n\t\t\t\t<div class=\"elementor-element elementor-element-5440032d elementor-widget__width-initial elementor-widget elementor-widget-text-editor\" data-id=\"5440032d\" data-element_type=\"widget\" data-widget_type=\"text-editor.default\">\n\t\t\t\t<div class=\"elementor-widget-container\">\n\t\t\t\t\t\t\t\t\t<p><strong>RPA \u0647\u0648 \u0623\u062d\u062f \u0627\u0644\u0645\u0643\u0648\u0646\u0627\u062a \u0627\u0644\u0631\u0626\u064a\u0633\u064a\u0629 \u0644\u0623\u062a\u0645\u062a\u0629 \u0627\u0644\u0623\u0639\u0645\u0627\u0644 \u0627\u0644\u062d\u062f\u064a\u062b\u0629\u060c \u0645\u0645\u0627 \u064a\u062a\u064a\u062d \u0644\u0644\u0639\u0627\u0645\u0644\u064a\u0646 \u0627\u0644\u0631\u0642\u0645\u064a\u064a\u0646 (\u0627\u0644\u0631\u0648\u0628\u0648\u062a\u0627\u062a) \u0623\u062f\u0627\u0621 \u0627\u0644\u0645\u0647\u0627\u0645 \u0628\u062f\u0644\u0627\u064b \u0645\u0646 \u0627\u0644\u0628\u0634\u0631\u060c \u062f\u0648\u0646 \u062a\u063a\u064a\u064a\u0631 \u0627\u0644\u0623\u0646\u0638\u0645\u0629 \u0627\u0644\u062d\u0627\u0644\u064a\u0629.<\/strong><\/p>\t\t\t\t\t\t\t\t<\/div>\n\t\t\t\t<\/div>\n\t\t\t\t<\/div>\n\t\t\t\t\t<\/div>\n\t\t\t\t<\/div>\n\t\t<div class=\"elementor-element elementor-element-53aff6e4 e-flex e-con-boxed e-con e-parent\" data-id=\"53aff6e4\" data-element_type=\"container\" data-settings=\"{&quot;background_background&quot;:&quot;classic&quot;}\">\n\t\t\t\t\t<div class=\"e-con-inner\">\n\t\t<div class=\"elementor-element elementor-element-3cba51c7 e-con-full e-flex e-con e-child\" data-id=\"3cba51c7\" data-element_type=\"container\">\n\t\t\t\t<div class=\"elementor-element elementor-element-5c246313 elementor-widget elementor-widget-heading\" data-id=\"5c246313\" data-element_type=\"widget\" data-widget_type=\"heading.default\">\n\t\t\t\t<div class=\"elementor-widget-container\">\n\t\t\t\t\t<h3 class=\"elementor-heading-title elementor-size-default\"> <span style=\"color:#ffffff\"> \u0625\u062a\u0642\u0627\u0646 \u062a\u062d\u0644\u064a\u0644 \u0627\u0644\u0639\u0645\u0644\u064a\u0627\u062a \u0627\u0644\u0645\u062a\u0639\u0645\u0642 \u0644\u0644\u062d\u0635\u0648\u0644 \u0639\u0644\u0649 \u0646\u062a\u0627\u0626\u062c RPA \u0645\u062a\u0641\u0648\u0642\u0629<\/span> <\/h3>\t\t\t\t<\/div>\n\t\t\t\t<\/div>\n\t\t\t\t<div class=\"elementor-element elementor-element-7ebd93a8 elementor-widget__width-initial elementor-widget elementor-widget-text-editor\" data-id=\"7ebd93a8\" data-element_type=\"widget\" data-widget_type=\"text-editor.default\">\n\t\t\t\t<div class=\"elementor-widget-container\">\n\t\t\t\t\t\t\t\t\t<p>\u064a\u0631\u0643\u0632 \u0647\u0630\u0627 \u0627\u0644\u062a\u062f\u0631\u064a\u0628 \u0627\u0644\u0645\u062a\u0642\u062f\u0645 \u0639\u0644\u0649 \u062a\u062d\u0644\u064a\u0644 \u0627\u0644\u0639\u0645\u0644\u064a\u0627\u062a \u0627\u0644\u062a\u062c\u0627\u0631\u064a\u0629 \u0627\u0644\u0645\u0639\u0642\u062f\u0629 \u0627\u0644\u0645\u0646\u0627\u0633\u0628\u0629 \u0644\u0644\u0623\u062a\u0645\u062a\u0629 \u0648\u0641\u0647\u0645 \u0623\u0639\u0645\u0642 \u0644\u062f\u0648\u0631 \u0645\u062d\u0644\u0644 \u0627\u0644\u0623\u0639\u0645\u0627\u0644 \u0641\u064a \u0645\u0634\u0627\u0631\u064a\u0639 RPA.<br \/>\u0633\u064a\u062a\u0639\u0644\u0645 \u0627\u0644\u0645\u0634\u0627\u0631\u0643\u0648\u0646 \u0643\u064a\u0641\u064a\u0629 \u062a\u0637\u0628\u064a\u0642 \u0623\u0633\u0627\u0644\u064a\u0628 \u0645\u062b\u0644 \u0627\u0633\u062a\u062e\u0631\u0627\u062c \u0627\u0644\u0639\u0645\u0644\u064a\u0627\u062a \u0648\u062a\u062d\u0644\u064a\u0644 \u0627\u0644\u0633\u0628\u0628 \u0627\u0644\u062c\u0630\u0631\u064a \u0648\u0631\u0633\u0645 \u062e\u0631\u064a\u0637\u0629 \u062a\u062f\u0641\u0642 \u0627\u0644\u0642\u064a\u0645\u0629 \u0644\u062a\u062d\u062f\u064a\u062f \u0627\u0644\u0639\u0645\u0644\u064a\u0627\u062a \u0648\u0625\u0639\u0637\u0627\u0626\u0647\u0627 \u0627\u0644\u0623\u0648\u0644\u0648\u064a\u0629. <br \/>\u0643\u0645\u0627 \u0633\u064a\u062a\u0645\u0643\u0646\u0648\u0646 \u0645\u0646 \u0625\u062a\u0642\u0627\u0646 \u0627\u0644\u062a\u0642\u0646\u064a\u0627\u062a \u0627\u0644\u0645\u062a\u0642\u062f\u0645\u0629 \u0644\u062a\u0648\u062b\u064a\u0642 \u0642\u0648\u0627\u0639\u062f \u0627\u0644\u0639\u0645\u0644 \u0648\u0627\u0644\u0627\u0633\u062a\u062b\u0646\u0627\u0621\u0627\u062a \u0648\u0627\u0644\u0633\u064a\u0646\u0627\u0631\u064a\u0648\u0647\u0627\u062a \u0627\u0644\u0645\u062a\u063a\u064a\u0631\u0629 \u0644\u0644\u063a\u0627\u064a\u0629\u060c \u0628\u0627\u0644\u0625\u0636\u0627\u0641\u0629 \u0625\u0644\u0649 \u0627\u0644\u062a\u0639\u0627\u0648\u0646 \u0645\u0639 \u0645\u0647\u0646\u062f\u0633\u064a \u0648\u0645\u0637\u0648\u0631\u064a RPA \u0645\u0646 \u0623\u062c\u0644 \u062a\u0635\u0645\u064a\u0645 \u062d\u0644\u0648\u0644 \u0642\u0627\u0628\u0644\u0629 \u0644\u0644\u062a\u0637\u0648\u064a\u0631<br \/>\u0648\u062d\u0644\u0648\u0644 \u0641\u0639\u0651\u0627\u0644\u0629. \u064a\u062a\u0636\u0645\u0646 \u0627\u0644\u062a\u062f\u0631\u064a\u0628 \u062f\u0631\u0627\u0633\u0627\u062a \u062d\u0627\u0644\u0629 \u0648\u062a\u0637\u0628\u064a\u0642\u064b\u0627 \u0639\u0645\u0644\u064a\u064b\u0627 \u0644\u062a\u062d\u062f\u064a\u0627\u062a \u062d\u0642\u064a\u0642\u064a\u0629.<\/p>\t\t\t\t\t\t\t\t<\/div>\n\t\t\t\t<\/div>\n\t\t\t\t<\/div>\n\t\t\t\t\t<\/div>\n\t\t\t\t<\/div>\n\t\t<div class=\"elementor-element elementor-element-55d5b022 e-flex e-con-boxed e-con e-parent\" data-id=\"55d5b022\" data-element_type=\"container\">\n\t\t\t\t\t<div class=\"e-con-inner\">\n\t\t<div class=\"elementor-element elementor-element-38a6210d e-con-full e-flex e-con e-child\" data-id=\"38a6210d\" data-element_type=\"container\">\n\t\t\t\t<div class=\"elementor-element elementor-element-5db9b6e9 elementor-widget__width-inherit elementor-widget elementor-widget-heading\" data-id=\"5db9b6e9\" data-element_type=\"widget\" data-widget_type=\"heading.default\">\n\t\t\t\t<div class=\"elementor-widget-container\">\n\t\t\t\t\t<h3 class=\"elementor-heading-title elementor-size-default\"><span style=\"color:#4585F2\">\u0645\u0646 \u0647\u0648 \u0627\u0644\u0645\u0633\u062a\u0647\u062f\u0641 \u0645\u0646 \u0627\u0644\u062a\u062f\u0631\u064a\u0628\u061f\n<\/span><\/h3>\t\t\t\t<\/div>\n\t\t\t\t<\/div>\n\t\t\t\t<div class=\"elementor-element elementor-element-5fb27642 elementor-widget__width-initial elementor-widget elementor-widget-text-editor\" data-id=\"5fb27642\" data-element_type=\"widget\" data-widget_type=\"text-editor.default\">\n\t\t\t\t<div class=\"elementor-widget-container\">\n\t\t\t\t\t\t\t\t\t<p>\u00a0 \u00a0 \u00a0 \u00a0 \u00a0 \u00a0 \u00a0 \u00a0 \u00a0 \u00a0 \u00a0 \u00a0 \u00a0 \u00a0 \u00a0 \u00a0 \u00a0 \u00a0 \u00a0 \u00a0 \u00a0 \u00a0 \u00a0 \u00a0 \u00a0 \u00a0 \u00a0 \u00a0 \u00a0 \u00a0 \u00a0 \u00a0 \u00a0 \u00a0 \u00a0 \u00a0 \u00a0 \u00a0 \u00a0 \u00a0 \u00a0 \u00a0 \u00a0 \u00a0 \u00a0 \u00a0 \u00a0 \u00a0 \u00a0 \u00a0 \u00a0 \u00a0 \u00a0 \u0644\u0644\u0645\u062d\u0644\u0644\u064a\u0646 \u0630\u0648\u064a \u0627\u0644\u062e\u0628\u0631\u0629\u060c \u0648\u0642\u0627\u062f\u0629 \u0645\u0634\u0627\u0631\u064a\u0639 RPA\u060c \u0648\u0645\u0647\u0646\u062f\u0633\u064a \u062a\u0643\u0646\u0648\u0644\u0648\u062c\u064a\u0627 \u0627\u0644\u0645\u0639\u0644\u0648\u0645\u0627\u062a \u0648\u0623\u064a \u0634\u062e\u0635 \u064a\u0639\u0645\u0644 \u0639\u0644\u0649 \u0645\u0628\u0627\u062f\u0631\u0627\u062a \u0627\u0644\u0623\u062a\u0645\u062a\u0629 \u0627\u0644\u0645\u0639\u0642\u062f\u0629.<\/p>\t\t\t\t\t\t\t\t<\/div>\n\t\t\t\t<\/div>\n\t\t\t\t<\/div>\n\t\t\t\t\t<\/div>\n\t\t\t\t<\/div>\n\t\t<div class=\"elementor-element elementor-element-68ffe335 e-flex e-con-boxed e-con e-parent\" data-id=\"68ffe335\" data-element_type=\"container\" data-settings=\"{&quot;background_background&quot;:&quot;video&quot;}\">\n\t\t\t\t\t<div class=\"e-con-inner\">\n\t\t<div class=\"elementor-element elementor-element-5831218e e-con-full e-flex e-con e-child\" data-id=\"5831218e\" data-element_type=\"container\">\n\t\t\t\t<div class=\"elementor-element elementor-element-5e1b4130 elementor-widget elementor-widget-heading\" data-id=\"5e1b4130\" data-element_type=\"widget\" data-widget_type=\"heading.default\">\n\t\t\t\t<div class=\"elementor-widget-container\">\n\t\t\t\t\t<h3 class=\"elementor-heading-title elementor-size-default\"> <span style=\"color:#ffffff\">\u062c\u062f\u0648\u0644 \u0627\u0644\u0623\u0639\u0645\u0627\u0644<\/span> <\/h3>\t\t\t\t<\/div>\n\t\t\t\t<\/div>\n\t\t\t\t<div class=\"elementor-element elementor-element-2069d93d elementor-widget__width-initial elementor-widget elementor-widget-text-editor\" data-id=\"2069d93d\" data-element_type=\"widget\" data-widget_type=\"text-editor.default\">\n\t\t\t\t<div class=\"elementor-widget-container\">\n\t\t\t\t\t\t\t\t\t<p>\u0645\u062f\u0629 \u0627\u0644\u062a\u062f\u0631\u064a\u0628: \u064a\u0648\u0645 \u0648\u0627\u062d\u062f (300 \u062f\u0642\u064a\u0642\u0629)<\/p>\t\t\t\t\t\t\t\t<\/div>\n\t\t\t\t<\/div>\n\t\t<div class=\"elementor-element elementor-element-ede3af8 e-grid e-con-full e-con e-child\" data-id=\"ede3af8\" data-element_type=\"container\">\n\t\t\t\t<div class=\"elementor-element elementor-element-79fcc76f elementor-widget__width-initial elementor-widget elementor-widget-text-editor\" data-id=\"79fcc76f\" data-element_type=\"widget\" data-widget_type=\"text-editor.default\">\n\t\t\t\t<div class=\"elementor-widget-container\">\n\t\t\t\t\t\t\t\t\t<p>\u0637\u0631\u0642 \u0645\u062a\u0642\u062f\u0645\u0629 \u0644\u0627\u062e\u062a\u064a\u0627\u0631 \u0648\u062a\u062d\u0644\u064a\u0644 \u0627\u0644\u0639\u0645\u0644\u064a\u0627\u062a<\/p><p>\u0627\u0633\u062a\u062e\u0631\u0627\u062c \u0627\u0644\u0639\u0645\u0644\u064a\u0627\u062a\u060c \u062a\u062d\u0644\u064a\u0644 \u0627\u0644\u0633\u0628\u0628 \u0627\u0644\u062c\u0630\u0631\u064a\u060c VSM<\/p><p>\u062a\u0648\u062b\u064a\u0642 \u0627\u0644\u0627\u0633\u062a\u062b\u0646\u0627\u0621\u0627\u062a \u0648\u0642\u0648\u0627\u0639\u062f \u0627\u0644\u0639\u0645\u0644 \u0627\u0644\u0645\u0639\u0642\u062f\u0629<\/p><p>\u0627\u0644\u062a\u0639\u0627\u0648\u0646 \u0645\u0639 \u0645\u0647\u0646\u062f\u0633\u064a \u0627\u0644\u062d\u0644\u0648\u0644 \u0648\u062a\u0635\u0645\u064a\u0645 \u0646\u0645\u0648\u0630\u062c RPA<\/p><p>\u0625\u062f\u0627\u0631\u0629 \u0627\u0644\u0645\u0642\u0627\u0648\u0645\u0629 \u0648\u0627\u0644\u0627\u0633\u062a\u0639\u062f\u0627\u062f \u0644\u0644\u062a\u0648\u0633\u0639<\/p><p>\u0645\u0631\u0627\u0642\u0628\u0629 \u0627\u0644\u0623\u062f\u0627\u0621 \u0648\u062a\u062d\u0644\u064a\u0644 \u0627\u0644\u0641\u0648\u0627\u0626\u062f<\/p>\t\t\t\t\t\t\t\t<\/div>\n\t\t\t\t<\/div>\n\t\t\t\t<\/div>\n\t\t\t\t<\/div>\n\t\t\t\t\t<\/div>\n\t\t\t\t<\/div>\n\t\t\t\t<\/div>","protected":false},"excerpt":{"rendered":"<p>RPA Poslovni analiti\u010dar -Napredni nivo RPA je klju\u010dna komponenta savremene automatizacije poslovanja, omogu\u0107avaju\u0107i digitalnim radnicima (botovima) da izvr\u0161avaju zadatke umesto ljudi, bez izmene postoje\u0107ih sistema. Ovladajte dubinskom analizom procesa za vrhunske RPA rezultate Ova napredna obuka fokusirana je na analizu slo\u017eenih poslovnih procesa pogodnih za automatizaciju i dublje razumevanje uloge poslovnog analiti\u010dara u RPA projektima.Polaznici [&hellip;]<\/p>","protected":false},"author":5,"featured_media":0,"parent":26,"menu_order":0,"comment_status":"closed","ping_status":"closed","template":"elementor_header_footer","meta":{"footnotes":""},"class_list":["post-12518","page","type-page","status-publish","hentry"],"_links":{"self":[{"href":"https:\/\/www.simplify.rs\/ar\/wp-json\/wp\/v2\/pages\/12518","targetHints":{"allow":["GET"]}}],"collection":[{"href":"https:\/\/www.simplify.rs\/ar\/wp-json\/wp\/v2\/pages"}],"about":[{"href":"https:\/\/www.simplify.rs\/ar\/wp-json\/wp\/v2\/types\/page"}],"author":[{"embeddable":true,"href":"https:\/\/www.simplify.rs\/ar\/wp-json\/wp\/v2\/users\/5"}],"replies":[{"embeddable":true,"href":"https:\/\/www.simplify.rs\/ar\/wp-json\/wp\/v2\/comments?post=12518"}],"version-history":[{"count":5,"href":"https:\/\/www.simplify.rs\/ar\/wp-json\/wp\/v2\/pages\/12518\/revisions"}],"predecessor-version":[{"id":13419,"href":"https:\/\/www.simplify.rs\/ar\/wp-json\/wp\/v2\/pages\/12518\/revisions\/13419"}],"up":[{"embeddable":true,"href":"https:\/\/www.simplify.rs\/ar\/wp-json\/wp\/v2\/pages\/26"}],"wp:attachment":[{"href":"https:\/\/www.simplify.rs\/ar\/wp-json\/wp\/v2\/media?parent=12518"}],"curies":[{"name":"wp","href":"https:\/\/api.w.org\/{rel}","templated":true}]}}