{"id":12526,"date":"2025-08-12T08:55:04","date_gmt":"2025-08-12T08:55:04","guid":{"rendered":"https:\/\/www.simplify.rs\/?page_id=12526"},"modified":"2025-10-20T10:47:42","modified_gmt":"2025-10-20T10:47:42","slug":"ia-trening-workshop","status":"publish","type":"page","link":"https:\/\/www.simplify.rs\/ar\/%d8%aa%d9%85%d8%b1%d9%8a%d9%86\/%d9%88%d8%b1%d8%b4%d8%a9-%d8%b9%d9%85%d9%84-%d8%aa%d8%af%d8%b1%d9%8a%d8%a8%d9%8a%d8%a9\/","title":{"rendered":"\u062a\u062f\u0631\u064a\u0628 \u0627\u0644\u0630\u0643\u0627\u0621 \u0627\u0644\u0627\u0635\u0637\u0646\u0627\u0639\u064a \u2013 \u0648\u0631\u0634\u0629 \u0639\u0645\u0644"},"content":{"rendered":"<div data-elementor-type=\"wp-page\" data-elementor-id=\"12526\" class=\"elementor elementor-12526\" data-elementor-post-type=\"page\">\n\t\t\t\t<div class=\"elementor-element elementor-element-561383de e-con-full e-flex e-con e-child\" data-id=\"561383de\" data-element_type=\"container\" data-settings=\"{&quot;position&quot;:&quot;fixed&quot;,&quot;background_background&quot;:&quot;classic&quot;}\">\n\t\t\t\t<div class=\"elementor-element elementor-element-5d763d elementor-widget__width-auto elementor-view-default elementor-widget elementor-widget-icon\" data-id=\"5d763d\" data-element_type=\"widget\" data-widget_type=\"icon.default\">\n\t\t\t\t<div class=\"elementor-widget-container\">\n\t\t\t\t\t\t\t<div class=\"elementor-icon-wrapper\">\n\t\t\t<a class=\"elementor-icon\" href=\"https:\/\/www.simplify.rs\/ar\/kontakt\/#contact-btn\" target=\"_blank\" rel=\"noopener\">\n\t\t\t<svg xmlns=\"http:\/\/www.w3.org\/2000\/svg\" width=\"19\" height=\"19\" viewbox=\"0 0 19 19\" fill=\"none\"><path d=\"M9.07031 0.936523L17.5819 5.99037C17.728 6.09679 17.846 6.2282 17.9357 6.3846C18.0254 6.54101 18.0703 6.71089 18.0703 6.89422V17.1288C18.0703 17.5891 17.9161 17.9734 17.6078 18.2817C17.2995 18.5901 16.9152 18.7442 16.4549 18.7442H1.68569C1.22544 18.7442 0.841146 18.5901 0.532813 18.2817C0.224479 17.9734 0.0703125 17.5891 0.0703125 17.1288V6.89422C0.0703125 6.71089 0.115179 6.54101 0.204913 6.3846C0.294663 6.2282 0.412612 6.09679 0.558762 5.99037L9.07031 0.936523ZM9.07031 11.3942L16.8703 6.74422L9.07031 2.09422L1.27031 6.74422L9.07031 11.3942ZM9.07031 12.5519L1.07031 7.79037V17.1288C1.07031 17.3083 1.128 17.4558 1.24339 17.5711C1.35877 17.6865 1.5062 17.7442 1.68569 17.7442H16.4549C16.6344 17.7442 16.7819 17.6865 16.8972 17.5711C17.0126 17.4558 17.0703 17.3083 17.0703 17.1288V7.79037L9.07031 12.5519Z\" fill=\"white\"><\/path><\/svg>\t\t\t<\/a>\n\t\t<\/div>\n\t\t\t\t\t\t<\/div>\n\t\t\t\t<\/div>\n\t\t\t\t<\/div>\n\t\t<div class=\"elementor-element elementor-element-74849c43 e-con-full e-flex e-con e-child\" data-id=\"74849c43\" data-element_type=\"container\" data-settings=\"{&quot;position&quot;:&quot;fixed&quot;,&quot;background_background&quot;:&quot;classic&quot;}\">\n\t\t\t\t<div class=\"elementor-element elementor-element-6f5ec130 elementor-widget__width-auto elementor-view-default elementor-widget elementor-widget-icon\" data-id=\"6f5ec130\" data-element_type=\"widget\" data-widget_type=\"icon.default\">\n\t\t\t\t<div class=\"elementor-widget-container\">\n\t\t\t\t\t\t\t<div class=\"elementor-icon-wrapper\">\n\t\t\t<a class=\"elementor-icon\" href=\"#elementor-action%3Aaction%3Dpopup%3Aopen%26settings%3DeyJpZCI6IjQzNzciLCJ0b2dnbGUiOmZhbHNlfQ%3D%3D\">\n\t\t\t<svg xmlns=\"http:\/\/www.w3.org\/2000\/svg\" width=\"18\" height=\"18\" viewbox=\"0 0 18 18\" fill=\"none\"><path d=\"M16.5549 17.3177L10.2933 11.0562C9.79333 11.4818 9.21833 11.8113 8.56833 12.0447C7.91833 12.278 7.26512 12.3947 6.6087 12.3947C5.00704 12.3947 3.6515 11.8402 2.54208 10.7314C1.43265 9.62261 0.87793 8.26781 0.87793 6.66701C0.87793 5.06621 1.43234 3.71036 2.54115 2.59946C3.64997 1.48856 5.00478 0.933105 6.60558 0.933105C8.2064 0.933105 9.56225 1.48781 10.6731 2.59723C11.784 3.70665 12.3395 5.0622 12.3395 6.66388C12.3395 7.35875 12.2164 8.03118 11.9703 8.68118C11.7241 9.33118 11.401 9.88696 11.001 10.3485L17.2626 16.61L16.5549 17.3177ZM6.6087 11.3947C7.93564 11.3947 9.05583 10.9379 9.96928 10.0245C10.8827 9.11099 11.3395 7.9908 11.3395 6.66388C11.3395 5.33696 10.8827 4.21677 9.96928 3.30331C9.05583 2.38984 7.93564 1.93311 6.6087 1.93311C5.28179 1.93311 4.1616 2.38984 3.24813 3.30331C2.33468 4.21677 1.87795 5.33696 1.87795 6.66388C1.87795 7.9908 2.33468 9.11099 3.24813 10.0245C4.1616 10.9379 5.28179 11.3947 6.6087 11.3947Z\" fill=\"white\"><\/path><\/svg>\t\t\t<\/a>\n\t\t<\/div>\n\t\t\t\t\t\t<\/div>\n\t\t\t\t<\/div>\n\t\t\t\t<\/div>\n\t\t<div class=\"elementor-element elementor-element-1a30e83 e-flex e-con-boxed e-con e-parent\" data-id=\"1a30e83\" data-element_type=\"container\" data-settings=\"{&quot;background_background&quot;:&quot;video&quot;}\">\n\t\t\t\t\t<div class=\"e-con-inner\">\n\t\t<div class=\"elementor-element elementor-element-28f0e82d e-con-full e-flex e-con e-child\" data-id=\"28f0e82d\" data-element_type=\"container\">\n\t\t\t\t<div class=\"elementor-element elementor-element-686781c2 elementor-widget__width-initial elementor-widget elementor-widget-heading\" data-id=\"686781c2\" data-element_type=\"widget\" data-widget_type=\"heading.default\">\n\t\t\t\t<div class=\"elementor-widget-container\">\n\t\t\t\t\t<h1 class=\"elementor-heading-title elementor-size-default\">\u062a\u062f\u0631\u064a\u0628 \u0627\u0644\u0630\u0643\u0627\u0621 \u0627\u0644\u0627\u0635\u0637\u0646\u0627\u0639\u064a - \u0648\u0631\u0634\u0629 \u0639\u0645\u0644 <\/h1>\t\t\t\t<\/div>\n\t\t\t\t<\/div>\n\t\t\t\t<div class=\"elementor-element elementor-element-392b8309 elementor-widget__width-initial elementor-widget elementor-widget-text-editor\" data-id=\"392b8309\" data-element_type=\"widget\" data-widget_type=\"text-editor.default\">\n\t\t\t\t<div class=\"elementor-widget-container\">\n\t\t\t\t\t\t\t\t\t<p><strong>\u0627\u0644\u0623\u062a\u0645\u062a\u0629 \u0627\u0644\u0630\u0643\u064a\u0629 (IA) \u0647\u064a \u0645\u0632\u064a\u062c \u0645\u0646 \u0627\u0644\u062a\u0642\u0646\u064a\u0627\u062a \u0645\u062b\u0644 RPA (\u0623\u062a\u0645\u062a\u0629 \u0627\u0644\u0645\u0647\u0627\u0645 \u0627\u0644\u0631\u0648\u062a\u064a\u0646\u064a\u0629)\u060c \u0648\u0627\u0644\u0630\u0643\u0627\u0621 \u0627\u0644\u0627\u0635\u0637\u0646\u0627\u0639\u064a (AI\/ML)\u060c \u0648\u0645\u0639\u0627\u0644\u062c\u0629 \u0627\u0644\u0645\u0633\u062a\u0646\u062f\u0627\u062a \u0627\u0644\u0630\u0643\u064a\u0629 (IDP)\u060c \u0648\u0627\u0644\u062a\u064a \u062a\u0647\u062f\u0641 \u0625\u0644\u0649 \u0632\u064a\u0627\u062f\u0629 \u0627\u0644\u0643\u0641\u0627\u0621\u0629 \u0648\u062a\u0642\u0644\u064a\u0644 \u0627\u0644\u0623\u062e\u0637\u0627\u0621 \u0648\u062a\u0633\u0631\u064a\u0639 \u0627\u0644\u0639\u0645\u0644\u064a\u0627\u062a \u0627\u0644\u062a\u062c\u0627\u0631\u064a\u0629.<\/strong><\/p>\t\t\t\t\t\t\t\t<\/div>\n\t\t\t\t<\/div>\n\t\t\t\t<\/div>\n\t\t\t\t\t<\/div>\n\t\t\t\t<\/div>\n\t\t<div class=\"elementor-element elementor-element-4ec9ef09 e-flex e-con-boxed e-con e-parent\" data-id=\"4ec9ef09\" data-element_type=\"container\" data-settings=\"{&quot;background_background&quot;:&quot;classic&quot;}\">\n\t\t\t\t\t<div class=\"e-con-inner\">\n\t\t<div class=\"elementor-element elementor-element-7b3d4d5a e-con-full e-flex e-con e-child\" data-id=\"7b3d4d5a\" data-element_type=\"container\">\n\t\t\t\t<div class=\"elementor-element elementor-element-113c45c5 elementor-widget elementor-widget-heading\" data-id=\"113c45c5\" data-element_type=\"widget\" data-widget_type=\"heading.default\">\n\t\t\t\t<div class=\"elementor-widget-container\">\n\t\t\t\t\t<h3 class=\"elementor-heading-title elementor-size-default\"> <span style=\"color:#ffffff\"> \u062a\u062d\u062f\u064a\u062f \u0627\u0644\u0645\u062c\u0627\u0644\u0627\u062a \u0630\u0627\u062a \u0627\u0644\u0625\u0645\u0643\u0627\u0646\u0627\u062a \u0627\u0644\u0623\u0643\u0628\u0631 \u0644\u0644\u0623\u062a\u0645\u062a\u0629<\/span> <\/h3>\t\t\t\t<\/div>\n\t\t\t\t<\/div>\n\t\t\t\t<div class=\"elementor-element elementor-element-4c7e6ab0 elementor-widget__width-initial elementor-widget elementor-widget-text-editor\" data-id=\"4c7e6ab0\" data-element_type=\"widget\" data-widget_type=\"text-editor.default\">\n\t\t\t\t<div class=\"elementor-widget-container\">\n\t\t\t\t\t\t\t\t\t<p>\u0647\u0630\u0627 \u0627\u0644\u062a\u062f\u0631\u064a\u0628 \u0639\u0628\u0627\u0631\u0629 \u0639\u0646 \u062c\u0644\u0633\u0629 \u062a\u0641\u0627\u0639\u0644\u064a\u0629 \u062a\u064f\u0631\u0643\u0632 \u0639\u0644\u0649 \u062a\u062d\u062f\u064a\u062f \u0627\u0644\u0639\u0645\u0644\u064a\u0627\u062a \u0627\u0644\u0623\u0646\u0633\u0628 \u0644\u062a\u0637\u0628\u064a\u0642 \u0627\u0644\u062a\u0642\u0646\u064a\u0627\u062a \u0627\u0644\u0645\u062a\u0642\u062f\u0645\u0629\u060c \u0645\u062b\u0644 \u0623\u062a\u0645\u062a\u0629 \u0627\u0644\u0639\u0645\u0644\u064a\u0627\u062a \u0627\u0644\u0631\u0648\u0628\u0648\u062a\u064a\u0629 (RPA)\u060c \u0648\u0625\u062f\u0627\u0631\u0629 \u0627\u0644\u0647\u0648\u064a\u0629 (IDP)\u060c \u0648\u0645\u0639\u0627\u0644\u062c\u0629 \u0627\u0644\u0644\u063a\u0629 \u0627\u0644\u0637\u0628\u064a\u0639\u064a\u0629 (NLP)\u060c \u0648\u0646\u0645\u0627\u0630\u062c \u0627\u0644\u0630\u0643\u0627\u0621 \u0627\u0644\u0627\u0635\u0637\u0646\u0627\u0639\u064a\/\u0627\u0644\u062a\u0639\u0644\u0645 \u0627\u0644\u0622\u0644\u064a (AI\/ML). \u0645\u0646 \u062e\u0644\u0627\u0644 \u0627\u0644\u062a\u062d\u0644\u064a\u0644 \u0627\u0644\u0645\u0646\u0638\u0645 \u0648\u0627\u0644\u0639\u0645\u0644 \u0627\u0644\u062c\u0645\u0627\u0639\u064a\u060c \u064a\u062a\u0639\u0644\u0645 \u0627\u0644\u0645\u0634\u0627\u0631\u0643\u0648\u0646 \u0643\u064a\u0641\u064a\u0629 \u062a\u062d\u062f\u064a\u062f \u0627\u0644\u0645\u0647\u0627\u0645 \u0648\u062a\u062f\u0641\u0642\u0627\u062a \u0627\u0644\u0623\u0639\u0645\u0627\u0644 \u0627\u0644\u062a\u064a \u062a\u064f\u0644\u0628\u064a \u0645\u0639\u0627\u064a\u064a\u0631 \u0627\u0644\u0623\u062a\u0645\u062a\u0629 \u0627\u0644\u0630\u0643\u064a\u0629\u060c \u0645\u062b\u0644 \u0627\u0644\u062d\u062c\u0645 \u0627\u0644\u0643\u0628\u064a\u0631\u060c \u0648\u0627\u0644\u062e\u0637\u0648\u0627\u062a \u0627\u0644\u0645\u062a\u0643\u0631\u0631\u0629\u060c \u0648\u062b\u0628\u0627\u062a \u0628\u064a\u0627\u0646\u0627\u062a \u0627\u0644\u0625\u062f\u062e\u0627\u0644\u060c \u0648\u0627\u0646\u062e\u0641\u0627\u0636 \u0627\u0644\u062d\u0627\u062c\u0629 \u0625\u0644\u0649 \u0627\u0644\u062a\u0642\u064a\u064a\u0645 \u0627\u0644\u0628\u0634\u0631\u064a.<\/p>\t\t\t\t\t\t\t\t<\/div>\n\t\t\t\t<\/div>\n\t\t\t\t<\/div>\n\t\t\t\t\t<\/div>\n\t\t\t\t<\/div>\n\t\t<div class=\"elementor-element elementor-element-59638bc1 e-flex e-con-boxed e-con e-parent\" data-id=\"59638bc1\" data-element_type=\"container\">\n\t\t\t\t\t<div class=\"e-con-inner\">\n\t\t<div class=\"elementor-element elementor-element-4ffd8bb9 e-con-full e-flex e-con e-child\" data-id=\"4ffd8bb9\" data-element_type=\"container\">\n\t\t\t\t<div class=\"elementor-element elementor-element-51e74d9d elementor-widget__width-inherit elementor-widget elementor-widget-heading\" data-id=\"51e74d9d\" data-element_type=\"widget\" data-widget_type=\"heading.default\">\n\t\t\t\t<div class=\"elementor-widget-container\">\n\t\t\t\t\t<h3 class=\"elementor-heading-title elementor-size-default\"><span style=\"color:#4585F2\">\u0645\u0646 \u064a\u0633\u062a\u0647\u062f\u0641 \u0647\u0630\u0647 \u0627\u0644\u0648\u0631\u0634\u0629\u061f<\/span><\/h3>\t\t\t\t<\/div>\n\t\t\t\t<\/div>\n\t\t\t\t<div class=\"elementor-element elementor-element-132e901e elementor-widget__width-initial elementor-widget elementor-widget-text-editor\" data-id=\"132e901e\" data-element_type=\"widget\" data-widget_type=\"text-editor.default\">\n\t\t\t\t<div class=\"elementor-widget-container\">\n\t\t\t\t\t\t\t\t\t<p>\u062a\u0645 \u062a\u0635\u0645\u064a\u0645 \u0627\u0644\u062a\u062f\u0631\u064a\u0628 \u0644\u0644\u0645\u0648\u0638\u0641\u064a\u0646 \u0645\u0646 \u0642\u0637\u0627\u0639 \u0627\u0644\u0623\u0639\u0645\u0627\u0644 (\u0627\u0644\u0639\u0645\u0644\u064a\u0627\u062a \u0648\u0627\u0644\u0645\u0627\u0644\u064a\u0629 \u0648\u0627\u0644\u062f\u0639\u0645 \u0648\u0627\u0644\u0645\u0648\u0627\u0631\u062f \u0627\u0644\u0628\u0634\u0631\u064a\u0629 \u0648\u0627\u0644\u0645\u0628\u064a\u0639\u0627\u062a) \u0648\u0642\u0637\u0627\u0639 \u062a\u0643\u0646\u0648\u0644\u0648\u062c\u064a\u0627 \u0627\u0644\u0645\u0639\u0644\u0648\u0645\u0627\u062a \u0627\u0644\u0630\u064a\u0646 \u064a\u0634\u0627\u0631\u0643\u0648\u0646 \u0641\u064a \u062a\u062d\u0633\u064a\u0646 \u0627\u0644\u0639\u0645\u0644\u064a\u0627\u062a \u0648\u064a\u0631\u064a\u062f\u0648\u0646 \u0627\u0643\u062a\u0634\u0627\u0641 \u0641\u0631\u0635 \u0627\u0644\u0630\u0643\u0627\u0621 \u0627\u0644\u0627\u0635\u0637\u0646\u0627\u0639\u064a \u0628\u0634\u0643\u0644 \u0645\u0646\u0647\u062c\u064a \u0641\u064a \u0639\u0645\u0644\u0647\u0645.<\/p>\t\t\t\t\t\t\t\t<\/div>\n\t\t\t\t<\/div>\n\t\t\t\t<\/div>\n\t\t\t\t\t<\/div>\n\t\t\t\t<\/div>\n\t\t<div class=\"elementor-element elementor-element-3f088c5f e-flex e-con-boxed e-con e-parent\" data-id=\"3f088c5f\" data-element_type=\"container\" data-settings=\"{&quot;background_background&quot;:&quot;video&quot;}\">\n\t\t\t\t\t<div class=\"e-con-inner\">\n\t\t<div class=\"elementor-element elementor-element-e2afa92 e-con-full e-flex e-con e-child\" data-id=\"e2afa92\" data-element_type=\"container\">\n\t\t\t\t<div class=\"elementor-element elementor-element-39016654 elementor-widget elementor-widget-heading\" data-id=\"39016654\" data-element_type=\"widget\" data-widget_type=\"heading.default\">\n\t\t\t\t<div class=\"elementor-widget-container\">\n\t\t\t\t\t<h3 class=\"elementor-heading-title elementor-size-default\"> <span style=\"color:#ffffff\">\u062c\u062f\u0648\u0644 \u0627\u0644\u0623\u0639\u0645\u0627\u0644<\/span> <\/h3>\t\t\t\t<\/div>\n\t\t\t\t<\/div>\n\t\t\t\t<div class=\"elementor-element elementor-element-48c029c6 elementor-widget__width-initial elementor-widget elementor-widget-text-editor\" data-id=\"48c029c6\" data-element_type=\"widget\" data-widget_type=\"text-editor.default\">\n\t\t\t\t<div class=\"elementor-widget-container\">\n\t\t\t\t\t\t\t\t\t<p><strong>\u0645\u062f\u0629 \u0627\u0644\u062a\u062f\u0631\u064a\u0628 \u0661\u0668\u0660 \u062f\u0642\u064a\u0642\u0629 (\u064a\u0648\u0645 \u0648\u0627\u062d\u062f). \u062e\u0644\u0627\u0644 \u0627\u0644\u062a\u062f\u0631\u064a\u0628\u060c \u0633\u062a\u062e\u0648\u0636 \u062b\u0644\u0627\u062b\u0629 \u0623\u062c\u0632\u0627\u0621 \u0645\u062e\u062a\u0644\u0641\u0629 (\u0645\u062f\u0629 \u0643\u0644 \u062c\u0632\u0621 \u0666\u0660 \u062f\u0642\u064a\u0642\u0629).<\/strong><\/p>\t\t\t\t\t\t\t\t<\/div>\n\t\t\t\t<\/div>\n\t\t\t\t<div class=\"elementor-element elementor-element-6c9d0340 elementor-widget elementor-widget-n-carousel\" data-id=\"6c9d0340\" data-element_type=\"widget\" data-settings=\"{&quot;carousel_items&quot;:[{&quot;slide_title&quot;:&quot;\\u0421\\u043b\\u0430\\u0458\\u0434 1\\u0422\\u041f8\\u04221&quot;,&quot;_id&quot;:&quot;d5ff068&quot;},{&quot;slide_title&quot;:&quot;\\u0421\\u043b\\u0430\\u0458\\u0434 1\\u0422\\u041f8\\u04222&quot;,&quot;_id&quot;:&quot;ed9fb59&quot;},{&quot;slide_title&quot;:&quot;\\u0421\\u043b\\u0430\\u0458\\u0434 1\\u0422\\u041f8\\u04223&quot;,&quot;_id&quot;:&quot;2b34dc2&quot;}],&quot;image_spacing_custom&quot;:{&quot;unit&quot;:&quot;px&quot;,&quot;size&quot;:80,&quot;sizes&quot;:[]},&quot;slides_to_show&quot;:&quot;3&quot;,&quot;slides_to_scroll&quot;:&quot;1&quot;,&quot;slides_to_show_tablet&quot;:&quot;2&quot;,&quot;slides_to_show_mobile&quot;:&quot;1&quot;,&quot;speed&quot;:500,&quot;image_spacing_custom_tablet&quot;:{&quot;unit&quot;:&quot;px&quot;,&quot;size&quot;:&quot;&quot;,&quot;sizes&quot;:[]},&quot;image_spacing_custom_mobile&quot;:{&quot;unit&quot;:&quot;px&quot;,&quot;size&quot;:&quot;&quot;,&quot;sizes&quot;:[]}}\" data-widget_type=\"nested-carousel.default\">\n\t\t\t\t<div class=\"elementor-widget-container\">\n\t\t\t\t\t\t\t<div class=\"e-n-carousel swiper\" role=\"region\" aria-roledescription=\"carousel\" aria-label=\"\u062f\u0648\u0627\u0631\u0629\" dir=\"ltr\">\n\t\t\t<div class=\"swiper-wrapper\" aria-live=\"polite\">\n\t\t\t\t\t\t\t\t\t\t<div class=\"swiper-slide\" data-slide=\"1\" role=\"group\" aria-roledescription=\"slide\" aria-label=\"1 von 3\" data-no-translation-aria-label=\"\">\n\t\t\t\t\t\t\t<div class=\"elementor-element elementor-element-6992e620 e-flex e-con-boxed e-con e-child\" data-id=\"6992e620\" data-element_type=\"container\">\n\t\t\t\t\t<div class=\"e-con-inner\">\n\t\t\t\t<div class=\"elementor-element elementor-element-7e9ce581 elementor-widget__width-inherit elementor-widget elementor-widget-text-editor\" data-id=\"7e9ce581\" data-element_type=\"widget\" data-widget_type=\"text-editor.default\">\n\t\t\t\t<div class=\"elementor-widget-container\">\n\t\t\t\t\t\t\t\t\t<p><strong>01 \u0645\u0642\u062f\u0645\u0629 \u0641\u064a \u0627\u0644\u062a\u0642\u064a\u064a\u0645 \u0627\u0644\u062f\u0627\u062e\u0644\u064a \u0648\u0645\u0639\u0627\u064a\u064a\u0631 \u0627\u062e\u062a\u064a\u0627\u0631 \u0627\u0644\u0645\u0631\u0634\u062d\u064a\u0646 (60 \u062f\u0642\u064a\u0642\u0629)<\/strong><\/p>\t\t\t\t\t\t\t\t<\/div>\n\t\t\t\t<\/div>\n\t\t\t\t<div class=\"elementor-element elementor-element-4ca08b6d elementor-widget__width-initial elementor-widget elementor-widget-text-editor\" data-id=\"4ca08b6d\" data-element_type=\"widget\" data-widget_type=\"text-editor.default\">\n\t\t\t\t<div class=\"elementor-widget-container\">\n\t\t\t\t\t\t\t\t\t<p>\u0627\u0644\u0645\u0635\u0637\u0644\u062d\u0627\u062a \u0627\u0644\u0623\u0633\u0627\u0633\u064a\u0629: IA = RPA + AI + IDP + NLP<\/p><p>\u0639\u0645\u0644\u064a\u0627\u062a \u0627\u0644\u0630\u0643\u0627\u0621 \u0627\u0644\u0627\u0635\u0637\u0646\u0627\u0639\u064a \u0627\u0644\u0646\u0645\u0648\u0630\u062c\u064a\u0629 \u0641\u064a \u0627\u0644\u0623\u0639\u0645\u0627\u0644 - \u0623\u0645\u062b\u0644\u0629 \u062d\u0633\u0628 \u0627\u0644\u0648\u0638\u064a\u0641\u0629<\/p><p>\u0645\u0639\u0627\u064a\u064a\u0631 \u0627\u0644\u0645\u0631\u0634\u062d \u0627\u0644\u062c\u064a\u062f \u0644\u0644\u0630\u0643\u0627\u0621 \u0627\u0644\u0627\u0635\u0637\u0646\u0627\u0639\u064a (\u0627\u0644\u0627\u0633\u062a\u0642\u0631\u0627\u0631\u060c \u0627\u0644\u062d\u062c\u0645\u060c \u0628\u0646\u064a\u0629 \u0627\u0644\u0628\u064a\u0627\u0646\u0627\u062a)<\/p><p>\u062a\u062d\u0644\u064a\u0644 \u0627\u0644\u0645\u062c\u0645\u0648\u0639\u0629: \u062a\u0642\u064a\u064a\u0645 \u0627\u0644\u0639\u0645\u0644\u064a\u0627\u062a \u0627\u0644\u0646\u0645\u0648\u0630\u062c\u064a\u0629 \u0645\u0646 \u062e\u0644\u0627\u0644 \u0642\u0627\u0626\u0645\u0629 \u0627\u0644\u062a\u062d\u0642\u0642 \u0645\u0646 \u0627\u0644\u062a\u0642\u064a\u064a\u0645 \u0627\u0644\u062f\u0627\u062e\u0644\u064a<\/p>\t\t\t\t\t\t\t\t<\/div>\n\t\t\t\t<\/div>\n\t\t\t\t\t<\/div>\n\t\t\t\t<\/div>\n\t\t\t\t\t\t\t\t<\/div>\n\t\t\t\t\t\t\t\t\t\t\t<div class=\"swiper-slide\" data-slide=\"2\" role=\"group\" aria-roledescription=\"slide\" aria-label=\"2 von 3\" data-no-translation-aria-label=\"\">\n\t\t\t\t\t\t\t<div class=\"elementor-element elementor-element-e43e46b e-flex e-con-boxed e-con e-child\" data-id=\"e43e46b\" data-element_type=\"container\">\n\t\t\t\t\t<div class=\"e-con-inner\">\n\t\t\t\t<div class=\"elementor-element elementor-element-315f8fd1 elementor-widget__width-inherit elementor-widget elementor-widget-text-editor\" data-id=\"315f8fd1\" data-element_type=\"widget\" data-widget_type=\"text-editor.default\">\n\t\t\t\t<div class=\"elementor-widget-container\">\n\t\t\t\t\t\t\t\t\t<p><strong>02 \u0631\u0633\u0645 \u062e\u0631\u064a\u0637\u0629 \u0627\u0644\u0639\u0645\u0644\u064a\u0629 \u0648\u062a\u0642\u064a\u064a\u0645 \u0627\u0644\u0625\u0645\u0643\u0627\u0646\u0627\u062a (60 \u062f\u0642\u064a\u0642\u0629)<\/strong><\/p>\t\t\t\t\t\t\t\t<\/div>\n\t\t\t\t<\/div>\n\t\t\t\t<div class=\"elementor-element elementor-element-71b5912a elementor-widget__width-initial elementor-widget elementor-widget-text-editor\" data-id=\"71b5912a\" data-element_type=\"widget\" data-widget_type=\"text-editor.default\">\n\t\t\t\t<div class=\"elementor-widget-container\">\n\t\t\t\t\t\t\t\t\t<p>\u062a\u0645\u0631\u064a\u0646 \u0635\u063a\u064a\u0631: \u062a\u0642\u0648\u0645 \u0627\u0644\u0641\u0631\u0642 \u0628\u062a\u062d\u0644\u064a\u0644 2-3 \u0623\u0645\u062b\u0644\u0629 \u0644\u0644\u0639\u0645\u0644\u064a\u0627\u062a \u0645\u0646 \u0628\u064a\u0626\u062a\u0647\u0645<\/p><p>\u062a\u062d\u062f\u064a\u062f \u0627\u0644\u0623\u0648\u0644\u0648\u064a\u0627\u062a: \u0627\u0644\u0641\u0627\u0626\u062f\u0629 \u0627\u0644\u0639\u0627\u0644\u064a\u0629 \u0645\u0642\u0627\u0628\u0644 \u0627\u0644\u062a\u0639\u0642\u064a\u062f<\/p><p>\u0645\u0635\u0641\u0648\u0641\u0629 \u0627\u0644\u0642\u064a\u0645\u0629 \u0645\u0642\u0627\u0628\u0644 \u0627\u0644\u062c\u0647\u062f \u0644\u0644\u0630\u0643\u0627\u0621 \u0627\u0644\u0627\u0635\u0637\u0646\u0627\u0639\u064a<\/p><p>\u0627\u0644\u0645\u0646\u0627\u0642\u0634\u0629: \u0645\u0627 \u0647\u064a \u0627\u0644\u0639\u0645\u0644\u064a\u0627\u062a \u0627\u0644\u062a\u064a \u062a\u062a\u0645\u062a\u0639 \u0628\u0623\u0633\u0631\u0639 \u0627\u0633\u062a\u0631\u062f\u0627\u062f \u0648\u0623\u0639\u0644\u0649 \u0625\u0645\u0643\u0627\u0646\u0627\u062a\u061f<\/p><p>\u00a0<\/p>\t\t\t\t\t\t\t\t<\/div>\n\t\t\t\t<\/div>\n\t\t\t\t\t<\/div>\n\t\t\t\t<\/div>\n\t\t\t\t\t\t\t\t<\/div>\n\t\t\t\t\t\t\t\t\t\t\t<div class=\"swiper-slide\" data-slide=\"3\" role=\"group\" aria-roledescription=\"slide\" aria-label=\"3 von 3\" data-no-translation-aria-label=\"\">\n\t\t\t\t\t\t\t<div class=\"elementor-element elementor-element-33c4f31b e-flex e-con-boxed e-con e-child\" data-id=\"33c4f31b\" data-element_type=\"container\">\n\t\t\t\t\t<div class=\"e-con-inner\">\n\t\t\t\t<div class=\"elementor-element elementor-element-646f8e2f elementor-widget__width-inherit elementor-widget elementor-widget-text-editor\" data-id=\"646f8e2f\" data-element_type=\"widget\" data-widget_type=\"text-editor.default\">\n\t\t\t\t<div class=\"elementor-widget-container\">\n\t\t\t\t\t\t\t\t\t<p><strong>03 \u0627\u0644\u0645\u0646\u0627\u0642\u0634\u0629 \u0648 <\/strong><strong>\u0627\u0644\u062e\u0637\u0648\u0627\u062a \u0627\u0644\u062a\u0627\u0644\u064a\u0629 (60 \u062f\u0642\u064a\u0642\u0629)<\/strong><\/p>\t\t\t\t\t\t\t\t<\/div>\n\t\t\t\t<\/div>\n\t\t\t\t<div class=\"elementor-element elementor-element-6a172c50 elementor-widget__width-initial elementor-widget elementor-widget-text-editor\" data-id=\"6a172c50\" data-element_type=\"widget\" data-widget_type=\"text-editor.default\">\n\t\t\t\t<div class=\"elementor-widget-container\">\n\t\t\t\t\t\t\t\t\t<p>\u0631\u0624\u0649 \u0627\u0644\u0645\u062c\u0645\u0648\u0639\u0629 - \u0645\u0627 \u0647\u064a \u0623\u0643\u062b\u0631 \u0623\u0646\u0648\u0627\u0639 \u0627\u0644\u0645\u0631\u0634\u062d\u064a\u0646 \u0634\u064a\u0648\u0639\u064b\u0627 \u0644\u0644\u062a\u0642\u064a\u064a\u0645 \u0627\u0644\u062f\u0627\u062e\u0644\u064a\u061f<\/p><p>\u062e\u0637 \u0623\u0646\u0627\u0628\u064a\u0628 \u0627\u0644\u062a\u0642\u064a\u064a\u0645 \u0627\u0644\u062f\u0627\u062e\u0644\u064a: \u0643\u064a\u0641\u064a\u0629 \u0625\u0639\u062f\u0627\u062f \u0627\u0644\u0639\u0645\u0644\u064a\u0629 \u0644\u0641\u0631\u064a\u0642 \u0627\u0644\u062a\u0642\u064a\u064a\u0645 \u0627\u0644\u062f\u0627\u062e\u0644\u064a \/ \u0645\u0631\u0643\u0632 \u0627\u0644\u062a\u0645\u064a\u0632<\/p><p>\u0627\u0644\u0623\u062e\u0637\u0627\u0621 \u0627\u0644\u0623\u0643\u062b\u0631 \u0634\u064a\u0648\u0639\u064b\u0627 \u0641\u064a \u062a\u0642\u064a\u064a\u0645\u0627\u062a IA<\/p><p>\u0627\u0644\u0645\u0646\u0627\u0642\u0634\u0629 \u0627\u0644\u062e\u062a\u0627\u0645\u064a\u0629 \u0648\u0627\u0644\u0623\u0633\u0626\u0644\u0629 \u0648\u0627\u0644\u0623\u062c\u0648\u0628\u0629<\/p>\t\t\t\t\t\t\t\t<\/div>\n\t\t\t\t<\/div>\n\t\t\t\t\t<\/div>\n\t\t\t\t<\/div>\n\t\t\t\t\t\t\t\t<\/div>\n\t\t\t\t\t\t\t\t<\/div>\n\t\t<\/div>\n\t\t\t\t\t\t<\/div>\n\t\t\t\t<\/div>\n\t\t\t\t<\/div>\n\t\t\t\t\t<\/div>\n\t\t\t\t<\/div>\n\t\t\t\t<\/div>","protected":false},"excerpt":{"rendered":"<p>IA trening &#8211; WorkShop Inteligentna automatizacija (IA) predstavlja kombinaciju tehnologija poput RPA (automatizacija rutinskih zadataka), ve\u0161ta\u010dke inteligencije (AI\/ML), i inteligentne obrade dokumenata (IDP), \u010diji je cilj pove\u0107anje efikasnosti, smanjenje gre\u0161aka i ubrzanje poslovnih procesa. Prepoznajte oblasti sa najve\u0107im potencijalom za automatizaciju Ova obuka predstavlja interaktivnu sesiju fokusiranu na prepoznavanje procesa koji su najpogodniji za primenu [&hellip;]<\/p>","protected":false},"author":5,"featured_media":0,"parent":26,"menu_order":0,"comment_status":"closed","ping_status":"closed","template":"elementor_header_footer","meta":{"footnotes":""},"class_list":["post-12526","page","type-page","status-publish","hentry"],"_links":{"self":[{"href":"https:\/\/www.simplify.rs\/ar\/wp-json\/wp\/v2\/pages\/12526","targetHints":{"allow":["GET"]}}],"collection":[{"href":"https:\/\/www.simplify.rs\/ar\/wp-json\/wp\/v2\/pages"}],"about":[{"href":"https:\/\/www.simplify.rs\/ar\/wp-json\/wp\/v2\/types\/page"}],"author":[{"embeddable":true,"href":"https:\/\/www.simplify.rs\/ar\/wp-json\/wp\/v2\/users\/5"}],"replies":[{"embeddable":true,"href":"https:\/\/www.simplify.rs\/ar\/wp-json\/wp\/v2\/comments?post=12526"}],"version-history":[{"count":5,"href":"https:\/\/www.simplify.rs\/ar\/wp-json\/wp\/v2\/pages\/12526\/revisions"}],"predecessor-version":[{"id":13733,"href":"https:\/\/www.simplify.rs\/ar\/wp-json\/wp\/v2\/pages\/12526\/revisions\/13733"}],"up":[{"embeddable":true,"href":"https:\/\/www.simplify.rs\/ar\/wp-json\/wp\/v2\/pages\/26"}],"wp:attachment":[{"href":"https:\/\/www.simplify.rs\/ar\/wp-json\/wp\/v2\/media?parent=12526"}],"curies":[{"name":"wp","href":"https:\/\/api.w.org\/{rel}","templated":true}]}}