{"id":12911,"date":"2025-08-19T14:06:39","date_gmt":"2025-08-19T14:06:39","guid":{"rendered":"https:\/\/www.simplify.rs\/?page_id=12911"},"modified":"2025-08-19T14:07:17","modified_gmt":"2025-08-19T14:07:17","slug":"agilni-menadzment-scrum-trening","status":"publish","type":"page","link":"https:\/\/www.simplify.rs\/ar\/%d8%aa%d9%85%d8%b1%d9%8a%d9%86\/%d8%aa%d8%af%d8%b1%d9%8a%d8%a8-%d8%a5%d8%af%d8%a7%d8%b1%d8%a9-scrum-%d8%a7%d9%84%d8%b1%d8%b4%d9%8a%d9%82%d8%a9\/","title":{"rendered":"\u0625\u062f\u0627\u0631\u0629 Agile - \u062a\u062f\u0631\u064a\u0628 SCRUM"},"content":{"rendered":"<div data-elementor-type=\"wp-page\" data-elementor-id=\"12911\" class=\"elementor elementor-12911\" data-elementor-post-type=\"page\">\n\t\t\t\t<div class=\"elementor-element elementor-element-45d15d80 e-con-full e-flex e-con e-child\" data-id=\"45d15d80\" data-element_type=\"container\" data-settings=\"{&quot;position&quot;:&quot;fixed&quot;,&quot;background_background&quot;:&quot;classic&quot;}\">\n\t\t\t\t<div class=\"elementor-element elementor-element-2ebc0816 elementor-widget__width-auto elementor-view-default elementor-widget elementor-widget-icon\" data-id=\"2ebc0816\" data-element_type=\"widget\" data-widget_type=\"icon.default\">\n\t\t\t\t<div class=\"elementor-widget-container\">\n\t\t\t\t\t\t\t<div class=\"elementor-icon-wrapper\">\n\t\t\t<a class=\"elementor-icon\" href=\"https:\/\/www.simplify.rs\/ar\/kontakt\/#contact-btn\" target=\"_blank\" rel=\"noopener\">\n\t\t\t<svg xmlns=\"http:\/\/www.w3.org\/2000\/svg\" width=\"19\" height=\"19\" viewbox=\"0 0 19 19\" fill=\"none\"><path d=\"M9.07031 0.936523L17.5819 5.99037C17.728 6.09679 17.846 6.2282 17.9357 6.3846C18.0254 6.54101 18.0703 6.71089 18.0703 6.89422V17.1288C18.0703 17.5891 17.9161 17.9734 17.6078 18.2817C17.2995 18.5901 16.9152 18.7442 16.4549 18.7442H1.68569C1.22544 18.7442 0.841146 18.5901 0.532813 18.2817C0.224479 17.9734 0.0703125 17.5891 0.0703125 17.1288V6.89422C0.0703125 6.71089 0.115179 6.54101 0.204913 6.3846C0.294663 6.2282 0.412612 6.09679 0.558762 5.99037L9.07031 0.936523ZM9.07031 11.3942L16.8703 6.74422L9.07031 2.09422L1.27031 6.74422L9.07031 11.3942ZM9.07031 12.5519L1.07031 7.79037V17.1288C1.07031 17.3083 1.128 17.4558 1.24339 17.5711C1.35877 17.6865 1.5062 17.7442 1.68569 17.7442H16.4549C16.6344 17.7442 16.7819 17.6865 16.8972 17.5711C17.0126 17.4558 17.0703 17.3083 17.0703 17.1288V7.79037L9.07031 12.5519Z\" fill=\"white\"><\/path><\/svg>\t\t\t<\/a>\n\t\t<\/div>\n\t\t\t\t\t\t<\/div>\n\t\t\t\t<\/div>\n\t\t\t\t<\/div>\n\t\t<div class=\"elementor-element elementor-element-5a5ac520 e-con-full e-flex e-con e-child\" data-id=\"5a5ac520\" data-element_type=\"container\" data-settings=\"{&quot;position&quot;:&quot;fixed&quot;,&quot;background_background&quot;:&quot;classic&quot;}\">\n\t\t\t\t<div class=\"elementor-element elementor-element-57399689 elementor-widget__width-auto elementor-view-default elementor-widget elementor-widget-icon\" data-id=\"57399689\" data-element_type=\"widget\" data-widget_type=\"icon.default\">\n\t\t\t\t<div class=\"elementor-widget-container\">\n\t\t\t\t\t\t\t<div class=\"elementor-icon-wrapper\">\n\t\t\t<a class=\"elementor-icon\" href=\"#elementor-action%3Aaction%3Dpopup%3Aopen%26settings%3DeyJpZCI6IjQzNzciLCJ0b2dnbGUiOmZhbHNlfQ%3D%3D\">\n\t\t\t<svg xmlns=\"http:\/\/www.w3.org\/2000\/svg\" width=\"18\" height=\"18\" viewbox=\"0 0 18 18\" fill=\"none\"><path d=\"M16.5549 17.3177L10.2933 11.0562C9.79333 11.4818 9.21833 11.8113 8.56833 12.0447C7.91833 12.278 7.26512 12.3947 6.6087 12.3947C5.00704 12.3947 3.6515 11.8402 2.54208 10.7314C1.43265 9.62261 0.87793 8.26781 0.87793 6.66701C0.87793 5.06621 1.43234 3.71036 2.54115 2.59946C3.64997 1.48856 5.00478 0.933105 6.60558 0.933105C8.2064 0.933105 9.56225 1.48781 10.6731 2.59723C11.784 3.70665 12.3395 5.0622 12.3395 6.66388C12.3395 7.35875 12.2164 8.03118 11.9703 8.68118C11.7241 9.33118 11.401 9.88696 11.001 10.3485L17.2626 16.61L16.5549 17.3177ZM6.6087 11.3947C7.93564 11.3947 9.05583 10.9379 9.96928 10.0245C10.8827 9.11099 11.3395 7.9908 11.3395 6.66388C11.3395 5.33696 10.8827 4.21677 9.96928 3.30331C9.05583 2.38984 7.93564 1.93311 6.6087 1.93311C5.28179 1.93311 4.1616 2.38984 3.24813 3.30331C2.33468 4.21677 1.87795 5.33696 1.87795 6.66388C1.87795 7.9908 2.33468 9.11099 3.24813 10.0245C4.1616 10.9379 5.28179 11.3947 6.6087 11.3947Z\" fill=\"white\"><\/path><\/svg>\t\t\t<\/a>\n\t\t<\/div>\n\t\t\t\t\t\t<\/div>\n\t\t\t\t<\/div>\n\t\t\t\t<\/div>\n\t\t<div class=\"elementor-element elementor-element-69962d1f e-flex e-con-boxed e-con e-parent\" data-id=\"69962d1f\" data-element_type=\"container\" data-settings=\"{&quot;background_background&quot;:&quot;video&quot;}\">\n\t\t\t\t\t<div class=\"e-con-inner\">\n\t\t<div class=\"elementor-element elementor-element-9295249 e-con-full e-flex e-con e-child\" data-id=\"9295249\" data-element_type=\"container\">\n\t\t\t\t<div class=\"elementor-element elementor-element-2ee5e576 elementor-widget__width-initial elementor-widget elementor-widget-heading\" data-id=\"2ee5e576\" data-element_type=\"widget\" data-widget_type=\"heading.default\">\n\t\t\t\t<div class=\"elementor-widget-container\">\n\t\t\t\t\t<h1 class=\"elementor-heading-title elementor-size-default\">\u0625\u062f\u0627\u0631\u0629 Agile - \u062a\u062f\u0631\u064a\u0628 SCRUM<\/h1>\t\t\t\t<\/div>\n\t\t\t\t<\/div>\n\t\t\t\t<div class=\"elementor-element elementor-element-dc4e8dc elementor-widget__width-initial elementor-widget elementor-widget-text-editor\" data-id=\"dc4e8dc\" data-element_type=\"widget\" data-widget_type=\"text-editor.default\">\n\t\t\t\t<div class=\"elementor-widget-container\">\n\t\t\t\t\t\t\t\t\t<p><strong>\u0633\u0643\u0631\u0648\u0645<\/strong> \u0647\u0648 \u0627\u0644\u0625\u0637\u0627\u0631 \u0627\u0644\u0623\u0643\u062b\u0631 \u0627\u0646\u062a\u0634\u0627\u0631\u064b\u0627 \u0636\u0645\u0646 \u0625\u062f\u0627\u0631\u0629 Agile\u060c \u0648\u0627\u0644\u0630\u064a \u064a\u0631\u0643\u0632 \u0639\u0644\u0649 \u0627\u0644\u062a\u0637\u0648\u064a\u0631 \u0627\u0644\u062a\u0643\u0631\u0627\u0631\u064a \u0648\u0627\u0644\u062a\u0639\u0627\u0648\u0646 \u0627\u0644\u062c\u0645\u0627\u0639\u064a \u0648\u0627\u0644\u062a\u062d\u0633\u064a\u0646 \u0627\u0644\u0645\u0633\u062a\u0645\u0631.<\/p>\t\t\t\t\t\t\t\t<\/div>\n\t\t\t\t<\/div>\n\t\t\t\t<\/div>\n\t\t\t\t\t<\/div>\n\t\t\t\t<\/div>\n\t\t<div class=\"elementor-element elementor-element-666f905d e-flex e-con-boxed e-con e-parent\" data-id=\"666f905d\" data-element_type=\"container\" data-settings=\"{&quot;background_background&quot;:&quot;classic&quot;}\">\n\t\t\t\t\t<div class=\"e-con-inner\">\n\t\t<div class=\"elementor-element elementor-element-30602c12 e-con-full e-flex e-con e-child\" data-id=\"30602c12\" data-element_type=\"container\">\n\t\t\t\t<div class=\"elementor-element elementor-element-6849928a elementor-widget elementor-widget-heading\" data-id=\"6849928a\" data-element_type=\"widget\" data-widget_type=\"heading.default\">\n\t\t\t\t<div class=\"elementor-widget-container\">\n\t\t\t\t\t<h3 class=\"elementor-heading-title elementor-size-default\"> <span style=\"color:#ffffff\">\u0627\u0644\u062e\u0637\u0648\u0627\u062a \u0627\u0644\u0623\u0648\u0644\u0649 \u0646\u062d\u0648 \u0641\u0647\u0645 \u062a\u0642\u0646\u064a\u0627\u062a \u0627\u0644\u0630\u0643\u0627\u0621 \u0627\u0644\u0627\u0635\u0637\u0646\u0627\u0639\u064a<\/span> <\/h3>\t\t\t\t<\/div>\n\t\t\t\t<\/div>\n\t\t\t\t<div class=\"elementor-element elementor-element-364cb26c elementor-widget__width-initial elementor-widget elementor-widget-text-editor\" data-id=\"364cb26c\" data-element_type=\"widget\" data-widget_type=\"text-editor.default\">\n\t\t\t\t<div class=\"elementor-widget-container\">\n\t\t\t\t\t\t\t\t\t<p>\u064a\u063a\u0637\u064a \u0647\u0630\u0627 \u0627\u0644\u062a\u062f\u0631\u064a\u0628 \u0645\u0628\u0627\u062f\u0626 SCRUM \u0648\u0623\u062f\u0648\u0627\u0631\u0647\u0627 \u0648\u0645\u0631\u0627\u0633\u0645\u0647\u0627 \u0648\u0639\u0646\u0627\u0635\u0631\u0647\u0627 \u0628\u0627\u0644\u062a\u0641\u0635\u064a\u0644. \u064a\u062a\u0639\u0631\u0641 \u0627\u0644\u0645\u0634\u0627\u0631\u0643\u0648\u0646 \u0639\u0644\u0649 \u0627\u0644\u062a\u0637\u0628\u064a\u0642 \u0627\u0644\u0639\u0645\u0644\u064a \u0644\u0645\u0646\u0647\u062c\u064a\u0629 SCRUM \u0641\u064a \u0645\u0634\u0627\u0631\u064a\u0639 \u062d\u0642\u064a\u0642\u064a\u0629\u060c \u0628\u0627\u0644\u0625\u0636\u0627\u0641\u0629 \u0625\u0644\u0649 \u062a\u0642\u0646\u064a\u0627\u062a \u0627\u0644\u062a\u062e\u0637\u064a\u0637 \u0648\u0645\u0631\u0627\u0642\u0628\u0629 \u0627\u0644\u062a\u0642\u062f\u0645 \u0648\u0627\u0644\u062a\u0643\u064a\u0641 \u0645\u0639 \u0627\u0644\u062a\u063a\u064a\u064a\u0631\u0627\u062a.<\/p>\t\t\t\t\t\t\t\t<\/div>\n\t\t\t\t<\/div>\n\t\t\t\t<\/div>\n\t\t\t\t\t<\/div>\n\t\t\t\t<\/div>\n\t\t<div class=\"elementor-element elementor-element-24a61389 e-flex e-con-boxed e-con e-parent\" data-id=\"24a61389\" data-element_type=\"container\">\n\t\t\t\t\t<div class=\"e-con-inner\">\n\t\t<div class=\"elementor-element elementor-element-6460e8c7 e-con-full e-flex e-con e-child\" data-id=\"6460e8c7\" data-element_type=\"container\">\n\t\t\t\t<div class=\"elementor-element elementor-element-43ccb112 elementor-widget__width-inherit elementor-widget elementor-widget-heading\" data-id=\"43ccb112\" data-element_type=\"widget\" data-widget_type=\"heading.default\">\n\t\t\t\t<div class=\"elementor-widget-container\">\n\t\t\t\t\t<h3 class=\"elementor-heading-title elementor-size-default\"><span style=\"color:#4585F2\"> \u0644\u0623\u064a \u0634\u062e\u0635 \u064a\u0631\u064a\u062f \u0641\u0647\u0645 \u0627\u0644\u0630\u0643\u0627\u0621 \u0627\u0644\u0627\u0635\u0637\u0646\u0627\u0639\u064a \u0641\u064a \u0627\u0644\u0645\u0645\u0627\u0631\u0633\u0629 \u0627\u0644\u0639\u0645\u0644\u064a\u0629\n<\/span><\/h3>\t\t\t\t<\/div>\n\t\t\t\t<\/div>\n\t\t\t\t<div class=\"elementor-element elementor-element-51a8fdd9 elementor-widget elementor-widget-text-editor\" data-id=\"51a8fdd9\" data-element_type=\"widget\" data-widget_type=\"text-editor.default\">\n\t\t\t\t<div class=\"elementor-widget-container\">\n\t\t\t\t\t\t\t\t\t<p>\u0644\u0645\u062f\u064a\u0631\u064a \u0627\u0644\u0645\u0634\u0627\u0631\u064a\u0639 \u0648\u0642\u0627\u062f\u0629 \u0627\u0644\u0641\u0631\u0642 \u0648\u0645\u0645\u0627\u0631\u0633\u064a Agile \u0627\u0644\u0630\u064a\u0646 \u064a\u0631\u063a\u0628\u0648\u0646 \u0641\u064a \u062a\u0637\u0628\u064a\u0642 SCRUM \u0641\u064a \u0645\u0634\u0627\u0631\u064a\u0639 \u062d\u0642\u064a\u0642\u064a\u0629.<\/p><p><strong>\u00a0<\/strong><\/p>\t\t\t\t\t\t\t\t<\/div>\n\t\t\t\t<\/div>\n\t\t\t\t<\/div>\n\t\t\t\t\t<\/div>\n\t\t\t\t<\/div>\n\t\t<div class=\"elementor-element elementor-element-266a056f e-flex e-con-boxed e-con e-parent\" data-id=\"266a056f\" data-element_type=\"container\" data-settings=\"{&quot;background_background&quot;:&quot;video&quot;}\">\n\t\t\t\t\t<div class=\"e-con-inner\">\n\t\t<div class=\"elementor-element elementor-element-5112167e e-con-full e-flex e-con e-child\" data-id=\"5112167e\" data-element_type=\"container\">\n\t\t\t\t<div class=\"elementor-element elementor-element-2e5176d5 elementor-widget elementor-widget-heading\" data-id=\"2e5176d5\" data-element_type=\"widget\" data-widget_type=\"heading.default\">\n\t\t\t\t<div class=\"elementor-widget-container\">\n\t\t\t\t\t<h3 class=\"elementor-heading-title elementor-size-default\"> <span style=\"color:#ffffff\">\u062c\u062f\u0648\u0644 \u0627\u0644\u0623\u0639\u0645\u0627\u0644<\/span> <\/h3>\t\t\t\t<\/div>\n\t\t\t\t<\/div>\n\t\t\t\t<div class=\"elementor-element elementor-element-58deacc9 elementor-widget__width-initial elementor-widget elementor-widget-text-editor\" data-id=\"58deacc9\" data-element_type=\"widget\" data-widget_type=\"text-editor.default\">\n\t\t\t\t<div class=\"elementor-widget-container\">\n\t\t\t\t\t\t\t\t\t<p><strong>\u0645\u062f\u0629 \u0627\u0644\u062a\u062f\u0631\u064a\u0628 180 \u062f\u0642\u064a\u0642\u0629 (\u064a\u0648\u0645 \u0648\u0627\u062d\u062f).<\/strong><\/p>\t\t\t\t\t\t\t\t<\/div>\n\t\t\t\t<\/div>\n\t\t\t\t<div class=\"elementor-element elementor-element-1811d6a elementor-arrows-position-inside elementor-widget elementor-widget-n-carousel\" data-id=\"1811d6a\" data-element_type=\"widget\" data-settings=\"{&quot;carousel_items&quot;:[{&quot;slide_title&quot;:&quot;\\u0421\\u043b\\u0430\\u0458\\u0434 1\\u0422\\u041f8\\u04221&quot;,&quot;_id&quot;:&quot;d5ff068&quot;},{&quot;slide_title&quot;:&quot;\\u0421\\u043b\\u0430\\u0458\\u0434 1\\u0422\\u041f8\\u04222&quot;,&quot;_id&quot;:&quot;ed9fb59&quot;},{&quot;slide_title&quot;:&quot;\\u0421\\u043b\\u0430\\u0458\\u0434 1\\u0422\\u041f8\\u04223&quot;,&quot;_id&quot;:&quot;2b34dc2&quot;},{&quot;slide_title&quot;:&quot;\\u0421\\u043b\\u0430\\u0458\\u0434 1\\u0422\\u041f8\\u04223&quot;,&quot;_id&quot;:&quot;ef939ae&quot;}],&quot;image_spacing_custom&quot;:{&quot;unit&quot;:&quot;px&quot;,&quot;size&quot;:80,&quot;sizes&quot;:[]},&quot;slides_to_show_tablet&quot;:&quot;2&quot;,&quot;slides_to_show_mobile&quot;:&quot;1&quot;,&quot;autoplay&quot;:&quot;yes&quot;,&quot;autoplay_speed&quot;:5000,&quot;pause_on_hover&quot;:&quot;yes&quot;,&quot;pause_on_interaction&quot;:&quot;yes&quot;,&quot;infinite&quot;:&quot;yes&quot;,&quot;speed&quot;:500,&quot;offset_sides&quot;:&quot;none&quot;,&quot;arrows&quot;:&quot;yes&quot;,&quot;image_spacing_custom_tablet&quot;:{&quot;unit&quot;:&quot;px&quot;,&quot;size&quot;:&quot;&quot;,&quot;sizes&quot;:[]},&quot;image_spacing_custom_mobile&quot;:{&quot;unit&quot;:&quot;px&quot;,&quot;size&quot;:&quot;&quot;,&quot;sizes&quot;:[]}}\" data-widget_type=\"nested-carousel.default\">\n\t\t\t\t<div class=\"elementor-widget-container\">\n\t\t\t\t\t\t\t<div class=\"e-n-carousel swiper\" role=\"region\" aria-roledescription=\"carousel\" aria-label=\"\u062f\u0648\u0627\u0631\u0629\" dir=\"ltr\">\n\t\t\t<div class=\"swiper-wrapper\" aria-live=\"off\">\n\t\t\t\t\t\t\t\t\t\t<div class=\"swiper-slide\" data-slide=\"1\" role=\"group\" aria-roledescription=\"slide\" aria-label=\"1 od 4\" data-no-translation-aria-label=\"\">\n\t\t\t\t\t\t\t<div class=\"elementor-element elementor-element-3a15357e e-flex e-con-boxed e-con e-child\" data-id=\"3a15357e\" data-element_type=\"container\">\n\t\t\t\t\t<div class=\"e-con-inner\">\n\t\t\t\t<div class=\"elementor-element elementor-element-15a762f4 elementor-widget__width-inherit elementor-widget elementor-widget-text-editor\" data-id=\"15a762f4\" data-element_type=\"widget\" data-widget_type=\"text-editor.default\">\n\t\t\t\t<div class=\"elementor-widget-container\">\n\t\t\t\t\t\t\t\t\t<p>01<strong>\u00a0\u0623\u0633\u0627\u0633\u064a\u0627\u062a \u0625\u0637\u0627\u0631 \u0639\u0645\u0644 SCRUM \u0648\u0625\u062f\u0627\u0631\u0629 \u0627\u0644\u0645\u0634\u0627\u0631\u064a\u0639 \u0627\u0644\u0631\u0634\u064a\u0642\u0629<\/strong><\/p>\t\t\t\t\t\t\t\t<\/div>\n\t\t\t\t<\/div>\n\t\t\t\t<div class=\"elementor-element elementor-element-a6dcc1d elementor-widget__width-initial elementor-widget elementor-widget-text-editor\" data-id=\"a6dcc1d\" data-element_type=\"widget\" data-widget_type=\"text-editor.default\">\n\t\t\t\t<div class=\"elementor-widget-container\">\n\t\t\t\t\t\t\t\t\t<p>\u0641\u0647\u0645 \u0625\u0637\u0627\u0631 \u0639\u0645\u0644 SCRUM \u0648\u0645\u0628\u0627\u062f\u0626 \u0625\u062f\u0627\u0631\u0629 \u0627\u0644\u0645\u0634\u0627\u0631\u064a\u0639 \u0627\u0644\u0631\u0634\u064a\u0642\u0629<\/p><p>\u0627\u0644\u0645\u0639\u0631\u0641\u0629 \u0628\u0623\u062f\u0648\u0627\u0631 SCRUM \u0648\u0627\u0644\u062a\u062d\u0641 \u0648\u0627\u0644\u0627\u062d\u062a\u0641\u0627\u0644\u0627\u062a<\/p><p>\u062a\u062e\u0637\u064a\u0637 \u0627\u0644\u0639\u062f\u0648 \u0627\u0644\u0633\u0631\u064a\u0639\u060c \u0627\u0644\u0627\u062c\u062a\u0645\u0627\u0639\u0627\u062a \u0627\u0644\u064a\u0648\u0645\u064a\u0629\u060c \u0645\u0631\u0627\u062c\u0639\u0627\u062a \u0627\u0644\u0639\u062f\u0648 \u0627\u0644\u0633\u0631\u064a\u0639 \u0648\u0627\u0644\u0627\u0633\u062a\u0639\u0631\u0627\u0636\u0627\u062a<\/p>\t\t\t\t\t\t\t\t<\/div>\n\t\t\t\t<\/div>\n\t\t\t\t\t<\/div>\n\t\t\t\t<\/div>\n\t\t\t\t\t\t\t\t<\/div>\n\t\t\t\t\t\t\t\t\t\t\t<div class=\"swiper-slide\" data-slide=\"2\" role=\"group\" aria-roledescription=\"slide\" aria-label=\"2 od 4\" data-no-translation-aria-label=\"\">\n\t\t\t\t\t\t\t<div class=\"elementor-element elementor-element-3ef954f5 e-flex e-con-boxed e-con e-child\" data-id=\"3ef954f5\" data-element_type=\"container\">\n\t\t\t\t\t<div class=\"e-con-inner\">\n\t\t\t\t<div class=\"elementor-element elementor-element-1c9e67be elementor-widget__width-inherit elementor-widget elementor-widget-text-editor\" data-id=\"1c9e67be\" data-element_type=\"widget\" data-widget_type=\"text-editor.default\">\n\t\t\t\t<div class=\"elementor-widget-container\">\n\t\t\t\t\t\t\t\t\t<p>02 <strong>\u062a\u062e\u0637\u064a\u0637 \u0648\u0625\u062f\u0627\u0631\u0629 \u0645\u0634\u0627\u0631\u064a\u0639 SCRUM<\/strong><\/p>\t\t\t\t\t\t\t\t<\/div>\n\t\t\t\t<\/div>\n\t\t\t\t<div class=\"elementor-element elementor-element-71a8e060 elementor-widget__width-initial elementor-widget elementor-widget-text-editor\" data-id=\"71a8e060\" data-element_type=\"widget\" data-widget_type=\"text-editor.default\">\n\t\t\t\t<div class=\"elementor-widget-container\">\n\t\t\t\t\t\t\t\t\t<p>\u0627\u0644\u0645\u0639\u0627\u064a\u064a\u0631: \u0627\u0644\u062a\u0643\u0631\u0627\u0631\u060c \u0648\u0627\u0644\u0628\u0646\u064a\u0629\u060c \u0648\u0627\u0644\u062d\u062c\u0645\u060c \u0648\u0627\u0644\u0627\u0633\u062a\u0642\u0631\u0627\u0631<\/p><p>\u0645\u0635\u0641\u0648\u0641\u0629 \u062a\u062d\u062f\u064a\u062f \u0623\u0648\u0644\u0648\u064a\u0627\u062a \u0627\u0644\u0639\u0645\u0644\u064a\u0629 (\u0627\u0644\u062a\u0639\u0642\u064a\u062f \u0645\u0642\u0627\u0628\u0644 \u0627\u0644\u0641\u0627\u0626\u062f\u0629)<\/p><p>\u00a0\u00a0\u00a0\u00a0\u00a0\u00a0\u00a0 \u0627\u0644\u0645\u0628\u0627\u062f\u0626 \u0627\u0644\u062a\u0648\u062c\u064a\u0647\u064a\u0629 \u0644\u062a\u062d\u0642\u064a\u0642 &quot;\u0627\u0644\u0645\u0643\u0627\u0633\u0628 \u0627\u0644\u0633\u0631\u064a\u0639\u0629&quot; \u0648\u0645\u0628\u0627\u062f\u0631\u0627\u062a \u0627\u0644\u062a\u0642\u064a\u064a\u0645 \u0627\u0644\u0627\u0633\u062a\u0631\u0627\u062a\u064a\u062c\u064a<\/p><p>\u062d\u0627\u0644\u0629 \u0645\u0635\u063a\u0631\u0629: \u062a\u062d\u062f\u064a\u062f \u0625\u0645\u0643\u0627\u0646\u0627\u062a \u0627\u0644\u0630\u0643\u0627\u0621 \u0627\u0644\u0627\u0635\u0637\u0646\u0627\u0639\u064a \u0645\u0646 \u062e\u0644\u0627\u0644 \u0627\u0644\u0623\u0645\u062b\u0644\u0629<\/p>\t\t\t\t\t\t\t\t<\/div>\n\t\t\t\t<\/div>\n\t\t\t\t\t<\/div>\n\t\t\t\t<\/div>\n\t\t\t\t\t\t\t\t<\/div>\n\t\t\t\t\t\t\t\t\t\t\t<div class=\"swiper-slide\" data-slide=\"3\" role=\"group\" aria-roledescription=\"slide\" aria-label=\"3 od 4\" data-no-translation-aria-label=\"\">\n\t\t\t\t\t\t\t<div class=\"elementor-element elementor-element-36fe3de e-flex e-con-boxed e-con e-child\" data-id=\"36fe3de\" data-element_type=\"container\">\n\t\t\t\t\t<div class=\"e-con-inner\">\n\t\t\t\t<div class=\"elementor-element elementor-element-cce800a elementor-widget__width-inherit elementor-widget elementor-widget-text-editor\" data-id=\"cce800a\" data-element_type=\"widget\" data-widget_type=\"text-editor.default\">\n\t\t\t\t<div class=\"elementor-widget-container\">\n\t\t\t\t\t\t\t\t\t<p>03 <strong>\u00a0\u0646\u0638\u0631\u0629 \u0639\u0627\u0645\u0629 \u0639\u0644\u0649 \u0627\u0644\u0645\u0643\u0648\u0646\u0627\u062a \u0627\u0644\u0631\u0626\u064a\u0633\u064a\u0629 \u0644\u0644\u0630\u0643\u0627\u0621 \u0627\u0644\u0627\u0635\u0637\u0646\u0627\u0639\u064a<\/strong><\/p>\t\t\t\t\t\t\t\t<\/div>\n\t\t\t\t<\/div>\n\t\t\t\t<div class=\"elementor-element elementor-element-32fb858a elementor-widget__width-initial elementor-widget elementor-widget-text-editor\" data-id=\"32fb858a\" data-element_type=\"widget\" data-widget_type=\"text-editor.default\">\n\t\t\t\t<div class=\"elementor-widget-container\">\n\t\t\t\t\t\t\t\t\t<p>RPA - \u0623\u062a\u0645\u062a\u0629 \u0627\u0644\u0645\u0647\u0627\u0645 \u0627\u0644\u0631\u0648\u062a\u064a\u0646\u064a\u0629 \u0627\u0644\u0642\u0627\u0626\u0645\u0629 \u0639\u0644\u0649 \u0627\u0644\u0642\u0648\u0627\u0639\u062f<\/p><p>\u0627\u0644\u0630\u0643\u0627\u0621 \u0627\u0644\u0627\u0635\u0637\u0646\u0627\u0639\u064a \/ \u0627\u0644\u062a\u0639\u0644\u0645 \u0627\u0644\u0622\u0644\u064a \u2013 \u0627\u0644\u062a\u0639\u0644\u0645 \u0645\u0646 \u0627\u0644\u0628\u064a\u0627\u0646\u0627\u062a \u0648\u0627\u062a\u062e\u0627\u0630 \u0627\u0644\u0642\u0631\u0627\u0631\u0627\u062a \u0648\u0627\u0644\u062a\u0646\u0628\u0624<\/p><p>IDP - \u0627\u0644\u062a\u0639\u0631\u0641 \u0639\u0644\u0649 \u0627\u0644\u0628\u064a\u0627\u0646\u0627\u062a \u0648\u0645\u0639\u0627\u0644\u062c\u062a\u0647\u0627 \u0645\u0646 \u0627\u0644\u0645\u0633\u062a\u0646\u062f\u0627\u062a<\/p><p>\u0627\u0644\u0628\u0631\u0645\u062c\u0629 \u0627\u0644\u0644\u063a\u0648\u064a\u0629 \u0627\u0644\u0639\u0635\u0628\u064a\u0629 - \u0641\u0647\u0645 \u0627\u0644\u0644\u063a\u0629 \u0648\u0645\u0639\u0627\u0644\u062c\u062a\u0647\u0627 (\u0627\u0644\u0646\u0635 \u0648\u0627\u0644\u0628\u0631\u064a\u062f \u0627\u0644\u0625\u0644\u0643\u062a\u0631\u0648\u0646\u064a)<\/p><p>\u0627\u0633\u062a\u062e\u0631\u0627\u062c \u0627\u0644\u0639\u0645\u0644\u064a\u0627\u062a \u0648\u0627\u0644\u0645\u0647\u0627\u0645 - \u062a\u062d\u0644\u064a\u0644 \u0627\u0644\u0623\u0646\u0634\u0637\u0629 \u0648\u0627\u0644\u0628\u064a\u0627\u0646\u0627\u062a<\/p>\t\t\t\t\t\t\t\t<\/div>\n\t\t\t\t<\/div>\n\t\t\t\t\t<\/div>\n\t\t\t\t<\/div>\n\t\t\t\t\t\t\t\t<\/div>\n\t\t\t\t\t\t\t\t\t\t\t<div class=\"swiper-slide\" data-slide=\"4\" role=\"group\" aria-roledescription=\"slide\" aria-label=\"4 od 4\" data-no-translation-aria-label=\"\">\n\t\t\t\t\t\t\t<div class=\"elementor-element elementor-element-5b46a39e e-flex e-con-boxed e-con e-child\" data-id=\"5b46a39e\" data-element_type=\"container\">\n\t\t\t\t\t<div class=\"e-con-inner\">\n\t\t\t\t<div class=\"elementor-element elementor-element-2da51fa2 elementor-widget__width-inherit elementor-widget elementor-widget-text-editor\" data-id=\"2da51fa2\" data-element_type=\"widget\" data-widget_type=\"text-editor.default\">\n\t\t\t\t<div class=\"elementor-widget-container\">\n\t\t\t\t\t\t\t\t\t<p>04 <strong>\u0639\u0631\u0636 \u0639\u0645\u0644\u064a \u0644\u0623\u062f\u0648\u0627\u062a \u0627\u0644\u0630\u0643\u0627\u0621 \u0627\u0644\u0627\u0635\u0637\u0646\u0627\u0639\u064a \u0648\u0627\u0644\u0645\u0646\u0627\u0642\u0634\u0629<\/strong><\/p>\t\t\t\t\t\t\t\t<\/div>\n\t\t\t\t<\/div>\n\t\t\t\t<div class=\"elementor-element elementor-element-4595403d elementor-widget__width-initial elementor-widget elementor-widget-text-editor\" data-id=\"4595403d\" data-element_type=\"widget\" data-widget_type=\"text-editor.default\">\n\t\t\t\t<div class=\"elementor-widget-container\">\n\t\t\t\t\t\t\t\t\t<p>\u0639\u0631\u0636 \u0627\u0644\u0639\u0645\u0644 \u0641\u064a \u0623\u062f\u0627\u0629 (\u0639\u0644\u0649 \u0633\u0628\u064a\u0644 \u0627\u0644\u0645\u062b\u0627\u0644 UiPath StudioX\u060c Document Understanding)<\/p><p>\u0623\u062a\u0645\u062a\u0629 \u0627\u0644\u0645\u0647\u0627\u0645 (\u0642\u0631\u0627\u0621\u0629 \u0645\u0644\u0641\u0627\u062a PDF\u060c \u0625\u062f\u062e\u0627\u0644 \u0627\u0644\u0628\u0631\u064a\u062f \u0627\u0644\u0625\u0644\u0643\u062a\u0631\u0648\u0646\u064a\u060c \u0625\u062f\u062e\u0627\u0644 \u0627\u0644\u0628\u064a\u0627\u0646\u0627\u062a)<\/p><p>\u0627\u0644\u062a\u0631\u0643\u064a\u0632 \u0639\u0644\u0649 \u0645\u0646\u0637\u0642 \u0627\u0644\u0639\u0645\u0644 - \u0644\u0627 \u0628\u0631\u0645\u062c\u0629<\/p><p>\u0627\u0644\u0623\u0633\u0626\u0644\u0629 \u0648\u0627\u0644\u0623\u062c\u0648\u0628\u0629 \u0648\u0627\u0644\u0645\u0646\u0627\u0642\u0634\u0629 \u062d\u0648\u0644 \u0641\u0631\u0635 \u062a\u0648\u0633\u064a\u0639 \u0627\u0644\u0630\u0643\u0627\u0621 \u0627\u0644\u0627\u0635\u0637\u0646\u0627\u0639\u064a<\/p><p><strong>\u00a0<\/strong><\/p>\t\t\t\t\t\t\t\t<\/div>\n\t\t\t\t<\/div>\n\t\t\t\t\t<\/div>\n\t\t\t\t<\/div>\n\t\t\t\t\t\t\t\t<\/div>\n\t\t\t\t\t\t\t\t<\/div>\n\t\t<\/div>\n\t\t\t\t\t<div class=\"elementor-swiper-button elementor-swiper-button-prev\" role=\"button\" tabindex=\"0\" aria-label=\"Prej\u0161nji\" data-no-translation-aria-label=\"\">\n\t\t\t\t<svg xmlns=\"http:\/\/www.w3.org\/2000\/svg\" width=\"39\" height=\"38\" viewbox=\"0 0 39 38\" fill=\"none\"><mask id=\"mask0_457_2503\" style=\"mask-type:alpha\" maskunits=\"userSpaceOnUse\" x=\"0\" y=\"0\" width=\"39\" height=\"38\"><rect x=\"38.4653\" y=\"37.6499\" width=\"38.43\" height=\"37.1045\" transform=\"rotate(-180 38.4653 37.6499)\" fill=\"currentColor\"><\/rect><\/mask><g mask=\"url(#mask0_457_2503)\"><path d=\"M27.115 9.04821L19.663 19.0973L27.115 29.1465L25.1627 29.1465L17.7107 19.0973L25.1627 9.04821L27.115 9.04821ZM17.8339 9.04821L10.3819 19.0973L17.8339 29.1465L15.8816 29.1465L8.4296 19.0973L15.8816 9.04821L17.8339 9.04821Z\" fill=\"currentColor\"><\/path><\/g><\/svg>\t\t\t<\/div>\n\t\t\t<div class=\"elementor-swiper-button elementor-swiper-button-next\" role=\"button\" tabindex=\"0\" aria-label=\"Naprej\" data-no-translation-aria-label=\"\">\n\t\t\t\t<svg xmlns=\"http:\/\/www.w3.org\/2000\/svg\" width=\"39\" height=\"38\" viewbox=\"0 0 39 38\" fill=\"none\"><mask id=\"mask0_457_2503\" style=\"mask-type:alpha\" maskunits=\"userSpaceOnUse\" x=\"0\" y=\"0\" width=\"39\" height=\"38\"><rect x=\"0.0354004\" y=\"0.54541\" width=\"38.43\" height=\"37.1045\" fill=\"currentColor\"><\/rect><\/mask><g mask=\"url(#mask0_457_2503)\"><path d=\"M11.3857 29.1471L18.8377 19.098L11.3857 9.04883H13.3381L20.79 19.098L13.3381 29.1471H11.3857ZM20.6668 29.1471L28.1188 19.098L20.6668 9.04883H22.6192L30.0711 19.098L22.6192 29.1471H20.6668Z\" fill=\"currentColor\"><\/path><\/g><\/svg>\t\t\t<\/div>\n\t\t\t\t\t\t<\/div>\n\t\t\t\t<\/div>\n\t\t\t\t<\/div>\n\t\t\t\t\t<\/div>\n\t\t\t\t<\/div>\n\t\t\t\t<\/div>","protected":false},"excerpt":{"rendered":"<p>Agilni menad\u017ement &#8211; SCRUM trening SCRUM je najrasprostranjeniji okvir unutar Agilnog menad\u017ementa, fokusiran na iterativni razvoj, timsku saradnju i kontinuirano unapre\u0111enje. Prvi koraci ka razumevanju IA tehnologija Ova obuka detaljno obra\u0111uje SCRUM principe, uloge, ceremonije i artefakte. U\u010desnici se upoznaju sa prakti\u010dnom primenom SCRUM metodologije na realnim projektima, kao i sa tehnikama planiranja, pra\u0107enja napretka [&hellip;]<\/p>","protected":false},"author":5,"featured_media":0,"parent":26,"menu_order":0,"comment_status":"closed","ping_status":"closed","template":"elementor_header_footer","meta":{"footnotes":""},"class_list":["post-12911","page","type-page","status-publish","hentry"],"_links":{"self":[{"href":"https:\/\/www.simplify.rs\/ar\/wp-json\/wp\/v2\/pages\/12911","targetHints":{"allow":["GET"]}}],"collection":[{"href":"https:\/\/www.simplify.rs\/ar\/wp-json\/wp\/v2\/pages"}],"about":[{"href":"https:\/\/www.simplify.rs\/ar\/wp-json\/wp\/v2\/types\/page"}],"author":[{"embeddable":true,"href":"https:\/\/www.simplify.rs\/ar\/wp-json\/wp\/v2\/users\/5"}],"replies":[{"embeddable":true,"href":"https:\/\/www.simplify.rs\/ar\/wp-json\/wp\/v2\/comments?post=12911"}],"version-history":[{"count":4,"href":"https:\/\/www.simplify.rs\/ar\/wp-json\/wp\/v2\/pages\/12911\/revisions"}],"predecessor-version":[{"id":12915,"href":"https:\/\/www.simplify.rs\/ar\/wp-json\/wp\/v2\/pages\/12911\/revisions\/12915"}],"up":[{"embeddable":true,"href":"https:\/\/www.simplify.rs\/ar\/wp-json\/wp\/v2\/pages\/26"}],"wp:attachment":[{"href":"https:\/\/www.simplify.rs\/ar\/wp-json\/wp\/v2\/media?parent=12911"}],"curies":[{"name":"wp","href":"https:\/\/api.w.org\/{rel}","templated":true}]}}