{"id":6914,"date":"2024-10-25T18:07:18","date_gmt":"2024-10-25T18:07:18","guid":{"rendered":"https:\/\/simplify.rs\/?page_id=6914"},"modified":"2025-11-12T09:09:43","modified_gmt":"2025-11-12T09:09:43","slug":"digital-transformation-maturity-model","status":"publish","type":"page","link":"https:\/\/www.simplify.rs\/ar\/%d8%ae%d8%af%d9%85%d8%a7%d8%aa\/%d8%a7%d9%84%d8%aa%d8%ad%d9%88%d9%84-%d8%a7%d9%84%d8%b1%d9%82%d9%85%d9%8a\/%d9%86%d9%85%d9%88%d8%b0%d8%ac-%d9%86%d8%b6%d8%ac-%d8%a7%d9%84%d8%aa%d8%ad%d9%88%d9%84-%d8%a7%d9%84%d8%b1%d9%82%d9%85%d9%8a\/","title":{"rendered":"\u0646\u0645\u0648\u0630\u062c \u0646\u0636\u062c \u0627\u0644\u062a\u062d\u0648\u0644 \u0627\u0644\u0631\u0642\u0645\u064a"},"content":{"rendered":"<div data-elementor-type=\"wp-page\" data-elementor-id=\"6914\" class=\"elementor elementor-6914\" data-elementor-post-type=\"page\">\n\t\t\t\t<div class=\"elementor-element elementor-element-3f3b3865 e-con-full e-flex e-con e-child\" data-id=\"3f3b3865\" data-element_type=\"container\" data-settings=\"{&quot;position&quot;:&quot;fixed&quot;,&quot;background_background&quot;:&quot;classic&quot;}\">\n\t\t\t\t<div class=\"elementor-element elementor-element-5e274fe2 elementor-widget__width-auto elementor-view-default elementor-widget elementor-widget-icon\" data-id=\"5e274fe2\" data-element_type=\"widget\" data-widget_type=\"icon.default\">\n\t\t\t\t<div class=\"elementor-widget-container\">\n\t\t\t\t\t\t\t<div class=\"elementor-icon-wrapper\">\n\t\t\t<a class=\"elementor-icon\" href=\"https:\/\/www.simplify.rs\/ar\/kontakt\/#contact-btn\" target=\"_blank\" rel=\"noopener\">\n\t\t\t<svg xmlns=\"http:\/\/www.w3.org\/2000\/svg\" width=\"19\" height=\"19\" viewbox=\"0 0 19 19\" fill=\"none\"><path d=\"M9.07031 0.936523L17.5819 5.99037C17.728 6.09679 17.846 6.2282 17.9357 6.3846C18.0254 6.54101 18.0703 6.71089 18.0703 6.89422V17.1288C18.0703 17.5891 17.9161 17.9734 17.6078 18.2817C17.2995 18.5901 16.9152 18.7442 16.4549 18.7442H1.68569C1.22544 18.7442 0.841146 18.5901 0.532813 18.2817C0.224479 17.9734 0.0703125 17.5891 0.0703125 17.1288V6.89422C0.0703125 6.71089 0.115179 6.54101 0.204913 6.3846C0.294663 6.2282 0.412612 6.09679 0.558762 5.99037L9.07031 0.936523ZM9.07031 11.3942L16.8703 6.74422L9.07031 2.09422L1.27031 6.74422L9.07031 11.3942ZM9.07031 12.5519L1.07031 7.79037V17.1288C1.07031 17.3083 1.128 17.4558 1.24339 17.5711C1.35877 17.6865 1.5062 17.7442 1.68569 17.7442H16.4549C16.6344 17.7442 16.7819 17.6865 16.8972 17.5711C17.0126 17.4558 17.0703 17.3083 17.0703 17.1288V7.79037L9.07031 12.5519Z\" fill=\"white\"><\/path><\/svg>\t\t\t<\/a>\n\t\t<\/div>\n\t\t\t\t\t\t<\/div>\n\t\t\t\t<\/div>\n\t\t\t\t<\/div>\n\t\t<div class=\"elementor-element elementor-element-70ffec4 e-con-full e-flex e-con e-child\" data-id=\"70ffec4\" data-element_type=\"container\" data-settings=\"{&quot;position&quot;:&quot;fixed&quot;,&quot;background_background&quot;:&quot;classic&quot;}\">\n\t\t\t\t<div class=\"elementor-element elementor-element-68988d40 elementor-widget__width-auto elementor-view-default elementor-widget elementor-widget-icon\" data-id=\"68988d40\" data-element_type=\"widget\" data-widget_type=\"icon.default\">\n\t\t\t\t<div class=\"elementor-widget-container\">\n\t\t\t\t\t\t\t<div class=\"elementor-icon-wrapper\">\n\t\t\t<a class=\"elementor-icon\" href=\"#elementor-action%3Aaction%3Dpopup%3Aopen%26settings%3DeyJpZCI6IjQzNzciLCJ0b2dnbGUiOmZhbHNlfQ%3D%3D\">\n\t\t\t<svg xmlns=\"http:\/\/www.w3.org\/2000\/svg\" width=\"18\" height=\"18\" viewbox=\"0 0 18 18\" fill=\"none\"><path d=\"M16.5549 17.3177L10.2933 11.0562C9.79333 11.4818 9.21833 11.8113 8.56833 12.0447C7.91833 12.278 7.26512 12.3947 6.6087 12.3947C5.00704 12.3947 3.6515 11.8402 2.54208 10.7314C1.43265 9.62261 0.87793 8.26781 0.87793 6.66701C0.87793 5.06621 1.43234 3.71036 2.54115 2.59946C3.64997 1.48856 5.00478 0.933105 6.60558 0.933105C8.2064 0.933105 9.56225 1.48781 10.6731 2.59723C11.784 3.70665 12.3395 5.0622 12.3395 6.66388C12.3395 7.35875 12.2164 8.03118 11.9703 8.68118C11.7241 9.33118 11.401 9.88696 11.001 10.3485L17.2626 16.61L16.5549 17.3177ZM6.6087 11.3947C7.93564 11.3947 9.05583 10.9379 9.96928 10.0245C10.8827 9.11099 11.3395 7.9908 11.3395 6.66388C11.3395 5.33696 10.8827 4.21677 9.96928 3.30331C9.05583 2.38984 7.93564 1.93311 6.6087 1.93311C5.28179 1.93311 4.1616 2.38984 3.24813 3.30331C2.33468 4.21677 1.87795 5.33696 1.87795 6.66388C1.87795 7.9908 2.33468 9.11099 3.24813 10.0245C4.1616 10.9379 5.28179 11.3947 6.6087 11.3947Z\" fill=\"white\"><\/path><\/svg>\t\t\t<\/a>\n\t\t<\/div>\n\t\t\t\t\t\t<\/div>\n\t\t\t\t<\/div>\n\t\t\t\t<\/div>\n\t\t<div class=\"elementor-element elementor-element-1759f47c e-flex e-con-boxed e-con e-parent\" data-id=\"1759f47c\" data-element_type=\"container\" data-settings=\"{&quot;background_background&quot;:&quot;video&quot;}\">\n\t\t\t\t\t<div class=\"e-con-inner\">\n\t\t<div class=\"elementor-element elementor-element-7fdf5509 e-con-full e-flex e-con e-child\" data-id=\"7fdf5509\" data-element_type=\"container\">\n\t\t\t\t<div class=\"elementor-element elementor-element-3c1229fd elementor-widget__width-initial elementor-widget elementor-widget-heading\" data-id=\"3c1229fd\" data-element_type=\"widget\" data-widget_type=\"heading.default\">\n\t\t\t\t<div class=\"elementor-widget-container\">\n\t\t\t\t\t<h1 class=\"elementor-heading-title elementor-size-default\">\n\u0646\u0645\u0648\u0630\u062c \u0646\u0636\u062c \u0627\u0644\u062a\u062d\u0648\u0644 \u0627\u0644\u0631\u0642\u0645\u064a\n <\/h1>\t\t\t\t<\/div>\n\t\t\t\t<\/div>\n\t\t\t\t<div class=\"elementor-element elementor-element-13fec661 elementor-widget__width-initial elementor-widget elementor-widget-text-editor\" data-id=\"13fec661\" data-element_type=\"widget\" data-widget_type=\"text-editor.default\">\n\t\t\t\t<div class=\"elementor-widget-container\">\n\t\t\t\t\t\t\t\t\t<p>\u062a\u0645 \u062a\u0637\u0648\u064a\u0631 \u0647\u0630\u0627 \u0627\u0644\u0646\u0645\u0648\u0630\u062c \u0628\u0648\u0627\u0633\u0637\u0629 \u0634\u0631\u0643\u0629 Simplify\u060c \u0648\u0647\u0648 \u064a\u0648\u0641\u0631 \u0645\u062e\u0637\u0637\u064b\u0627 \u0648\u0627\u0636\u062d\u064b\u0627 \u0644\u062a\u0639\u0632\u064a\u0632 \u0627\u0644\u0646\u0636\u062c \u0627\u0644\u0631\u0642\u0645\u064a \u0644\u0644\u0634\u0631\u0643\u0627\u062a \u0641\u064a \u062c\u0645\u064a\u0639 \u062c\u0648\u0627\u0646\u0628 \u0627\u0644\u0623\u0639\u0645\u0627\u0644.<\/p><p>\u0635\u064f\u0645\u0645 \u0647\u0630\u0627 \u0627\u0644\u0646\u0645\u0648\u0630\u062c \u062e\u0635\u064a\u0635\u064b\u0627 \u0644\u0623\u0647\u062f\u0627\u0641\u0643\u060c \u0641\u0647\u0648 \u064a\u064f\u0642\u064a\u0651\u0645 \u0645\u0633\u062a\u0648\u0649 \u0646\u0636\u062c\u0643 \u0627\u0644\u0631\u0642\u0645\u064a\u060c \u0648\u064a\u064f\u062d\u062f\u062f \u062c\u0648\u0627\u0646\u0628 \u0627\u0644\u062a\u062d\u0633\u064a\u0646\u060c \u0648\u064a\u064f\u0631\u0634\u062f\u0643 \u062e\u0644\u0627\u0644 \u0627\u0644\u062e\u0637\u0648\u0627\u062a \u0627\u0644\u0631\u0626\u064a\u0633\u064a\u0629 \u0646\u062d\u0648 \u0645\u0632\u064a\u062f \u0645\u0646 \u0627\u0644\u062a\u0637\u0648\u0631. \u064a\u0633\u0627\u0639\u062f\u0643 \u0647\u0630\u0627 \u0627\u0644\u0646\u0645\u0648\u0630\u062c \u0639\u0644\u0649 \u062a\u062d\u0633\u064a\u0646 \u0627\u0644\u0639\u0645\u0644\u064a\u0627\u062a\u060c \u0648\u062a\u062d\u0633\u064a\u0646 \u062a\u062c\u0631\u0628\u0629 \u0627\u0644\u0639\u0645\u0644\u0627\u0621\u060c \u0648\u062a\u0646\u0645\u064a\u0629 \u0623\u0639\u0645\u0627\u0644\u0643 \u0641\u064a \u0623\u0633\u0648\u0627\u0642 \u062c\u062f\u064a\u062f\u0629\u060c \u0645\u0645\u0627 \u064a\u0636\u0645\u0646 \u0644\u0643 \u0646\u062c\u0627\u062d\u064b\u0627 \u0631\u0642\u0645\u064a\u064b\u0627 \u0645\u0633\u062a\u062f\u0627\u0645\u064b\u0627.<\/p><p>\u0645\u0646 \u062e\u0644\u0627\u0644 \u0627\u0644\u0634\u0631\u0627\u0643\u0629 \u0645\u0639 Simplify\u060c \u064a\u0645\u0643\u0646\u0643 \u062a\u0633\u0631\u064a\u0639 \u0627\u0644\u062a\u062d\u0648\u0644 \u0648\u0632\u064a\u0627\u062f\u0629 \u0643\u0641\u0627\u0621\u0629 \u0627\u0644\u0645\u0624\u0633\u0633\u0629.<\/p>\t\t\t\t\t\t\t\t<\/div>\n\t\t\t\t<\/div>\n\t\t\t\t<\/div>\n\t\t\t\t\t<\/div>\n\t\t\t\t<\/div>\n\t\t<div class=\"elementor-element elementor-element-413154aa e-flex e-con-boxed e-con e-parent\" data-id=\"413154aa\" data-element_type=\"container\" data-settings=\"{&quot;background_background&quot;:&quot;classic&quot;}\">\n\t\t\t\t\t<div class=\"e-con-inner\">\n\t\t<div class=\"elementor-element elementor-element-78f4c07a e-con-full elementor-hidden-mobile e-flex e-con e-child\" data-id=\"78f4c07a\" data-element_type=\"container\">\n\t\t\t\t<div class=\"elementor-element elementor-element-7b3ebfdc elementor-widget elementor-widget-image\" data-id=\"7b3ebfdc\" data-element_type=\"widget\" data-widget_type=\"image.default\">\n\t\t\t\t<div class=\"elementor-widget-container\">\n\t\t\t\t\t\t\t\t\t\t\t\t\t\t\t<img fetchpriority=\"high\" decoding=\"async\" width=\"341\" height=\"256\" src=\"https:\/\/www.simplify.rs\/wp-content\/uploads\/2025\/07\/strelica-ka-desno.png\" class=\"attachment-full size-full wp-image-12163\" alt=\"\" srcset=\"https:\/\/www.simplify.rs\/wp-content\/uploads\/2025\/07\/strelica-ka-desno.png 341w, https:\/\/www.simplify.rs\/wp-content\/uploads\/2025\/07\/strelica-ka-desno-300x225.png 300w, https:\/\/www.simplify.rs\/wp-content\/uploads\/2025\/07\/strelica-ka-desno-16x12.png 16w\" sizes=\"(max-width: 341px) 100vw, 341px\" title=\"\">\t\t\t\t\t\t\t\t\t\t\t\t\t\t\t<\/div>\n\t\t\t\t<\/div>\n\t\t\t\t<\/div>\n\t\t<div class=\"elementor-element elementor-element-54bab371 e-con-full e-flex e-con e-child\" data-id=\"54bab371\" data-element_type=\"container\">\n\t\t\t\t<div class=\"elementor-element elementor-element-3680088b elementor-widget elementor-widget-heading\" data-id=\"3680088b\" data-element_type=\"widget\" data-widget_type=\"heading.default\">\n\t\t\t\t<div class=\"elementor-widget-container\">\n\t\t\t\t\t<h3 class=\"elementor-heading-title elementor-size-default\">\u064a\u062e\u0637\u0637<\/h3>\t\t\t\t<\/div>\n\t\t\t\t<\/div>\n\t\t\t\t<div class=\"elementor-element elementor-element-2e44256c elementor-widget__width-initial elementor-widget elementor-widget-text-editor\" data-id=\"2e44256c\" data-element_type=\"widget\" data-widget_type=\"text-editor.default\">\n\t\t\t\t<div class=\"elementor-widget-container\">\n\t\t\t\t\t\t\t\t\t<p>\u062a\u0642\u064a\u064a\u0645 \u0645\u0633\u062a\u0648\u0649 \u0627\u0644\u0646\u0636\u062c \u0627\u0644\u0631\u0642\u0645\u064a \u0627\u0644\u062d\u0627\u0644\u064a \u0644\u0644\u0645\u0646\u0638\u0645\u0629<\/p><p>\u062a\u062d\u062f\u064a\u062f \u0627\u0644\u0645\u062c\u0627\u0644\u0627\u062a \u0627\u0644\u0631\u0626\u064a\u0633\u064a\u0629 \u0644\u0644\u062a\u062d\u0633\u064a\u0646<\/p><p>\u062a\u0637\u0648\u064a\u0631 \u0627\u0644\u062e\u0637\u0648\u0627\u062a \u0648\u0627\u0644\u0645\u0628\u0627\u062f\u0626 \u0627\u0644\u062a\u0648\u062c\u064a\u0647\u064a\u0629 \u0644\u0644\u0627\u0646\u062a\u0642\u0627\u0644 \u0625\u0644\u0649 \u0645\u0633\u062a\u0648\u0649 \u0623\u0639\u0644\u0649 \u0645\u0646 \u0627\u0644\u062a\u0637\u0648\u0631<\/p><p>\u062a\u0637\u0628\u064a\u0642 \u0627\u0644\u0646\u0645\u0648\u0630\u062c \u0643\u0623\u062f\u0627\u0629 \u0642\u0627\u0628\u0644\u0629 \u0644\u0644\u062a\u0643\u064a\u0641 \u0648\u0641\u0642\u064b\u0627 \u0644\u0644\u0627\u062d\u062a\u064a\u0627\u062c\u0627\u062a \u0627\u0644\u0645\u062d\u062f\u062f\u0629 \u0644\u0644\u0634\u0631\u0643\u0629<\/p>\t\t\t\t\t\t\t\t<\/div>\n\t\t\t\t<\/div>\n\t\t\t\t<\/div>\n\t\t\t\t\t<\/div>\n\t\t\t\t<\/div>\n\t\t<div class=\"elementor-element elementor-element-a3c6867 e-flex e-con-boxed e-con e-parent\" data-id=\"a3c6867\" data-element_type=\"container\" data-settings=\"{&quot;background_background&quot;:&quot;classic&quot;}\">\n\t\t\t\t\t<div class=\"e-con-inner\">\n\t\t<div class=\"elementor-element elementor-element-5202ffe9 e-con-full e-flex e-con e-child\" data-id=\"5202ffe9\" data-element_type=\"container\">\n\t\t\t\t<div class=\"elementor-element elementor-element-559ebbac elementor-widget elementor-widget-heading\" data-id=\"559ebbac\" data-element_type=\"widget\" data-widget_type=\"heading.default\">\n\t\t\t\t<div class=\"elementor-widget-container\">\n\t\t\t\t\t<h3 class=\"elementor-heading-title elementor-size-default\">\u0628\u0631\u0646\u0627\u0645\u062c<\/h3>\t\t\t\t<\/div>\n\t\t\t\t<\/div>\n\t\t\t\t<div class=\"elementor-element elementor-element-31eadad7 elementor-widget__width-initial elementor-widget elementor-widget-text-editor\" data-id=\"31eadad7\" data-element_type=\"widget\" data-widget_type=\"text-editor.default\">\n\t\t\t\t<div class=\"elementor-widget-container\">\n\t\t\t\t\t\t\t\t\t<p>\u0627\u0633\u062a\u062e\u062f\u0627\u0645 \u0646\u0645\u0648\u0630\u062c \u0646\u0636\u062c \u0645\u0631\u0646 \u0648\u0634\u0627\u0645\u0644 \u0645\u0635\u0645\u0645 \u062e\u0635\u064a\u0635\u064b\u0627 \u0644\u0643\u0644 \u0645\u0646\u0638\u0645\u0629<\/p><p>\u0627\u0644\u062a\u0631\u0643\u064a\u0632 \u0639\u0644\u0649 \u0627\u0644\u0623\u0647\u062f\u0627\u0641 \u0627\u0644\u0627\u0633\u062a\u0631\u0627\u062a\u064a\u062c\u064a\u0629 - \u062a\u0628\u0633\u064a\u0637 \u0627\u0644\u0639\u0645\u0644\u064a\u0629\u060c \u0648\u0625\u0634\u0631\u0627\u0643 \u0627\u0644\u0645\u0633\u062a\u062e\u062f\u0645\u060c \u0648\u0627\u0644\u062a\u0648\u0633\u0639 \u0641\u064a \u0623\u0633\u0648\u0627\u0642 \u062c\u062f\u064a\u062f\u0629<\/p><p>\u0627\u062a\u062e\u0627\u0630 \u0642\u0631\u0627\u0631\u0627\u062a \u0645\u0633\u062a\u0646\u064a\u0631\u0629 \u0628\u0646\u0627\u0621\u064b \u0639\u0644\u0649 \u062a\u0642\u064a\u064a\u0645 \u062f\u0642\u064a\u0642 \u0644\u0644\u0646\u0636\u062c \u0627\u0644\u0631\u0642\u0645\u064a<\/p><p>\u0627\u0644\u0634\u0631\u0627\u0643\u0629 \u0645\u0639 Simplify \u0644\u062a\u062d\u0642\u064a\u0642 \u0646\u062a\u0627\u0626\u062c \u0627\u0644\u062a\u062d\u0648\u0644 \u0627\u0644\u0623\u0633\u0631\u0639 \u0648\u0627\u0644\u0623\u0643\u062b\u0631 \u0627\u0633\u062a\u062f\u0627\u0645\u0629<\/p>\t\t\t\t\t\t\t\t<\/div>\n\t\t\t\t<\/div>\n\t\t\t\t<\/div>\n\t\t<div class=\"elementor-element elementor-element-4994e696 e-con-full elementor-hidden-mobile e-flex e-con e-child\" data-id=\"4994e696\" data-element_type=\"container\">\n\t\t\t\t<div class=\"elementor-element elementor-element-4b778348 elementor-widget elementor-widget-image\" data-id=\"4b778348\" data-element_type=\"widget\" data-widget_type=\"image.default\">\n\t\t\t\t<div class=\"elementor-widget-container\">\n\t\t\t\t\t\t\t\t\t\t\t\t\t\t\t<img decoding=\"async\" width=\"341\" height=\"256\" src=\"https:\/\/www.simplify.rs\/wp-content\/uploads\/2025\/08\/strelica-ka-levo-plava.png\" class=\"attachment-full size-full wp-image-13027\" alt=\"\" srcset=\"https:\/\/www.simplify.rs\/wp-content\/uploads\/2025\/08\/strelica-ka-levo-plava.png 341w, https:\/\/www.simplify.rs\/wp-content\/uploads\/2025\/08\/strelica-ka-levo-plava-300x225.png 300w, https:\/\/www.simplify.rs\/wp-content\/uploads\/2025\/08\/strelica-ka-levo-plava-16x12.png 16w\" sizes=\"(max-width: 341px) 100vw, 341px\" title=\"\">\t\t\t\t\t\t\t\t\t\t\t\t\t\t\t<\/div>\n\t\t\t\t<\/div>\n\t\t\t\t<\/div>\n\t\t\t\t\t<\/div>\n\t\t\t\t<\/div>\n\t\t\t\t<\/div>","protected":false},"excerpt":{"rendered":"<p>Model zrelosti digitalne transformacije Razvijen od strane Simplify\u2011a, ovaj model pru\u017ea jasan plan za unapre\u0111enje digitalne zrelosti kompanija u svim aspektima poslovanja. Model je prilago\u0111en va\u0161im ciljevima \u2013 procenjuje nivo digitalne zrelosti, identifikuje oblasti za unapre\u0111enje i vodi vas kroz klju\u010dne korake ka ve\u0107oj sofisticiranosti. Poma\u017ee vam da optimizujete procese, pobolj\u0161ate korisni\u010dko iskustvo i razvijete [&hellip;]<\/p>","protected":false},"author":3,"featured_media":0,"parent":6915,"menu_order":0,"comment_status":"closed","ping_status":"closed","template":"elementor_header_footer","meta":{"footnotes":""},"class_list":["post-6914","page","type-page","status-publish","hentry"],"_links":{"self":[{"href":"https:\/\/www.simplify.rs\/ar\/wp-json\/wp\/v2\/pages\/6914","targetHints":{"allow":["GET"]}}],"collection":[{"href":"https:\/\/www.simplify.rs\/ar\/wp-json\/wp\/v2\/pages"}],"about":[{"href":"https:\/\/www.simplify.rs\/ar\/wp-json\/wp\/v2\/types\/page"}],"author":[{"embeddable":true,"href":"https:\/\/www.simplify.rs\/ar\/wp-json\/wp\/v2\/users\/3"}],"replies":[{"embeddable":true,"href":"https:\/\/www.simplify.rs\/ar\/wp-json\/wp\/v2\/comments?post=6914"}],"version-history":[{"count":5,"href":"https:\/\/www.simplify.rs\/ar\/wp-json\/wp\/v2\/pages\/6914\/revisions"}],"predecessor-version":[{"id":13908,"href":"https:\/\/www.simplify.rs\/ar\/wp-json\/wp\/v2\/pages\/6914\/revisions\/13908"}],"up":[{"embeddable":true,"href":"https:\/\/www.simplify.rs\/ar\/wp-json\/wp\/v2\/pages\/6915"}],"wp:attachment":[{"href":"https:\/\/www.simplify.rs\/ar\/wp-json\/wp\/v2\/media?parent=6914"}],"curies":[{"name":"wp","href":"https:\/\/api.w.org\/{rel}","templated":true}]}}