{"id":7203,"date":"2024-10-26T12:34:10","date_gmt":"2024-10-26T12:34:10","guid":{"rendered":"https:\/\/simplify.rs\/?page_id=7203"},"modified":"2025-11-12T08:44:29","modified_gmt":"2025-11-12T08:44:29","slug":"process-mining","status":"publish","type":"page","link":"https:\/\/www.simplify.rs\/ar\/%d8%ad%d9%84\/%d8%b9%d9%85%d9%84%d9%8a%d8%a9-%d8%a7%d9%84%d8%aa%d8%b9%d8%af%d9%8a%d9%86\/","title":{"rendered":"\u0639\u0645\u0644\u064a\u0629 \u0627\u0644\u062a\u0639\u062f\u064a\u0646"},"content":{"rendered":"<div data-elementor-type=\"wp-page\" data-elementor-id=\"7203\" class=\"elementor elementor-7203\" data-elementor-post-type=\"page\">\n\t\t\t\t<div class=\"elementor-element elementor-element-f503a00 e-con-full e-flex e-con e-child\" data-id=\"f503a00\" data-element_type=\"container\" data-settings=\"{&quot;position&quot;:&quot;fixed&quot;,&quot;background_background&quot;:&quot;classic&quot;}\">\n\t\t\t\t<div class=\"elementor-element elementor-element-f19b3bf elementor-widget__width-auto elementor-view-default elementor-widget elementor-widget-icon\" data-id=\"f19b3bf\" data-element_type=\"widget\" data-widget_type=\"icon.default\">\n\t\t\t\t<div class=\"elementor-widget-container\">\n\t\t\t\t\t\t\t<div class=\"elementor-icon-wrapper\">\n\t\t\t<a class=\"elementor-icon\" href=\"https:\/\/www.simplify.rs\/ar\/kontakt\/#contact-btn\" target=\"_blank\" rel=\"noopener\">\n\t\t\t<svg xmlns=\"http:\/\/www.w3.org\/2000\/svg\" width=\"19\" height=\"19\" viewbox=\"0 0 19 19\" fill=\"none\"><path d=\"M9.07031 0.936523L17.5819 5.99037C17.728 6.09679 17.846 6.2282 17.9357 6.3846C18.0254 6.54101 18.0703 6.71089 18.0703 6.89422V17.1288C18.0703 17.5891 17.9161 17.9734 17.6078 18.2817C17.2995 18.5901 16.9152 18.7442 16.4549 18.7442H1.68569C1.22544 18.7442 0.841146 18.5901 0.532813 18.2817C0.224479 17.9734 0.0703125 17.5891 0.0703125 17.1288V6.89422C0.0703125 6.71089 0.115179 6.54101 0.204913 6.3846C0.294663 6.2282 0.412612 6.09679 0.558762 5.99037L9.07031 0.936523ZM9.07031 11.3942L16.8703 6.74422L9.07031 2.09422L1.27031 6.74422L9.07031 11.3942ZM9.07031 12.5519L1.07031 7.79037V17.1288C1.07031 17.3083 1.128 17.4558 1.24339 17.5711C1.35877 17.6865 1.5062 17.7442 1.68569 17.7442H16.4549C16.6344 17.7442 16.7819 17.6865 16.8972 17.5711C17.0126 17.4558 17.0703 17.3083 17.0703 17.1288V7.79037L9.07031 12.5519Z\" fill=\"white\"><\/path><\/svg>\t\t\t<\/a>\n\t\t<\/div>\n\t\t\t\t\t\t<\/div>\n\t\t\t\t<\/div>\n\t\t\t\t<\/div>\n\t\t<div class=\"elementor-element elementor-element-6a55bb7 e-con-full e-flex e-con e-child\" data-id=\"6a55bb7\" data-element_type=\"container\" data-settings=\"{&quot;position&quot;:&quot;fixed&quot;,&quot;background_background&quot;:&quot;classic&quot;}\">\n\t\t\t\t<div class=\"elementor-element elementor-element-6c9d764 elementor-widget__width-auto elementor-view-default elementor-widget elementor-widget-icon\" data-id=\"6c9d764\" data-element_type=\"widget\" data-widget_type=\"icon.default\">\n\t\t\t\t<div class=\"elementor-widget-container\">\n\t\t\t\t\t\t\t<div class=\"elementor-icon-wrapper\">\n\t\t\t<a class=\"elementor-icon\" href=\"#elementor-action%3Aaction%3Dpopup%3Aopen%26settings%3DeyJpZCI6IjQzNzciLCJ0b2dnbGUiOmZhbHNlfQ%3D%3D\">\n\t\t\t<svg xmlns=\"http:\/\/www.w3.org\/2000\/svg\" width=\"18\" height=\"18\" viewbox=\"0 0 18 18\" fill=\"none\"><path d=\"M16.5549 17.3177L10.2933 11.0562C9.79333 11.4818 9.21833 11.8113 8.56833 12.0447C7.91833 12.278 7.26512 12.3947 6.6087 12.3947C5.00704 12.3947 3.6515 11.8402 2.54208 10.7314C1.43265 9.62261 0.87793 8.26781 0.87793 6.66701C0.87793 5.06621 1.43234 3.71036 2.54115 2.59946C3.64997 1.48856 5.00478 0.933105 6.60558 0.933105C8.2064 0.933105 9.56225 1.48781 10.6731 2.59723C11.784 3.70665 12.3395 5.0622 12.3395 6.66388C12.3395 7.35875 12.2164 8.03118 11.9703 8.68118C11.7241 9.33118 11.401 9.88696 11.001 10.3485L17.2626 16.61L16.5549 17.3177ZM6.6087 11.3947C7.93564 11.3947 9.05583 10.9379 9.96928 10.0245C10.8827 9.11099 11.3395 7.9908 11.3395 6.66388C11.3395 5.33696 10.8827 4.21677 9.96928 3.30331C9.05583 2.38984 7.93564 1.93311 6.6087 1.93311C5.28179 1.93311 4.1616 2.38984 3.24813 3.30331C2.33468 4.21677 1.87795 5.33696 1.87795 6.66388C1.87795 7.9908 2.33468 9.11099 3.24813 10.0245C4.1616 10.9379 5.28179 11.3947 6.6087 11.3947Z\" fill=\"white\"><\/path><\/svg>\t\t\t<\/a>\n\t\t<\/div>\n\t\t\t\t\t\t<\/div>\n\t\t\t\t<\/div>\n\t\t\t\t<\/div>\n\t\t<div class=\"elementor-element elementor-element-6d4ad59b e-con-full e-flex e-con e-child\" data-id=\"6d4ad59b\" data-element_type=\"container\" data-settings=\"{&quot;position&quot;:&quot;fixed&quot;,&quot;background_background&quot;:&quot;classic&quot;}\">\n\t\t\t\t<div class=\"elementor-element elementor-element-5ce0313f elementor-widget__width-auto elementor-view-default elementor-widget elementor-widget-icon\" data-id=\"5ce0313f\" data-element_type=\"widget\" data-widget_type=\"icon.default\">\n\t\t\t\t<div class=\"elementor-widget-container\">\n\t\t\t\t\t\t\t<div class=\"elementor-icon-wrapper\">\n\t\t\t<a class=\"elementor-icon\" href=\"https:\/\/www.simplify.rs\/ar\/kontakt\/#contact-btn\" target=\"_blank\" rel=\"noopener\">\n\t\t\t<svg xmlns=\"http:\/\/www.w3.org\/2000\/svg\" width=\"19\" height=\"19\" viewbox=\"0 0 19 19\" fill=\"none\"><path d=\"M9.07031 0.936523L17.5819 5.99037C17.728 6.09679 17.846 6.2282 17.9357 6.3846C18.0254 6.54101 18.0703 6.71089 18.0703 6.89422V17.1288C18.0703 17.5891 17.9161 17.9734 17.6078 18.2817C17.2995 18.5901 16.9152 18.7442 16.4549 18.7442H1.68569C1.22544 18.7442 0.841146 18.5901 0.532813 18.2817C0.224479 17.9734 0.0703125 17.5891 0.0703125 17.1288V6.89422C0.0703125 6.71089 0.115179 6.54101 0.204913 6.3846C0.294663 6.2282 0.412612 6.09679 0.558762 5.99037L9.07031 0.936523ZM9.07031 11.3942L16.8703 6.74422L9.07031 2.09422L1.27031 6.74422L9.07031 11.3942ZM9.07031 12.5519L1.07031 7.79037V17.1288C1.07031 17.3083 1.128 17.4558 1.24339 17.5711C1.35877 17.6865 1.5062 17.7442 1.68569 17.7442H16.4549C16.6344 17.7442 16.7819 17.6865 16.8972 17.5711C17.0126 17.4558 17.0703 17.3083 17.0703 17.1288V7.79037L9.07031 12.5519Z\" fill=\"white\"><\/path><\/svg>\t\t\t<\/a>\n\t\t<\/div>\n\t\t\t\t\t\t<\/div>\n\t\t\t\t<\/div>\n\t\t\t\t<\/div>\n\t\t<div class=\"elementor-element elementor-element-1c183958 e-con-full e-flex e-con e-child\" data-id=\"1c183958\" data-element_type=\"container\" data-settings=\"{&quot;position&quot;:&quot;fixed&quot;,&quot;background_background&quot;:&quot;classic&quot;}\">\n\t\t\t\t<div class=\"elementor-element elementor-element-1beb279c elementor-widget__width-auto elementor-view-default elementor-widget elementor-widget-icon\" data-id=\"1beb279c\" data-element_type=\"widget\" data-widget_type=\"icon.default\">\n\t\t\t\t<div class=\"elementor-widget-container\">\n\t\t\t\t\t\t\t<div class=\"elementor-icon-wrapper\">\n\t\t\t<a class=\"elementor-icon\" href=\"#elementor-action%3Aaction%3Dpopup%3Aopen%26settings%3DeyJpZCI6IjQzNzciLCJ0b2dnbGUiOmZhbHNlfQ%3D%3D\">\n\t\t\t<svg xmlns=\"http:\/\/www.w3.org\/2000\/svg\" width=\"18\" height=\"18\" viewbox=\"0 0 18 18\" fill=\"none\"><path d=\"M16.5549 17.3177L10.2933 11.0562C9.79333 11.4818 9.21833 11.8113 8.56833 12.0447C7.91833 12.278 7.26512 12.3947 6.6087 12.3947C5.00704 12.3947 3.6515 11.8402 2.54208 10.7314C1.43265 9.62261 0.87793 8.26781 0.87793 6.66701C0.87793 5.06621 1.43234 3.71036 2.54115 2.59946C3.64997 1.48856 5.00478 0.933105 6.60558 0.933105C8.2064 0.933105 9.56225 1.48781 10.6731 2.59723C11.784 3.70665 12.3395 5.0622 12.3395 6.66388C12.3395 7.35875 12.2164 8.03118 11.9703 8.68118C11.7241 9.33118 11.401 9.88696 11.001 10.3485L17.2626 16.61L16.5549 17.3177ZM6.6087 11.3947C7.93564 11.3947 9.05583 10.9379 9.96928 10.0245C10.8827 9.11099 11.3395 7.9908 11.3395 6.66388C11.3395 5.33696 10.8827 4.21677 9.96928 3.30331C9.05583 2.38984 7.93564 1.93311 6.6087 1.93311C5.28179 1.93311 4.1616 2.38984 3.24813 3.30331C2.33468 4.21677 1.87795 5.33696 1.87795 6.66388C1.87795 7.9908 2.33468 9.11099 3.24813 10.0245C4.1616 10.9379 5.28179 11.3947 6.6087 11.3947Z\" fill=\"white\"><\/path><\/svg>\t\t\t<\/a>\n\t\t<\/div>\n\t\t\t\t\t\t<\/div>\n\t\t\t\t<\/div>\n\t\t\t\t<\/div>\n\t\t<div class=\"elementor-element elementor-element-6ace2b55 e-flex e-con-boxed e-con e-parent\" data-id=\"6ace2b55\" data-element_type=\"container\" data-settings=\"{&quot;background_background&quot;:&quot;video&quot;}\">\n\t\t\t\t\t<div class=\"e-con-inner\">\n\t\t<div class=\"elementor-element elementor-element-14eac0b3 e-con-full e-flex e-con e-child\" data-id=\"14eac0b3\" data-element_type=\"container\">\n\t\t\t\t<div class=\"elementor-element elementor-element-3d5cedf2 elementor-widget__width-initial elementor-widget elementor-widget-heading\" data-id=\"3d5cedf2\" data-element_type=\"widget\" data-widget_type=\"heading.default\">\n\t\t\t\t<div class=\"elementor-widget-container\">\n\t\t\t\t\t<h1 class=\"elementor-heading-title elementor-size-default\">\u0639\u0645\u0644\u064a\u0629<span class=\"white\"> \u0627\u0644\u062a\u0639\u062f\u064a\u0646<\/span>\n<\/h1>\t\t\t\t<\/div>\n\t\t\t\t<\/div>\n\t\t\t\t<div class=\"elementor-element elementor-element-33ce32e4 elementor-widget__width-initial elementor-widget elementor-widget-text-editor\" data-id=\"33ce32e4\" data-element_type=\"widget\" data-widget_type=\"text-editor.default\">\n\t\t\t\t<div class=\"elementor-widget-container\">\n\t\t\t\t\t\t\t\t\t<p>\u064a\u064f\u0639\u062f\u0651 \u062a\u062d\u0644\u064a\u0644 \u0627\u0644\u0639\u0645\u0644\u064a\u0627\u062a \u0623\u0645\u0631\u064b\u0627 \u0623\u0633\u0627\u0633\u064a\u064b\u0627 \u0644\u0641\u0647\u0645 \u0647\u0630\u0647 \u0627\u0644\u0639\u0645\u0644\u064a\u0627\u062a \u0627\u0644\u0645\u0639\u0642\u062f\u0629 \u0648\u062a\u062d\u0633\u064a\u0646\u0647\u0627. \u0641\u0647\u0648 \u064a\u064f\u0645\u0643\u0651\u0646 \u0627\u0644\u0645\u0624\u0633\u0633\u0627\u062a \u0645\u0646 \u062a\u0643\u0648\u064a\u0646 \u0635\u0648\u0631\u0629 \u0648\u0627\u0636\u062d\u0629 \u0645\u0628\u0646\u064a\u0629 \u0639\u0644\u0649 \u0627\u0644\u0628\u064a\u0627\u0646\u0627\u062a \u0639\u0646 \u0627\u0644\u062a\u0646\u0641\u064a\u0630 \u0627\u0644\u0641\u0639\u0644\u064a \u0644\u0644\u0639\u0645\u0644\u064a\u0627\u062a \u0645\u0646 \u062e\u0644\u0627\u0644 \u062a\u062d\u0644\u064a\u0644 \u0648\u062a\u0635\u0648\u0631 \u0628\u064a\u0627\u0646\u0627\u062a \u0646\u0638\u0627\u0645 \u062a\u0643\u0646\u0648\u0644\u0648\u062c\u064a\u0627 \u0627\u0644\u0645\u0639\u0644\u0648\u0645\u0627\u062a\u060c \u0645\u0645\u0627 \u064a\u064f\u062d\u062f\u062f \u0627\u0644\u0627\u062e\u062a\u0646\u0627\u0642\u0627\u062a \u0648\u0646\u0642\u0627\u0637 \u0627\u0644\u0636\u0639\u0641 \u0648\u0641\u0631\u0635 \u0627\u0644\u062a\u062d\u0633\u064a\u0646.<\/p>\t\t\t\t\t\t\t\t<\/div>\n\t\t\t\t<\/div>\n\t\t\t\t<\/div>\n\t\t\t\t\t<\/div>\n\t\t\t\t<\/div>\n\t\t<div class=\"elementor-element elementor-element-45f8096e e-flex e-con-boxed e-con e-parent\" data-id=\"45f8096e\" data-element_type=\"container\" data-settings=\"{&quot;background_background&quot;:&quot;classic&quot;}\">\n\t\t\t\t\t<div class=\"e-con-inner\">\n\t\t<div class=\"elementor-element elementor-element-4b99a4a1 e-con-full elementor-hidden-mobile e-flex e-con e-child\" data-id=\"4b99a4a1\" data-element_type=\"container\">\n\t\t\t\t<div class=\"elementor-element elementor-element-4a89651 elementor-widget elementor-widget-image\" data-id=\"4a89651\" data-element_type=\"widget\" data-widget_type=\"image.default\">\n\t\t\t\t<div class=\"elementor-widget-container\">\n\t\t\t\t\t\t\t\t\t\t\t\t\t\t\t<img fetchpriority=\"high\" decoding=\"async\" width=\"341\" height=\"256\" src=\"https:\/\/www.simplify.rs\/wp-content\/uploads\/2025\/07\/strelica-ka-desno.png\" class=\"attachment-full size-full wp-image-12163\" alt=\"\" srcset=\"https:\/\/www.simplify.rs\/wp-content\/uploads\/2025\/07\/strelica-ka-desno.png 341w, https:\/\/www.simplify.rs\/wp-content\/uploads\/2025\/07\/strelica-ka-desno-300x225.png 300w, https:\/\/www.simplify.rs\/wp-content\/uploads\/2025\/07\/strelica-ka-desno-16x12.png 16w\" sizes=\"(max-width: 341px) 100vw, 341px\" title=\"\">\t\t\t\t\t\t\t\t\t\t\t\t\t\t\t<\/div>\n\t\t\t\t<\/div>\n\t\t\t\t<\/div>\n\t\t<div class=\"elementor-element elementor-element-4b5f66a5 e-con-full e-flex e-con e-child\" data-id=\"4b5f66a5\" data-element_type=\"container\">\n\t\t\t\t<div class=\"elementor-element elementor-element-548cbbe0 elementor-widget elementor-widget-heading\" data-id=\"548cbbe0\" data-element_type=\"widget\" data-widget_type=\"heading.default\">\n\t\t\t\t<div class=\"elementor-widget-container\">\n\t\t\t\t\t<h3 class=\"elementor-heading-title elementor-size-default\">\u0627\u0644\u0639\u0646\u0635\u0631 \u0627\u0644\u0631\u0626\u064a\u0633\u064a <span style=\"color:#ffffff\"> \u0643\u0644 \u0639\u0645\u0644\u064a\u0629 \u062a\u062c\u0627\u0631\u064a\u0629<\/span> <\/h3>\t\t\t\t<\/div>\n\t\t\t\t<\/div>\n\t\t\t\t<div class=\"elementor-element elementor-element-7a8540bf elementor-widget__width-initial elementor-widget elementor-widget-text-editor\" data-id=\"7a8540bf\" data-element_type=\"widget\" data-widget_type=\"text-editor.default\">\n\t\t\t\t<div class=\"elementor-widget-container\">\n\t\t\t\t\t\t\t\t\t<p>\u064a\u062d\u0642\u0642 \u0627\u0644\u062a\u0639\u062f\u064a\u0646 \u0627\u0644\u0639\u0645\u0644\u064a \u0641\u0648\u0627\u0626\u062f \u0639\u062f\u064a\u062f\u0629 - \u0641\u0647\u0648 \u064a\u062d\u0633\u0646 \u0627\u0644\u0643\u0641\u0627\u0621\u0629 \u0627\u0644\u062a\u0634\u063a\u064a\u0644\u064a\u0629\u060c \u0648\u064a\u0642\u0644\u0644 \u0627\u0644\u062a\u0643\u0627\u0644\u064a\u0641 \u0648\u0627\u0644\u0623\u062e\u0637\u0627\u0621\u060c \u0648\u064a\u062f\u0639\u0645 \u0627\u0644\u0627\u0645\u062a\u062b\u0627\u0644 \u0644\u0644\u0648\u0627\u0626\u062d \u0648\u0627\u0644\u0645\u0639\u0627\u064a\u064a\u0631\u060c \u0648\u064a\u0645\u0643\u0651\u0646 \u0645\u0646 \u0627\u062a\u062e\u0627\u0630 \u0627\u0644\u0642\u0631\u0627\u0631\u0627\u062a \u0627\u0644\u0642\u0627\u0626\u0645\u0629 \u0639\u0644\u0649 \u0627\u0644\u0628\u064a\u0627\u0646\u0627\u062a.<\/p>\t\t\t\t\t\t\t\t<\/div>\n\t\t\t\t<\/div>\n\t\t\t\t<\/div>\n\t\t\t\t\t<\/div>\n\t\t\t\t<\/div>\n\t\t<div class=\"elementor-element elementor-element-37ed39b e-flex e-con-boxed e-con e-parent\" data-id=\"37ed39b\" data-element_type=\"container\">\n\t\t\t\t\t<div class=\"e-con-inner\">\n\t\t<div class=\"elementor-element elementor-element-1218a3b3 e-con-full e-flex e-con e-child\" data-id=\"1218a3b3\" data-element_type=\"container\">\n\t\t\t\t<div class=\"elementor-element elementor-element-76ff3aec elementor-widget elementor-widget-heading\" data-id=\"76ff3aec\" data-element_type=\"widget\" data-widget_type=\"heading.default\">\n\t\t\t\t<div class=\"elementor-widget-container\">\n\t\t\t\t\t<h3 class=\"elementor-heading-title elementor-size-default\"><span style=\"color:#4585F2\"> \u0639\u0645\u0644\u064a\u0629 \u0627\u0644\u062a\u0639\u062f\u064a\u0646<\/span><br> \u0627\u0644\u062d\u0644\u0648\u0644<\/h3>\t\t\t\t<\/div>\n\t\t\t\t<\/div>\n\t\t\t\t<\/div>\n\t\t<div class=\"elementor-element elementor-element-7e5afa74 e-con-full e-flex e-con e-child\" data-id=\"7e5afa74\" data-element_type=\"container\">\n\t\t<a class=\"elementor-element elementor-element-37f2b165 e-con-full e-flex e-con e-child\" data-id=\"37f2b165\" data-element_type=\"container\" href=\"https:\/\/www.simplify.rs\/ar\/%d8%ad%d9%84\/%d8%b9%d9%85%d9%84%d9%8a%d8%a9-%d8%a7%d9%84%d8%aa%d8%b9%d8%af%d9%8a%d9%86\/%d9%83%d8%b4%d8%a7%d9%81\/\">\n\t\t<div class=\"elementor-element elementor-element-7987b74a e-con-full e-flex e-con e-child\" data-id=\"7987b74a\" data-element_type=\"container\">\n\t\t\t\t<div class=\"elementor-element elementor-element-1cea5ba4 elementor-icon-list--layout-traditional elementor-list-item-link-full_width elementor-widget elementor-widget-icon-list\" data-id=\"1cea5ba4\" data-element_type=\"widget\" data-widget_type=\"icon-list.default\">\n\t\t\t\t<div class=\"elementor-widget-container\">\n\t\t\t\t\t\t\t<ul class=\"elementor-icon-list-items\">\n\t\t\t\t\t\t\t<li class=\"elementor-icon-list-item\">\n\t\t\t\t\t\t\t\t\t\t\t<span class=\"elementor-icon-list-icon\">\n\t\t\t\t\t\t\t<i aria-hidden=\"true\" class=\"iconarrow-right icon-arrow-rightright-open-big\"><\/i>\t\t\t\t\t\t<\/span>\n\t\t\t\t\t\t\t\t\t\t<span class=\"elementor-icon-list-text\"><span data-metadata=\"&lt;!--(figmeta)eyJmaWxlS2V5IjoiYUxxemR5ZzcwZTgwY1k1S2JLWEJERCIsInBhc3RlSUQiOjEyNjAzNDI4OTIsImRhdGFUeXBlIjoic2NlbmUifQo=(\/figmeta)--&gt;\"><\/span>\u0643\u0634\u0627\u0641<\/span>\n\t\t\t\t\t\t\t\t\t<\/li>\n\t\t\t\t\t\t<\/ul>\n\t\t\t\t\t\t<\/div>\n\t\t\t\t<\/div>\n\t\t\t\t<\/div>\n\t\t<div class=\"elementor-element elementor-element-78a59588 e-con-full e-flex e-con e-child\" data-id=\"78a59588\" data-element_type=\"container\">\n\t\t\t\t<div class=\"elementor-element elementor-element-b1d1435 elementor-widget__width-initial elementor-widget elementor-widget-text-editor\" data-id=\"b1d1435\" data-element_type=\"widget\" data-widget_type=\"text-editor.default\">\n\t\t\t\t<div class=\"elementor-widget-container\">\n\t\t\t\t\t\t\t\t\t<p>Scout \u0623\u062f\u0627\u0629 \u0644\u0627\u0633\u062a\u062e\u0631\u0627\u062c \u0627\u0644\u0639\u0645\u0644\u064a\u0627\u062a \u0648\u0627\u0644\u0645\u0647\u0627\u0645\u060c \u0648\u0627\u0644\u062a\u064a \u062a\u0639\u0645\u0644 \u0645\u0646 \u062e\u0644\u0627\u0644 \u062f\u0645\u062c \u0646\u0645\u0627\u0630\u062c \u0627\u0644\u0630\u0643\u0627\u0621 \u0627\u0644\u0627\u0635\u0637\u0646\u0627\u0639\u064a \u0639\u0644\u0649 \u0631\u0633\u0645 \u062e\u0631\u0627\u0626\u0637 \u0644\u0639\u0645\u0644\u064a\u0627\u062a \u0627\u0644\u0623\u0639\u0645\u0627\u0644 \u062a\u0644\u0642\u0627\u0626\u064a\u064b\u0627\u060c \u0648\u062a\u0648\u0641\u0631 \u0631\u0624\u064a\u0629 \u0643\u0627\u0645\u0644\u0629 \u0645\u0639 \u062a\u0648\u0635\u064a\u0627\u062a \u0644\u0644\u062a\u0648\u062d\u064a\u062f \u0627\u0644\u0642\u064a\u0627\u0633\u064a \u0648\u0627\u0644\u062a\u062d\u0633\u064a\u0646.<\/p>\t\t\t\t\t\t\t\t<\/div>\n\t\t\t\t<\/div>\n\t\t\t\t<\/div>\n\t\t\t\t<\/a>\n\t\t\t\t<\/div>\n\t\t\t\t\t<\/div>\n\t\t\t\t<\/div>\n\t\t<div class=\"elementor-element elementor-element-20d10a42 e-flex e-con-boxed e-con e-parent\" data-id=\"20d10a42\" data-element_type=\"container\" data-settings=\"{&quot;background_background&quot;:&quot;classic&quot;}\">\n\t\t\t\t\t<div class=\"e-con-inner\">\n\t\t<div class=\"elementor-element elementor-element-1b256166 e-con-full e-flex e-con e-child\" data-id=\"1b256166\" data-element_type=\"container\">\n\t\t\t\t<div class=\"elementor-element elementor-element-75b090d3 elementor-widget elementor-widget-heading\" data-id=\"75b090d3\" data-element_type=\"widget\" data-widget_type=\"heading.default\">\n\t\t\t\t<div class=\"elementor-widget-container\">\n\t\t\t\t\t<h3 class=\"elementor-heading-title elementor-size-default\">\u0643\u064a\u0641 \u064a\u0645\u0643\u0646\u0646\u0627 \u0645\u0633\u0627\u0639\u062f\u062a\u0643\u061f  <span style=\"color:#ffffff\"> <\/span> \u064a\u0633\u0627\u0639\u062f\u061f<\/h3>\t\t\t\t<\/div>\n\t\t\t\t<\/div>\n\t\t\t\t<div class=\"elementor-element elementor-element-7399aeb elementor-widget__width-initial elementor-widget elementor-widget-text-editor\" data-id=\"7399aeb\" data-element_type=\"widget\" data-widget_type=\"text-editor.default\">\n\t\t\t\t<div class=\"elementor-widget-container\">\n\t\t\t\t\t\t\t\t\t<p>\u064a\u0639\u062a\u0645\u062f \u0646\u0647\u062c\u0646\u0627 \u0641\u064a \u062a\u062d\u0644\u064a\u0644 \u0627\u0644\u0639\u0645\u0644\u064a\u0627\u062a \u0639\u0644\u0649 \u0627\u0633\u062a\u062e\u062f\u0627\u0645 \u0623\u062f\u0648\u0627\u062a \u0648\u0645\u0646\u0647\u062c\u064a\u0627\u062a \u0645\u062a\u0637\u0648\u0631\u0629 \u0644\u0643\u0634\u0641 \u0627\u0644\u062a\u062f\u0641\u0642\u0627\u062a \u0627\u0644\u0641\u0639\u0644\u064a\u0629 \u0644\u0639\u0645\u0644\u064a\u0627\u062a\u0643\u0645\u060c \u0648\u062a\u062d\u062f\u064a\u062f \u0627\u0644\u0627\u0646\u062d\u0631\u0627\u0641\u0627\u062a \u0648\u0641\u0631\u0635 \u0627\u0644\u062a\u062d\u0633\u064a\u0646. \u0645\u0639 Scout\u060c \u0646\u0633\u0627\u0639\u062f \u0627\u0644\u0645\u0624\u0633\u0633\u0627\u062a \u0639\u0644\u0649 \u062a\u0639\u0632\u064a\u0632 \u0627\u0644\u0634\u0641\u0627\u0641\u064a\u0629\u060c \u0648\u062a\u062d\u0633\u064a\u0646 \u0627\u0644\u0643\u0641\u0627\u0621\u0629\u060c \u0648\u0627\u0644\u062a\u062d\u0633\u064a\u0646 \u0627\u0644\u0645\u0633\u062a\u0645\u0631 \u0644\u0639\u0645\u0644\u064a\u0627\u062a\u0647\u0627.<\/p>\t\t\t\t\t\t\t\t<\/div>\n\t\t\t\t<\/div>\n\t\t\t\t<\/div>\n\t\t<div class=\"elementor-element elementor-element-30e971f0 e-con-full elementor-hidden-mobile e-flex e-con e-child\" data-id=\"30e971f0\" data-element_type=\"container\">\n\t\t\t\t<div class=\"elementor-element elementor-element-2dc2d52f elementor-widget elementor-widget-image\" data-id=\"2dc2d52f\" data-element_type=\"widget\" data-widget_type=\"image.default\">\n\t\t\t\t<div class=\"elementor-widget-container\">\n\t\t\t\t\t\t\t\t\t\t\t\t\t\t\t<img decoding=\"async\" width=\"341\" height=\"256\" src=\"https:\/\/www.simplify.rs\/wp-content\/uploads\/2025\/07\/strelica-ka-levo.png\" class=\"attachment-full size-full wp-image-12164\" alt=\"\" srcset=\"https:\/\/www.simplify.rs\/wp-content\/uploads\/2025\/07\/strelica-ka-levo.png 341w, https:\/\/www.simplify.rs\/wp-content\/uploads\/2025\/07\/strelica-ka-levo-300x225.png 300w, https:\/\/www.simplify.rs\/wp-content\/uploads\/2025\/07\/strelica-ka-levo-16x12.png 16w\" sizes=\"(max-width: 341px) 100vw, 341px\" title=\"\">\t\t\t\t\t\t\t\t\t\t\t\t\t\t\t<\/div>\n\t\t\t\t<\/div>\n\t\t\t\t<\/div>\n\t\t\t\t\t<\/div>\n\t\t\t\t<\/div>\n\t\t\t\t<\/div>","protected":false},"excerpt":{"rendered":"<p>Process Mining Process mining je klju\u010d za razumevanje i optimizaciju ovih slo\u017eenih operacija. Omogu\u0107ava o organizacijama da kroz analizu i vizualizaciju podataka iz IT sistema steknu jasnu, podatkovno zasnovanu sliku stvarnom izvr\u0161avanju procesa \u2013 identifikuju\u0107i uska grla, neefikasnosti i mogu\u0107nosti za unapre\u0111enje. Klju\u010dni element svake poslovne operacije Process mining donosi brojne koristi \u2013 unapre\u0111uje operativnu [&hellip;]<\/p>","protected":false},"author":3,"featured_media":0,"parent":18,"menu_order":0,"comment_status":"closed","ping_status":"closed","template":"elementor_header_footer","meta":{"footnotes":""},"class_list":["post-7203","page","type-page","status-publish","hentry"],"_links":{"self":[{"href":"https:\/\/www.simplify.rs\/ar\/wp-json\/wp\/v2\/pages\/7203","targetHints":{"allow":["GET"]}}],"collection":[{"href":"https:\/\/www.simplify.rs\/ar\/wp-json\/wp\/v2\/pages"}],"about":[{"href":"https:\/\/www.simplify.rs\/ar\/wp-json\/wp\/v2\/types\/page"}],"author":[{"embeddable":true,"href":"https:\/\/www.simplify.rs\/ar\/wp-json\/wp\/v2\/users\/3"}],"replies":[{"embeddable":true,"href":"https:\/\/www.simplify.rs\/ar\/wp-json\/wp\/v2\/comments?post=7203"}],"version-history":[{"count":4,"href":"https:\/\/www.simplify.rs\/ar\/wp-json\/wp\/v2\/pages\/7203\/revisions"}],"predecessor-version":[{"id":13891,"href":"https:\/\/www.simplify.rs\/ar\/wp-json\/wp\/v2\/pages\/7203\/revisions\/13891"}],"up":[{"embeddable":true,"href":"https:\/\/www.simplify.rs\/ar\/wp-json\/wp\/v2\/pages\/18"}],"wp:attachment":[{"href":"https:\/\/www.simplify.rs\/ar\/wp-json\/wp\/v2\/media?parent=7203"}],"curies":[{"name":"wp","href":"https:\/\/api.w.org\/{rel}","templated":true}]}}