{"id":10163,"date":"2025-01-22T14:22:56","date_gmt":"2025-01-22T14:22:56","guid":{"rendered":"https:\/\/www.simplify.rs\/?page_id=10163"},"modified":"2025-11-12T08:36:31","modified_gmt":"2025-11-12T08:36:31","slug":"business-process-management-solutions","status":"publish","type":"page","link":"https:\/\/www.simplify.rs\/de\/losung\/losungen-fur-das-geschaftsprozessmanagement\/","title":{"rendered":"L\u00f6sungen f\u00fcr das Gesch\u00e4ftsprozessmanagement"},"content":{"rendered":"<div data-elementor-type=\"wp-page\" data-elementor-id=\"10163\" class=\"elementor elementor-10163\" data-elementor-post-type=\"page\">\n\t\t\t\t<div class=\"elementor-element elementor-element-3ea0221e e-con-full e-flex e-con e-child\" data-id=\"3ea0221e\" data-element_type=\"container\" data-settings=\"{&quot;position&quot;:&quot;fixed&quot;,&quot;background_background&quot;:&quot;classic&quot;}\">\n\t\t\t\t<div class=\"elementor-element elementor-element-7a59b60 elementor-widget__width-auto elementor-view-default elementor-widget elementor-widget-icon\" data-id=\"7a59b60\" data-element_type=\"widget\" data-widget_type=\"icon.default\">\n\t\t\t\t<div class=\"elementor-widget-container\">\n\t\t\t\t\t\t\t<div class=\"elementor-icon-wrapper\">\n\t\t\t<a class=\"elementor-icon\" href=\"https:\/\/www.simplify.rs\/de\/kontakt\/#contact-btn\" target=\"_blank\" rel=\"noopener\">\n\t\t\t<svg xmlns=\"http:\/\/www.w3.org\/2000\/svg\" width=\"19\" height=\"19\" viewbox=\"0 0 19 19\" fill=\"none\"><path d=\"M9.07031 0.936523L17.5819 5.99037C17.728 6.09679 17.846 6.2282 17.9357 6.3846C18.0254 6.54101 18.0703 6.71089 18.0703 6.89422V17.1288C18.0703 17.5891 17.9161 17.9734 17.6078 18.2817C17.2995 18.5901 16.9152 18.7442 16.4549 18.7442H1.68569C1.22544 18.7442 0.841146 18.5901 0.532813 18.2817C0.224479 17.9734 0.0703125 17.5891 0.0703125 17.1288V6.89422C0.0703125 6.71089 0.115179 6.54101 0.204913 6.3846C0.294663 6.2282 0.412612 6.09679 0.558762 5.99037L9.07031 0.936523ZM9.07031 11.3942L16.8703 6.74422L9.07031 2.09422L1.27031 6.74422L9.07031 11.3942ZM9.07031 12.5519L1.07031 7.79037V17.1288C1.07031 17.3083 1.128 17.4558 1.24339 17.5711C1.35877 17.6865 1.5062 17.7442 1.68569 17.7442H16.4549C16.6344 17.7442 16.7819 17.6865 16.8972 17.5711C17.0126 17.4558 17.0703 17.3083 17.0703 17.1288V7.79037L9.07031 12.5519Z\" fill=\"white\"><\/path><\/svg>\t\t\t<\/a>\n\t\t<\/div>\n\t\t\t\t\t\t<\/div>\n\t\t\t\t<\/div>\n\t\t\t\t<\/div>\n\t\t<div class=\"elementor-element elementor-element-735c39dd e-con-full e-flex e-con e-child\" data-id=\"735c39dd\" data-element_type=\"container\" data-settings=\"{&quot;position&quot;:&quot;fixed&quot;,&quot;background_background&quot;:&quot;classic&quot;}\">\n\t\t\t\t<div class=\"elementor-element elementor-element-6d62d835 elementor-widget__width-auto elementor-view-default elementor-widget elementor-widget-icon\" data-id=\"6d62d835\" data-element_type=\"widget\" data-widget_type=\"icon.default\">\n\t\t\t\t<div class=\"elementor-widget-container\">\n\t\t\t\t\t\t\t<div class=\"elementor-icon-wrapper\">\n\t\t\t<a class=\"elementor-icon\" href=\"#elementor-action%3Aaction%3Dpopup%3Aopen%26settings%3DeyJpZCI6IjQzNzciLCJ0b2dnbGUiOmZhbHNlfQ%3D%3D\">\n\t\t\t<svg xmlns=\"http:\/\/www.w3.org\/2000\/svg\" width=\"18\" height=\"18\" viewbox=\"0 0 18 18\" fill=\"none\"><path d=\"M16.5549 17.3177L10.2933 11.0562C9.79333 11.4818 9.21833 11.8113 8.56833 12.0447C7.91833 12.278 7.26512 12.3947 6.6087 12.3947C5.00704 12.3947 3.6515 11.8402 2.54208 10.7314C1.43265 9.62261 0.87793 8.26781 0.87793 6.66701C0.87793 5.06621 1.43234 3.71036 2.54115 2.59946C3.64997 1.48856 5.00478 0.933105 6.60558 0.933105C8.2064 0.933105 9.56225 1.48781 10.6731 2.59723C11.784 3.70665 12.3395 5.0622 12.3395 6.66388C12.3395 7.35875 12.2164 8.03118 11.9703 8.68118C11.7241 9.33118 11.401 9.88696 11.001 10.3485L17.2626 16.61L16.5549 17.3177ZM6.6087 11.3947C7.93564 11.3947 9.05583 10.9379 9.96928 10.0245C10.8827 9.11099 11.3395 7.9908 11.3395 6.66388C11.3395 5.33696 10.8827 4.21677 9.96928 3.30331C9.05583 2.38984 7.93564 1.93311 6.6087 1.93311C5.28179 1.93311 4.1616 2.38984 3.24813 3.30331C2.33468 4.21677 1.87795 5.33696 1.87795 6.66388C1.87795 7.9908 2.33468 9.11099 3.24813 10.0245C4.1616 10.9379 5.28179 11.3947 6.6087 11.3947Z\" fill=\"white\"><\/path><\/svg>\t\t\t<\/a>\n\t\t<\/div>\n\t\t\t\t\t\t<\/div>\n\t\t\t\t<\/div>\n\t\t\t\t<\/div>\n\t\t<div class=\"elementor-element elementor-element-6b1518ce e-flex e-con-boxed e-con e-parent\" data-id=\"6b1518ce\" data-element_type=\"container\" data-settings=\"{&quot;background_background&quot;:&quot;video&quot;}\">\n\t\t\t\t\t<div class=\"e-con-inner\">\n\t\t<div class=\"elementor-element elementor-element-406c7492 e-con-full e-flex e-con e-child\" data-id=\"406c7492\" data-element_type=\"container\">\n\t\t\t\t<div class=\"elementor-element elementor-element-642cb280 elementor-widget__width-initial elementor-widget elementor-widget-heading\" data-id=\"642cb280\" data-element_type=\"widget\" data-widget_type=\"heading.default\">\n\t\t\t\t<div class=\"elementor-widget-container\">\n\t\t\t\t\t<h1 class=\"elementor-heading-title elementor-size-default\">Managementl\u00f6sung <br>Gesch\u00e4ft<span class=\"white\"> Prozesse<\/span>\n<\/h1>\t\t\t\t<\/div>\n\t\t\t\t<\/div>\n\t\t\t\t<div class=\"elementor-element elementor-element-46cbff27 elementor-widget__width-initial elementor-widget elementor-widget-text-editor\" data-id=\"46cbff27\" data-element_type=\"widget\" data-widget_type=\"text-editor.default\">\n\t\t\t\t<div class=\"elementor-widget-container\">\n\t\t\t\t\t\t\t\t\t<p>Steigern Sie die Effizienz und senken Sie die Kosten, indem Sie Gesch\u00e4ftsprozesse mit BPM-L\u00f6sungen von Camunda, Bizagi und ProcessMaker automatisieren.<\/p>\t\t\t\t\t\t\t\t<\/div>\n\t\t\t\t<\/div>\n\t\t\t\t<\/div>\n\t\t\t\t\t<\/div>\n\t\t\t\t<\/div>\n\t\t<div class=\"elementor-element elementor-element-10a904bb e-flex e-con-boxed e-con e-parent\" data-id=\"10a904bb\" data-element_type=\"container\" data-settings=\"{&quot;background_background&quot;:&quot;classic&quot;}\">\n\t\t\t\t\t<div class=\"e-con-inner\">\n\t\t<div class=\"elementor-element elementor-element-5acc8de4 e-con-full elementor-hidden-mobile e-flex e-con e-child\" data-id=\"5acc8de4\" data-element_type=\"container\">\n\t\t\t\t<div class=\"elementor-element elementor-element-73a6227 elementor-widget elementor-widget-image\" data-id=\"73a6227\" data-element_type=\"widget\" data-widget_type=\"image.default\">\n\t\t\t\t<div class=\"elementor-widget-container\">\n\t\t\t\t\t\t\t\t\t\t\t\t\t\t\t<img fetchpriority=\"high\" decoding=\"async\" width=\"341\" height=\"256\" src=\"https:\/\/www.simplify.rs\/wp-content\/uploads\/2025\/07\/strelica-ka-desno.png\" class=\"attachment-full size-full wp-image-12163\" alt=\"\" srcset=\"https:\/\/www.simplify.rs\/wp-content\/uploads\/2025\/07\/strelica-ka-desno.png 341w, https:\/\/www.simplify.rs\/wp-content\/uploads\/2025\/07\/strelica-ka-desno-300x225.png 300w, https:\/\/www.simplify.rs\/wp-content\/uploads\/2025\/07\/strelica-ka-desno-16x12.png 16w\" sizes=\"(max-width: 341px) 100vw, 341px\" title=\"\">\t\t\t\t\t\t\t\t\t\t\t\t\t\t\t<\/div>\n\t\t\t\t<\/div>\n\t\t\t\t<\/div>\n\t\t<div class=\"elementor-element elementor-element-867b823 e-con-full e-flex e-con e-child\" data-id=\"867b823\" data-element_type=\"container\">\n\t\t\t\t<div class=\"elementor-element elementor-element-1526586 elementor-widget elementor-widget-heading\" data-id=\"1526586\" data-element_type=\"widget\" data-widget_type=\"heading.default\">\n\t\t\t\t<div class=\"elementor-widget-container\">\n\t\t\t\t\t<h3 class=\"elementor-heading-title elementor-size-default\"> Optimieren Sie Ihr Gesch\u00e4ft<span style=\"color:#ffffff\"> Prozesse<\/span> <\/h3>\t\t\t\t<\/div>\n\t\t\t\t<\/div>\n\t\t\t\t<div class=\"elementor-element elementor-element-f2bc4ac elementor-widget__width-initial elementor-widget elementor-widget-text-editor\" data-id=\"f2bc4ac\" data-element_type=\"widget\" data-widget_type=\"text-editor.default\">\n\t\t\t\t<div class=\"elementor-widget-container\">\n\t\t\t\t\t\t\t\t\t<p>Business Process Management (BPM) steigert die Effizienz, senkt die Betriebskosten und beschleunigt die Entscheidungsfindung. Simplify liefert ma\u00dfgeschneiderte BPM-L\u00f6sungen auf Basis f\u00fchrender Plattformen wie Camunda, Bizagi und ProcessMaker zur Digitalisierung und Optimierung von Gesch\u00e4ftsabl\u00e4ufen.<\/p><p>Unsere L\u00f6sungen erm\u00f6glichen vollst\u00e4ndige Prozessautomatisierung, Echtzeit-Leistungs\u00fcberwachung und nahtlose Integration in bestehende Systeme. Ob Sie Genehmigungsabl\u00e4ufe optimieren, das Dokumentenmanagement verbessern oder komplexe Vorg\u00e4nge automatisieren m\u00f6chten \u2013 wir erstellen skalierbare BPM-L\u00f6sungen, die auf Ihre spezifischen Anforderungen zugeschnitten sind. Steigern Sie die Produktivit\u00e4t und verbessern Sie die Benutzererfahrung mit Simplify als Ihrem zuverl\u00e4ssigen BPM-Partner.<\/p>\t\t\t\t\t\t\t\t<\/div>\n\t\t\t\t<\/div>\n\t\t\t\t<\/div>\n\t\t\t\t\t<\/div>\n\t\t\t\t<\/div>\n\t\t<div class=\"elementor-element elementor-element-5c4b00b2 e-flex e-con-boxed e-con e-parent\" data-id=\"5c4b00b2\" data-element_type=\"container\">\n\t\t\t\t\t<div class=\"e-con-inner\">\n\t\t<div class=\"elementor-element elementor-element-22b91534 e-con-full e-flex e-con e-child\" data-id=\"22b91534\" data-element_type=\"container\">\n\t\t\t\t<div class=\"elementor-element elementor-element-49f063e4 elementor-widget elementor-widget-heading\" data-id=\"49f063e4\" data-element_type=\"widget\" data-widget_type=\"heading.default\">\n\t\t\t\t<div class=\"elementor-widget-container\">\n\t\t\t\t\t<h3 class=\"elementor-heading-title elementor-size-default\"><span style=\"color:#4585F2\"> BPM<\/span><br>L\u00f6sungen<\/h3>\t\t\t\t<\/div>\n\t\t\t\t<\/div>\n\t\t\t\t<\/div>\n\t\t<div class=\"elementor-element elementor-element-49b113d e-con-full e-flex e-con e-child\" data-id=\"49b113d\" data-element_type=\"container\">\n\t\t<a class=\"elementor-element elementor-element-882ec6b e-con-full e-flex e-con e-child\" data-id=\"882ec6b\" data-element_type=\"container\" href=\"https:\/\/www.simplify.rs\/de\/losung\/losungen-fur-das-geschaftsprozessmanagement\/satteltaschen\/\">\n\t\t<div class=\"elementor-element elementor-element-4ce57e10 e-con-full e-flex e-con e-child\" data-id=\"4ce57e10\" data-element_type=\"container\">\n\t\t\t\t<div class=\"elementor-element elementor-element-12f285df elementor-icon-list--layout-traditional elementor-list-item-link-full_width elementor-widget elementor-widget-icon-list\" data-id=\"12f285df\" data-element_type=\"widget\" data-widget_type=\"icon-list.default\">\n\t\t\t\t<div class=\"elementor-widget-container\">\n\t\t\t\t\t\t\t<ul class=\"elementor-icon-list-items\">\n\t\t\t\t\t\t\t<li class=\"elementor-icon-list-item\">\n\t\t\t\t\t\t\t\t\t\t\t<span class=\"elementor-icon-list-icon\">\n\t\t\t\t\t\t\t<i aria-hidden=\"true\" class=\"iconarrow-right icon-arrow-rightright-open-big\"><\/i>\t\t\t\t\t\t<\/span>\n\t\t\t\t\t\t\t\t\t\t<span class=\"elementor-icon-list-text\">Bizagi<\/span>\n\t\t\t\t\t\t\t\t\t<\/li>\n\t\t\t\t\t\t<\/ul>\n\t\t\t\t\t\t<\/div>\n\t\t\t\t<\/div>\n\t\t\t\t<\/div>\n\t\t<div class=\"elementor-element elementor-element-77dca4b6 e-con-full e-flex e-con e-child\" data-id=\"77dca4b6\" data-element_type=\"container\">\n\t\t\t\t<div class=\"elementor-element elementor-element-528fdae4 elementor-widget__width-initial elementor-widget elementor-widget-text-editor\" data-id=\"528fdae4\" data-element_type=\"widget\" data-widget_type=\"text-editor.default\">\n\t\t\t\t<div class=\"elementor-widget-container\">\n\t\t\t\t\t\t\t\t\t<p>Bizagi ist eine BPM-Plattform, die es Unternehmen erm\u00f6glicht, ihre Prozesse durch eine einfache und intuitive L\u00f6sung zu automatisieren, zu digitalisieren und zu optimieren.<\/p>\t\t\t\t\t\t\t\t<\/div>\n\t\t\t\t<\/div>\n\t\t\t\t<\/div>\n\t\t\t\t<\/a>\n\t\t<a class=\"elementor-element elementor-element-35b7c42 e-con-full e-flex e-con e-child\" data-id=\"35b7c42\" data-element_type=\"container\" href=\"https:\/\/www.simplify.rs\/de\/losung\/losungen-fur-das-geschaftsprozessmanagement\/camunda\/\">\n\t\t<div class=\"elementor-element elementor-element-50d4d21 e-con-full e-flex e-con e-child\" data-id=\"50d4d21\" data-element_type=\"container\">\n\t\t\t\t<div class=\"elementor-element elementor-element-6e1bfd7f elementor-icon-list--layout-traditional elementor-list-item-link-full_width elementor-widget elementor-widget-icon-list\" data-id=\"6e1bfd7f\" data-element_type=\"widget\" data-widget_type=\"icon-list.default\">\n\t\t\t\t<div class=\"elementor-widget-container\">\n\t\t\t\t\t\t\t<ul class=\"elementor-icon-list-items\">\n\t\t\t\t\t\t\t<li class=\"elementor-icon-list-item\">\n\t\t\t\t\t\t\t\t\t\t\t<span class=\"elementor-icon-list-icon\">\n\t\t\t\t\t\t\t<i aria-hidden=\"true\" class=\"iconarrow-right icon-arrow-rightright-open-big\"><\/i>\t\t\t\t\t\t<\/span>\n\t\t\t\t\t\t\t\t\t\t<span class=\"elementor-icon-list-text\">Camunda<\/span>\n\t\t\t\t\t\t\t\t\t<\/li>\n\t\t\t\t\t\t<\/ul>\n\t\t\t\t\t\t<\/div>\n\t\t\t\t<\/div>\n\t\t\t\t<\/div>\n\t\t<div class=\"elementor-element elementor-element-45cf5073 e-con-full e-flex e-con e-child\" data-id=\"45cf5073\" data-element_type=\"container\">\n\t\t\t\t<div class=\"elementor-element elementor-element-1c57865d elementor-widget__width-initial elementor-widget elementor-widget-text-editor\" data-id=\"1c57865d\" data-element_type=\"widget\" data-widget_type=\"text-editor.default\">\n\t\t\t\t<div class=\"elementor-widget-container\">\n\t\t\t\t\t\t\t\t\t<p>Camunda ist eine Open-Source-BPM-Plattform f\u00fcr Automatisierung und Prozessmanagement, die es Unternehmen erm\u00f6glicht, komplexe Prozesse effizient zu entwerfen, zu implementieren und zu optimieren.<\/p>\t\t\t\t\t\t\t\t<\/div>\n\t\t\t\t<\/div>\n\t\t\t\t<\/div>\n\t\t\t\t<\/a>\n\t\t<a class=\"elementor-element elementor-element-463180d7 e-con-full e-flex e-con e-child\" data-id=\"463180d7\" data-element_type=\"container\" href=\"https:\/\/www.simplify.rs\/de\/losung\/losungen-fur-das-geschaftsprozessmanagement\/prozessmacher\/\">\n\t\t<div class=\"elementor-element elementor-element-b972b42 e-con-full e-flex e-con e-child\" data-id=\"b972b42\" data-element_type=\"container\">\n\t\t\t\t<div class=\"elementor-element elementor-element-7ab3699a elementor-icon-list--layout-traditional elementor-list-item-link-full_width elementor-widget elementor-widget-icon-list\" data-id=\"7ab3699a\" data-element_type=\"widget\" data-widget_type=\"icon-list.default\">\n\t\t\t\t<div class=\"elementor-widget-container\">\n\t\t\t\t\t\t\t<ul class=\"elementor-icon-list-items\">\n\t\t\t\t\t\t\t<li class=\"elementor-icon-list-item\">\n\t\t\t\t\t\t\t\t\t\t\t<span class=\"elementor-icon-list-icon\">\n\t\t\t\t\t\t\t<i aria-hidden=\"true\" class=\"iconarrow-right icon-arrow-rightright-open-big\"><\/i>\t\t\t\t\t\t<\/span>\n\t\t\t\t\t\t\t\t\t\t<span class=\"elementor-icon-list-text\">ProcessMaker <\/span>\n\t\t\t\t\t\t\t\t\t<\/li>\n\t\t\t\t\t\t<\/ul>\n\t\t\t\t\t\t<\/div>\n\t\t\t\t<\/div>\n\t\t\t\t<\/div>\n\t\t<div class=\"elementor-element elementor-element-54ecfdcb e-con-full e-flex e-con e-child\" data-id=\"54ecfdcb\" data-element_type=\"container\">\n\t\t\t\t<div class=\"elementor-element elementor-element-59bc7b71 elementor-widget__width-initial elementor-widget elementor-widget-text-editor\" data-id=\"59bc7b71\" data-element_type=\"widget\" data-widget_type=\"text-editor.default\">\n\t\t\t\t<div class=\"elementor-widget-container\">\n\t\t\t\t\t\t\t\t\t<p>ProcessMaker ist eine BPM-Plattform, die es Unternehmen erm\u00f6glicht, Arbeitsabl\u00e4ufe zu optimieren, Aufgaben zu automatisieren und die betriebliche Effizienz zu verbessern<\/p>\t\t\t\t\t\t\t\t<\/div>\n\t\t\t\t<\/div>\n\t\t\t\t<\/div>\n\t\t\t\t<\/a>\n\t\t\t\t<\/div>\n\t\t\t\t\t<\/div>\n\t\t\t\t<\/div>\n\t\t<div class=\"elementor-element elementor-element-519bcdbe e-flex e-con-boxed e-con e-parent\" data-id=\"519bcdbe\" data-element_type=\"container\" data-settings=\"{&quot;background_background&quot;:&quot;classic&quot;}\">\n\t\t\t\t\t<div class=\"e-con-inner\">\n\t\t<div class=\"elementor-element elementor-element-12ebc5f4 e-con-full e-flex e-con e-child\" data-id=\"12ebc5f4\" data-element_type=\"container\">\n\t\t\t\t<div class=\"elementor-element elementor-element-7c128778 elementor-widget elementor-widget-heading\" data-id=\"7c128778\" data-element_type=\"widget\" data-widget_type=\"heading.default\">\n\t\t\t\t<div class=\"elementor-widget-container\">\n\t\t\t\t\t<h3 class=\"elementor-heading-title elementor-size-default\">Wie k\u00f6nnen wir helfen?<\/h3>\t\t\t\t<\/div>\n\t\t\t\t<\/div>\n\t\t\t\t<div class=\"elementor-element elementor-element-4ee7778 elementor-widget__width-initial elementor-widget elementor-widget-text-editor\" data-id=\"4ee7778\" data-element_type=\"widget\" data-widget_type=\"text-editor.default\">\n\t\t\t\t<div class=\"elementor-widget-container\">\n\t\t\t\t\t\t\t\t\t<p>Simplify unterst\u00fctzt Sie bei der Analyse, Optimierung und Automatisierung von Gesch\u00e4ftsprozessen mit BPM-L\u00f6sungen auf Basis der Plattformen Camunda, Bizagi und ProcessMaker. Unser Expertenteam identifiziert zun\u00e4chst verbesserungsf\u00e4hige Prozesse und erstellt anschlie\u00dfend eine auf Ihre Unternehmensziele zugeschnittene Digitalisierungs- und Automatisierungsstrategie. Durch die Implementierung intelligenter BPM-L\u00f6sungen erm\u00f6glichen wir Ihnen, manuelle Arbeit zu reduzieren, die Effizienz zu steigern und die Konsistenz bei der Aufgabenausf\u00fchrung sicherzustellen. Nach der Implementierung bieten wir kontinuierliche Betreuung und Optimierung und gew\u00e4hrleisten so die langfristige Stabilit\u00e4t und Anpassungsf\u00e4higkeit Ihrer Gesch\u00e4ftsprozesse an die wachsenden Marktanforderungen.<\/p>\t\t\t\t\t\t\t\t<\/div>\n\t\t\t\t<\/div>\n\t\t\t\t<\/div>\n\t\t<div class=\"elementor-element elementor-element-a9465f3 e-con-full elementor-hidden-mobile e-flex e-con e-child\" data-id=\"a9465f3\" data-element_type=\"container\">\n\t\t\t\t<div class=\"elementor-element elementor-element-5f5ad9b elementor-widget elementor-widget-image\" data-id=\"5f5ad9b\" data-element_type=\"widget\" data-widget_type=\"image.default\">\n\t\t\t\t<div class=\"elementor-widget-container\">\n\t\t\t\t\t\t\t\t\t\t\t\t\t\t\t<img decoding=\"async\" width=\"341\" height=\"256\" src=\"https:\/\/www.simplify.rs\/wp-content\/uploads\/2025\/07\/strelica-ka-levo.png\" class=\"attachment-full size-full wp-image-12164\" alt=\"\" srcset=\"https:\/\/www.simplify.rs\/wp-content\/uploads\/2025\/07\/strelica-ka-levo.png 341w, https:\/\/www.simplify.rs\/wp-content\/uploads\/2025\/07\/strelica-ka-levo-300x225.png 300w, https:\/\/www.simplify.rs\/wp-content\/uploads\/2025\/07\/strelica-ka-levo-16x12.png 16w\" sizes=\"(max-width: 341px) 100vw, 341px\" title=\"\">\t\t\t\t\t\t\t\t\t\t\t\t\t\t\t<\/div>\n\t\t\t\t<\/div>\n\t\t\t\t<\/div>\n\t\t\t\t\t<\/div>\n\t\t\t\t<\/div>\n\t\t\t\t<\/div>","protected":false},"excerpt":{"rendered":"<p>Business Process Management-L\u00f6sung Steigern Sie die Effizienz und senken Sie Kosten durch die Automatisierung von Gesch\u00e4ftsprozessen mit BPM-L\u00f6sungen von Camunda, Bizagi und ProcessMaker. Gesch\u00e4ftsprozesse optimieren Business Process Management (BPM) steigert die Effizienz, senkt die Betriebskosten und beschleunigt die Entscheidungsfindung. Simplify liefert ma\u00dfgeschneiderte BPM-L\u00f6sungen auf Basis f\u00fchrender Plattformen wie Camunda, Bizagi und ProcessMaker f\u00fcr die Digitalisierung und [\u2026]<\/p>","protected":false},"author":5,"featured_media":0,"parent":18,"menu_order":0,"comment_status":"closed","ping_status":"closed","template":"elementor_header_footer","meta":{"footnotes":""},"class_list":["post-10163","page","type-page","status-publish","hentry"],"_links":{"self":[{"href":"https:\/\/www.simplify.rs\/de\/wp-json\/wp\/v2\/pages\/10163","targetHints":{"allow":["GET"]}}],"collection":[{"href":"https:\/\/www.simplify.rs\/de\/wp-json\/wp\/v2\/pages"}],"about":[{"href":"https:\/\/www.simplify.rs\/de\/wp-json\/wp\/v2\/types\/page"}],"author":[{"embeddable":true,"href":"https:\/\/www.simplify.rs\/de\/wp-json\/wp\/v2\/users\/5"}],"replies":[{"embeddable":true,"href":"https:\/\/www.simplify.rs\/de\/wp-json\/wp\/v2\/comments?post=10163"}],"version-history":[{"count":5,"href":"https:\/\/www.simplify.rs\/de\/wp-json\/wp\/v2\/pages\/10163\/revisions"}],"predecessor-version":[{"id":13885,"href":"https:\/\/www.simplify.rs\/de\/wp-json\/wp\/v2\/pages\/10163\/revisions\/13885"}],"up":[{"embeddable":true,"href":"https:\/\/www.simplify.rs\/de\/wp-json\/wp\/v2\/pages\/18"}],"wp:attachment":[{"href":"https:\/\/www.simplify.rs\/de\/wp-json\/wp\/v2\/media?parent=10163"}],"curies":[{"name":"wp","href":"https:\/\/api.w.org\/{rel}","templated":true}]}}