{"id":4542,"date":"2024-10-17T09:03:36","date_gmt":"2024-10-17T09:03:36","guid":{"rendered":"https:\/\/simplify.rs\/?page_id=4542"},"modified":"2024-11-19T17:10:33","modified_gmt":"2024-11-19T17:10:33","slug":"lean-six-sigma","status":"publish","type":"page","link":"https:\/\/www.simplify.rs\/de\/ausbildung\/lean-six-sigma\/","title":{"rendered":"Lean Six Sigma"},"content":{"rendered":"<div data-elementor-type=\"wp-page\" data-elementor-id=\"4542\" class=\"elementor elementor-4542\" data-elementor-post-type=\"page\">\n\t\t\t\t<div class=\"elementor-element elementor-element-334bcba6 e-flex e-con-boxed e-con e-parent\" data-id=\"334bcba6\" data-element_type=\"container\" data-settings=\"{&quot;background_background&quot;:&quot;classic&quot;}\">\n\t\t\t\t\t<div class=\"e-con-inner\">\n\t\t\t\t<div class=\"elementor-element elementor-element-29d4b65d elementor-widget elementor-widget-heading\" data-id=\"29d4b65d\" data-element_type=\"widget\" data-widget_type=\"heading.default\">\n\t\t\t\t<div class=\"elementor-widget-container\">\n\t\t\t\t\t<h2 class=\"elementor-heading-title elementor-size-default\">Lean Six Sigma-Schulung<\/h2>\t\t\t\t<\/div>\n\t\t\t\t<\/div>\n\t\t\t\t<div class=\"elementor-element elementor-element-6987b33c elementor-widget__width-initial elementor-widget-tablet__width-initial elementor-widget elementor-widget-heading\" data-id=\"6987b33c\" data-element_type=\"widget\" data-widget_type=\"heading.default\">\n\t\t\t\t<div class=\"elementor-widget-container\">\n\t\t\t\t\t<p class=\"elementor-heading-title elementor-size-default\">Die Lean Six Sigma-Schulung vermittelt den Teilnehmern das Wissen und die Werkzeuge, um Prozessverbesserungsinitiativen zu leiten und organisatorische Exzellenz voranzutreiben. Anhand eines strukturierten Lehrplans erlernen die Teilnehmer die Prinzipien und Methoden von Lean Six Sigma, einschlie\u00dflich DMAIC (Define, Measure, Analyze, Improve, Control) und Werkzeuge wie Prozessmapping, Ursachenanalyse und statistische Analyse. Die Schulung vermittelt praktische Einblicke in die Identifizierung von Ineffizienzen, die Reduzierung von Verschwendung sowie die Steigerung von Prozesseffizienz und -effektivit\u00e4t. Die Teilnehmer sammeln praktische Erfahrung in der Anwendung von Lean Six Sigma-Konzepten in realen Projekten und k\u00f6nnen so messbare Ergebnisse und konkrete Gesch\u00e4ftserfolge erzielen. Als zertifizierte Lean Six Sigma-Praktiker tragen Sie zu einer Kultur der kontinuierlichen Verbesserung bei, f\u00f6rdern Innovationen und schaffen Mehrwert f\u00fcr Kunden und Stakeholder.<\/p>\t\t\t\t<\/div>\n\t\t\t\t<\/div>\n\t\t<div class=\"elementor-element elementor-element-2efd117d e-con-full e-flex e-con e-child\" data-id=\"2efd117d\" data-element_type=\"container\" data-settings=\"{&quot;position&quot;:&quot;fixed&quot;,&quot;background_background&quot;:&quot;classic&quot;}\">\n\t\t\t\t<div class=\"elementor-element elementor-element-6f51452b elementor-widget__width-auto elementor-view-default elementor-widget elementor-widget-icon\" data-id=\"6f51452b\" data-element_type=\"widget\" data-widget_type=\"icon.default\">\n\t\t\t\t<div class=\"elementor-widget-container\">\n\t\t\t\t\t\t\t<div class=\"elementor-icon-wrapper\">\n\t\t\t<a class=\"elementor-icon\" href=\"https:\/\/www.simplify.rs\/de\/kontakt\/#contact-btn\" target=\"_blank\" rel=\"noopener\">\n\t\t\t<svg xmlns=\"http:\/\/www.w3.org\/2000\/svg\" width=\"19\" height=\"19\" viewbox=\"0 0 19 19\" fill=\"none\"><path d=\"M9.07031 0.936523L17.5819 5.99037C17.728 6.09679 17.846 6.2282 17.9357 6.3846C18.0254 6.54101 18.0703 6.71089 18.0703 6.89422V17.1288C18.0703 17.5891 17.9161 17.9734 17.6078 18.2817C17.2995 18.5901 16.9152 18.7442 16.4549 18.7442H1.68569C1.22544 18.7442 0.841146 18.5901 0.532813 18.2817C0.224479 17.9734 0.0703125 17.5891 0.0703125 17.1288V6.89422C0.0703125 6.71089 0.115179 6.54101 0.204913 6.3846C0.294663 6.2282 0.412612 6.09679 0.558762 5.99037L9.07031 0.936523ZM9.07031 11.3942L16.8703 6.74422L9.07031 2.09422L1.27031 6.74422L9.07031 11.3942ZM9.07031 12.5519L1.07031 7.79037V17.1288C1.07031 17.3083 1.128 17.4558 1.24339 17.5711C1.35877 17.6865 1.5062 17.7442 1.68569 17.7442H16.4549C16.6344 17.7442 16.7819 17.6865 16.8972 17.5711C17.0126 17.4558 17.0703 17.3083 17.0703 17.1288V7.79037L9.07031 12.5519Z\" fill=\"white\"><\/path><\/svg>\t\t\t<\/a>\n\t\t<\/div>\n\t\t\t\t\t\t<\/div>\n\t\t\t\t<\/div>\n\t\t\t\t<\/div>\n\t\t<div class=\"elementor-element elementor-element-4d998ce2 e-con-full e-flex e-con e-child\" data-id=\"4d998ce2\" data-element_type=\"container\" data-settings=\"{&quot;position&quot;:&quot;fixed&quot;,&quot;background_background&quot;:&quot;classic&quot;}\">\n\t\t\t\t<div class=\"elementor-element elementor-element-25e47faf elementor-widget__width-auto elementor-view-default elementor-widget elementor-widget-icon\" data-id=\"25e47faf\" data-element_type=\"widget\" data-widget_type=\"icon.default\">\n\t\t\t\t<div class=\"elementor-widget-container\">\n\t\t\t\t\t\t\t<div class=\"elementor-icon-wrapper\">\n\t\t\t<a class=\"elementor-icon\" href=\"#elementor-action%3Aaction%3Dpopup%3Aopen%26settings%3DeyJpZCI6IjQzNzciLCJ0b2dnbGUiOmZhbHNlfQ%3D%3D\">\n\t\t\t<svg xmlns=\"http:\/\/www.w3.org\/2000\/svg\" width=\"18\" height=\"18\" viewbox=\"0 0 18 18\" fill=\"none\"><path d=\"M16.5549 17.3177L10.2933 11.0562C9.79333 11.4818 9.21833 11.8113 8.56833 12.0447C7.91833 12.278 7.26512 12.3947 6.6087 12.3947C5.00704 12.3947 3.6515 11.8402 2.54208 10.7314C1.43265 9.62261 0.87793 8.26781 0.87793 6.66701C0.87793 5.06621 1.43234 3.71036 2.54115 2.59946C3.64997 1.48856 5.00478 0.933105 6.60558 0.933105C8.2064 0.933105 9.56225 1.48781 10.6731 2.59723C11.784 3.70665 12.3395 5.0622 12.3395 6.66388C12.3395 7.35875 12.2164 8.03118 11.9703 8.68118C11.7241 9.33118 11.401 9.88696 11.001 10.3485L17.2626 16.61L16.5549 17.3177ZM6.6087 11.3947C7.93564 11.3947 9.05583 10.9379 9.96928 10.0245C10.8827 9.11099 11.3395 7.9908 11.3395 6.66388C11.3395 5.33696 10.8827 4.21677 9.96928 3.30331C9.05583 2.38984 7.93564 1.93311 6.6087 1.93311C5.28179 1.93311 4.1616 2.38984 3.24813 3.30331C2.33468 4.21677 1.87795 5.33696 1.87795 6.66388C1.87795 7.9908 2.33468 9.11099 3.24813 10.0245C4.1616 10.9379 5.28179 11.3947 6.6087 11.3947Z\" fill=\"white\"><\/path><\/svg>\t\t\t<\/a>\n\t\t<\/div>\n\t\t\t\t\t\t<\/div>\n\t\t\t\t<\/div>\n\t\t\t\t<\/div>\n\t\t\t\t\t<\/div>\n\t\t\t\t<\/div>\n\t\t<div class=\"elementor-element elementor-element-39493e28 e-flex e-con-boxed e-con e-parent\" data-id=\"39493e28\" data-element_type=\"container\">\n\t\t\t\t\t<div class=\"e-con-inner\">\n\t\t<div class=\"elementor-element elementor-element-76404d15 e-con-full e-flex e-con e-child\" data-id=\"76404d15\" data-element_type=\"container\">\n\t\t\t\t<div class=\"elementor-element elementor-element-60485f elementor-align-left elementor-widget__width-auto elementor-widget elementor-widget-button\" data-id=\"60485f\" data-element_type=\"widget\" data-widget_type=\"button.default\">\n\t\t\t\t<div class=\"elementor-widget-container\">\n\t\t\t\t\t\t\t\t\t<div class=\"elementor-button-wrapper\">\n\t\t\t\t\t<a class=\"elementor-button elementor-size-sm\" role=\"button\">\n\t\t\t\t\t\t<span class=\"elementor-button-content-wrapper\">\n\t\t\t\t\t\t<span class=\"elementor-button-icon\">\n\t\t\t\t<svg xmlns=\"http:\/\/www.w3.org\/2000\/svg\" width=\"undefined\" height=\"undefined\" viewbox=\"0 0 24 24\"><path fill=\"none\" stroke=\"currentColor\" stroke-linecap=\"round\" stroke-linejoin=\"round\" stroke-width=\"1.5\" d=\"m12 18l6-6l-6-6M6 18l6-6l-6-6\"><\/path><\/svg>\t\t\t<\/span>\n\t\t\t\t\t\t\t\t\t<span class=\"elementor-button-text\">Was bieten wir?<\/span>\n\t\t\t\t\t<\/span>\n\t\t\t\t\t<\/a>\n\t\t\t\t<\/div>\n\t\t\t\t\t\t\t\t<\/div>\n\t\t\t\t<\/div>\n\t\t\t\t<div class=\"elementor-element elementor-element-52cb91e5 elementor-widget elementor-widget-text-editor\" data-id=\"52cb91e5\" data-element_type=\"widget\" data-widget_type=\"text-editor.default\">\n\t\t\t\t<div class=\"elementor-widget-container\">\n\t\t\t\t\t\t\t\t\t<ul><li><div class=\"uui-text-size-medium-10\">Umfassendes Verst\u00e4ndnis der Prinzipien, Methoden und Tools von Lean Six Sigma<\/div><\/li><li><div class=\"uui-text-size-medium-10\">Kenntnisse der DMAIC-Frameworks (Define, Measure, Analyze, Improve, Control) und DMADV (Define, Measure, Analyze, Design, Verify)<\/div><\/li><li><div class=\"uui-text-size-medium-10\">Kenntnisse in der Anwendung von Lean-Konzepten wie Wertstromanalyse, 5S, Kaizen und Just-in-Time-Produktion (JIT)<\/div><\/li><li><div class=\"uui-text-size-medium-10\">F\u00e4higkeiten zur Identifizierung und Beseitigung von Verschwendung, M\u00e4ngeln und Abweichungen in Prozessen zur Verbesserung von Effizienz und Qualit\u00e4t<\/div><\/li><li><div class=\"uui-text-size-medium-10\">F\u00e4higkeit, Lean Six Sigma-Projekte zu leiten oder daran teilzunehmen, um Prozessverbesserungen und Kosteneinsparungen zu erzielen<\/div><\/li><li><div class=\"uui-text-size-medium-10\">F\u00e4higkeit, statistische Analysetools und -techniken zu verwenden, um Daten zu analysieren und datengesteuerte Entscheidungen zu treffen<\/div><\/li><li><div class=\"uui-text-size-medium-10\">Verst\u00e4ndnis der Grunds\u00e4tze des \u00c4nderungsmanagements, um nachhaltige Verbesserungen und organisatorische Akzeptanz sicherzustellen<\/div><\/li><li><div class=\"uui-text-size-medium-10\">Verbesserte Probleml\u00f6sungs- und Entscheidungskompetenzen zur Bew\u00e4ltigung komplexer gesch\u00e4ftlicher Herausforderungen<\/div><\/li><\/ul>\t\t\t\t\t\t\t\t<\/div>\n\t\t\t\t<\/div>\n\t\t\t\t<\/div>\n\t\t<div class=\"elementor-element elementor-element-57e0cb9 e-con-full e-flex e-con e-child\" data-id=\"57e0cb9\" data-element_type=\"container\">\n\t\t\t\t<div class=\"elementor-element elementor-element-4f5bbd60 elementor-align-left elementor-widget__width-auto elementor-widget elementor-widget-button\" data-id=\"4f5bbd60\" data-element_type=\"widget\" data-widget_type=\"button.default\">\n\t\t\t\t<div class=\"elementor-widget-container\">\n\t\t\t\t\t\t\t\t\t<div class=\"elementor-button-wrapper\">\n\t\t\t\t\t<a class=\"elementor-button elementor-size-sm\" role=\"button\">\n\t\t\t\t\t\t<span class=\"elementor-button-content-wrapper\">\n\t\t\t\t\t\t<span class=\"elementor-button-icon\">\n\t\t\t\t<svg xmlns=\"http:\/\/www.w3.org\/2000\/svg\" width=\"undefined\" height=\"undefined\" viewbox=\"0 0 24 24\"><path fill=\"none\" stroke=\"currentColor\" stroke-linecap=\"round\" stroke-linejoin=\"round\" stroke-width=\"1.5\" d=\"m12 18l6-6l-6-6M6 18l6-6l-6-6\"><\/path><\/svg>\t\t\t<\/span>\n\t\t\t\t\t\t\t\t\t<span class=\"elementor-button-text\">Programm<\/span>\n\t\t\t\t\t<\/span>\n\t\t\t\t\t<\/a>\n\t\t\t\t<\/div>\n\t\t\t\t\t\t\t\t<\/div>\n\t\t\t\t<\/div>\n\t\t\t\t<div class=\"elementor-element elementor-element-409647d0 elementor-widget elementor-widget-text-editor\" data-id=\"409647d0\" data-element_type=\"widget\" data-widget_type=\"text-editor.default\">\n\t\t\t\t<div class=\"elementor-widget-container\">\n\t\t\t\t\t\t\t\t\t<ul><li><div class=\"uui-text-size-medium-10\">Lean Six Sigma, YB (Gelber G\u00fcrtel)<\/div><\/li><li><div class=\"uui-text-size-medium-10\">Lean Six Sigma, GB (Gr\u00fcner G\u00fcrtel)<\/div><\/li><li><div class=\"uui-text-size-medium-10\">Lean Six Sigma, BB (Schwarzer G\u00fcrtel)<\/div><\/li><li><div class=\"uui-text-size-medium-10\">Lean-Denken<\/div><\/li><li><div class=\"uui-text-size-medium-10\">Lean-Experte<\/div><\/li><\/ul>\t\t\t\t\t\t\t\t<\/div>\n\t\t\t\t<\/div>\n\t\t\t\t<\/div>\n\t\t\t\t\t<\/div>\n\t\t\t\t<\/div>\n\t\t<div class=\"elementor-element elementor-element-80fc2b0 e-flex e-con-boxed e-con e-parent\" data-id=\"80fc2b0\" data-element_type=\"container\">\n\t\t\t\t\t<div class=\"e-con-inner\">\n\t\t\t\t<div class=\"elementor-element elementor-element-4a936a6 elementor-align-left elementor-widget__width-auto elementor-widget elementor-widget-button\" data-id=\"4a936a6\" data-element_type=\"widget\" data-widget_type=\"button.default\">\n\t\t\t\t<div class=\"elementor-widget-container\">\n\t\t\t\t\t\t\t\t\t<div class=\"elementor-button-wrapper\">\n\t\t\t\t\t<a class=\"elementor-button elementor-size-sm\" role=\"button\">\n\t\t\t\t\t\t<span class=\"elementor-button-content-wrapper\">\n\t\t\t\t\t\t<span class=\"elementor-button-icon\">\n\t\t\t\t<svg xmlns=\"http:\/\/www.w3.org\/2000\/svg\" width=\"undefined\" height=\"undefined\" viewbox=\"0 0 24 24\"><path fill=\"none\" stroke=\"currentColor\" stroke-linecap=\"round\" stroke-linejoin=\"round\" stroke-width=\"1.5\" d=\"m12 18l6-6l-6-6M6 18l6-6l-6-6\"><\/path><\/svg>\t\t\t<\/span>\n\t\t\t\t\t\t\t\t\t<span class=\"elementor-button-text\">Details<\/span>\n\t\t\t\t\t<\/span>\n\t\t\t\t\t<\/a>\n\t\t\t\t<\/div>\n\t\t\t\t\t\t\t\t<\/div>\n\t\t\t\t<\/div>\n\t\t<div class=\"elementor-element elementor-element-98c47ca e-con-full e-flex e-con e-child\" data-id=\"98c47ca\" data-element_type=\"container\">\n\t\t<div class=\"elementor-element elementor-element-5e0a811 e-con-full e-flex e-con e-child\" data-id=\"5e0a811\" data-element_type=\"container\">\n\t\t\t\t<div class=\"elementor-element elementor-element-0c279b9 elementor-widget elementor-widget-heading\" data-id=\"0c279b9\" data-element_type=\"widget\" data-widget_type=\"heading.default\">\n\t\t\t\t<div class=\"elementor-widget-container\">\n\t\t\t\t\t<h2 class=\"elementor-heading-title elementor-size-default\">Teilnehmerzahl:<\/h2>\t\t\t\t<\/div>\n\t\t\t\t<\/div>\n\t\t\t\t<div class=\"elementor-element elementor-element-f9891d5 elementor-widget elementor-widget-heading\" data-id=\"f9891d5\" data-element_type=\"widget\" data-widget_type=\"heading.default\">\n\t\t\t\t<div class=\"elementor-widget-container\">\n\t\t\t\t\t<p class=\"elementor-heading-title elementor-size-default\">BIS ZU 20<\/p>\t\t\t\t<\/div>\n\t\t\t\t<\/div>\n\t\t\t\t<div class=\"elementor-element elementor-element-8e787ef elementor-widget elementor-widget-spacer\" data-id=\"8e787ef\" data-element_type=\"widget\" data-widget_type=\"spacer.default\">\n\t\t\t\t<div class=\"elementor-widget-container\">\n\t\t\t\t\t\t\t<div class=\"elementor-spacer\">\n\t\t\t<div class=\"elementor-spacer-inner\"><\/div>\n\t\t<\/div>\n\t\t\t\t\t\t<\/div>\n\t\t\t\t<\/div>\n\t\t\t\t<\/div>\n\t\t<div class=\"elementor-element elementor-element-d642254 e-con-full e-flex e-con e-child\" data-id=\"d642254\" data-element_type=\"container\">\n\t\t\t\t<div class=\"elementor-element elementor-element-bc662bc elementor-widget elementor-widget-heading\" data-id=\"bc662bc\" data-element_type=\"widget\" data-widget_type=\"heading.default\">\n\t\t\t\t<div class=\"elementor-widget-container\">\n\t\t\t\t\t<h2 class=\"elementor-heading-title elementor-size-default\">STANDORT:<\/h2>\t\t\t\t<\/div>\n\t\t\t\t<\/div>\n\t\t\t\t<div class=\"elementor-element elementor-element-60b4321 elementor-widget elementor-widget-heading\" data-id=\"60b4321\" data-element_type=\"widget\" data-widget_type=\"heading.default\">\n\t\t\t\t<div class=\"elementor-widget-container\">\n\t\t\t\t\t<p class=\"elementor-heading-title elementor-size-default\">VOR ORT \/ ONLINE<\/p>\t\t\t\t<\/div>\n\t\t\t\t<\/div>\n\t\t\t\t<\/div>\n\t\t<div class=\"elementor-element elementor-element-41984f3 e-con-full e-flex e-con e-child\" data-id=\"41984f3\" data-element_type=\"container\">\n\t\t\t\t<div class=\"elementor-element elementor-element-a013ff0 elementor-widget elementor-widget-heading\" data-id=\"a013ff0\" data-element_type=\"widget\" data-widget_type=\"heading.default\">\n\t\t\t\t<div class=\"elementor-widget-container\">\n\t\t\t\t\t<h2 class=\"elementor-heading-title elementor-size-default\">DAUER:<\/h2>\t\t\t\t<\/div>\n\t\t\t\t<\/div>\n\t\t\t\t<div class=\"elementor-element elementor-element-c413204 elementor-widget elementor-widget-heading\" data-id=\"c413204\" data-element_type=\"widget\" data-widget_type=\"heading.default\">\n\t\t\t\t<div class=\"elementor-widget-container\">\n\t\t\t\t\t<p class=\"elementor-heading-title elementor-size-default\">1-2 Tage<\/p>\t\t\t\t<\/div>\n\t\t\t\t<\/div>\n\t\t\t\t<\/div>\n\t\t\t\t<\/div>\n\t\t\t\t\t<\/div>\n\t\t\t\t<\/div>\n\t\t\t\t<\/div>","protected":false},"excerpt":{"rendered":"<p>Lean Six Sigma-Schulung: Die Lean Six Sigma-Schulung vermittelt den Teilnehmern das Wissen und die Werkzeuge, um Prozessverbesserungsinitiativen zu leiten und organisatorische Exzellenz voranzutreiben. Durch einen strukturierten Lehrplan erlernen die Teilnehmer die Prinzipien und Methoden von Lean Six Sigma, einschlie\u00dflich DMAIC (Define, Measure, Analyze, Improve, Control) und Tools wie Prozessabbildung, Ursachenanalyse und [\u2026]<\/p>","protected":false},"author":3,"featured_media":0,"parent":26,"menu_order":0,"comment_status":"closed","ping_status":"closed","template":"elementor_header_footer","meta":{"footnotes":""},"class_list":["post-4542","page","type-page","status-publish","hentry"],"_links":{"self":[{"href":"https:\/\/www.simplify.rs\/de\/wp-json\/wp\/v2\/pages\/4542","targetHints":{"allow":["GET"]}}],"collection":[{"href":"https:\/\/www.simplify.rs\/de\/wp-json\/wp\/v2\/pages"}],"about":[{"href":"https:\/\/www.simplify.rs\/de\/wp-json\/wp\/v2\/types\/page"}],"author":[{"embeddable":true,"href":"https:\/\/www.simplify.rs\/de\/wp-json\/wp\/v2\/users\/3"}],"replies":[{"embeddable":true,"href":"https:\/\/www.simplify.rs\/de\/wp-json\/wp\/v2\/comments?post=4542"}],"version-history":[{"count":0,"href":"https:\/\/www.simplify.rs\/de\/wp-json\/wp\/v2\/pages\/4542\/revisions"}],"up":[{"embeddable":true,"href":"https:\/\/www.simplify.rs\/de\/wp-json\/wp\/v2\/pages\/26"}],"wp:attachment":[{"href":"https:\/\/www.simplify.rs\/de\/wp-json\/wp\/v2\/media?parent=4542"}],"curies":[{"name":"wp","href":"https:\/\/api.w.org\/{rel}","templated":true}]}}