{"id":4570,"date":"2024-10-17T17:10:11","date_gmt":"2024-10-17T17:10:11","guid":{"rendered":"https:\/\/simplify.rs\/?page_id=4570"},"modified":"2024-11-19T17:11:06","modified_gmt":"2024-11-19T17:11:06","slug":"quality-management-system","status":"publish","type":"page","link":"https:\/\/www.simplify.rs\/de\/ausbildung\/qualitatsmanagementsystem\/","title":{"rendered":"Qualit\u00e4tsmanagementsystem"},"content":{"rendered":"<div data-elementor-type=\"wp-page\" data-elementor-id=\"4570\" class=\"elementor elementor-4570\" data-elementor-post-type=\"page\">\n\t\t\t\t<div class=\"elementor-element elementor-element-5f1dc712 e-flex e-con-boxed e-con e-parent\" data-id=\"5f1dc712\" data-element_type=\"container\" data-settings=\"{&quot;background_background&quot;:&quot;classic&quot;}\">\n\t\t\t\t\t<div class=\"e-con-inner\">\n\t\t\t\t<div class=\"elementor-element elementor-element-693d1a58 elementor-widget elementor-widget-heading\" data-id=\"693d1a58\" data-element_type=\"widget\" data-widget_type=\"heading.default\">\n\t\t\t\t<div class=\"elementor-widget-container\">\n\t\t\t\t\t<h2 class=\"elementor-heading-title elementor-size-default\">Schulung zum Qualit\u00e4tsmanagementsystem\n<\/h2>\t\t\t\t<\/div>\n\t\t\t\t<\/div>\n\t\t\t\t<div class=\"elementor-element elementor-element-a8e52d2 elementor-widget__width-initial elementor-widget-tablet__width-initial elementor-widget elementor-widget-heading\" data-id=\"a8e52d2\" data-element_type=\"widget\" data-widget_type=\"heading.default\">\n\t\t\t\t<div class=\"elementor-widget-container\">\n\t\t\t\t\t<p class=\"elementor-heading-title elementor-size-default\">QMS-Schulungen vermitteln den Teilnehmern umfassende Kenntnisse und F\u00e4higkeiten zur effektiven Implementierung und Pflege von Qualit\u00e4tsmanagementsystemen (QMS) in ihren Organisationen. Durch eine Kombination aus theoretischem Lernen und praktischen \u00dcbungen erhalten die Teilnehmer Einblicke in die wichtigsten QMS-Prinzipien, -Standards und Best Practices. Die Schulung behandelt Themen wie die Anforderungen der ISO 9001, den prozessorientierten Ansatz, das Risikomanagement und Methoden der kontinuierlichen Verbesserung. Die Teilnehmer lernen, wie sie QMS-Dokumentation erstellen, interne Audits durchf\u00fchren und Korrektur- und Pr\u00e4ventivma\u00dfnahmen steuern. Durch die Beherrschung der QMS-Grundlagen k\u00f6nnen Sie die Einhaltung internationaler Qualit\u00e4tsstandards sicherstellen, die Produkt- und Servicequalit\u00e4t verbessern und die Kundenzufriedenheit steigern. Dar\u00fcber hinaus bef\u00e4higt die QMS-Schulung Mitarbeiter, QMS-Champions zu werden und eine Kultur exzellenter Qualit\u00e4t und organisatorischer Resilienz zu f\u00f6rdern.<\/p>\t\t\t\t<\/div>\n\t\t\t\t<\/div>\n\t\t<div class=\"elementor-element elementor-element-7b0c114 e-con-full e-flex e-con e-child\" data-id=\"7b0c114\" data-element_type=\"container\" data-settings=\"{&quot;position&quot;:&quot;fixed&quot;,&quot;background_background&quot;:&quot;classic&quot;}\">\n\t\t\t\t<div class=\"elementor-element elementor-element-4d67f7f1 elementor-widget__width-auto elementor-view-default elementor-widget elementor-widget-icon\" data-id=\"4d67f7f1\" data-element_type=\"widget\" data-widget_type=\"icon.default\">\n\t\t\t\t<div class=\"elementor-widget-container\">\n\t\t\t\t\t\t\t<div class=\"elementor-icon-wrapper\">\n\t\t\t<a class=\"elementor-icon\" href=\"https:\/\/www.simplify.rs\/de\/kontakt\/#contact-btn\" target=\"_blank\" rel=\"noopener\">\n\t\t\t<svg xmlns=\"http:\/\/www.w3.org\/2000\/svg\" width=\"19\" height=\"19\" viewbox=\"0 0 19 19\" fill=\"none\"><path d=\"M9.07031 0.936523L17.5819 5.99037C17.728 6.09679 17.846 6.2282 17.9357 6.3846C18.0254 6.54101 18.0703 6.71089 18.0703 6.89422V17.1288C18.0703 17.5891 17.9161 17.9734 17.6078 18.2817C17.2995 18.5901 16.9152 18.7442 16.4549 18.7442H1.68569C1.22544 18.7442 0.841146 18.5901 0.532813 18.2817C0.224479 17.9734 0.0703125 17.5891 0.0703125 17.1288V6.89422C0.0703125 6.71089 0.115179 6.54101 0.204913 6.3846C0.294663 6.2282 0.412612 6.09679 0.558762 5.99037L9.07031 0.936523ZM9.07031 11.3942L16.8703 6.74422L9.07031 2.09422L1.27031 6.74422L9.07031 11.3942ZM9.07031 12.5519L1.07031 7.79037V17.1288C1.07031 17.3083 1.128 17.4558 1.24339 17.5711C1.35877 17.6865 1.5062 17.7442 1.68569 17.7442H16.4549C16.6344 17.7442 16.7819 17.6865 16.8972 17.5711C17.0126 17.4558 17.0703 17.3083 17.0703 17.1288V7.79037L9.07031 12.5519Z\" fill=\"white\"><\/path><\/svg>\t\t\t<\/a>\n\t\t<\/div>\n\t\t\t\t\t\t<\/div>\n\t\t\t\t<\/div>\n\t\t\t\t<\/div>\n\t\t<div class=\"elementor-element elementor-element-7fe8ff75 e-con-full e-flex e-con e-child\" data-id=\"7fe8ff75\" data-element_type=\"container\" data-settings=\"{&quot;position&quot;:&quot;fixed&quot;,&quot;background_background&quot;:&quot;classic&quot;}\">\n\t\t\t\t<div class=\"elementor-element elementor-element-7dfc5ec elementor-widget__width-auto elementor-view-default elementor-widget elementor-widget-icon\" data-id=\"7dfc5ec\" data-element_type=\"widget\" data-widget_type=\"icon.default\">\n\t\t\t\t<div class=\"elementor-widget-container\">\n\t\t\t\t\t\t\t<div class=\"elementor-icon-wrapper\">\n\t\t\t<a class=\"elementor-icon\" href=\"#elementor-action%3Aaction%3Dpopup%3Aopen%26settings%3DeyJpZCI6IjQzNzciLCJ0b2dnbGUiOmZhbHNlfQ%3D%3D\">\n\t\t\t<svg xmlns=\"http:\/\/www.w3.org\/2000\/svg\" width=\"18\" height=\"18\" viewbox=\"0 0 18 18\" fill=\"none\"><path d=\"M16.5549 17.3177L10.2933 11.0562C9.79333 11.4818 9.21833 11.8113 8.56833 12.0447C7.91833 12.278 7.26512 12.3947 6.6087 12.3947C5.00704 12.3947 3.6515 11.8402 2.54208 10.7314C1.43265 9.62261 0.87793 8.26781 0.87793 6.66701C0.87793 5.06621 1.43234 3.71036 2.54115 2.59946C3.64997 1.48856 5.00478 0.933105 6.60558 0.933105C8.2064 0.933105 9.56225 1.48781 10.6731 2.59723C11.784 3.70665 12.3395 5.0622 12.3395 6.66388C12.3395 7.35875 12.2164 8.03118 11.9703 8.68118C11.7241 9.33118 11.401 9.88696 11.001 10.3485L17.2626 16.61L16.5549 17.3177ZM6.6087 11.3947C7.93564 11.3947 9.05583 10.9379 9.96928 10.0245C10.8827 9.11099 11.3395 7.9908 11.3395 6.66388C11.3395 5.33696 10.8827 4.21677 9.96928 3.30331C9.05583 2.38984 7.93564 1.93311 6.6087 1.93311C5.28179 1.93311 4.1616 2.38984 3.24813 3.30331C2.33468 4.21677 1.87795 5.33696 1.87795 6.66388C1.87795 7.9908 2.33468 9.11099 3.24813 10.0245C4.1616 10.9379 5.28179 11.3947 6.6087 11.3947Z\" fill=\"white\"><\/path><\/svg>\t\t\t<\/a>\n\t\t<\/div>\n\t\t\t\t\t\t<\/div>\n\t\t\t\t<\/div>\n\t\t\t\t<\/div>\n\t\t\t\t\t<\/div>\n\t\t\t\t<\/div>\n\t\t<div class=\"elementor-element elementor-element-8e4311f e-flex e-con-boxed e-con e-parent\" data-id=\"8e4311f\" data-element_type=\"container\">\n\t\t\t\t\t<div class=\"e-con-inner\">\n\t\t<div class=\"elementor-element elementor-element-4c4ced75 e-con-full e-flex e-con e-child\" data-id=\"4c4ced75\" data-element_type=\"container\">\n\t\t\t\t<div class=\"elementor-element elementor-element-4edbf866 elementor-align-left elementor-widget__width-auto elementor-widget elementor-widget-button\" data-id=\"4edbf866\" data-element_type=\"widget\" data-widget_type=\"button.default\">\n\t\t\t\t<div class=\"elementor-widget-container\">\n\t\t\t\t\t\t\t\t\t<div class=\"elementor-button-wrapper\">\n\t\t\t\t\t<a class=\"elementor-button elementor-size-sm\" role=\"button\">\n\t\t\t\t\t\t<span class=\"elementor-button-content-wrapper\">\n\t\t\t\t\t\t<span class=\"elementor-button-icon\">\n\t\t\t\t<svg xmlns=\"http:\/\/www.w3.org\/2000\/svg\" width=\"undefined\" height=\"undefined\" viewbox=\"0 0 24 24\"><path fill=\"none\" stroke=\"currentColor\" stroke-linecap=\"round\" stroke-linejoin=\"round\" stroke-width=\"1.5\" d=\"m12 18l6-6l-6-6M6 18l6-6l-6-6\"><\/path><\/svg>\t\t\t<\/span>\n\t\t\t\t\t\t\t\t\t<span class=\"elementor-button-text\">Was bieten wir?<\/span>\n\t\t\t\t\t<\/span>\n\t\t\t\t\t<\/a>\n\t\t\t\t<\/div>\n\t\t\t\t\t\t\t\t<\/div>\n\t\t\t\t<\/div>\n\t\t\t\t<div class=\"elementor-element elementor-element-6e6819d4 elementor-widget elementor-widget-text-editor\" data-id=\"6e6819d4\" data-element_type=\"widget\" data-widget_type=\"text-editor.default\">\n\t\t\t\t<div class=\"elementor-widget-container\">\n\t\t\t\t\t\t\t\t\t<ul><li><div class=\"uui-text-size-medium-10\">Umfassendes Verst\u00e4ndnis der Grunds\u00e4tze und Methoden des Qualit\u00e4tsmanagements<\/div><\/li><li><div class=\"uui-text-size-medium-10\">Kenntnisse der f\u00fcr Qualit\u00e4tsmanagementsysteme relevanten ISO-Normen und gesetzlichen Anforderungen<\/div><\/li><li><div class=\"uui-text-size-medium-10\">\u00a0Kompetenz in der Entwicklung, Implementierung und Aufrechterhaltung eines auf die Bed\u00fcrfnisse der Organisation zugeschnittenen Qualit\u00e4tsmanagementsystems<\/div><\/li><li><div class=\"uui-text-size-medium-10\">F\u00e4higkeiten zur Durchf\u00fchrung interner Audits, zur Bewertung der Konformit\u00e4t und zur Identifizierung von Verbesserungsbereichen in QMS-Prozessen<\/div><\/li><li><div class=\"uui-text-size-medium-10\">F\u00e4higkeit, Zertifizierungsbem\u00fchungen und externe Audits zur ISO-Konformit\u00e4t zu leiten oder dazu beizutragen<\/div><\/li><li><div class=\"uui-text-size-medium-10\">Verst\u00e4ndnis der Grunds\u00e4tze des Risikomanagements und Strategien zur Minderung qualit\u00e4tsbezogener Risiken<\/div><\/li><li><div class=\"uui-text-size-medium-10\">F\u00e4higkeit, Key Performance Indicators (KPIs) und Metriken zur \u00dcberwachung der QMS-Leistung festzulegen<\/div><\/li><li><div class=\"uui-text-size-medium-10\">Verbesserte F\u00e4higkeiten zur Probleml\u00f6sung und Ursachenanalyse, um Qualit\u00e4tsprobleme effektiv anzugehen<\/div><\/li><li><div class=\"uui-text-size-medium-10\">Verbesserte Kundenzufriedenheit und -bindung durch kontinuierliche Verbesserung der QMS-Prozesse<\/div><\/li><li><div class=\"uui-text-size-medium-10\">Ausrichtung der Qualit\u00e4tsziele an umfassenderen Organisationszielen<\/div><\/li><\/ul>\t\t\t\t\t\t\t\t<\/div>\n\t\t\t\t<\/div>\n\t\t\t\t<\/div>\n\t\t<div class=\"elementor-element elementor-element-4273edeb e-con-full e-flex e-con e-child\" data-id=\"4273edeb\" data-element_type=\"container\">\n\t\t\t\t<div class=\"elementor-element elementor-element-1867267a elementor-align-left elementor-widget__width-auto elementor-widget elementor-widget-button\" data-id=\"1867267a\" data-element_type=\"widget\" data-widget_type=\"button.default\">\n\t\t\t\t<div class=\"elementor-widget-container\">\n\t\t\t\t\t\t\t\t\t<div class=\"elementor-button-wrapper\">\n\t\t\t\t\t<a class=\"elementor-button elementor-size-sm\" role=\"button\">\n\t\t\t\t\t\t<span class=\"elementor-button-content-wrapper\">\n\t\t\t\t\t\t<span class=\"elementor-button-icon\">\n\t\t\t\t<svg xmlns=\"http:\/\/www.w3.org\/2000\/svg\" width=\"undefined\" height=\"undefined\" viewbox=\"0 0 24 24\"><path fill=\"none\" stroke=\"currentColor\" stroke-linecap=\"round\" stroke-linejoin=\"round\" stroke-width=\"1.5\" d=\"m12 18l6-6l-6-6M6 18l6-6l-6-6\"><\/path><\/svg>\t\t\t<\/span>\n\t\t\t\t\t\t\t\t\t<span class=\"elementor-button-text\">Programm<\/span>\n\t\t\t\t\t<\/span>\n\t\t\t\t\t<\/a>\n\t\t\t\t<\/div>\n\t\t\t\t\t\t\t\t<\/div>\n\t\t\t\t<\/div>\n\t\t\t\t<div class=\"elementor-element elementor-element-6168099b elementor-widget elementor-widget-text-editor\" data-id=\"6168099b\" data-element_type=\"widget\" data-widget_type=\"text-editor.default\">\n\t\t\t\t<div class=\"elementor-widget-container\">\n\t\t\t\t\t\t\t\t\t<ul><li><div class=\"uui-text-size-medium-10\">Qualit\u00e4tsmanagementsystem<\/div><\/li><li><div class=\"uui-text-size-medium-10\">KI-Managementsystem<\/div><\/li><li><div class=\"uui-text-size-medium-10\">ISO 9001:2015 - Interner Auditor<\/div><\/li><li><div class=\"uui-text-size-medium-10\">ISO 9001:2015 - Normanforderungen<\/div><\/li><li><div class=\"uui-text-size-medium-10\">ISO 14001:2015 - Interner Auditor<\/div><\/li><li><div class=\"uui-text-size-medium-10\">ISO 14001:2015 - Standardanforderungen<\/div><\/li><\/ul>\t\t\t\t\t\t\t\t<\/div>\n\t\t\t\t<\/div>\n\t\t\t\t<\/div>\n\t\t\t\t\t<\/div>\n\t\t\t\t<\/div>\n\t\t<div class=\"elementor-element elementor-element-e85a945 e-flex e-con-boxed e-con e-parent\" data-id=\"e85a945\" data-element_type=\"container\">\n\t\t\t\t\t<div class=\"e-con-inner\">\n\t\t\t\t<div class=\"elementor-element elementor-element-cfe2444 elementor-align-left elementor-widget__width-auto elementor-widget elementor-widget-button\" data-id=\"cfe2444\" data-element_type=\"widget\" data-widget_type=\"button.default\">\n\t\t\t\t<div class=\"elementor-widget-container\">\n\t\t\t\t\t\t\t\t\t<div class=\"elementor-button-wrapper\">\n\t\t\t\t\t<a class=\"elementor-button elementor-size-sm\" role=\"button\">\n\t\t\t\t\t\t<span class=\"elementor-button-content-wrapper\">\n\t\t\t\t\t\t<span class=\"elementor-button-icon\">\n\t\t\t\t<svg xmlns=\"http:\/\/www.w3.org\/2000\/svg\" width=\"undefined\" height=\"undefined\" viewbox=\"0 0 24 24\"><path fill=\"none\" stroke=\"currentColor\" stroke-linecap=\"round\" stroke-linejoin=\"round\" stroke-width=\"1.5\" d=\"m12 18l6-6l-6-6M6 18l6-6l-6-6\"><\/path><\/svg>\t\t\t<\/span>\n\t\t\t\t\t\t\t\t\t<span class=\"elementor-button-text\">Details<\/span>\n\t\t\t\t\t<\/span>\n\t\t\t\t\t<\/a>\n\t\t\t\t<\/div>\n\t\t\t\t\t\t\t\t<\/div>\n\t\t\t\t<\/div>\n\t\t<div class=\"elementor-element elementor-element-cd66a1d e-con-full e-flex e-con e-child\" data-id=\"cd66a1d\" data-element_type=\"container\">\n\t\t<div class=\"elementor-element elementor-element-f09547e e-con-full e-flex e-con e-child\" data-id=\"f09547e\" data-element_type=\"container\">\n\t\t\t\t<div class=\"elementor-element elementor-element-26caac3 elementor-widget elementor-widget-heading\" data-id=\"26caac3\" data-element_type=\"widget\" data-widget_type=\"heading.default\">\n\t\t\t\t<div class=\"elementor-widget-container\">\n\t\t\t\t\t<h2 class=\"elementor-heading-title elementor-size-default\">Teilnehmerzahl:<\/h2>\t\t\t\t<\/div>\n\t\t\t\t<\/div>\n\t\t\t\t<div class=\"elementor-element elementor-element-0f691fb elementor-widget elementor-widget-heading\" data-id=\"0f691fb\" data-element_type=\"widget\" data-widget_type=\"heading.default\">\n\t\t\t\t<div class=\"elementor-widget-container\">\n\t\t\t\t\t<p class=\"elementor-heading-title elementor-size-default\">BIS ZU 20<\/p>\t\t\t\t<\/div>\n\t\t\t\t<\/div>\n\t\t\t\t<div class=\"elementor-element elementor-element-797c1aa elementor-widget elementor-widget-spacer\" data-id=\"797c1aa\" data-element_type=\"widget\" data-widget_type=\"spacer.default\">\n\t\t\t\t<div class=\"elementor-widget-container\">\n\t\t\t\t\t\t\t<div class=\"elementor-spacer\">\n\t\t\t<div class=\"elementor-spacer-inner\"><\/div>\n\t\t<\/div>\n\t\t\t\t\t\t<\/div>\n\t\t\t\t<\/div>\n\t\t\t\t<\/div>\n\t\t<div class=\"elementor-element elementor-element-653c5e2 e-con-full e-flex e-con e-child\" data-id=\"653c5e2\" data-element_type=\"container\">\n\t\t\t\t<div class=\"elementor-element elementor-element-9aec330 elementor-widget elementor-widget-heading\" data-id=\"9aec330\" data-element_type=\"widget\" data-widget_type=\"heading.default\">\n\t\t\t\t<div class=\"elementor-widget-container\">\n\t\t\t\t\t<h2 class=\"elementor-heading-title elementor-size-default\">STANDORT:<\/h2>\t\t\t\t<\/div>\n\t\t\t\t<\/div>\n\t\t\t\t<div class=\"elementor-element elementor-element-c39ff47 elementor-widget elementor-widget-heading\" data-id=\"c39ff47\" data-element_type=\"widget\" data-widget_type=\"heading.default\">\n\t\t\t\t<div class=\"elementor-widget-container\">\n\t\t\t\t\t<p class=\"elementor-heading-title elementor-size-default\">VOR ORT \/ ONLINE<\/p>\t\t\t\t<\/div>\n\t\t\t\t<\/div>\n\t\t\t\t<\/div>\n\t\t<div class=\"elementor-element elementor-element-ed4b756 e-con-full e-flex e-con e-child\" data-id=\"ed4b756\" data-element_type=\"container\">\n\t\t\t\t<div class=\"elementor-element elementor-element-6288509 elementor-widget elementor-widget-heading\" data-id=\"6288509\" data-element_type=\"widget\" data-widget_type=\"heading.default\">\n\t\t\t\t<div class=\"elementor-widget-container\">\n\t\t\t\t\t<h2 class=\"elementor-heading-title elementor-size-default\">DAUER:<\/h2>\t\t\t\t<\/div>\n\t\t\t\t<\/div>\n\t\t\t\t<div class=\"elementor-element elementor-element-9f24722 elementor-widget elementor-widget-heading\" data-id=\"9f24722\" data-element_type=\"widget\" data-widget_type=\"heading.default\">\n\t\t\t\t<div class=\"elementor-widget-container\">\n\t\t\t\t\t<p class=\"elementor-heading-title elementor-size-default\">1-2 Tage<\/p>\t\t\t\t<\/div>\n\t\t\t\t<\/div>\n\t\t\t\t<\/div>\n\t\t\t\t<\/div>\n\t\t\t\t\t<\/div>\n\t\t\t\t<\/div>\n\t\t\t\t<\/div>","protected":false},"excerpt":{"rendered":"<p>Schulung zum Qualit\u00e4tsmanagementsystem: Die QMS-Schulung vermittelt den Teilnehmern umfassende Kenntnisse und F\u00e4higkeiten zur effektiven Implementierung und Pflege von Qualit\u00e4tsmanagementsystemen (QMS) in ihren Organisationen. Durch eine Mischung aus theoretischem Lernen und praktischen \u00dcbungen erhalten die Teilnehmer Einblicke in die wichtigsten QMS-Prinzipien, -Standards und Best Practices. Die Schulung behandelt Themen wie die Anforderungen der ISO 9001, prozessbasierte [\u2026]<\/p>","protected":false},"author":3,"featured_media":0,"parent":26,"menu_order":0,"comment_status":"closed","ping_status":"closed","template":"elementor_header_footer","meta":{"footnotes":""},"class_list":["post-4570","page","type-page","status-publish","hentry"],"_links":{"self":[{"href":"https:\/\/www.simplify.rs\/de\/wp-json\/wp\/v2\/pages\/4570","targetHints":{"allow":["GET"]}}],"collection":[{"href":"https:\/\/www.simplify.rs\/de\/wp-json\/wp\/v2\/pages"}],"about":[{"href":"https:\/\/www.simplify.rs\/de\/wp-json\/wp\/v2\/types\/page"}],"author":[{"embeddable":true,"href":"https:\/\/www.simplify.rs\/de\/wp-json\/wp\/v2\/users\/3"}],"replies":[{"embeddable":true,"href":"https:\/\/www.simplify.rs\/de\/wp-json\/wp\/v2\/comments?post=4570"}],"version-history":[{"count":0,"href":"https:\/\/www.simplify.rs\/de\/wp-json\/wp\/v2\/pages\/4570\/revisions"}],"up":[{"embeddable":true,"href":"https:\/\/www.simplify.rs\/de\/wp-json\/wp\/v2\/pages\/26"}],"wp:attachment":[{"href":"https:\/\/www.simplify.rs\/de\/wp-json\/wp\/v2\/media?parent=4570"}],"curies":[{"name":"wp","href":"https:\/\/api.w.org\/{rel}","templated":true}]}}