{"id":4653,"date":"2024-10-17T18:13:47","date_gmt":"2024-10-17T18:13:47","guid":{"rendered":"https:\/\/simplify.rs\/?page_id=4653"},"modified":"2024-11-21T00:13:33","modified_gmt":"2024-11-21T00:13:33","slug":"solution-development","status":"publish","type":"page","link":"https:\/\/www.simplify.rs\/de\/losung\/losungsentwicklung\/","title":{"rendered":"L\u00f6sungsentwicklung"},"content":{"rendered":"<div data-elementor-type=\"wp-page\" data-elementor-id=\"4653\" class=\"elementor elementor-4653\" data-elementor-post-type=\"page\">\n\t\t\t\t<div class=\"elementor-element elementor-element-4ffc2fd e-con-full e-flex e-con e-parent\" data-id=\"4ffc2fd\" data-element_type=\"container\" data-settings=\"{&quot;background_background&quot;:&quot;classic&quot;}\">\n\t\t<div class=\"elementor-element elementor-element-fa45f78 e-con-full e-flex e-con e-child\" data-id=\"fa45f78\" data-element_type=\"container\">\n\t\t\t\t<div class=\"elementor-element elementor-element-2dd0810 elementor-widget__width-initial elementor-widget elementor-widget-heading\" data-id=\"2dd0810\" data-element_type=\"widget\" data-widget_type=\"heading.default\">\n\t\t\t\t<div class=\"elementor-widget-container\">\n\t\t\t\t\t<h1 class=\"elementor-heading-title elementor-size-default\">L\u00f6sung <br> <span class=\"white\">Entwicklung <\/span>\n<\/h1>\t\t\t\t<\/div>\n\t\t\t\t<\/div>\n\t\t\t\t<div class=\"elementor-element elementor-element-a9e203c elementor-widget__width-initial elementor-widget elementor-widget-text-editor\" data-id=\"a9e203c\" data-element_type=\"widget\" data-widget_type=\"text-editor.default\">\n\t\t\t\t<div class=\"elementor-widget-container\">\n\t\t\t\t\t\t\t\t\t<p><span style=\"font-weight: 400;\">In der heutigen dynamischen Gesch\u00e4ftswelt sind ma\u00dfgeschneiderte L\u00f6sungen der Schl\u00fcssel zur effektiven Bew\u00e4ltigung komplexer Herausforderungen. Wir bei Simplify sind spezialisiert auf die Entwicklung ma\u00dfgeschneiderter Strategien und Technologien, die Ihr Unternehmen bef\u00e4higen, komplexe Herausforderungen zu meistern und so langfristige Agilit\u00e4t und Wettbewerbsf\u00e4higkeit zu gew\u00e4hrleisten.<\/span><\/p>\t\t\t\t\t\t\t\t<\/div>\n\t\t\t\t<\/div>\n\t\t\t\t<\/div>\n\t\t\t\t<div class=\"elementor-element elementor-element-0f97ef1 elementor-hidden-tablet elementor-hidden-mobile elementor-widget elementor-widget-html\" data-id=\"0f97ef1\" data-element_type=\"widget\" data-widget_type=\"html.default\">\n\t\t\t\t<div class=\"elementor-widget-container\">\n\t\t\t\t\t<div class=\"video-widget\">\n    <iframe \n        src=\"https:\/\/player.vimeo.com\/video\/911887037?background=1&autoplay=1&loop=1&muted=1\" \n        frameborder=\"0\" \n        allow=\"autoplay; fullscreen\" \n        allowfullscreen>\n    <\/iframe>\n<\/div>\t\t\t\t<\/div>\n\t\t\t\t<\/div>\n\t\t\t\t<div class=\"elementor-element elementor-element-3e51507 elementor-hidden-desktop elementor-hidden-mobile elementor-widget elementor-widget-html\" data-id=\"3e51507\" data-element_type=\"widget\" data-widget_type=\"html.default\">\n\t\t\t\t<div class=\"elementor-widget-container\">\n\t\t\t\t\t<div class=\"video-widget-tablet\">\n    <video src=\"https:\/\/simplify.rs\/wp-content\/uploads\/2024\/08\/tablet.mp4\" autoplay loop muted playsinline><\/video>\n<\/div>\t\t\t\t<\/div>\n\t\t\t\t<\/div>\n\t\t\t\t<div class=\"elementor-element elementor-element-e69ae5a elementor-hidden-desktop elementor-hidden-tablet elementor-widget elementor-widget-html\" data-id=\"e69ae5a\" data-element_type=\"widget\" data-widget_type=\"html.default\">\n\t\t\t\t<div class=\"elementor-widget-container\">\n\t\t\t\t\t<div class=\"video-widget-tablet\">\n    <video src=\"https:\/\/simplify.rs\/wp-content\/uploads\/2024\/10\/65895c2ef1b468de2a9fa27d_mobile-4k-2_1-transcode.mp4\" autoplay loop muted playsinline><\/video>\n<\/div>\t\t\t\t<\/div>\n\t\t\t\t<\/div>\n\t\t\t\t<\/div>\n\t\t<div class=\"elementor-element elementor-element-4524862c e-flex e-con-boxed e-con e-parent\" data-id=\"4524862c\" data-element_type=\"container\" data-settings=\"{&quot;background_background&quot;:&quot;classic&quot;}\">\n\t\t\t\t\t<div class=\"e-con-inner\">\n\t\t<div class=\"elementor-element elementor-element-6e666bba e-con-full e-flex e-con e-child\" data-id=\"6e666bba\" data-element_type=\"container\">\n\t\t\t\t<div class=\"elementor-element elementor-element-71e4ccdf elementor-widget__width-initial elementor-widget elementor-widget-heading\" data-id=\"71e4ccdf\" data-element_type=\"widget\" data-widget_type=\"heading.default\">\n\t\t\t\t<div class=\"elementor-widget-container\">\n\t\t\t\t\t<h2 class=\"elementor-heading-title elementor-size-default\">Schl\u00fcsselelement <br> <span class=\"white\">jede Gesch\u00e4ftst\u00e4tigkeit<\/span>\n<\/h2>\t\t\t\t<\/div>\n\t\t\t\t<\/div>\n\t\t\t\t<div class=\"elementor-element elementor-element-297cfdd2 elementor-widget__width-initial elementor-widget elementor-widget-text-editor\" data-id=\"297cfdd2\" data-element_type=\"widget\" data-widget_type=\"text-editor.default\">\n\t\t\t\t<div class=\"elementor-widget-container\">\n\t\t\t\t\t\t\t\t\t<p><span style=\"font-weight: 400;\">Im Bereich der L\u00f6sungsentwicklung nutzen wir die Leistungsf\u00e4higkeit modernster Technologien und Methoden. Unsere Kernkompetenzen liegen in der Microsoft Power Platform, der Jira-Entwicklung, Microsoft Copilot und Microsoft Dynamics 365. Diese Tools bilden die Grundlage f\u00fcr die Entwicklung ma\u00dfgeschneiderter L\u00f6sungen, die Ihre Abl\u00e4ufe optimieren und Innovationen vorantreiben.<\/span><\/p><p><span style=\"font-weight: 400;\">Unsere Kompetenzen gehen jedoch \u00fcber diese Bereiche hinaus. F\u00fcr umfassendere Softwarel\u00f6sungsthemen haben wir strategische Partnerschaften mit branchenf\u00fchrenden Experten geschlossen. Diese Zusammenarbeit erm\u00f6glicht es uns, umfassende, auf Ihre spezifischen Bed\u00fcrfnisse zugeschnittene L\u00f6sungen zu liefern. Ob es um die Verbesserung des Projektmanagements, die Optimierung von Kundenbeziehungen oder die Navigation komplexer Daten geht \u2013 unser Team ist bestens ger\u00fcstet, um vielf\u00e4ltige Herausforderungen zu meistern und das Wachstum Ihres Unternehmens zu f\u00f6rdern.<\/span><\/p>\t\t\t\t\t\t\t\t<\/div>\n\t\t\t\t<\/div>\n\t\t\t\t<\/div>\n\t\t\t\t\t<\/div>\n\t\t\t\t<\/div>\n\t\t<div class=\"elementor-element elementor-element-21f0b305 e-flex e-con-boxed e-con e-parent\" data-id=\"21f0b305\" data-element_type=\"container\" data-settings=\"{&quot;background_background&quot;:&quot;classic&quot;}\">\n\t\t\t\t\t<div class=\"e-con-inner\">\n\t\t<div class=\"elementor-element elementor-element-7a860eb9 e-con-full e-flex e-con e-child\" data-id=\"7a860eb9\" data-element_type=\"container\">\n\t\t\t\t<div class=\"elementor-element elementor-element-1d24d145 elementor-widget elementor-widget-heading\" data-id=\"1d24d145\" data-element_type=\"widget\" data-widget_type=\"heading.default\">\n\t\t\t\t<div class=\"elementor-widget-container\">\n\t\t\t\t\t<h2 class=\"elementor-heading-title elementor-size-default\"><span class=\"linear_lightblue11\">Teil <\/span><br> <span class=\"white1\">L\u00f6sungsentwicklung<\/span><\/h2>\t\t\t\t<\/div>\n\t\t\t\t<\/div>\n\t\t\t\t<div class=\"elementor-element elementor-element-3fec53b4 elementor-widget__width-initial elementor-widget elementor-widget-text-editor\" data-id=\"3fec53b4\" data-element_type=\"widget\" data-widget_type=\"text-editor.default\">\n\t\t\t\t<div class=\"elementor-widget-container\">\n\t\t\t\t\t\t\t\t\t<p>L\u00f6sungsentwicklung bei Simplify bedeutet, kundenspezifische L\u00f6sungen zu schaffen, die die Effizienz, Innovation und das nachhaltige Wachstum Ihres Unternehmens f\u00f6rdern.<\/p>\t\t\t\t\t\t\t\t<\/div>\n\t\t\t\t<\/div>\n\t\t\t\t<\/div>\n\t\t<div class=\"elementor-element elementor-element-aa17f76 e-con-full e-flex e-con e-child\" data-id=\"aa17f76\" data-element_type=\"container\">\n\t\t\t\t<div class=\"elementor-element elementor-element-6f03f9d elementor-widget elementor-widget-html\" data-id=\"6f03f9d\" data-element_type=\"widget\" data-widget_type=\"html.default\">\n\t\t\t\t<div class=\"elementor-widget-container\">\n\t\t\t\t\t<!-- Uklju\u010divanje Swiper stilova -->\n<link rel=\"stylesheet\" href=\"https:\/\/cdn.jsdelivr.net\/npm\/swiper@11\/swiper-bundle.min.css\" \/>\n\n<style>\n    .swiper {\n        width: 100%;\n        height: 830px;\n        position: relative;\n    }\n\n    .swiper-slide {\n        text-align: center;\n        font-size: 18px;\n        background: #fff;\n        display: flex;\n        justify-content: center;\n        align-items: center;\n        transition: all 0.3s ease;\n        gap: 40px;\n        height: 270px!important;\n    }\n\n    .arrow-wrapper {\n        position: absolute;\n        right: 0;\n        top: 50%;\n        transform: translateY(-50%);\n        width: 50px;\n        height: 100px;\n        z-index: 10;\n        display: flex;\n        flex-direction: column;\n        justify-content: space-between;\n    }\n\n    .swiper-button-up,\n    .swiper-button-down {\n        cursor: pointer;\n    }\n    \n    .number {\n        width: 10%;\n        font-size: 33px;\n        margin: 0;\n    }\n    \n    .title {\n        font-size: 35px;\n        margin: 0;\n        font-weight: 400;\n    }\n    \n    .swiper-description {\n        font-size: 16px;\n        color: #999999;\n        font-family: var(--e-global-typography-0f5caaa-font-family);\n        margin: 30px 0 15px 0;\n    }\n    \n    .title-wrapper {\n        width: 65%;\n    }\n\n    .number,\n    .title {\n        color: #A9B7CA;\n        font-family: var(--e-global-typography-0f5caaa-font-family);\n        transition: all 0.3s ease;\n    }\n\n    .swiper-slide-active>.number,\n    .swiper-slide-active>.title-wrapper>.title {\n        color: #102EE6;\n    }\n\n    .swiper-read-more-button {\n        display: none;\n        opacity: 0;\n        transition: visibility 0s, opacity 0.3s linear;\n        border: 1px solid #102EE6;\n        color: #102EE6;\n        border-radius: 0;\n        margin-top: 15px;\n    }\n\n    .swiper-slide-active>.title-wrapper>.swiper-button-wrapper>.swiper-read-more-button {\n        display: flex;\n        opacity: 1;\n    }\n    \n    .swiper-slide-active>.title-wrapper>.swiper-button-wrapper>.swiper-read-more-button:hover {\n        background: transparent;\n        color: #102EE6;\n    }\n\n    .title-wrapper {\n        display: flex;\n        flex-direction: column;\n        align-items: center;\n        justify-content: center;\n    }\n    \n    @media screen and (max-width: 768px) {\n        .swiper {\n        width: 100%;\n        height: 410px;\n        position: relative;\n    }\n        .swiper-button-up {\n            transform: rotate(270deg);\n        }\n        .swiper-button-down {\n            transform: rotate(270deg);\n        }\n        .number,\n        .title {\n            font-size: 25px;\n        }\n        \n        .swiper-description {\n            font-size: 14px;\n            margin: 15px 0 0 0;\n        }\n        \n        .title-wrapper {\n            width: 90%;\n        }\n        .arrow-wrapper {\n        position: absolute;\n        right: 50px;\n        top: 90%;\n        transform: translateY(-50%);\n        width: 150px;\n        height: 100px;\n        z-index: 10;\n        display: flex;\n        flex-direction: row;\n        justify-content: space-between;\n    }\n    }\n    \n    @media screen and (max-width: 1300px) {\n        .number,\n        .title {\n            font-size: 28px;\n        }\n        \n        .swiper-description {\n            font-size: 14px;\n        }\n    }\n<\/style>\n\n\n<!-- Swiper struktura -->\n<div class=\"swiper mySwiper\">\n    <div class=\"swiper-wrapper\">\n        <div class=\"swiper-slide\">\n            <p class=\"number\">01<\/p>\n            <div class=\"title-wrapper\">\n                <h2 class=\"title\">Microsoft Power Platform:<\/h2>\n                <p class=\"swiper-description\">Entfesseln Sie das volle Potenzial Ihres Unternehmens mit der Microsoft Power Platform. <\/p>\n                <a class=\"swiper-button-wrapper\" href=\"https:\/\/www.simplify.rs\/de\/losung\/losungsentwicklung\/microsoft-power-platform\/\" target=\"_blank\" rel=\"noopener\">\n                    <button class=\"swiper-read-more-button\">\n                        <svg width=\"23\" height=\"23\" viewbox=\"0 0 23 23\" fill=\"none\" xmlns=\"http:\/\/www.w3.org\/2000\/svg\">\n                            <mask id=\"mask0_167_1884\" style=\"mask-type:alpha\" maskunits=\"userSpaceOnUse\" x=\"0\" y=\"0\" width=\"22\" height=\"23\">\n                            <path d=\"M21.9894 0.456543H0.279297V22.1666H21.9894V0.456543Z\" fill=\"white\"\/>\n                            <\/mask>\n                            <g mask=\"url(#mask0_167_1884)\">\n                            <path d=\"M6.22266 17.4174L10.589 11.3115L6.22266 5.20557H7.88217L12.2485 11.3115L7.88217 17.4174H6.22266ZM11.5354 17.4174L15.9017 11.3115L11.5354 5.20557H13.1949L17.5613 11.3115L13.1949 17.4174H11.5354Z\" fill=\"#102EE6\"\/>\n                            <\/g>\n                        <\/svg>\n                        MEHR LESEN\n                    <\/button>\n                <\/a>\n            <\/div>\n        <\/div>\n        <div class=\"swiper-slide\">\n            <p class=\"number\">02<\/p>\n            <div class=\"title-wrapper\">\n                <h2 class=\"title\">Jira-Entwicklung:<\/h2>\n                <p class=\"swiper-description\">JIRA ist mehr als ein Projektmanagement-Tool; es ist eine dynamische Plattform f\u00fcr ma\u00dfgeschneiderte L\u00f6sungen.<\/p>\n                <a class=\"swiper-button-wrapper\" href=\"https:\/\/www.simplify.rs\/de\/losung\/losungsentwicklung\/jira-entwicklung\/\" target=\"_blank\" rel=\"noopener\">\n                    <button class=\"swiper-read-more-button\">\n                        <svg width=\"23\" height=\"23\" viewbox=\"0 0 23 23\" fill=\"none\" xmlns=\"http:\/\/www.w3.org\/2000\/svg\">\n                            <mask id=\"mask0_167_1884\" style=\"mask-type:alpha\" maskunits=\"userSpaceOnUse\" x=\"0\" y=\"0\" width=\"22\" height=\"23\">\n                            <path d=\"M21.9894 0.456543H0.279297V22.1666H21.9894V0.456543Z\" fill=\"white\"\/>\n                            <\/mask>\n                            <g mask=\"url(#mask0_167_1884)\">\n                            <path d=\"M6.22266 17.4174L10.589 11.3115L6.22266 5.20557H7.88217L12.2485 11.3115L7.88217 17.4174H6.22266ZM11.5354 17.4174L15.9017 11.3115L11.5354 5.20557H13.1949L17.5613 11.3115L13.1949 17.4174H11.5354Z\" fill=\"#102EE6\"\/>\n                            <\/g>\n                        <\/svg>\n                        MEHR LESEN\n                    <\/button>\n                <\/a>\n            <\/div>\n        <\/div>\n        <div class=\"swiper-slide\">\n            <p class=\"number\">03<\/p>\n            <div class=\"title-wrapper\">\n                <h2 class=\"title\">Microsoft Dynamics 365:<\/h2>\n                <p class=\"swiper-description\">Steigern Sie Ihre Kundenbindung und optimieren Sie Ihre Abl\u00e4ufe mit Microsoft Dynamics 365. r<\/p>\n                <a class=\"swiper-button-wrapper\" href=\"https:\/\/www.simplify.rs\/de\/losung\/losungsentwicklung\/microsoft-dynamics-365\/\" target=\"_blank\" rel=\"noopener\">\n                    <button class=\"swiper-read-more-button\">\n                        <svg width=\"23\" height=\"23\" viewbox=\"0 0 23 23\" fill=\"none\" xmlns=\"http:\/\/www.w3.org\/2000\/svg\">\n                            <mask id=\"mask0_167_1884\" style=\"mask-type:alpha\" maskunits=\"userSpaceOnUse\" x=\"0\" y=\"0\" width=\"22\" height=\"23\">\n                            <path d=\"M21.9894 0.456543H0.279297V22.1666H21.9894V0.456543Z\" fill=\"white\"\/>\n                            <\/mask>\n                            <g mask=\"url(#mask0_167_1884)\">\n                            <path d=\"M6.22266 17.4174L10.589 11.3115L6.22266 5.20557H7.88217L12.2485 11.3115L7.88217 17.4174H6.22266ZM11.5354 17.4174L15.9017 11.3115L11.5354 5.20557H13.1949L17.5613 11.3115L13.1949 17.4174H11.5354Z\" fill=\"#102EE6\"\/>\n                            <\/g>\n                        <\/svg>\n                        MEHR LESEN\n                    <\/button>\n                <\/a>\n            <\/div>\n        <\/div>\n        <div class=\"swiper-slide\">\n            <p class=\"number\">04<\/p>\n            <div class=\"title-wrapper\">\n                <h2 class=\"title\">Microsoft Copilot:<\/h2>\n                <p class=\"swiper-description\">Nutzen Sie das Potenzial von Microsoft Copilot, um Ihre Entwicklungsprojekte zu beschleunigen.<\/p>\n                <a class=\"swiper-button-wrapper\" href=\"https:\/\/www.simplify.rs\/de\/losung\/losungsentwicklung\/microsoft-copilot\/\" target=\"_blank\" rel=\"noopener\">\n                    <button class=\"swiper-read-more-button\">\n                        <svg width=\"23\" height=\"23\" viewbox=\"0 0 23 23\" fill=\"none\" xmlns=\"http:\/\/www.w3.org\/2000\/svg\">\n                            <mask id=\"mask0_167_1884\" style=\"mask-type:alpha\" maskunits=\"userSpaceOnUse\" x=\"0\" y=\"0\" width=\"22\" height=\"23\">\n                            <path d=\"M21.9894 0.456543H0.279297V22.1666H21.9894V0.456543Z\" fill=\"white\"\/>\n                            <\/mask>\n                            <g mask=\"url(#mask0_167_1884)\">\n                            <path d=\"M6.22266 17.4174L10.589 11.3115L6.22266 5.20557H7.88217L12.2485 11.3115L7.88217 17.4174H6.22266ZM11.5354 17.4174L15.9017 11.3115L11.5354 5.20557H13.1949L17.5613 11.3115L13.1949 17.4174H11.5354Z\" fill=\"#102EE6\"\/>\n                            <\/g>\n                        <\/svg>\n                        MEHR LESEN\n                    <\/button>\n                <\/a>\n            <\/div>\n        <\/div>\n    <\/div>\n    <div class=\"arrow-wrapper\">\n        <div class=\"swiper-button-up\">\n            <svg xmlns=\"http:\/\/www.w3.org\/2000\/svg\" width=\"40\" height=\"18\" viewbox=\"0 0 16 7\">\n    <path fill=\"#102EE6\" d=\"M12.5 6a.47.47 0 0 1-.35-.15L8 1.71L3.85 5.85c-.2.2-.51.2-.71 0c-.2-.2-.2-.51 0-.71L7.65.65c.2-.2.51-.2.71 0l4.5 4.5c.2.2.2.51 0 .71c-.1.1-.23.15-.35.15Z\"\/>\n<\/svg>\n        <\/div>\n        <div class=\"swiper-button-down\">\n            <svg xmlns=\"http:\/\/www.w3.org\/2000\/svg\" width=\"40\" height=\"18\" viewbox=\"0 0 16 7\">\n    <path fill=\"#102EE6\" d=\"M8 6.5a.47.47 0 0 1-.35-.15l-4.5-4.5c-.2-.2-.2-.51 0-.71c.2-.2.51-.2.71 0l4.15 4.15l4.14-4.14c.2-.2.51-.2.71 0c.2.2.2.51 0 .71l-4.5 4.5c-.1.1-.23.15-.35.15Z\"\/>\n<\/svg>\n\n        <\/div>\n    <\/div>\n<\/div>\n\n<!-- Uklju\u010divanje Swiper skripte -->\n<script src=\"https:\/\/cdn.jsdelivr.net\/npm\/swiper@11\/swiper-bundle.min.js\"><\/script>\n\n<script>\n    var swiper = new Swiper(\".mySwiper\", {\n        direction: \"horizontal\",\n        slidesPerView: 1,\n        spaceBetween: 30,\n        loop: true,\n        centeredSlides: true,\n        navigation: {\n            nextEl: \".swiper-button-down\",\n            prevEl: \".swiper-button-up\",\n        },\n        mousewheel: true,\n        breakpoints: {\n            768: {\n              loop: true,\n              direction: \"vertical\",\n              slidesPerView: 3,\n            }\n        }\n    });\n<\/script>\n\n\n\t\t\t\t<\/div>\n\t\t\t\t<\/div>\n\t\t\t\t<\/div>\n\t\t\t\t\t<\/div>\n\t\t\t\t<\/div>\n\t\t<div class=\"elementor-element elementor-element-7e9f6918 e-flex e-con-boxed e-con e-parent\" data-id=\"7e9f6918\" data-element_type=\"container\">\n\t\t\t\t\t<div class=\"e-con-inner\">\n\t\t\t\t<div class=\"elementor-element elementor-element-773b2b87 elementor-widget elementor-widget-heading\" data-id=\"773b2b87\" data-element_type=\"widget\" data-widget_type=\"heading.default\">\n\t\t\t\t<div class=\"elementor-widget-container\">\n\t\t\t\t\t<h2 class=\"elementor-heading-title elementor-size-default\"><span class=\"linear_lightblue11\">Wie geht es dir?<\/span><br> <span class=\"white1\">K\u00f6nnen wir helfen?<\/span><\/h2>\t\t\t\t<\/div>\n\t\t\t\t<\/div>\n\t\t\t\t<div class=\"elementor-element elementor-element-1bb6afb3 elementor-widget__width-initial elementor-widget elementor-widget-text-editor\" data-id=\"1bb6afb3\" data-element_type=\"widget\" data-widget_type=\"text-editor.default\">\n\t\t\t\t<div class=\"elementor-widget-container\">\n\t\t\t\t\t\t\t\t\t<p class=\"success-p\"><span style=\"font-weight: 400;\">M\u00f6chten Sie wissen, wie Simplify Sie bei der L\u00f6sungsentwicklung effektiv unterst\u00fctzen kann? Wir verfolgen einen systematischen und strategischen Ansatz, orientieren uns an den Best Practices der Branche und greifen auf unsere langj\u00e4hrige Erfahrung in diesem Bereich zur\u00fcck.<\/span><\/p><p class=\"success-p\"><span style=\"font-weight: 400;\">Unser Weg beginnt mit einer eingehenden Analyse Ihrer individuellen Bed\u00fcrfnisse und Ziele. So k\u00f6nnen wir eine ma\u00dfgeschneiderte L\u00f6sung entwickeln, die sich nahtlos in Ihr Unternehmen einf\u00fcgt. Wir arbeiten eng mit Ihnen zusammen und erstellen einen klaren Fahrplan, der die Verantwortlichkeiten und wesentlichen Schritte zur Erreichung Ihrer L\u00f6sungsentwicklungsziele beschreibt.<\/span><\/p><p class=\"success-p\"><span style=\"font-weight: 400;\">Unser umfassendes Portfolio zeichnet uns aus und zeugt von der erfolgreichen Umsetzung einer Vielzahl von Projekten in unterschiedlichsten Branchen. Wir haben unsere F\u00e4higkeiten durch die komplexe L\u00f6sungsentwicklung verfeinert. So meistern wir g\u00e4ngige Herausforderungen und sichern den Erfolg Ihres Projekts.<\/span><\/p><p><span style=\"font-weight: 400;\">Unser Team verbindet modernste Technologien mit scharfem analytischem Verstand und praktischem Know-how. Diese Kombination erm\u00f6glicht es uns, Ihre L\u00f6sungen unabh\u00e4ngig von Branche und Umfang gr\u00fcndlich zu analysieren, zu verstehen und zu optimieren.<\/span><\/p><p><span style=\"font-weight: 400;\">Arbeiten Sie mit Simplify zusammen, um eine effizientere und effektivere L\u00f6sungsentwicklung zu erreichen.<\/span><\/p><p><span style=\"font-weight: 400;\">Erfolgsgeschichte: \/<\/span><\/p>\t\t\t\t\t\t\t\t<\/div>\n\t\t\t\t<\/div>\n\t\t\t\t\t<\/div>\n\t\t\t\t<\/div>\n\t\t<div class=\"elementor-element elementor-element-58350cf e-con-full e-flex e-con e-child\" data-id=\"58350cf\" data-element_type=\"container\" data-settings=\"{&quot;position&quot;:&quot;fixed&quot;,&quot;background_background&quot;:&quot;classic&quot;}\">\n\t\t\t\t<div class=\"elementor-element elementor-element-bac3869 elementor-widget__width-auto elementor-view-default elementor-widget elementor-widget-icon\" data-id=\"bac3869\" data-element_type=\"widget\" data-widget_type=\"icon.default\">\n\t\t\t\t<div class=\"elementor-widget-container\">\n\t\t\t\t\t\t\t<div class=\"elementor-icon-wrapper\">\n\t\t\t<a class=\"elementor-icon\" href=\"https:\/\/www.simplify.rs\/de\/kontakt\/#contact-btn\" target=\"_blank\" rel=\"noopener\">\n\t\t\t<svg xmlns=\"http:\/\/www.w3.org\/2000\/svg\" width=\"19\" height=\"19\" viewbox=\"0 0 19 19\" fill=\"none\"><path d=\"M9.07031 0.936523L17.5819 5.99037C17.728 6.09679 17.846 6.2282 17.9357 6.3846C18.0254 6.54101 18.0703 6.71089 18.0703 6.89422V17.1288C18.0703 17.5891 17.9161 17.9734 17.6078 18.2817C17.2995 18.5901 16.9152 18.7442 16.4549 18.7442H1.68569C1.22544 18.7442 0.841146 18.5901 0.532813 18.2817C0.224479 17.9734 0.0703125 17.5891 0.0703125 17.1288V6.89422C0.0703125 6.71089 0.115179 6.54101 0.204913 6.3846C0.294663 6.2282 0.412612 6.09679 0.558762 5.99037L9.07031 0.936523ZM9.07031 11.3942L16.8703 6.74422L9.07031 2.09422L1.27031 6.74422L9.07031 11.3942ZM9.07031 12.5519L1.07031 7.79037V17.1288C1.07031 17.3083 1.128 17.4558 1.24339 17.5711C1.35877 17.6865 1.5062 17.7442 1.68569 17.7442H16.4549C16.6344 17.7442 16.7819 17.6865 16.8972 17.5711C17.0126 17.4558 17.0703 17.3083 17.0703 17.1288V7.79037L9.07031 12.5519Z\" fill=\"white\"><\/path><\/svg>\t\t\t<\/a>\n\t\t<\/div>\n\t\t\t\t\t\t<\/div>\n\t\t\t\t<\/div>\n\t\t\t\t<\/div>\n\t\t<div class=\"elementor-element elementor-element-6cba395 e-con-full e-flex e-con e-child\" data-id=\"6cba395\" data-element_type=\"container\" data-settings=\"{&quot;position&quot;:&quot;fixed&quot;,&quot;background_background&quot;:&quot;classic&quot;}\">\n\t\t\t\t<div class=\"elementor-element elementor-element-d56c5f8 elementor-widget__width-auto elementor-view-default elementor-widget elementor-widget-icon\" data-id=\"d56c5f8\" data-element_type=\"widget\" data-widget_type=\"icon.default\">\n\t\t\t\t<div class=\"elementor-widget-container\">\n\t\t\t\t\t\t\t<div class=\"elementor-icon-wrapper\">\n\t\t\t<a class=\"elementor-icon\" href=\"#elementor-action%3Aaction%3Dpopup%3Aopen%26settings%3DeyJpZCI6IjQzNzciLCJ0b2dnbGUiOmZhbHNlfQ%3D%3D\">\n\t\t\t<svg xmlns=\"http:\/\/www.w3.org\/2000\/svg\" width=\"18\" height=\"18\" viewbox=\"0 0 18 18\" fill=\"none\"><path d=\"M16.5549 17.3177L10.2933 11.0562C9.79333 11.4818 9.21833 11.8113 8.56833 12.0447C7.91833 12.278 7.26512 12.3947 6.6087 12.3947C5.00704 12.3947 3.6515 11.8402 2.54208 10.7314C1.43265 9.62261 0.87793 8.26781 0.87793 6.66701C0.87793 5.06621 1.43234 3.71036 2.54115 2.59946C3.64997 1.48856 5.00478 0.933105 6.60558 0.933105C8.2064 0.933105 9.56225 1.48781 10.6731 2.59723C11.784 3.70665 12.3395 5.0622 12.3395 6.66388C12.3395 7.35875 12.2164 8.03118 11.9703 8.68118C11.7241 9.33118 11.401 9.88696 11.001 10.3485L17.2626 16.61L16.5549 17.3177ZM6.6087 11.3947C7.93564 11.3947 9.05583 10.9379 9.96928 10.0245C10.8827 9.11099 11.3395 7.9908 11.3395 6.66388C11.3395 5.33696 10.8827 4.21677 9.96928 3.30331C9.05583 2.38984 7.93564 1.93311 6.6087 1.93311C5.28179 1.93311 4.1616 2.38984 3.24813 3.30331C2.33468 4.21677 1.87795 5.33696 1.87795 6.66388C1.87795 7.9908 2.33468 9.11099 3.24813 10.0245C4.1616 10.9379 5.28179 11.3947 6.6087 11.3947Z\" fill=\"white\"><\/path><\/svg>\t\t\t<\/a>\n\t\t<\/div>\n\t\t\t\t\t\t<\/div>\n\t\t\t\t<\/div>\n\t\t\t\t<\/div>\n\t\t\t\t<\/div>","protected":false},"excerpt":{"rendered":"<p>L\u00f6sungsentwicklung In der heutigen dynamischen Gesch\u00e4ftswelt sind ma\u00dfgeschneiderte L\u00f6sungen der Schl\u00fcssel zur effektiven Bew\u00e4ltigung komplexer Herausforderungen. Bei Simplify sind wir spezialisiert auf die Entwicklung ma\u00dfgeschneiderter Strategien und Technologien, die Ihr Unternehmen bef\u00e4higen, komplexe Herausforderungen zu meistern und so langfristige Agilit\u00e4t und Wettbewerbsf\u00e4higkeit zu gew\u00e4hrleisten. Ein Schl\u00fcsselelement jedes Gesch\u00e4ftsbetriebs. Im Bereich der L\u00f6sungsentwicklung zeichnen wir uns durch die Nutzung der [...]<\/p>","protected":false},"author":3,"featured_media":0,"parent":18,"menu_order":0,"comment_status":"closed","ping_status":"closed","template":"elementor_header_footer","meta":{"footnotes":""},"class_list":["post-4653","page","type-page","status-publish","hentry"],"_links":{"self":[{"href":"https:\/\/www.simplify.rs\/de\/wp-json\/wp\/v2\/pages\/4653","targetHints":{"allow":["GET"]}}],"collection":[{"href":"https:\/\/www.simplify.rs\/de\/wp-json\/wp\/v2\/pages"}],"about":[{"href":"https:\/\/www.simplify.rs\/de\/wp-json\/wp\/v2\/types\/page"}],"author":[{"embeddable":true,"href":"https:\/\/www.simplify.rs\/de\/wp-json\/wp\/v2\/users\/3"}],"replies":[{"embeddable":true,"href":"https:\/\/www.simplify.rs\/de\/wp-json\/wp\/v2\/comments?post=4653"}],"version-history":[{"count":0,"href":"https:\/\/www.simplify.rs\/de\/wp-json\/wp\/v2\/pages\/4653\/revisions"}],"up":[{"embeddable":true,"href":"https:\/\/www.simplify.rs\/de\/wp-json\/wp\/v2\/pages\/18"}],"wp:attachment":[{"href":"https:\/\/www.simplify.rs\/de\/wp-json\/wp\/v2\/media?parent=4653"}],"curies":[{"name":"wp","href":"https:\/\/api.w.org\/{rel}","templated":true}]}}