{"id":4775,"date":"2024-10-17T22:10:20","date_gmt":"2024-10-17T22:10:20","guid":{"rendered":"https:\/\/simplify.rs\/?page_id=4775"},"modified":"2024-11-05T20:04:55","modified_gmt":"2024-11-05T20:04:55","slug":"lpa-analysis","status":"publish","type":"page","link":"https:\/\/www.simplify.rs\/de\/losung\/schlanke-prozessautomatisierung\/lpa-analyse\/","title":{"rendered":"LPA-Analyse"},"content":{"rendered":"<div data-elementor-type=\"wp-page\" data-elementor-id=\"4775\" class=\"elementor elementor-4775\" data-elementor-post-type=\"page\">\n\t\t\t\t<div class=\"elementor-element elementor-element-7ee13fea e-flex e-con-boxed e-con e-parent\" data-id=\"7ee13fea\" data-element_type=\"container\" data-settings=\"{&quot;background_background&quot;:&quot;classic&quot;}\">\n\t\t\t\t\t<div class=\"e-con-inner\">\n\t\t<div class=\"elementor-element elementor-element-5f8d8999 e-con-full e-flex e-con e-child\" data-id=\"5f8d8999\" data-element_type=\"container\" data-settings=\"{&quot;background_background&quot;:&quot;classic&quot;}\">\n\t\t\t\t<div class=\"elementor-element elementor-element-258c0907 elementor-align-left elementor-widget__width-auto elementor-hidden-tablet elementor-widget elementor-widget-button\" data-id=\"258c0907\" data-element_type=\"widget\" data-widget_type=\"button.default\">\n\t\t\t\t<div class=\"elementor-widget-container\">\n\t\t\t\t\t\t\t\t\t<div class=\"elementor-button-wrapper\">\n\t\t\t\t\t<a class=\"elementor-button elementor-button-link elementor-size-sm\" href=\"https:\/\/www.simplify.rs\/de\/losung\/schlanke-prozessautomatisierung\/\" target=\"_blank\" rel=\"noopener\">\n\t\t\t\t\t\t<span class=\"elementor-button-content-wrapper\">\n\t\t\t\t\t\t<span class=\"elementor-button-icon\">\n\t\t\t\t<svg xmlns=\"http:\/\/www.w3.org\/2000\/svg\" width=\"undefined\" height=\"undefined\" viewbox=\"0 0 24 24\"><path fill=\"none\" stroke=\"currentColor\" stroke-linecap=\"round\" stroke-linejoin=\"round\" stroke-width=\"1.5\" d=\"m12 18l6-6l-6-6M6 18l6-6l-6-6\"><\/path><\/svg>\t\t\t<\/span>\n\t\t\t\t\t\t\t\t\t<span class=\"elementor-button-text\">Geh zur\u00fcck<\/span>\n\t\t\t\t\t<\/span>\n\t\t\t\t\t<\/a>\n\t\t\t\t<\/div>\n\t\t\t\t\t\t\t\t<\/div>\n\t\t\t\t<\/div>\n\t\t\t\t<div class=\"elementor-element elementor-element-44ee1d01 elementor-widget elementor-widget-heading\" data-id=\"44ee1d01\" data-element_type=\"widget\" data-widget_type=\"heading.default\">\n\t\t\t\t<div class=\"elementor-widget-container\">\n\t\t\t\t\t<h2 class=\"elementor-heading-title elementor-size-default\">LPA-Analyse\n\n<\/h2>\t\t\t\t<\/div>\n\t\t\t\t<\/div>\n\t\t\t\t<div class=\"elementor-element elementor-element-f127855 elementor-widget__width-initial elementor-widget-tablet__width-initial elementor-widget elementor-widget-heading\" data-id=\"f127855\" data-element_type=\"widget\" data-widget_type=\"heading.default\">\n\t\t\t\t<div class=\"elementor-widget-container\">\n\t\t\t\t\t<p class=\"elementor-heading-title elementor-size-default\">Die LPA-Analyse liefert Erkenntnisse und datenbasierte Pr\u00e4zision und vereint die Essenz von \u00dcbersicht und Detailanalyse. Sie beginnt mit intensiven Entdeckungsworkshops in der ausgew\u00e4hlten Abteilung, die als Grundlage f\u00fcr Transformationsbem\u00fchungen dienen. Diese Workshops erleichtern die Sammlung wichtiger Informationen zu bestehenden Prozessen und f\u00f6rdern ein tiefes Verst\u00e4ndnis ihrer Feinheiten und Schnittstellen.\n<\/p>\t\t\t\t<\/div>\n\t\t\t\t<\/div>\n\t\t\t\t<div class=\"elementor-element elementor-element-c9418b0 elementor-widget__width-initial elementor-widget-tablet__width-initial elementor-widget elementor-widget-heading\" data-id=\"c9418b0\" data-element_type=\"widget\" data-widget_type=\"heading.default\">\n\t\t\t\t<div class=\"elementor-widget-container\">\n\t\t\t\t\t<p class=\"elementor-heading-title elementor-size-default\">Um die Datenerfassung zu verbessern und die Visualisierung zu optimieren, kommen fortschrittliche Prozessmodellierungs- und Process-Mining-Tools zum Einsatz, die eine umfassende Erfassung und Analyse von Prozessabl\u00e4ufen erm\u00f6glichen. Diese technologische Grundlage bietet eine anschauliche visuelle Darstellung aktueller Prozesse und beleuchtet deren komplexe Dynamik.\n\n<\/p>\t\t\t\t<\/div>\n\t\t\t\t<\/div>\n\t\t\t\t<div class=\"elementor-element elementor-element-a06dfce elementor-widget__width-initial elementor-widget-tablet__width-initial elementor-widget elementor-widget-heading\" data-id=\"a06dfce\" data-element_type=\"widget\" data-widget_type=\"heading.default\">\n\t\t\t\t<div class=\"elementor-widget-container\">\n\t\t\t\t\t<p class=\"elementor-heading-title elementor-size-default\">Die LPA-Analyse geht jedoch \u00fcber die blo\u00dfe Datenerfassung hinaus. Sie zielt darauf ab, einen umfassenden Plan zu erstellen, der den Weg zu exzellenter Automatisierung weist. Durch kluge Priorisierung und sorgf\u00e4ltige Analyse werden Prozesse mit dem gr\u00f6\u00dften Optimierungs- und Automatisierungspotenzial aufgedeckt.\n\n<\/p>\t\t\t\t<\/div>\n\t\t\t\t<\/div>\n\t\t\t\t<div class=\"elementor-element elementor-element-5edf32e elementor-widget__width-initial elementor-widget-tablet__width-initial elementor-widget elementor-widget-heading\" data-id=\"5edf32e\" data-element_type=\"widget\" data-widget_type=\"heading.default\">\n\t\t\t\t<div class=\"elementor-widget-container\">\n\t\t\t\t\t<p class=\"elementor-heading-title elementor-size-default\">Mithilfe der umfangreichen Daten, die wir w\u00e4hrend der Entdeckungsphase gewonnen haben, beginnen wir mit einer tieferen Analyse der Prozesskomplexit\u00e4ten. Jede Facette wird genau unter die Lupe genommen \u2013 von Prozessmetriken, Abweichungen und Ausnahmen bis hin zu Anwendungskomplexit\u00e4ten. In dieser Phase lernen wir die Pr\u00e4zision der Lean- und Six-Sigma-Methoden kennen, die f\u00fcr ihre herausragende Leistungsf\u00e4higkeit bei der Prozessoptimierung bekannt sind. Unsere Mission bleibt unver\u00e4ndert: Verbesserungsm\u00f6glichkeiten zu identifizieren, unn\u00f6tige Aktivit\u00e4ten zu eliminieren, Fehlerquoten zu reduzieren und den Six-Sigma-Score zu verbessern.\n\n<\/p>\t\t\t\t<\/div>\n\t\t\t\t<\/div>\n\t\t\t\t<div class=\"elementor-element elementor-element-bdb521e elementor-widget__width-initial elementor-widget-tablet__width-initial elementor-widget elementor-widget-heading\" data-id=\"bdb521e\" data-element_type=\"widget\" data-widget_type=\"heading.default\">\n\t\t\t\t<div class=\"elementor-widget-container\">\n\t\t\t\t\t<p class=\"elementor-heading-title elementor-size-default\">Arbeiten Sie mit Simplify zusammen, um Ihre LPA-Reise in Richtung verbesserter Effizienz und nachhaltiger Automatisierung zu beschleunigen.\n\n<\/p>\t\t\t\t<\/div>\n\t\t\t\t<\/div>\n\t\t\t\t<\/div>\n\t\t<div class=\"elementor-element elementor-element-35bfb3d4 e-con-full e-flex e-con e-child\" data-id=\"35bfb3d4\" data-element_type=\"container\">\n\t\t\t\t<div class=\"elementor-element elementor-element-31d161bb sticky-el elementor-widget-mobile__width-inherit elementor-widget elementor-widget-image\" data-id=\"31d161bb\" data-element_type=\"widget\" data-widget_type=\"image.default\">\n\t\t\t\t<div class=\"elementor-widget-container\">\n\t\t\t\t\t\t\t\t\t\t\t\t\t\t\t<img fetchpriority=\"high\" decoding=\"async\" width=\"1141\" height=\"1138\" src=\"https:\/\/www.simplify.rs\/wp-content\/uploads\/2024\/10\/65b8fbe2e81314abc78caff5_Vector.svg\" class=\"attachment-large size-large wp-image-4749\" alt=\"\" title=\"\">\t\t\t\t\t\t\t\t\t\t\t\t\t\t\t<\/div>\n\t\t\t\t<\/div>\n\t\t<div class=\"elementor-element elementor-element-238b7931 e-con-full e-flex e-con e-child\" data-id=\"238b7931\" data-element_type=\"container\" data-settings=\"{&quot;position&quot;:&quot;fixed&quot;,&quot;background_background&quot;:&quot;classic&quot;}\">\n\t\t\t\t<div class=\"elementor-element elementor-element-3bf3e9ef elementor-widget__width-auto elementor-view-default elementor-widget elementor-widget-icon\" data-id=\"3bf3e9ef\" data-element_type=\"widget\" data-widget_type=\"icon.default\">\n\t\t\t\t<div class=\"elementor-widget-container\">\n\t\t\t\t\t\t\t<div class=\"elementor-icon-wrapper\">\n\t\t\t<a class=\"elementor-icon\" href=\"https:\/\/www.simplify.rs\/de\/kontakt\/#contact-btn\" target=\"_blank\" rel=\"noopener\">\n\t\t\t<svg xmlns=\"http:\/\/www.w3.org\/2000\/svg\" width=\"19\" height=\"19\" viewbox=\"0 0 19 19\" fill=\"none\"><path d=\"M9.07031 0.936523L17.5819 5.99037C17.728 6.09679 17.846 6.2282 17.9357 6.3846C18.0254 6.54101 18.0703 6.71089 18.0703 6.89422V17.1288C18.0703 17.5891 17.9161 17.9734 17.6078 18.2817C17.2995 18.5901 16.9152 18.7442 16.4549 18.7442H1.68569C1.22544 18.7442 0.841146 18.5901 0.532813 18.2817C0.224479 17.9734 0.0703125 17.5891 0.0703125 17.1288V6.89422C0.0703125 6.71089 0.115179 6.54101 0.204913 6.3846C0.294663 6.2282 0.412612 6.09679 0.558762 5.99037L9.07031 0.936523ZM9.07031 11.3942L16.8703 6.74422L9.07031 2.09422L1.27031 6.74422L9.07031 11.3942ZM9.07031 12.5519L1.07031 7.79037V17.1288C1.07031 17.3083 1.128 17.4558 1.24339 17.5711C1.35877 17.6865 1.5062 17.7442 1.68569 17.7442H16.4549C16.6344 17.7442 16.7819 17.6865 16.8972 17.5711C17.0126 17.4558 17.0703 17.3083 17.0703 17.1288V7.79037L9.07031 12.5519Z\" fill=\"white\"><\/path><\/svg>\t\t\t<\/a>\n\t\t<\/div>\n\t\t\t\t\t\t<\/div>\n\t\t\t\t<\/div>\n\t\t\t\t<\/div>\n\t\t<div class=\"elementor-element elementor-element-2c3432f5 e-con-full e-flex e-con e-child\" data-id=\"2c3432f5\" data-element_type=\"container\" data-settings=\"{&quot;position&quot;:&quot;fixed&quot;,&quot;background_background&quot;:&quot;classic&quot;}\">\n\t\t\t\t<div class=\"elementor-element elementor-element-138da81b elementor-widget__width-auto elementor-view-default elementor-widget elementor-widget-icon\" data-id=\"138da81b\" data-element_type=\"widget\" data-widget_type=\"icon.default\">\n\t\t\t\t<div class=\"elementor-widget-container\">\n\t\t\t\t\t\t\t<div class=\"elementor-icon-wrapper\">\n\t\t\t<a class=\"elementor-icon\" href=\"#elementor-action%3Aaction%3Dpopup%3Aopen%26settings%3DeyJpZCI6IjQzNzciLCJ0b2dnbGUiOmZhbHNlfQ%3D%3D\">\n\t\t\t<svg xmlns=\"http:\/\/www.w3.org\/2000\/svg\" width=\"18\" height=\"18\" viewbox=\"0 0 18 18\" fill=\"none\"><path d=\"M16.5549 17.3177L10.2933 11.0562C9.79333 11.4818 9.21833 11.8113 8.56833 12.0447C7.91833 12.278 7.26512 12.3947 6.6087 12.3947C5.00704 12.3947 3.6515 11.8402 2.54208 10.7314C1.43265 9.62261 0.87793 8.26781 0.87793 6.66701C0.87793 5.06621 1.43234 3.71036 2.54115 2.59946C3.64997 1.48856 5.00478 0.933105 6.60558 0.933105C8.2064 0.933105 9.56225 1.48781 10.6731 2.59723C11.784 3.70665 12.3395 5.0622 12.3395 6.66388C12.3395 7.35875 12.2164 8.03118 11.9703 8.68118C11.7241 9.33118 11.401 9.88696 11.001 10.3485L17.2626 16.61L16.5549 17.3177ZM6.6087 11.3947C7.93564 11.3947 9.05583 10.9379 9.96928 10.0245C10.8827 9.11099 11.3395 7.9908 11.3395 6.66388C11.3395 5.33696 10.8827 4.21677 9.96928 3.30331C9.05583 2.38984 7.93564 1.93311 6.6087 1.93311C5.28179 1.93311 4.1616 2.38984 3.24813 3.30331C2.33468 4.21677 1.87795 5.33696 1.87795 6.66388C1.87795 7.9908 2.33468 9.11099 3.24813 10.0245C4.1616 10.9379 5.28179 11.3947 6.6087 11.3947Z\" fill=\"white\"><\/path><\/svg>\t\t\t<\/a>\n\t\t<\/div>\n\t\t\t\t\t\t<\/div>\n\t\t\t\t<\/div>\n\t\t\t\t<\/div>\n\t\t\t\t<\/div>\n\t\t\t\t\t<\/div>\n\t\t\t\t<\/div>\n\t\t\t\t<\/div>","protected":false},"excerpt":{"rendered":"<p>Zur\u00fcck zur LPA-Analyse Die LPA-Analyse liefert Erkenntnisse und datenbasierte Pr\u00e4zision und vereint die Essenz von \u00dcbersicht und Detailanalyse. Sie beginnt mit intensiven Entdeckungsworkshops in der ausgew\u00e4hlten Abteilung, die als Grundlage f\u00fcr Transformationsbem\u00fchungen dienen. Diese Workshops erleichtern die Sammlung wichtiger Informationen zu bestehenden Prozessen und f\u00f6rdern eine tiefgreifende [...]<\/p>","protected":false},"author":3,"featured_media":0,"parent":4740,"menu_order":0,"comment_status":"closed","ping_status":"closed","template":"elementor_header_footer","meta":{"footnotes":""},"class_list":["post-4775","page","type-page","status-publish","hentry"],"_links":{"self":[{"href":"https:\/\/www.simplify.rs\/de\/wp-json\/wp\/v2\/pages\/4775","targetHints":{"allow":["GET"]}}],"collection":[{"href":"https:\/\/www.simplify.rs\/de\/wp-json\/wp\/v2\/pages"}],"about":[{"href":"https:\/\/www.simplify.rs\/de\/wp-json\/wp\/v2\/types\/page"}],"author":[{"embeddable":true,"href":"https:\/\/www.simplify.rs\/de\/wp-json\/wp\/v2\/users\/3"}],"replies":[{"embeddable":true,"href":"https:\/\/www.simplify.rs\/de\/wp-json\/wp\/v2\/comments?post=4775"}],"version-history":[{"count":0,"href":"https:\/\/www.simplify.rs\/de\/wp-json\/wp\/v2\/pages\/4775\/revisions"}],"up":[{"embeddable":true,"href":"https:\/\/www.simplify.rs\/de\/wp-json\/wp\/v2\/pages\/4740"}],"wp:attachment":[{"href":"https:\/\/www.simplify.rs\/de\/wp-json\/wp\/v2\/media?parent=4775"}],"curies":[{"name":"wp","href":"https:\/\/api.w.org\/{rel}","templated":true}]}}