{"id":5713,"date":"2024-10-21T16:22:37","date_gmt":"2024-10-21T16:22:37","guid":{"rendered":"https:\/\/simplify.rs\/?page_id=5713"},"modified":"2025-09-15T11:32:56","modified_gmt":"2025-09-15T11:32:56","slug":"the-balanced-scorecard","status":"publish","type":"page","link":"https:\/\/www.simplify.rs\/de\/strategisches-management\/die-balanced-scorecard\/","title":{"rendered":"Die Balanced Scorecard"},"content":{"rendered":"<div data-elementor-type=\"wp-page\" data-elementor-id=\"5713\" class=\"elementor elementor-5713\" data-elementor-post-type=\"page\">\n\t\t\t\t<div class=\"elementor-element elementor-element-595a5b3b e-con-full e-flex e-con e-child\" data-id=\"595a5b3b\" data-element_type=\"container\" data-settings=\"{&quot;position&quot;:&quot;fixed&quot;,&quot;background_background&quot;:&quot;classic&quot;}\">\n\t\t\t\t<div class=\"elementor-element elementor-element-4ed6d5ea elementor-widget__width-auto elementor-view-default elementor-widget elementor-widget-icon\" data-id=\"4ed6d5ea\" data-element_type=\"widget\" data-widget_type=\"icon.default\">\n\t\t\t\t<div class=\"elementor-widget-container\">\n\t\t\t\t\t\t\t<div class=\"elementor-icon-wrapper\">\n\t\t\t<a class=\"elementor-icon\" href=\"https:\/\/www.simplify.rs\/de\/kontakt\/#contact-btn\" target=\"_blank\" rel=\"noopener\">\n\t\t\t<svg xmlns=\"http:\/\/www.w3.org\/2000\/svg\" width=\"19\" height=\"19\" viewbox=\"0 0 19 19\" fill=\"none\"><path d=\"M9.07031 0.936523L17.5819 5.99037C17.728 6.09679 17.846 6.2282 17.9357 6.3846C18.0254 6.54101 18.0703 6.71089 18.0703 6.89422V17.1288C18.0703 17.5891 17.9161 17.9734 17.6078 18.2817C17.2995 18.5901 16.9152 18.7442 16.4549 18.7442H1.68569C1.22544 18.7442 0.841146 18.5901 0.532813 18.2817C0.224479 17.9734 0.0703125 17.5891 0.0703125 17.1288V6.89422C0.0703125 6.71089 0.115179 6.54101 0.204913 6.3846C0.294663 6.2282 0.412612 6.09679 0.558762 5.99037L9.07031 0.936523ZM9.07031 11.3942L16.8703 6.74422L9.07031 2.09422L1.27031 6.74422L9.07031 11.3942ZM9.07031 12.5519L1.07031 7.79037V17.1288C1.07031 17.3083 1.128 17.4558 1.24339 17.5711C1.35877 17.6865 1.5062 17.7442 1.68569 17.7442H16.4549C16.6344 17.7442 16.7819 17.6865 16.8972 17.5711C17.0126 17.4558 17.0703 17.3083 17.0703 17.1288V7.79037L9.07031 12.5519Z\" fill=\"white\"><\/path><\/svg>\t\t\t<\/a>\n\t\t<\/div>\n\t\t\t\t\t\t<\/div>\n\t\t\t\t<\/div>\n\t\t\t\t<\/div>\n\t\t<div class=\"elementor-element elementor-element-3df426d1 e-con-full e-flex e-con e-child\" data-id=\"3df426d1\" data-element_type=\"container\" data-settings=\"{&quot;position&quot;:&quot;fixed&quot;,&quot;background_background&quot;:&quot;classic&quot;}\">\n\t\t\t\t<div class=\"elementor-element elementor-element-1a52f17f elementor-widget__width-auto elementor-view-default elementor-widget elementor-widget-icon\" data-id=\"1a52f17f\" data-element_type=\"widget\" data-widget_type=\"icon.default\">\n\t\t\t\t<div class=\"elementor-widget-container\">\n\t\t\t\t\t\t\t<div class=\"elementor-icon-wrapper\">\n\t\t\t<a class=\"elementor-icon\" href=\"#elementor-action%3Aaction%3Dpopup%3Aopen%26settings%3DeyJpZCI6IjQzNzciLCJ0b2dnbGUiOmZhbHNlfQ%3D%3D\">\n\t\t\t<svg xmlns=\"http:\/\/www.w3.org\/2000\/svg\" width=\"18\" height=\"18\" viewbox=\"0 0 18 18\" fill=\"none\"><path d=\"M16.5549 17.3177L10.2933 11.0562C9.79333 11.4818 9.21833 11.8113 8.56833 12.0447C7.91833 12.278 7.26512 12.3947 6.6087 12.3947C5.00704 12.3947 3.6515 11.8402 2.54208 10.7314C1.43265 9.62261 0.87793 8.26781 0.87793 6.66701C0.87793 5.06621 1.43234 3.71036 2.54115 2.59946C3.64997 1.48856 5.00478 0.933105 6.60558 0.933105C8.2064 0.933105 9.56225 1.48781 10.6731 2.59723C11.784 3.70665 12.3395 5.0622 12.3395 6.66388C12.3395 7.35875 12.2164 8.03118 11.9703 8.68118C11.7241 9.33118 11.401 9.88696 11.001 10.3485L17.2626 16.61L16.5549 17.3177ZM6.6087 11.3947C7.93564 11.3947 9.05583 10.9379 9.96928 10.0245C10.8827 9.11099 11.3395 7.9908 11.3395 6.66388C11.3395 5.33696 10.8827 4.21677 9.96928 3.30331C9.05583 2.38984 7.93564 1.93311 6.6087 1.93311C5.28179 1.93311 4.1616 2.38984 3.24813 3.30331C2.33468 4.21677 1.87795 5.33696 1.87795 6.66388C1.87795 7.9908 2.33468 9.11099 3.24813 10.0245C4.1616 10.9379 5.28179 11.3947 6.6087 11.3947Z\" fill=\"white\"><\/path><\/svg>\t\t\t<\/a>\n\t\t<\/div>\n\t\t\t\t\t\t<\/div>\n\t\t\t\t<\/div>\n\t\t\t\t<\/div>\n\t\t<div class=\"elementor-element elementor-element-3bb6ef9 e-flex e-con-boxed e-con e-parent\" data-id=\"3bb6ef9\" data-element_type=\"container\" data-settings=\"{&quot;background_background&quot;:&quot;video&quot;}\">\n\t\t\t\t\t<div class=\"e-con-inner\">\n\t\t<div class=\"elementor-element elementor-element-2e4f469e e-con-full e-flex e-con e-child\" data-id=\"2e4f469e\" data-element_type=\"container\">\n\t\t\t\t<div class=\"elementor-element elementor-element-2f8e57b8 elementor-widget__width-initial elementor-widget elementor-widget-heading\" data-id=\"2f8e57b8\" data-element_type=\"widget\" data-widget_type=\"heading.default\">\n\t\t\t\t<div class=\"elementor-widget-container\">\n\t\t\t\t\t<h1 class=\"elementor-heading-title elementor-size-default\">Balanced Scorecard\n <\/h1>\t\t\t\t<\/div>\n\t\t\t\t<\/div>\n\t\t\t\t<div class=\"elementor-element elementor-element-182ab51f elementor-widget__width-initial elementor-widget elementor-widget-text-editor\" data-id=\"182ab51f\" data-element_type=\"widget\" data-widget_type=\"text-editor.default\">\n\t\t\t\t<div class=\"elementor-widget-container\">\n\t\t\t\t\t\t\t\t\t<p><strong>Balanced Scorecard<\/strong> ist ein strategisches Modell zur Steuerung der Unternehmensleistung. Entwickelt von Professoren der Harvard University, Kaplan University und Norton University, wird dieses Modell heute von zahlreichen globalen Unternehmen eingesetzt. Durch die Betrachtung der Finanz-, Kunden-, Prozess- sowie Lern- und Entwicklungsperspektiven bietet es einen umfassenden \u00dcberblick \u00fcber den Unternehmenserfolg. Im Laufe der Jahre wurde das Modell durch die Hinzuf\u00fcgung neuer und die Erweiterung bestehender Perspektiven verbessert.<\/p>\t\t\t\t\t\t\t\t<\/div>\n\t\t\t\t<\/div>\n\t\t\t\t<\/div>\n\t\t\t\t\t<\/div>\n\t\t\t\t<\/div>\n\t\t<div class=\"elementor-element elementor-element-39683257 e-flex e-con-boxed e-con e-parent\" data-id=\"39683257\" data-element_type=\"container\" data-settings=\"{&quot;background_background&quot;:&quot;classic&quot;}\">\n\t\t\t\t\t<div class=\"e-con-inner\">\n\t\t<div class=\"elementor-element elementor-element-773cba99 e-con-full elementor-hidden-mobile e-flex e-con e-child\" data-id=\"773cba99\" data-element_type=\"container\">\n\t\t\t\t<div class=\"elementor-element elementor-element-1b01c9d5 elementor-widget elementor-widget-image\" data-id=\"1b01c9d5\" data-element_type=\"widget\" data-widget_type=\"image.default\">\n\t\t\t\t<div class=\"elementor-widget-container\">\n\t\t\t\t\t\t\t\t\t\t\t\t\t\t\t<img fetchpriority=\"high\" decoding=\"async\" width=\"341\" height=\"256\" src=\"https:\/\/www.simplify.rs\/wp-content\/uploads\/2025\/07\/strelica-ka-desno.png\" class=\"attachment-full size-full wp-image-12163\" alt=\"\" srcset=\"https:\/\/www.simplify.rs\/wp-content\/uploads\/2025\/07\/strelica-ka-desno.png 341w, https:\/\/www.simplify.rs\/wp-content\/uploads\/2025\/07\/strelica-ka-desno-300x225.png 300w, https:\/\/www.simplify.rs\/wp-content\/uploads\/2025\/07\/strelica-ka-desno-16x12.png 16w\" sizes=\"(max-width: 341px) 100vw, 341px\" title=\"\">\t\t\t\t\t\t\t\t\t\t\t\t\t\t\t<\/div>\n\t\t\t\t<\/div>\n\t\t\t\t<\/div>\n\t\t<div class=\"elementor-element elementor-element-4f1c11a7 e-con-full e-flex e-con e-child\" data-id=\"4f1c11a7\" data-element_type=\"container\">\n\t\t\t\t<div class=\"elementor-element elementor-element-58064c7d elementor-widget elementor-widget-heading\" data-id=\"58064c7d\" data-element_type=\"widget\" data-widget_type=\"heading.default\">\n\t\t\t\t<div class=\"elementor-widget-container\">\n\t\t\t\t\t<h3 class=\"elementor-heading-title elementor-size-default\">Warum?<\/h3>\t\t\t\t<\/div>\n\t\t\t\t<\/div>\n\t\t\t\t<div class=\"elementor-element elementor-element-72a361e9 elementor-widget__width-initial elementor-widget elementor-widget-text-editor\" data-id=\"72a361e9\" data-element_type=\"widget\" data-widget_type=\"text-editor.default\">\n\t\t\t\t<div class=\"elementor-widget-container\">\n\t\t\t\t\t\t\t\t\t<p>Die Balanced Scorecard erm\u00f6glicht es Unternehmen, ihre Strategie in messbare Ziele und konkrete Ma\u00dfnahmen umzusetzen. Die Einf\u00fchrung dieses Modells gew\u00e4hrleistet die Ausrichtung strategischer Ziele an operativen Aktivit\u00e4ten, die klare Definition von Erfolgsindikatoren (KPIs) und die M\u00f6glichkeit, Ergebnisse aus allen Gesch\u00e4ftsperspektiven zu \u00fcberwachen.<\/p><p>Auf diese Weise erreichen Unternehmen eine bessere Koordination der Teams, transparentere Entscheidungsprozesse und eine h\u00f6here Effizienz. Das Modell misst nicht nur die Leistung, sondern hilft Organisationen auch, rechtzeitig auf Ver\u00e4nderungen zu reagieren und ihre Wettbewerbsposition zu verbessern.<\/p>\t\t\t\t\t\t\t\t<\/div>\n\t\t\t\t<\/div>\n\t\t\t\t<\/div>\n\t\t\t\t\t<\/div>\n\t\t\t\t<\/div>\n\t\t<div class=\"elementor-element elementor-element-2d955df5 e-flex e-con-boxed e-con e-parent\" data-id=\"2d955df5\" data-element_type=\"container\" data-settings=\"{&quot;background_background&quot;:&quot;classic&quot;}\">\n\t\t\t\t\t<div class=\"e-con-inner\">\n\t\t<div class=\"elementor-element elementor-element-437e6b1c e-con-full e-flex e-con e-child\" data-id=\"437e6b1c\" data-element_type=\"container\">\n\t\t\t\t<div class=\"elementor-element elementor-element-406264a2 elementor-widget elementor-widget-heading\" data-id=\"406264a2\" data-element_type=\"widget\" data-widget_type=\"heading.default\">\n\t\t\t\t<div class=\"elementor-widget-container\">\n\t\t\t\t\t<h3 class=\"elementor-heading-title elementor-size-default\">Zugang<\/h3>\t\t\t\t<\/div>\n\t\t\t\t<\/div>\n\t\t\t\t<div class=\"elementor-element elementor-element-34808671 elementor-widget__width-initial elementor-widget elementor-widget-text-editor\" data-id=\"34808671\" data-element_type=\"widget\" data-widget_type=\"text-editor.default\">\n\t\t\t\t<div class=\"elementor-widget-container\">\n\t\t\t\t\t\t\t\t\tSimplify bietet eine strategische Partnerschaft bei der Implementierung des Balanced Scorecard-Modells. Unsere Unterst\u00fctzung umfasst die Analyse der bestehenden Strategie, die Harmonisierung der strategischen Ziele, die Definition und Strukturierung von KPIs nach Perspektiven (Finanzen, Kunden, Prozesse, Lernen und Entwicklung) und deren Integration in das Balanced Scorecard-System.\t\t\t\t\t\t\t\t<\/div>\n\t\t\t\t<\/div>\n\t\t\t\t<\/div>\n\t\t<div class=\"elementor-element elementor-element-5b25e57b e-con-full elementor-hidden-mobile e-flex e-con e-child\" data-id=\"5b25e57b\" data-element_type=\"container\">\n\t\t\t\t<div class=\"elementor-element elementor-element-42ea963 elementor-widget elementor-widget-image\" data-id=\"42ea963\" data-element_type=\"widget\" data-widget_type=\"image.default\">\n\t\t\t\t<div class=\"elementor-widget-container\">\n\t\t\t\t\t\t\t\t\t\t\t\t\t\t\t<img decoding=\"async\" width=\"341\" height=\"256\" src=\"https:\/\/www.simplify.rs\/wp-content\/uploads\/2025\/08\/strelica-ka-levo-plava.png\" class=\"attachment-full size-full wp-image-13027\" alt=\"\" srcset=\"https:\/\/www.simplify.rs\/wp-content\/uploads\/2025\/08\/strelica-ka-levo-plava.png 341w, https:\/\/www.simplify.rs\/wp-content\/uploads\/2025\/08\/strelica-ka-levo-plava-300x225.png 300w, https:\/\/www.simplify.rs\/wp-content\/uploads\/2025\/08\/strelica-ka-levo-plava-16x12.png 16w\" sizes=\"(max-width: 341px) 100vw, 341px\" title=\"\">\t\t\t\t\t\t\t\t\t\t\t\t\t\t\t<\/div>\n\t\t\t\t<\/div>\n\t\t\t\t<\/div>\n\t\t\t\t\t<\/div>\n\t\t\t\t<\/div>\n\t\t\t\t<\/div>","protected":false},"excerpt":{"rendered":"<p>Die Balanced Scorecard ist ein strategisches Modell zur Steuerung der Unternehmensleistung. Entwickelt von Professoren der Harvard University, Kaplan und Norton, wird dieses Modell heute von zahlreichen globalen Unternehmen eingesetzt. Aus den Perspektiven Finanzen, Kunden, Prozesse sowie Lernen und Entwicklung bietet es einen umfassenden \u00dcberblick \u00fcber den Erfolg des Unternehmens. Im Laufe der Jahre wurde das Modell durch die Hinzunahme neuer und die Erweiterung bestehender Perspektiven verbessert. Warum? Balanced Scorecard [\u2026]<\/p>","protected":false},"author":3,"featured_media":0,"parent":5699,"menu_order":0,"comment_status":"closed","ping_status":"closed","template":"elementor_header_footer","meta":{"footnotes":""},"class_list":["post-5713","page","type-page","status-publish","hentry"],"_links":{"self":[{"href":"https:\/\/www.simplify.rs\/de\/wp-json\/wp\/v2\/pages\/5713","targetHints":{"allow":["GET"]}}],"collection":[{"href":"https:\/\/www.simplify.rs\/de\/wp-json\/wp\/v2\/pages"}],"about":[{"href":"https:\/\/www.simplify.rs\/de\/wp-json\/wp\/v2\/types\/page"}],"author":[{"embeddable":true,"href":"https:\/\/www.simplify.rs\/de\/wp-json\/wp\/v2\/users\/3"}],"replies":[{"embeddable":true,"href":"https:\/\/www.simplify.rs\/de\/wp-json\/wp\/v2\/comments?post=5713"}],"version-history":[{"count":3,"href":"https:\/\/www.simplify.rs\/de\/wp-json\/wp\/v2\/pages\/5713\/revisions"}],"predecessor-version":[{"id":13516,"href":"https:\/\/www.simplify.rs\/de\/wp-json\/wp\/v2\/pages\/5713\/revisions\/13516"}],"up":[{"embeddable":true,"href":"https:\/\/www.simplify.rs\/de\/wp-json\/wp\/v2\/pages\/5699"}],"wp:attachment":[{"href":"https:\/\/www.simplify.rs\/de\/wp-json\/wp\/v2\/media?parent=5713"}],"curies":[{"name":"wp","href":"https:\/\/api.w.org\/{rel}","templated":true}]}}