{"id":7263,"date":"2024-10-26T14:27:56","date_gmt":"2024-10-26T14:27:56","guid":{"rendered":"https:\/\/simplify.rs\/?page_id=7263"},"modified":"2025-11-12T09:12:17","modified_gmt":"2025-11-12T09:12:17","slug":"business-process-management","status":"publish","type":"page","link":"https:\/\/www.simplify.rs\/de\/dienstleistungen\/geschaftsprozessmanagement\/","title":{"rendered":"Gesch\u00e4ftsprozessmanagement"},"content":{"rendered":"<div data-elementor-type=\"wp-page\" data-elementor-id=\"7263\" class=\"elementor elementor-7263\" data-elementor-post-type=\"page\">\n\t\t\t\t<div class=\"elementor-element elementor-element-6f8b9fc e-con-full e-flex e-con e-parent\" data-id=\"6f8b9fc\" data-element_type=\"container\" data-settings=\"{&quot;background_background&quot;:&quot;classic&quot;}\">\n\t\t<div class=\"elementor-element elementor-element-09175e1 e-con-full e-flex e-con e-child\" data-id=\"09175e1\" data-element_type=\"container\">\n\t\t\t\t<div class=\"elementor-element elementor-element-40f744d elementor-widget__width-initial elementor-widget elementor-widget-heading\" data-id=\"40f744d\" data-element_type=\"widget\" data-widget_type=\"heading.default\">\n\t\t\t\t<div class=\"elementor-widget-container\">\n\t\t\t\t\t<h1 class=\"elementor-heading-title elementor-size-default\">Management <br> <span class=\"white\">Gesch\u00e4ftsprozesse<\/span>\n<\/h1>\t\t\t\t<\/div>\n\t\t\t\t<\/div>\n\t\t\t\t<div class=\"elementor-element elementor-element-1a3e0ba elementor-widget__width-initial elementor-widget elementor-widget-text-editor\" data-id=\"1a3e0ba\" data-element_type=\"widget\" data-widget_type=\"text-editor.default\">\n\t\t\t\t<div class=\"elementor-widget-container\">\n\t\t\t\t\t\t\t\t\t<p>In der heutigen Gesch\u00e4ftswelt folgt dem Erfolg oft Komplexit\u00e4t. Die F\u00e4higkeit, komplexe Prozesse zu steuern, kann \u00fcber den Erfolg einer Organisation entscheiden. Hier kommt effektives Business Process Management (BPM) ins Spiel. Die Nutzung der richtigen BPM-Tools ist nicht nur vorteilhaft; Es ist ein entscheidendes Element zur Sicherung des anhaltenden Erfolgs Ihres Unternehmens.<\/p>\t\t\t\t\t\t\t\t<\/div>\n\t\t\t\t<\/div>\n\t\t\t\t<\/div>\n\t\t\t\t<div class=\"elementor-element elementor-element-571b31f elementor-hidden-tablet elementor-hidden-mobile elementor-widget elementor-widget-html\" data-id=\"571b31f\" data-element_type=\"widget\" data-widget_type=\"html.default\">\n\t\t\t\t<div class=\"elementor-widget-container\">\n\t\t\t\t\t<div class=\"video-widget\">\n    <iframe \n        src=\"https:\/\/player.vimeo.com\/video\/911887037?background=1&autoplay=1&loop=1&muted=1\" \n        frameborder=\"0\" \n        allow=\"autoplay; fullscreen\" \n        allowfullscreen>\n    <\/iframe>\n<\/div>\t\t\t\t<\/div>\n\t\t\t\t<\/div>\n\t\t\t\t<div class=\"elementor-element elementor-element-dde904a elementor-hidden-desktop elementor-hidden-mobile elementor-widget elementor-widget-html\" data-id=\"dde904a\" data-element_type=\"widget\" data-widget_type=\"html.default\">\n\t\t\t\t<div class=\"elementor-widget-container\">\n\t\t\t\t\t<div class=\"video-widget-tablet\">\n    <video src=\"https:\/\/simplify.rs\/wp-content\/uploads\/2024\/08\/tablet.mp4\" autoplay loop muted playsinline><\/video>\n<\/div>\t\t\t\t<\/div>\n\t\t\t\t<\/div>\n\t\t\t\t<div class=\"elementor-element elementor-element-c021789 elementor-hidden-desktop elementor-hidden-tablet elementor-widget elementor-widget-html\" data-id=\"c021789\" data-element_type=\"widget\" data-widget_type=\"html.default\">\n\t\t\t\t<div class=\"elementor-widget-container\">\n\t\t\t\t\t<div class=\"video-widget-tablet\">\n    <video src=\"https:\/\/simplify.rs\/wp-content\/uploads\/2024\/10\/65895c2ef1b468de2a9fa27d_mobile-4k-2_1-transcode.mp4\" autoplay loop muted playsinline><\/video>\n<\/div>\t\t\t\t<\/div>\n\t\t\t\t<\/div>\n\t\t\t\t<\/div>\n\t\t<div class=\"elementor-element elementor-element-3c278a82 e-flex e-con-boxed e-con e-parent\" data-id=\"3c278a82\" data-element_type=\"container\" data-settings=\"{&quot;background_background&quot;:&quot;classic&quot;}\">\n\t\t\t\t\t<div class=\"e-con-inner\">\n\t\t<div class=\"elementor-element elementor-element-7b888dc7 e-con-full e-flex e-con e-child\" data-id=\"7b888dc7\" data-element_type=\"container\">\n\t\t\t\t<div class=\"elementor-element elementor-element-46d21e20 elementor-widget__width-initial elementor-widget elementor-widget-heading\" data-id=\"46d21e20\" data-element_type=\"widget\" data-widget_type=\"heading.default\">\n\t\t\t\t<div class=\"elementor-widget-container\">\n\t\t\t\t\t<h2 class=\"elementor-heading-title elementor-size-default\">Schl\u00fcsselelement <br> <span class=\"white\">jede Gesch\u00e4ftst\u00e4tigkeit<\/span>\n<\/h2>\t\t\t\t<\/div>\n\t\t\t\t<\/div>\n\t\t\t\t<div class=\"elementor-element elementor-element-7b07dbcd elementor-widget__width-initial elementor-widget elementor-widget-text-editor\" data-id=\"7b07dbcd\" data-element_type=\"widget\" data-widget_type=\"text-editor.default\">\n\t\t\t\t<div class=\"elementor-widget-container\">\n\t\t\t\t\t\t\t\t\t<p>Business Process Management (BPM) dient als grundlegender Rahmen f\u00fcr die sorgf\u00e4ltige \u00dcberwachung und kontinuierliche Verbesserung verschiedener Betriebsprozesse. BPM vereinfacht das komplexe Netzwerk Ihrer Organisationsprozesse und macht sie transparenter und handhabbarer.<br \/><br \/>Mit BPM k\u00f6nnen Entscheidungstr\u00e4ger ihren Fokus von allt\u00e4glichen betrieblichen Herausforderungen auf wichtigere Ziele verlagern, wie etwa die Verbesserung des Kundenerlebnisses und die Beibehaltung eines klaren Fokus auf Gewinn- und Verlustberichte (GuV).<\/p>\t\t\t\t\t\t\t\t<\/div>\n\t\t\t\t<\/div>\n\t\t\t\t<\/div>\n\t\t\t\t\t<\/div>\n\t\t\t\t<\/div>\n\t\t<div class=\"elementor-element elementor-element-28982888 e-flex e-con-boxed e-con e-parent\" data-id=\"28982888\" data-element_type=\"container\" data-settings=\"{&quot;background_background&quot;:&quot;classic&quot;}\">\n\t\t\t\t\t<div class=\"e-con-inner\">\n\t\t<div class=\"elementor-element elementor-element-1fba0019 e-con-full e-flex e-con e-child\" data-id=\"1fba0019\" data-element_type=\"container\">\n\t\t\t\t<div class=\"elementor-element elementor-element-1888aad6 elementor-widget elementor-widget-heading\" data-id=\"1888aad6\" data-element_type=\"widget\" data-widget_type=\"heading.default\">\n\t\t\t\t<div class=\"elementor-widget-container\">\n\t\t\t\t\t<h2 class=\"elementor-heading-title elementor-size-default\"><span class=\"linear_lightblue11\">Teil des Managements <\/span><br> <span class=\"white1\">Gesch\u00e4ftsprozesse<\/span><\/h2>\t\t\t\t<\/div>\n\t\t\t\t<\/div>\n\t\t\t\t<div class=\"elementor-element elementor-element-483e6b6a elementor-widget__width-initial elementor-widget elementor-widget-text-editor\" data-id=\"483e6b6a\" data-element_type=\"widget\" data-widget_type=\"text-editor.default\">\n\t\t\t\t<div class=\"elementor-widget-container\">\n\t\t\t\t\t\t\t\t\t<p>Der Hauptzweck der Verwendung von BPM als Teil Ihrer digitalen Transformation besteht darin, eine kontinuierliche Entwicklung voranzutreiben.<\/p>\t\t\t\t\t\t\t\t<\/div>\n\t\t\t\t<\/div>\n\t\t\t\t<\/div>\n\t\t<div class=\"elementor-element elementor-element-379d9e59 e-con-full e-flex e-con e-child\" data-id=\"379d9e59\" data-element_type=\"container\">\n\t\t\t\t<div class=\"elementor-element elementor-element-4957b61e elementor-widget elementor-widget-html\" data-id=\"4957b61e\" data-element_type=\"widget\" data-widget_type=\"html.default\">\n\t\t\t\t<div class=\"elementor-widget-container\">\n\t\t\t\t\t<!-- Uklju\u010divanje Swiper stilova -->\n<link rel=\"stylesheet\" href=\"https:\/\/cdn.jsdelivr.net\/npm\/swiper@11\/swiper-bundle.min.css\" \/>\n\n<style>\n    .swiper {\n        width: 100%;\n        height: 100vh;\n        position: relative;\n    }\n\n    .swiper-slide {\n        text-align: center;\n        font-size: 18px;\n        background: #fff;\n        display: flex;\n        justify-content: center;\n        align-items: center;\n        transition: all 0.3s ease;\n        gap: 40px;\n        height: auto!important;\n    }\n\n    .arrow-wrapper {\n        position: absolute;\n        right: 0;\n        top: 50%;\n        transform: translateY(-50%);\n        width: 50px;\n        height: 100px;\n        z-index: 10;\n        display: flex;\n        flex-direction: column;\n        justify-content: space-between;\n    }\n\n    .swiper-button-up,\n    .swiper-button-down {\n        cursor: pointer;\n    }\n    \n    .number {\n        width: 10%;\n        font-size: 33px;\n        margin: 0;\n    }\n    \n    .title {\n        font-size: 35px;\n        margin: 0;\n        font-weight: 400;\n    }\n    \n    .swiper-description {\n        font-size: 16px;\n        color: #999999;\n        font-family: var(--e-global-typography-0f5caaa-font-family);\n        margin: 30px 0 15px 0;\n    }\n    \n    .title-wrapper {\n        width: 65%;\n    }\n\n    .number,\n    .title {\n        color: #A9B7CA;\n        font-family: var(--e-global-typography-0f5caaa-font-family);\n        transition: all 0.3s ease;\n    }\n\n    .swiper-slide-active>.number,\n    .swiper-slide-active>.title-wrapper>.title {\n        color: #102EE6;\n    }\n\n    .swiper-read-more-button {\n        display: none;\n        opacity: 0;\n        transition: visibility 0s, opacity 0.3s linear;\n        border: 1px solid #102EE6;\n        color: #102EE6;\n        border-radius: 0;\n        margin-top: 15px;\n    }\n\n    .swiper-slide-active>.title-wrapper>.swiper-button-wrapper>.swiper-read-more-button {\n        display: flex;\n        opacity: 1;\n    }\n    \n    .swiper-slide-active>.title-wrapper>.swiper-button-wrapper>.swiper-read-more-button:hover {\n        background: transparent;\n        color: #102EE6;\n    }\n\n    .title-wrapper {\n        display: flex;\n        flex-direction: column;\n        align-items: center;\n        justify-content: center;\n    }\n    \n    @media screen and (max-width: 768px) {\n        .swiper {\n        width: 100%;\n        height: 410px;\n        position: relative;\n    }\n        .swiper-button-up {\n            transform: rotate(270deg);\n        }\n        .swiper-button-down {\n            transform: rotate(270deg);\n        }\n        .number,\n        .title {\n            font-size: 25px;\n        }\n        \n        .swiper-description {\n            font-size: 14px;\n            margin: 15px 0 0 0;\n        }\n        \n        .title-wrapper {\n            width: 90%;\n        }\n        .arrow-wrapper {\n        position: absolute;\n        right: 50px;\n        top: 90%;\n        transform: translateY(-50%);\n        width: 150px;\n        height: 100px;\n        z-index: 10;\n        display: flex;\n        flex-direction: row;\n        justify-content: space-between;\n    }\n    }\n    \n    @media screen and (max-width: 1300px) {\n        .number,\n        .title {\n            font-size: 28px;\n        }\n        \n        .swiper-description {\n            font-size: 14px;\n        }\n    }\n<\/style>\n\n\n<!-- Swiper struktura -->\n<div class=\"swiper mySwiper\">\n    <div class=\"swiper-wrapper\">\n        <div class=\"swiper-slide\">\n            <p class=\"number\">01<\/p>\n            <div class=\"title-wrapper\">\n                <h2 class=\"title\">Identifikation von Gesch\u00e4ftsprozessen<\/h2>\n                <p class=\"swiper-description\">Beginnen Sie Ihre Reise durch BPM, indem Sie Ihre vorhandenen Gesch\u00e4ftsprozesse identifizieren und verstehen. Identifizieren Sie Ineffizienzen, Engp\u00e4sse und Verbesserungsbereiche, um den Grundstein f\u00fcr die Transformation zu legen.<\/p>\n                <a class=\"swiper-button-wrapper\" href=\"https:\/\/www.simplify.rs\/de\/dienstleistungen\/geschaftsprozessmanagement\/geschaftsprozesserkennung\/\">\n                    <button class=\"swiper-read-more-button\">\n                        <svg width=\"23\" height=\"23\" viewbox=\"0 0 23 23\" fill=\"none\" xmlns=\"http:\/\/www.w3.org\/2000\/svg\">\n                            <mask id=\"mask0_167_1884\" style=\"mask-type:alpha\" maskunits=\"userSpaceOnUse\" x=\"0\" y=\"0\" width=\"22\" height=\"23\">\n                            <path d=\"M21.9894 0.456543H0.279297V22.1666H21.9894V0.456543Z\" fill=\"white\"\/>\n                            <\/mask>\n                            <g mask=\"url(#mask0_167_1884)\">\n                            <path d=\"M6.22266 17.4174L10.589 11.3115L6.22266 5.20557H7.88217L12.2485 11.3115L7.88217 17.4174H6.22266ZM11.5354 17.4174L15.9017 11.3115L11.5354 5.20557H13.1949L17.5613 11.3115L13.1949 17.4174H11.5354Z\" fill=\"#102EE6\"\/>\n                            <\/g>\n                        <\/svg>\n                        MEHR LESEN\n                    <\/button>\n                <\/a>\n            <\/div>\n        <\/div>\n        <div class=\"swiper-slide\">\n            <p class=\"number\">02<\/p>\n            <div class=\"title-wrapper\">\n                <h2 class=\"title\">Design und Entwicklung von Gesch\u00e4ftsprozessen<\/h2>\n                <p class=\"swiper-description\">Nach der Identifizierung entwerfen und entwickeln Sie optimierte Prozesse, die Ihren Zielen entsprechen. Erstellen Sie detaillierte Prozesskarten, um den aktuellen Status zu visualisieren und zuk\u00fcnftige Prozesse zu entwerfen.<\/p>\n                <a class=\"swiper-button-wrapper\" href=\"https:\/\/www.simplify.rs\/de\/dienstleistungen\/geschaftsprozessmanagement\/entwicklung-des-geschaftsprozessdesigns\/\">\n                    <button class=\"swiper-read-more-button\">\n                        <svg width=\"23\" height=\"23\" viewbox=\"0 0 23 23\" fill=\"none\" xmlns=\"http:\/\/www.w3.org\/2000\/svg\">\n                            <mask id=\"mask0_167_1884\" style=\"mask-type:alpha\" maskunits=\"userSpaceOnUse\" x=\"0\" y=\"0\" width=\"22\" height=\"23\">\n                            <path d=\"M21.9894 0.456543H0.279297V22.1666H21.9894V0.456543Z\" fill=\"white\"\/>\n                            <\/mask>\n                            <g mask=\"url(#mask0_167_1884)\">\n                            <path d=\"M6.22266 17.4174L10.589 11.3115L6.22266 5.20557H7.88217L12.2485 11.3115L7.88217 17.4174H6.22266ZM11.5354 17.4174L15.9017 11.3115L11.5354 5.20557H13.1949L17.5613 11.3115L13.1949 17.4174H11.5354Z\" fill=\"#102EE6\"\/>\n                            <\/g>\n                        <\/svg>\n                        MEHR LESEN\n                    <\/button>\n                <\/a>\n            <\/div>\n        <\/div>\n        <div class=\"swiper-slide\">\n            <p class=\"number\">03<\/p>\n            <div class=\"title-wrapper\">\n                <h2 class=\"title\">\u00dcberwachung von Gesch\u00e4ftsprozessen<\/h2>\n                <p class=\"swiper-description\">\u00dcberwachen Sie Ihre Prozesse genau und in Echtzeit. Verfolgen Sie wichtige Kennzahlen und Leistungsindikatoren, um Probleme schnell zu erkennen und datenbasierte Entscheidungen f\u00fcr weitere Verbesserungen zu treffen.<\/p>\n                <a class=\"swiper-button-wrapper\" href=\"https:\/\/www.simplify.rs\/de\/dienstleistungen\/geschaftsprozessmanagement\/uberwachung-von-geschaftsprozessen\/\">\n                    <button class=\"swiper-read-more-button\">\n                        <svg width=\"23\" height=\"23\" viewbox=\"0 0 23 23\" fill=\"none\" xmlns=\"http:\/\/www.w3.org\/2000\/svg\">\n                            <mask id=\"mask0_167_1884\" style=\"mask-type:alpha\" maskunits=\"userSpaceOnUse\" x=\"0\" y=\"0\" width=\"22\" height=\"23\">\n                            <path d=\"M21.9894 0.456543H0.279297V22.1666H21.9894V0.456543Z\" fill=\"white\"\/>\n                            <\/mask>\n                            <g mask=\"url(#mask0_167_1884)\">\n                            <path d=\"M6.22266 17.4174L10.589 11.3115L6.22266 5.20557H7.88217L12.2485 11.3115L7.88217 17.4174H6.22266ZM11.5354 17.4174L15.9017 11.3115L11.5354 5.20557H13.1949L17.5613 11.3115L13.1949 17.4174H11.5354Z\" fill=\"#102EE6\"\/>\n                            <\/g>\n                        <\/svg>\n                        MEHR LESEN\n                    <\/button>\n                <\/a>\n            <\/div>\n        <\/div>\n        <div class=\"swiper-slide\">\n            <p class=\"number\">04<\/p>\n            <div class=\"title-wrapper\">\n                <h2 class=\"title\">Standardisierung und Optimierung von Gesch\u00e4ftsprozessen<\/h2>\n                <p class=\"swiper-description\">Standardisieren Sie Ihre Prozesse, indem Sie eine einheitliche Struktur erstellen, die durch eine detaillierte und klare Prozessdokumentation unterst\u00fctzt wird. Bestimmen Sie, welche Prozesse Sie durch Lean Six Sigma, Automatisierung und andere Verbesserungsmethoden verbessern k\u00f6nnen, um die Nachhaltigkeit Ihrer Prozesse sicherzustellen.<\/p>\n                <a class=\"swiper-button-wrapper\" href=\"https:\/\/www.simplify.rs\/de\/dienstleistungen\/geschaftsprozessmanagement\/standardisierung-und-optimierung-von-geschaftsprozessen\/\">\n                    <button class=\"swiper-read-more-button\">\n                        <svg width=\"23\" height=\"23\" viewbox=\"0 0 23 23\" fill=\"none\" xmlns=\"http:\/\/www.w3.org\/2000\/svg\">\n                            <mask id=\"mask0_167_1884\" style=\"mask-type:alpha\" maskunits=\"userSpaceOnUse\" x=\"0\" y=\"0\" width=\"22\" height=\"23\">\n                            <path d=\"M21.9894 0.456543H0.279297V22.1666H21.9894V0.456543Z\" fill=\"white\"\/>\n                            <\/mask>\n                            <g mask=\"url(#mask0_167_1884)\">\n                            <path d=\"M6.22266 17.4174L10.589 11.3115L6.22266 5.20557H7.88217L12.2485 11.3115L7.88217 17.4174H6.22266ZM11.5354 17.4174L15.9017 11.3115L11.5354 5.20557H13.1949L17.5613 11.3115L13.1949 17.4174H11.5354Z\" fill=\"#102EE6\"\/>\n                            <\/g>\n                        <\/svg>\n                        MEHR LESEN\n                    <\/button>\n                <\/a>\n            <\/div>\n        <\/div>\n    <\/div>\n    <div class=\"arrow-wrapper\">\n        <div class=\"swiper-button-up\">\n            <svg xmlns=\"http:\/\/www.w3.org\/2000\/svg\" width=\"40\" height=\"18\" viewbox=\"0 0 16 7\">\n    <path fill=\"#102EE6\" d=\"M12.5 6a.47.47 0 0 1-.35-.15L8 1.71L3.85 5.85c-.2.2-.51.2-.71 0c-.2-.2-.2-.51 0-.71L7.65.65c.2-.2.51-.2.71 0l4.5 4.5c.2.2.2.51 0 .71c-.1.1-.23.15-.35.15Z\"\/>\n<\/svg>\n        <\/div>\n        <div class=\"swiper-button-down\">\n            <svg xmlns=\"http:\/\/www.w3.org\/2000\/svg\" width=\"40\" height=\"18\" viewbox=\"0 0 16 7\">\n    <path fill=\"#102EE6\" d=\"M8 6.5a.47.47 0 0 1-.35-.15l-4.5-4.5c-.2-.2-.2-.51 0-.71c.2-.2.51-.2.71 0l4.15 4.15l4.14-4.14c.2-.2.51-.2.71 0c.2.2.2.51 0 .71l-4.5 4.5c-.1.1-.23.15-.35.15Z\"\/>\n<\/svg>\n\n        <\/div>\n    <\/div>\n<\/div>\n\n<!-- Uklju\u010divanje Swiper skripte -->\n<script src=\"https:\/\/cdn.jsdelivr.net\/npm\/swiper@11\/swiper-bundle.min.js\"><\/script>\n\n<script>\n    var swiper = new Swiper(\".mySwiper\", {\n        direction: \"horizontal\",\n        slidesPerView: 1,\n        spaceBetween: 30,\n        loop: true,\n        centeredSlides: true,\n        navigation: {\n            nextEl: \".swiper-button-down\",\n            prevEl: \".swiper-button-up\",\n        },\n        mousewheel: true,\n        breakpoints: {\n            768: {\n              loop: true,\n              direction: \"vertical\",\n              slidesPerView: 3,\n            }\n        }\n    });\n<\/script>\n\n\n\n\n\n\t\t\t\t<\/div>\n\t\t\t\t<\/div>\n\t\t\t\t<\/div>\n\t\t\t\t\t<\/div>\n\t\t\t\t<\/div>\n\t\t<div class=\"elementor-element elementor-element-43aba573 e-flex e-con-boxed e-con e-parent\" data-id=\"43aba573\" data-element_type=\"container\">\n\t\t\t\t\t<div class=\"e-con-inner\">\n\t\t\t\t<div class=\"elementor-element elementor-element-421bc2d0 elementor-widget elementor-widget-heading\" data-id=\"421bc2d0\" data-element_type=\"widget\" data-widget_type=\"heading.default\">\n\t\t\t\t<div class=\"elementor-widget-container\">\n\t\t\t\t\t<h2 class=\"elementor-heading-title elementor-size-default\"><span class=\"linear_lightblue11\">Wie geht es dir?<\/span><br> <span class=\"white1\">K\u00f6nnen wir helfen?<\/span><\/h2>\t\t\t\t<\/div>\n\t\t\t\t<\/div>\n\t\t\t\t<div class=\"elementor-element elementor-element-29d25c13 elementor-widget__width-initial elementor-widget elementor-widget-text-editor\" data-id=\"29d25c13\" data-element_type=\"widget\" data-widget_type=\"text-editor.default\">\n\t\t\t\t<div class=\"elementor-widget-container\">\n\t\t\t\t\t\t\t\t\t<p class=\"success-p\">Wir \u00fcberlegen, wie wir Sie bei der effektiven Implementierung von Business Process Management (BPM) unterst\u00fctzen k\u00f6nnen? Bei Simplify verfolgen wir einen methodischen Ansatz, der sich an unserem etablierten Reifegradmodell orientiert und die Best Practices von BPMN 2.0 einh\u00e4lt, um Ihren Erfolg sicherzustellen.<\/p><p class=\"success-p\">Um eine reibungslose Implementierung zu gew\u00e4hrleisten, stellen wir unseren Kunden einen klaren Fahrplan zur Verf\u00fcgung, der Verantwortlichkeiten und wichtige Schritte zur Verbesserung ihrer Gesch\u00e4ftsprozesse definiert. Bei Bedarf integriert sich unser erfahrenes Team nahtlos in Ihr Unternehmen und stellt sicher, dass die Prozesstransformation maximale Wirkung erzielt.<\/p><p class=\"success-p\">Was uns auszeichnet, ist unsere umfassende Erfahrung in der Gesch\u00e4ftsanalyse und ein starkes Portfolio mit \u00fcber 200 erfolgreichen Projekten. Wir sind auf die h\u00e4ufigsten Fallstricke gesto\u00dfen und haben sie \u00fcberwunden. Dadurch verf\u00fcgen wir \u00fcber die notwendigen Erkenntnisse, um BPM-Transformationen reibungslos durchzuf\u00fchren.<br \/><br \/>Unser Team nutzt fortschrittliche Technologien, verf\u00fcgt aber gleichzeitig \u00fcber ausgepr\u00e4gte analytische F\u00e4higkeiten und gesunden Menschenverstand. Diese einzigartige Kombination erm\u00f6glicht es uns, Gesch\u00e4ftsprozesse in unterschiedlichen Branchen umfassend zu analysieren, zu verstehen, zu gestalten und zu optimieren.<br \/><br \/>Eine Partnerschaft mit Simplify beschleunigt Ihren BPM-Weg zu verbesserter Effizienz und nachhaltigem Erfolg.<\/p>\t\t\t\t\t\t\t\t<\/div>\n\t\t\t\t<\/div>\n\t\t\t\t\t<\/div>\n\t\t\t\t<\/div>\n\t\t<div class=\"elementor-element elementor-element-68e8e64 e-con-full e-flex e-con e-child\" data-id=\"68e8e64\" data-element_type=\"container\" data-settings=\"{&quot;position&quot;:&quot;fixed&quot;,&quot;background_background&quot;:&quot;classic&quot;}\">\n\t\t\t\t<div class=\"elementor-element elementor-element-1c809ab elementor-widget__width-auto elementor-view-default elementor-widget elementor-widget-icon\" data-id=\"1c809ab\" data-element_type=\"widget\" data-widget_type=\"icon.default\">\n\t\t\t\t<div class=\"elementor-widget-container\">\n\t\t\t\t\t\t\t<div class=\"elementor-icon-wrapper\">\n\t\t\t<a class=\"elementor-icon\" href=\"https:\/\/www.simplify.rs\/de\/kontakt\/#contact-btn\" target=\"_blank\" rel=\"noopener\">\n\t\t\t<svg xmlns=\"http:\/\/www.w3.org\/2000\/svg\" width=\"19\" height=\"19\" viewbox=\"0 0 19 19\" fill=\"none\"><path d=\"M9.07031 0.936523L17.5819 5.99037C17.728 6.09679 17.846 6.2282 17.9357 6.3846C18.0254 6.54101 18.0703 6.71089 18.0703 6.89422V17.1288C18.0703 17.5891 17.9161 17.9734 17.6078 18.2817C17.2995 18.5901 16.9152 18.7442 16.4549 18.7442H1.68569C1.22544 18.7442 0.841146 18.5901 0.532813 18.2817C0.224479 17.9734 0.0703125 17.5891 0.0703125 17.1288V6.89422C0.0703125 6.71089 0.115179 6.54101 0.204913 6.3846C0.294663 6.2282 0.412612 6.09679 0.558762 5.99037L9.07031 0.936523ZM9.07031 11.3942L16.8703 6.74422L9.07031 2.09422L1.27031 6.74422L9.07031 11.3942ZM9.07031 12.5519L1.07031 7.79037V17.1288C1.07031 17.3083 1.128 17.4558 1.24339 17.5711C1.35877 17.6865 1.5062 17.7442 1.68569 17.7442H16.4549C16.6344 17.7442 16.7819 17.6865 16.8972 17.5711C17.0126 17.4558 17.0703 17.3083 17.0703 17.1288V7.79037L9.07031 12.5519Z\" fill=\"white\"><\/path><\/svg>\t\t\t<\/a>\n\t\t<\/div>\n\t\t\t\t\t\t<\/div>\n\t\t\t\t<\/div>\n\t\t\t\t<\/div>\n\t\t<div class=\"elementor-element elementor-element-21f052b e-con-full e-flex e-con e-child\" data-id=\"21f052b\" data-element_type=\"container\" data-settings=\"{&quot;position&quot;:&quot;fixed&quot;,&quot;background_background&quot;:&quot;classic&quot;}\">\n\t\t\t\t<div class=\"elementor-element elementor-element-e22de74 elementor-widget__width-auto elementor-view-default elementor-widget elementor-widget-icon\" data-id=\"e22de74\" data-element_type=\"widget\" data-widget_type=\"icon.default\">\n\t\t\t\t<div class=\"elementor-widget-container\">\n\t\t\t\t\t\t\t<div class=\"elementor-icon-wrapper\">\n\t\t\t<a class=\"elementor-icon\" href=\"#elementor-action%3Aaction%3Dpopup%3Aopen%26settings%3DeyJpZCI6IjQzNzciLCJ0b2dnbGUiOmZhbHNlfQ%3D%3D\">\n\t\t\t<svg xmlns=\"http:\/\/www.w3.org\/2000\/svg\" width=\"18\" height=\"18\" viewbox=\"0 0 18 18\" fill=\"none\"><path d=\"M16.5549 17.3177L10.2933 11.0562C9.79333 11.4818 9.21833 11.8113 8.56833 12.0447C7.91833 12.278 7.26512 12.3947 6.6087 12.3947C5.00704 12.3947 3.6515 11.8402 2.54208 10.7314C1.43265 9.62261 0.87793 8.26781 0.87793 6.66701C0.87793 5.06621 1.43234 3.71036 2.54115 2.59946C3.64997 1.48856 5.00478 0.933105 6.60558 0.933105C8.2064 0.933105 9.56225 1.48781 10.6731 2.59723C11.784 3.70665 12.3395 5.0622 12.3395 6.66388C12.3395 7.35875 12.2164 8.03118 11.9703 8.68118C11.7241 9.33118 11.401 9.88696 11.001 10.3485L17.2626 16.61L16.5549 17.3177ZM6.6087 11.3947C7.93564 11.3947 9.05583 10.9379 9.96928 10.0245C10.8827 9.11099 11.3395 7.9908 11.3395 6.66388C11.3395 5.33696 10.8827 4.21677 9.96928 3.30331C9.05583 2.38984 7.93564 1.93311 6.6087 1.93311C5.28179 1.93311 4.1616 2.38984 3.24813 3.30331C2.33468 4.21677 1.87795 5.33696 1.87795 6.66388C1.87795 7.9908 2.33468 9.11099 3.24813 10.0245C4.1616 10.9379 5.28179 11.3947 6.6087 11.3947Z\" fill=\"white\"><\/path><\/svg>\t\t\t<\/a>\n\t\t<\/div>\n\t\t\t\t\t\t<\/div>\n\t\t\t\t<\/div>\n\t\t\t\t<\/div>\n\t\t\t\t<\/div>","protected":false},"excerpt":{"rendered":"<p>Gesch\u00e4ftsprozessmanagement: In der modernen Gesch\u00e4ftswelt folgt Komplexit\u00e4t oft dem Erfolg. Die F\u00e4higkeit, komplexe Prozesse zu steuern, kann \u00fcber den Erfolg eines Unternehmens entscheiden. Hier kommt effektives Gesch\u00e4ftsprozessmanagement (BPM) ins Spiel. Der Einsatz der richtigen BPM-Tools ist nicht nur vorteilhaft, sondern ein entscheidender Faktor f\u00fcr den anhaltenden Erfolg Ihres Unternehmens. Als Schl\u00fcsselelement jedes Gesch\u00e4ftsbetriebs dient Business Process Management (BPM) als [\u2026]<\/p>","protected":false},"author":3,"featured_media":0,"parent":19,"menu_order":0,"comment_status":"closed","ping_status":"closed","template":"elementor_header_footer","meta":{"footnotes":""},"class_list":["post-7263","page","type-page","status-publish","hentry"],"_links":{"self":[{"href":"https:\/\/www.simplify.rs\/de\/wp-json\/wp\/v2\/pages\/7263","targetHints":{"allow":["GET"]}}],"collection":[{"href":"https:\/\/www.simplify.rs\/de\/wp-json\/wp\/v2\/pages"}],"about":[{"href":"https:\/\/www.simplify.rs\/de\/wp-json\/wp\/v2\/types\/page"}],"author":[{"embeddable":true,"href":"https:\/\/www.simplify.rs\/de\/wp-json\/wp\/v2\/users\/3"}],"replies":[{"embeddable":true,"href":"https:\/\/www.simplify.rs\/de\/wp-json\/wp\/v2\/comments?post=7263"}],"version-history":[{"count":5,"href":"https:\/\/www.simplify.rs\/de\/wp-json\/wp\/v2\/pages\/7263\/revisions"}],"predecessor-version":[{"id":13910,"href":"https:\/\/www.simplify.rs\/de\/wp-json\/wp\/v2\/pages\/7263\/revisions\/13910"}],"up":[{"embeddable":true,"href":"https:\/\/www.simplify.rs\/de\/wp-json\/wp\/v2\/pages\/19"}],"wp:attachment":[{"href":"https:\/\/www.simplify.rs\/de\/wp-json\/wp\/v2\/media?parent=7263"}],"curies":[{"name":"wp","href":"https:\/\/api.w.org\/{rel}","templated":true}]}}