{"id":12930,"date":"2025-08-20T08:38:57","date_gmt":"2025-08-20T08:38:57","guid":{"rendered":"https:\/\/www.simplify.rs\/?page_id=12930"},"modified":"2025-10-20T11:06:56","modified_gmt":"2025-10-20T11:06:56","slug":"six-sigma-trening-black-belt","status":"publish","type":"page","link":"https:\/\/www.simplify.rs\/en\/training\/six-sigma-training-black-belt\/","title":{"rendered":"Six Sigma Black Belt training"},"content":{"rendered":"<div data-elementor-type=\"wp-page\" data-elementor-id=\"12930\" class=\"elementor elementor-12930\" data-elementor-post-type=\"page\">\n\t\t\t\t<div class=\"elementor-element elementor-element-3656ecb9 e-con-full e-flex e-con e-child\" data-id=\"3656ecb9\" data-element_type=\"container\" data-settings=\"{&quot;position&quot;:&quot;fixed&quot;,&quot;background_background&quot;:&quot;classic&quot;}\">\n\t\t\t\t<div class=\"elementor-element elementor-element-576ac5ab elementor-widget__width-auto elementor-view-default elementor-widget elementor-widget-icon\" data-id=\"576ac5ab\" data-element_type=\"widget\" data-widget_type=\"icon.default\">\n\t\t\t\t<div class=\"elementor-widget-container\">\n\t\t\t\t\t\t\t<div class=\"elementor-icon-wrapper\">\n\t\t\t<a class=\"elementor-icon\" href=\"https:\/\/www.simplify.rs\/en\/kontakt\/#contact-btn\" target=\"_blank\" rel=\"noopener\">\n\t\t\t<svg xmlns=\"http:\/\/www.w3.org\/2000\/svg\" width=\"19\" height=\"19\" viewbox=\"0 0 19 19\" fill=\"none\"><path d=\"M9.07031 0.936523L17.5819 5.99037C17.728 6.09679 17.846 6.2282 17.9357 6.3846C18.0254 6.54101 18.0703 6.71089 18.0703 6.89422V17.1288C18.0703 17.5891 17.9161 17.9734 17.6078 18.2817C17.2995 18.5901 16.9152 18.7442 16.4549 18.7442H1.68569C1.22544 18.7442 0.841146 18.5901 0.532813 18.2817C0.224479 17.9734 0.0703125 17.5891 0.0703125 17.1288V6.89422C0.0703125 6.71089 0.115179 6.54101 0.204913 6.3846C0.294663 6.2282 0.412612 6.09679 0.558762 5.99037L9.07031 0.936523ZM9.07031 11.3942L16.8703 6.74422L9.07031 2.09422L1.27031 6.74422L9.07031 11.3942ZM9.07031 12.5519L1.07031 7.79037V17.1288C1.07031 17.3083 1.128 17.4558 1.24339 17.5711C1.35877 17.6865 1.5062 17.7442 1.68569 17.7442H16.4549C16.6344 17.7442 16.7819 17.6865 16.8972 17.5711C17.0126 17.4558 17.0703 17.3083 17.0703 17.1288V7.79037L9.07031 12.5519Z\" fill=\"white\"><\/path><\/svg>\t\t\t<\/a>\n\t\t<\/div>\n\t\t\t\t\t\t<\/div>\n\t\t\t\t<\/div>\n\t\t\t\t<\/div>\n\t\t<div class=\"elementor-element elementor-element-3e6e99db e-con-full e-flex e-con e-child\" data-id=\"3e6e99db\" data-element_type=\"container\" data-settings=\"{&quot;position&quot;:&quot;fixed&quot;,&quot;background_background&quot;:&quot;classic&quot;}\">\n\t\t\t\t<div class=\"elementor-element elementor-element-26251323 elementor-widget__width-auto elementor-view-default elementor-widget elementor-widget-icon\" data-id=\"26251323\" data-element_type=\"widget\" data-widget_type=\"icon.default\">\n\t\t\t\t<div class=\"elementor-widget-container\">\n\t\t\t\t\t\t\t<div class=\"elementor-icon-wrapper\">\n\t\t\t<a class=\"elementor-icon\" href=\"#elementor-action%3Aaction%3Dpopup%3Aopen%26settings%3DeyJpZCI6IjQzNzciLCJ0b2dnbGUiOmZhbHNlfQ%3D%3D\">\n\t\t\t<svg xmlns=\"http:\/\/www.w3.org\/2000\/svg\" width=\"18\" height=\"18\" viewbox=\"0 0 18 18\" fill=\"none\"><path d=\"M16.5549 17.3177L10.2933 11.0562C9.79333 11.4818 9.21833 11.8113 8.56833 12.0447C7.91833 12.278 7.26512 12.3947 6.6087 12.3947C5.00704 12.3947 3.6515 11.8402 2.54208 10.7314C1.43265 9.62261 0.87793 8.26781 0.87793 6.66701C0.87793 5.06621 1.43234 3.71036 2.54115 2.59946C3.64997 1.48856 5.00478 0.933105 6.60558 0.933105C8.2064 0.933105 9.56225 1.48781 10.6731 2.59723C11.784 3.70665 12.3395 5.0622 12.3395 6.66388C12.3395 7.35875 12.2164 8.03118 11.9703 8.68118C11.7241 9.33118 11.401 9.88696 11.001 10.3485L17.2626 16.61L16.5549 17.3177ZM6.6087 11.3947C7.93564 11.3947 9.05583 10.9379 9.96928 10.0245C10.8827 9.11099 11.3395 7.9908 11.3395 6.66388C11.3395 5.33696 10.8827 4.21677 9.96928 3.30331C9.05583 2.38984 7.93564 1.93311 6.6087 1.93311C5.28179 1.93311 4.1616 2.38984 3.24813 3.30331C2.33468 4.21677 1.87795 5.33696 1.87795 6.66388C1.87795 7.9908 2.33468 9.11099 3.24813 10.0245C4.1616 10.9379 5.28179 11.3947 6.6087 11.3947Z\" fill=\"white\"><\/path><\/svg>\t\t\t<\/a>\n\t\t<\/div>\n\t\t\t\t\t\t<\/div>\n\t\t\t\t<\/div>\n\t\t\t\t<\/div>\n\t\t<div class=\"elementor-element elementor-element-4a203557 e-flex e-con-boxed e-con e-parent\" data-id=\"4a203557\" data-element_type=\"container\" data-settings=\"{&quot;background_background&quot;:&quot;video&quot;}\">\n\t\t\t\t\t<div class=\"e-con-inner\">\n\t\t<div class=\"elementor-element elementor-element-56fce7d1 e-con-full e-flex e-con e-child\" data-id=\"56fce7d1\" data-element_type=\"container\">\n\t\t\t\t<div class=\"elementor-element elementor-element-646e182e elementor-widget__width-initial elementor-widget elementor-widget-heading\" data-id=\"646e182e\" data-element_type=\"widget\" data-widget_type=\"heading.default\">\n\t\t\t\t<div class=\"elementor-widget-container\">\n\t\t\t\t\t<h1 class=\"elementor-heading-title elementor-size-default\">Six Sigma  <br><span class=\"white\">Black Belt<\/span>\n<\/h1>\t\t\t\t<\/div>\n\t\t\t\t<\/div>\n\t\t\t\t<div class=\"elementor-element elementor-element-795b950a elementor-widget__width-initial elementor-widget elementor-widget-text-editor\" data-id=\"795b950a\" data-element_type=\"widget\" data-widget_type=\"text-editor.default\">\n\t\t\t\t<div class=\"elementor-widget-container\">\n\t\t\t\t\t\t\t\t\t<p><strong>Six Sigma is a data-driven process improvement methodology that uses analytical tools and a structured approach (DMAIC) to reduce variation, eliminate errors, and increase efficiency.<\/strong><\/p><p><strong>\u00a0<\/strong><\/p>\t\t\t\t\t\t\t\t<\/div>\n\t\t\t\t<\/div>\n\t\t\t\t<\/div>\n\t\t\t\t\t<\/div>\n\t\t\t\t<\/div>\n\t\t<div class=\"elementor-element elementor-element-29e829ff e-flex e-con-boxed e-con e-parent\" data-id=\"29e829ff\" data-element_type=\"container\" data-settings=\"{&quot;background_background&quot;:&quot;classic&quot;}\">\n\t\t\t\t\t<div class=\"e-con-inner\">\n\t\t<div class=\"elementor-element elementor-element-83ae50d e-con-full e-flex e-con e-child\" data-id=\"83ae50d\" data-element_type=\"container\">\n\t\t\t\t<div class=\"elementor-element elementor-element-4302f630 elementor-widget elementor-widget-heading\" data-id=\"4302f630\" data-element_type=\"widget\" data-widget_type=\"heading.default\">\n\t\t\t\t<div class=\"elementor-widget-container\">\n\t\t\t\t\t<h3 class=\"elementor-heading-title elementor-size-default\"><span style=\"color:#ffffff\"> Become a Six Sigma expert <\/span><\/h3>\t\t\t\t<\/div>\n\t\t\t\t<\/div>\n\t\t\t\t<div class=\"elementor-element elementor-element-265b1214 elementor-widget__width-initial elementor-widget elementor-widget-text-editor\" data-id=\"265b1214\" data-element_type=\"widget\" data-widget_type=\"text-editor.default\">\n\t\t\t\t<div class=\"elementor-widget-container\">\n\t\t\t\t\t\t\t\t\t<p>Black Belt training represents the most advanced level of Six Sigma certification and is intended for professionals who lead complex improvement projects and have a key role in the strategic development of the organization. During the training, participants acquire in-depth knowledge in the field of advanced statistical analysis, change management, team management and financial assessment of the impact of projects. The focus is on the use of advanced tools such as regression analysis, hypothesis testing, DOE (Design of Experiments), process capability analysis, as well as mentoring for Green Belt teams.<\/p>\t\t\t\t\t\t\t\t<\/div>\n\t\t\t\t<\/div>\n\t\t\t\t<\/div>\n\t\t\t\t\t<\/div>\n\t\t\t\t<\/div>\n\t\t<div class=\"elementor-element elementor-element-55b19b48 e-flex e-con-boxed e-con e-parent\" data-id=\"55b19b48\" data-element_type=\"container\">\n\t\t\t\t\t<div class=\"e-con-inner\">\n\t\t<div class=\"elementor-element elementor-element-26b19db1 e-con-full e-flex e-con e-child\" data-id=\"26b19db1\" data-element_type=\"container\">\n\t\t\t\t<div class=\"elementor-element elementor-element-7695878d elementor-widget__width-inherit elementor-widget elementor-widget-heading\" data-id=\"7695878d\" data-element_type=\"widget\" data-widget_type=\"heading.default\">\n\t\t\t\t<div class=\"elementor-widget-container\">\n\t\t\t\t\t<h3 class=\"elementor-heading-title elementor-size-default\"><span style=\"color:#4585F2\">Who is Black Belt training for?<\/h3>\t\t\t\t<\/div>\n\t\t\t\t<\/div>\n\t\t\t\t<div class=\"elementor-element elementor-element-11327913 elementor-widget elementor-widget-text-editor\" data-id=\"11327913\" data-element_type=\"widget\" data-widget_type=\"text-editor.default\">\n\t\t\t\t<div class=\"elementor-widget-container\">\n\t\t\t\t\t\t\t\t\t<p>The training is intended for managers, project managers, analysts and professionals who have previous Green Belt knowledge and experience, and want to take a leading role in the implementation and mentoring of Six Sigma projects within the organization.<\/p>\t\t\t\t\t\t\t\t<\/div>\n\t\t\t\t<\/div>\n\t\t\t\t<\/div>\n\t\t\t\t\t<\/div>\n\t\t\t\t<\/div>\n\t\t<div class=\"elementor-element elementor-element-5901f34a e-flex e-con-boxed e-con e-parent\" data-id=\"5901f34a\" data-element_type=\"container\" data-settings=\"{&quot;background_background&quot;:&quot;video&quot;}\">\n\t\t\t\t\t<div class=\"e-con-inner\">\n\t\t<div class=\"elementor-element elementor-element-7f0501ce e-con-full e-flex e-con e-child\" data-id=\"7f0501ce\" data-element_type=\"container\">\n\t\t\t\t<div class=\"elementor-element elementor-element-7c8a88b6 elementor-widget elementor-widget-heading\" data-id=\"7c8a88b6\" data-element_type=\"widget\" data-widget_type=\"heading.default\">\n\t\t\t\t<div class=\"elementor-widget-container\">\n\t\t\t\t\t<h3 class=\"elementor-heading-title elementor-size-default\"> <span style=\"color:#ffffff\">Agenda<\/span> <\/h3>\t\t\t\t<\/div>\n\t\t\t\t<\/div>\n\t\t\t\t<div class=\"elementor-element elementor-element-64d9e7a3 elementor-widget__width-initial elementor-widget elementor-widget-text-editor\" data-id=\"64d9e7a3\" data-element_type=\"widget\" data-widget_type=\"text-editor.default\">\n\t\t\t\t<div class=\"elementor-widget-container\">\n\t\t\t\t\t\t\t\t\t<p>Training duration \u2013 4 days (1680 minutes in total). The training is divided into eight parts, two per day - each lasting 210 minutes.<\/p>\t\t\t\t\t\t\t\t<\/div>\n\t\t\t\t<\/div>\n\t\t\t\t<div class=\"elementor-element elementor-element-5a72a8a3 elementor-arrows-position-inside elementor-widget elementor-widget-n-carousel\" data-id=\"5a72a8a3\" data-element_type=\"widget\" data-settings=\"{&quot;carousel_items&quot;:[{&quot;slide_title&quot;:&quot;\\u0421\\u043b\\u0430\\u0458\\u0434 1\\u0422\\u041f8\\u04221&quot;,&quot;_id&quot;:&quot;d5ff068&quot;},{&quot;slide_title&quot;:&quot;\\u0421\\u043b\\u0430\\u0458\\u0434 1\\u0422\\u041f8\\u04222&quot;,&quot;_id&quot;:&quot;ed9fb59&quot;},{&quot;slide_title&quot;:&quot;\\u0421\\u043b\\u0430\\u0458\\u0434 1\\u0422\\u041f8\\u04223&quot;,&quot;_id&quot;:&quot;2b34dc2&quot;},{&quot;slide_title&quot;:&quot;\\u0421\\u043b\\u0430\\u0458\\u0434 1\\u0422\\u041f8\\u04222&quot;,&quot;_id&quot;:&quot;2fc90f0&quot;},{&quot;slide_title&quot;:&quot;\\u0421\\u043b\\u0430\\u0458\\u0434 1\\u0422\\u041f8\\u04222&quot;,&quot;_id&quot;:&quot;a418ff1&quot;},{&quot;slide_title&quot;:&quot;\\u0421\\u043b\\u0430\\u0458\\u0434 1\\u0422\\u041f8\\u04222&quot;,&quot;_id&quot;:&quot;fabe7fb&quot;},{&quot;slide_title&quot;:&quot;\\u0421\\u043b\\u0430\\u0458\\u0434 1\\u0422\\u041f8\\u04222&quot;,&quot;_id&quot;:&quot;8b8a2bd&quot;},{&quot;slide_title&quot;:&quot;\\u0421\\u043b\\u0430\\u0458\\u0434 1\\u0422\\u041f8\\u04222&quot;,&quot;_id&quot;:&quot;e0a0ee5&quot;}],&quot;image_spacing_custom&quot;:{&quot;unit&quot;:&quot;px&quot;,&quot;size&quot;:80,&quot;sizes&quot;:[]},&quot;slides_to_show&quot;:&quot;3&quot;,&quot;slides_to_scroll&quot;:&quot;1&quot;,&quot;slides_to_show_tablet&quot;:&quot;2&quot;,&quot;slides_to_show_mobile&quot;:&quot;1&quot;,&quot;autoplay&quot;:&quot;yes&quot;,&quot;autoplay_speed&quot;:5000,&quot;pause_on_hover&quot;:&quot;yes&quot;,&quot;pause_on_interaction&quot;:&quot;yes&quot;,&quot;speed&quot;:500,&quot;arrows&quot;:&quot;yes&quot;,&quot;image_spacing_custom_tablet&quot;:{&quot;unit&quot;:&quot;px&quot;,&quot;size&quot;:&quot;&quot;,&quot;sizes&quot;:[]},&quot;image_spacing_custom_mobile&quot;:{&quot;unit&quot;:&quot;px&quot;,&quot;size&quot;:&quot;&quot;,&quot;sizes&quot;:[]}}\" data-widget_type=\"nested-carousel.default\">\n\t\t\t\t<div class=\"elementor-widget-container\">\n\t\t\t\t\t\t\t<div class=\"e-n-carousel swiper\" role=\"region\" aria-roledescription=\"carousel\" aria-label=\"Carousel\" dir=\"ltr\">\n\t\t\t<div class=\"swiper-wrapper\" aria-live=\"off\">\n\t\t\t\t\t\t\t\t\t\t<div class=\"swiper-slide\" data-slide=\"1\" role=\"group\" aria-roledescription=\"slide\" aria-label=\"%s from %d\">\n\t\t\t\t\t\t\t<div class=\"elementor-element elementor-element-67f04d49 e-flex e-con-boxed e-con e-child\" data-id=\"67f04d49\" data-element_type=\"container\">\n\t\t\t\t\t<div class=\"e-con-inner\">\n\t\t\t\t<div class=\"elementor-element elementor-element-61339080 elementor-widget__width-inherit elementor-widget elementor-widget-text-editor\" data-id=\"61339080\" data-element_type=\"widget\" data-widget_type=\"text-editor.default\">\n\t\t\t\t<div class=\"elementor-widget-container\">\n\t\t\t\t\t\t\t\t\t<p>01 Six Sigma strategy and the role of the Black Belt:<\/p>\t\t\t\t\t\t\t\t<\/div>\n\t\t\t\t<\/div>\n\t\t\t\t<div class=\"elementor-element elementor-element-667f614d elementor-widget__width-initial elementor-widget elementor-widget-text-editor\" data-id=\"667f614d\" data-element_type=\"widget\" data-widget_type=\"text-editor.default\">\n\t\t\t\t<div class=\"elementor-widget-container\">\n\t\t\t\t\t\t\t\t\t<p>Six Sigma within the organization&#039;s strategy<\/p><p>Change management and stakeholder engagement<\/p><p>Project selection and portfolio<\/p><p>The role of the leader in leading the team and developing a culture of quality<\/p>\t\t\t\t\t\t\t\t<\/div>\n\t\t\t\t<\/div>\n\t\t\t\t\t<\/div>\n\t\t\t\t<\/div>\n\t\t\t\t\t\t\t\t<\/div>\n\t\t\t\t\t\t\t\t\t\t\t<div class=\"swiper-slide\" data-slide=\"2\" role=\"group\" aria-roledescription=\"slide\" aria-label=\"%s from %d\">\n\t\t\t\t\t\t\t<div class=\"elementor-element elementor-element-283f3b11 e-flex e-con-boxed e-con e-child\" data-id=\"283f3b11\" data-element_type=\"container\">\n\t\t\t\t\t<div class=\"e-con-inner\">\n\t\t\t\t<div class=\"elementor-element elementor-element-40a817ff elementor-widget__width-inherit elementor-widget elementor-widget-text-editor\" data-id=\"40a817ff\" data-element_type=\"widget\" data-widget_type=\"text-editor.default\">\n\t\t\t\t<div class=\"elementor-widget-container\">\n\t\t\t\t\t\t\t\t\t<p><strong>02 <\/strong>Advanced process analysis:<\/p>\t\t\t\t\t\t\t\t<\/div>\n\t\t\t\t<\/div>\n\t\t\t\t<div class=\"elementor-element elementor-element-72b191d8 elementor-widget__width-initial elementor-widget elementor-widget-text-editor\" data-id=\"72b191d8\" data-element_type=\"widget\" data-widget_type=\"text-editor.default\">\n\t\t\t\t<div class=\"elementor-widget-container\">\n\t\t\t\t\t\t\t\t\t<p>Detailed process flow analysis and value identification<\/p><p>Value stream mapping (VSM) and loss analysis<\/p><p>Process variation and performance measurement<\/p><p>SIPOC and project boundary management<\/p>\t\t\t\t\t\t\t\t<\/div>\n\t\t\t\t<\/div>\n\t\t\t\t\t<\/div>\n\t\t\t\t<\/div>\n\t\t\t\t\t\t\t\t<\/div>\n\t\t\t\t\t\t\t\t\t\t\t<div class=\"swiper-slide\" data-slide=\"3\" role=\"group\" aria-roledescription=\"slide\" aria-label=\"%s from %d\">\n\t\t\t\t\t\t\t<div class=\"elementor-element elementor-element-70558674 e-flex e-con-boxed e-con e-child\" data-id=\"70558674\" data-element_type=\"container\">\n\t\t\t\t\t<div class=\"e-con-inner\">\n\t\t\t\t<div class=\"elementor-element elementor-element-35ce73aa elementor-widget__width-inherit elementor-widget elementor-widget-text-editor\" data-id=\"35ce73aa\" data-element_type=\"widget\" data-widget_type=\"text-editor.default\">\n\t\t\t\t<div class=\"elementor-widget-container\">\n\t\t\t\t\t\t\t\t\t<p>03 Statistical methods and hypothesis testing:<\/p>\t\t\t\t\t\t\t\t<\/div>\n\t\t\t\t<\/div>\n\t\t\t\t<div class=\"elementor-element elementor-element-520de933 elementor-widget__width-initial elementor-widget elementor-widget-text-editor\" data-id=\"520de933\" data-element_type=\"widget\" data-widget_type=\"text-editor.default\">\n\t\t\t\t<div class=\"elementor-widget-container\">\n\t\t\t\t\t\t\t\t\t<p>An introduction to statistical thinking and distributions<\/p><p>Analysis of variance (ANOVA) and t-test, chi-square<\/p><p>Regression analysis and correlation<\/p><p>Process Capability Analysis (Cp, Cpk)<\/p>\t\t\t\t\t\t\t\t<\/div>\n\t\t\t\t<\/div>\n\t\t\t\t\t<\/div>\n\t\t\t\t<\/div>\n\t\t\t\t\t\t\t\t<\/div>\n\t\t\t\t\t\t\t\t\t\t\t<div class=\"swiper-slide\" data-slide=\"4\" role=\"group\" aria-roledescription=\"slide\" aria-label=\"%s from %d\">\n\t\t\t\t\t\t\t<div class=\"elementor-element elementor-element-12696533 e-flex e-con-boxed e-con e-child\" data-id=\"12696533\" data-element_type=\"container\">\n\t\t\t\t\t<div class=\"e-con-inner\">\n\t\t\t\t<div class=\"elementor-element elementor-element-306df378 elementor-widget__width-inherit elementor-widget elementor-widget-text-editor\" data-id=\"306df378\" data-element_type=\"widget\" data-widget_type=\"text-editor.default\">\n\t\t\t\t<div class=\"elementor-widget-container\">\n\t\t\t\t\t\t\t\t\t<p><strong>04 <\/strong>Experiments and advanced optimization:<\/p>\t\t\t\t\t\t\t\t<\/div>\n\t\t\t\t<\/div>\n\t\t\t\t<div class=\"elementor-element elementor-element-575f808f elementor-widget__width-initial elementor-widget elementor-widget-text-editor\" data-id=\"575f808f\" data-element_type=\"widget\" data-widget_type=\"text-editor.default\">\n\t\t\t\t<div class=\"elementor-widget-container\">\n\t\t\t\t\t\t\t\t\t<p>Design of Experiments (DOE) - introduction and application<\/p><p>Screening vs. optimization experiments<\/p><p>Interactions and factorial design<\/p><p>Verification of results and conclusion<\/p>\t\t\t\t\t\t\t\t<\/div>\n\t\t\t\t<\/div>\n\t\t\t\t\t<\/div>\n\t\t\t\t<\/div>\n\t\t\t\t\t\t\t\t<\/div>\n\t\t\t\t\t\t\t\t\t\t\t<div class=\"swiper-slide\" data-slide=\"5\" role=\"group\" aria-roledescription=\"slide\" aria-label=\"%s from %d\">\n\t\t\t\t\t\t\t<div class=\"elementor-element elementor-element-6bb68bc6 e-flex e-con-boxed e-con e-child\" data-id=\"6bb68bc6\" data-element_type=\"container\">\n\t\t\t\t\t<div class=\"e-con-inner\">\n\t\t\t\t<div class=\"elementor-element elementor-element-75155c49 elementor-widget__width-inherit elementor-widget elementor-widget-text-editor\" data-id=\"75155c49\" data-element_type=\"widget\" data-widget_type=\"text-editor.default\">\n\t\t\t\t<div class=\"elementor-widget-container\">\n\t\t\t\t\t\t\t\t\t<p><strong>05 <\/strong>Results maintenance and control phase:<\/p>\t\t\t\t\t\t\t\t<\/div>\n\t\t\t\t<\/div>\n\t\t\t\t<div class=\"elementor-element elementor-element-6a5090e0 elementor-widget__width-initial elementor-widget elementor-widget-text-editor\" data-id=\"6a5090e0\" data-element_type=\"widget\" data-widget_type=\"text-editor.default\">\n\t\t\t\t<div class=\"elementor-widget-container\">\n\t\t\t\t\t\t\t\t\t<p>Control charts and SPC tools<\/p><p>Visual management and process standardization<\/p><p>Response plans and process documentation<\/p><p>Proactive risk management<\/p><p>\u00a0<\/p>\t\t\t\t\t\t\t\t<\/div>\n\t\t\t\t<\/div>\n\t\t\t\t\t<\/div>\n\t\t\t\t<\/div>\n\t\t\t\t\t\t\t\t<\/div>\n\t\t\t\t\t\t\t\t\t\t\t<div class=\"swiper-slide\" data-slide=\"6\" role=\"group\" aria-roledescription=\"slide\" aria-label=\"%s from %d\">\n\t\t\t\t\t\t\t<div class=\"elementor-element elementor-element-2ed73c67 e-flex e-con-boxed e-con e-child\" data-id=\"2ed73c67\" data-element_type=\"container\">\n\t\t\t\t\t<div class=\"e-con-inner\">\n\t\t\t\t<div class=\"elementor-element elementor-element-566e3a34 elementor-widget__width-inherit elementor-widget elementor-widget-text-editor\" data-id=\"566e3a34\" data-element_type=\"widget\" data-widget_type=\"text-editor.default\">\n\t\t\t\t<div class=\"elementor-widget-container\">\n\t\t\t\t\t\t\t\t\t<p><strong>06 <\/strong>Financial evaluation of projects:<\/p>\t\t\t\t\t\t\t\t<\/div>\n\t\t\t\t<\/div>\n\t\t\t\t<div class=\"elementor-element elementor-element-360d3f86 elementor-widget__width-initial elementor-widget elementor-widget-text-editor\" data-id=\"360d3f86\" data-element_type=\"widget\" data-widget_type=\"text-editor.default\">\n\t\t\t\t<div class=\"elementor-widget-container\">\n\t\t\t\t\t\t\t\t\t<p>Calculation of return on investment (ROI)<\/p><p>Identification of direct and indirect benefits<\/p><p>Monitoring and validation of savings<\/p><p>Communication of results to top management<\/p>\t\t\t\t\t\t\t\t<\/div>\n\t\t\t\t<\/div>\n\t\t\t\t\t<\/div>\n\t\t\t\t<\/div>\n\t\t\t\t\t\t\t\t<\/div>\n\t\t\t\t\t\t\t\t\t\t\t<div class=\"swiper-slide\" data-slide=\"7\" role=\"group\" aria-roledescription=\"slide\" aria-label=\"%s from %d\">\n\t\t\t\t\t\t\t<div class=\"elementor-element elementor-element-17a2111f e-flex e-con-boxed e-con e-child\" data-id=\"17a2111f\" data-element_type=\"container\">\n\t\t\t\t\t<div class=\"e-con-inner\">\n\t\t\t\t<div class=\"elementor-element elementor-element-24c361aa elementor-widget__width-inherit elementor-widget elementor-widget-text-editor\" data-id=\"24c361aa\" data-element_type=\"widget\" data-widget_type=\"text-editor.default\">\n\t\t\t\t<div class=\"elementor-widget-container\">\n\t\t\t\t\t\t\t\t\t<p><strong>07 <\/strong>Mentoring and team leadership:<\/p>\t\t\t\t\t\t\t\t<\/div>\n\t\t\t\t<\/div>\n\t\t\t\t<div class=\"elementor-element elementor-element-3d82e6dc elementor-widget__width-initial elementor-widget elementor-widget-text-editor\" data-id=\"3d82e6dc\" data-element_type=\"widget\" data-widget_type=\"text-editor.default\">\n\t\t\t\t<div class=\"elementor-widget-container\">\n\t\t\t\t\t\t\t\t\t<p>Coaching of Green Belt and project teams<\/p><p>Managing team dynamics<\/p><p>Conflict resolution and motivation<\/p><p>Case study review and evaluation<\/p>\t\t\t\t\t\t\t\t<\/div>\n\t\t\t\t<\/div>\n\t\t\t\t\t<\/div>\n\t\t\t\t<\/div>\n\t\t\t\t\t\t\t\t<\/div>\n\t\t\t\t\t\t\t\t\t\t\t<div class=\"swiper-slide\" data-slide=\"8\" role=\"group\" aria-roledescription=\"slide\" aria-label=\"%s from %d\">\n\t\t\t\t\t\t\t<div class=\"elementor-element elementor-element-2d05d124 e-flex e-con-boxed e-con e-child\" data-id=\"2d05d124\" data-element_type=\"container\">\n\t\t\t\t\t<div class=\"e-con-inner\">\n\t\t\t\t<div class=\"elementor-element elementor-element-4064c0a5 elementor-widget__width-inherit elementor-widget elementor-widget-text-editor\" data-id=\"4064c0a5\" data-element_type=\"widget\" data-widget_type=\"text-editor.default\">\n\t\t\t\t<div class=\"elementor-widget-container\">\n\t\t\t\t\t\t\t\t\t<p><strong>08 <\/strong>Practical application and final part:<\/p>\t\t\t\t\t\t\t\t<\/div>\n\t\t\t\t<\/div>\n\t\t\t\t<div class=\"elementor-element elementor-element-3e8eedc8 elementor-widget__width-initial elementor-widget elementor-widget-text-editor\" data-id=\"3e8eedc8\" data-element_type=\"widget\" data-widget_type=\"text-editor.default\">\n\t\t\t\t<div class=\"elementor-widget-container\">\n\t\t\t\t\t\t\t\t\t<p>Group work on complex case studies<\/p><p>Discussion on the implementation of what has been learned in the organization<\/p><p>Certification preparation and final question and answer session<\/p>\t\t\t\t\t\t\t\t<\/div>\n\t\t\t\t<\/div>\n\t\t\t\t\t<\/div>\n\t\t\t\t<\/div>\n\t\t\t\t\t\t\t\t<\/div>\n\t\t\t\t\t\t\t\t<\/div>\n\t\t<\/div>\n\t\t\t\t\t<div class=\"elementor-swiper-button elementor-swiper-button-prev\" role=\"button\" tabindex=\"0\" aria-label=\"Previous\">\n\t\t\t\t<svg xmlns=\"http:\/\/www.w3.org\/2000\/svg\" width=\"39\" height=\"38\" viewbox=\"0 0 39 38\" fill=\"none\"><mask id=\"mask0_457_2503\" style=\"mask-type:alpha\" maskunits=\"userSpaceOnUse\" x=\"0\" y=\"0\" width=\"39\" height=\"38\"><rect x=\"38.4653\" y=\"37.6499\" width=\"38.43\" height=\"37.1045\" transform=\"rotate(-180 38.4653 37.6499)\" fill=\"currentColor\"><\/rect><\/mask><g mask=\"url(#mask0_457_2503)\"><path d=\"M27.115 9.04821L19.663 19.0973L27.115 29.1465L25.1627 29.1465L17.7107 19.0973L25.1627 9.04821L27.115 9.04821ZM17.8339 9.04821L10.3819 19.0973L17.8339 29.1465L15.8816 29.1465L8.4296 19.0973L15.8816 9.04821L17.8339 9.04821Z\" fill=\"currentColor\"><\/path><\/g><\/svg>\t\t\t<\/div>\n\t\t\t<div class=\"elementor-swiper-button elementor-swiper-button-next\" role=\"button\" tabindex=\"0\" aria-label=\"Next\">\n\t\t\t\t<svg xmlns=\"http:\/\/www.w3.org\/2000\/svg\" width=\"39\" height=\"38\" viewbox=\"0 0 39 38\" fill=\"none\"><mask id=\"mask0_457_2503\" style=\"mask-type:alpha\" maskunits=\"userSpaceOnUse\" x=\"0\" y=\"0\" width=\"39\" height=\"38\"><rect x=\"0.0354004\" y=\"0.54541\" width=\"38.43\" height=\"37.1045\" fill=\"currentColor\"><\/rect><\/mask><g mask=\"url(#mask0_457_2503)\"><path d=\"M11.3857 29.1471L18.8377 19.098L11.3857 9.04883H13.3381L20.79 19.098L13.3381 29.1471H11.3857ZM20.6668 29.1471L28.1188 19.098L20.6668 9.04883H22.6192L30.0711 19.098L22.6192 29.1471H20.6668Z\" fill=\"currentColor\"><\/path><\/g><\/svg>\t\t\t<\/div>\n\t\t\t\t\t\t<\/div>\n\t\t\t\t<\/div>\n\t\t\t\t<\/div>\n\t\t\t\t\t<\/div>\n\t\t\t\t<\/div>\n\t\t\t\t<\/div>","protected":false},"excerpt":{"rendered":"<p>Six Sigma Black Belt Six Sigma je metodologija za unapre\u0111enje procesa zasnovana na podacima, koja koristi analiti\u010dke alate i strukturirani pristup (DMAIC) u cilju smanjenja varijacija, eliminisanja gre\u0161aka i pove\u0107anja efikasnosti. \u00a0 Postanite Six Sigma ekspert Black Belt obuka predstavlja najnapredniji nivo Six Sigma sertifikacije i namenjena je profesionalcima koji vode kompleksne projekte unapre\u0111enja i [&hellip;]<\/p>","protected":false},"author":5,"featured_media":0,"parent":26,"menu_order":0,"comment_status":"closed","ping_status":"closed","template":"elementor_header_footer","meta":{"footnotes":""},"class_list":["post-12930","page","type-page","status-publish","hentry"],"_links":{"self":[{"href":"https:\/\/www.simplify.rs\/en\/wp-json\/wp\/v2\/pages\/12930","targetHints":{"allow":["GET"]}}],"collection":[{"href":"https:\/\/www.simplify.rs\/en\/wp-json\/wp\/v2\/pages"}],"about":[{"href":"https:\/\/www.simplify.rs\/en\/wp-json\/wp\/v2\/types\/page"}],"author":[{"embeddable":true,"href":"https:\/\/www.simplify.rs\/en\/wp-json\/wp\/v2\/users\/5"}],"replies":[{"embeddable":true,"href":"https:\/\/www.simplify.rs\/en\/wp-json\/wp\/v2\/comments?post=12930"}],"version-history":[{"count":5,"href":"https:\/\/www.simplify.rs\/en\/wp-json\/wp\/v2\/pages\/12930\/revisions"}],"predecessor-version":[{"id":13742,"href":"https:\/\/www.simplify.rs\/en\/wp-json\/wp\/v2\/pages\/12930\/revisions\/13742"}],"up":[{"embeddable":true,"href":"https:\/\/www.simplify.rs\/en\/wp-json\/wp\/v2\/pages\/26"}],"wp:attachment":[{"href":"https:\/\/www.simplify.rs\/en\/wp-json\/wp\/v2\/media?parent=12930"}],"curies":[{"name":"wp","href":"https:\/\/api.w.org\/{rel}","templated":true}]}}