{"id":12413,"date":"2025-08-11T09:22:51","date_gmt":"2025-08-11T09:22:51","guid":{"rendered":"https:\/\/www.simplify.rs\/?page_id=12413"},"modified":"2025-10-13T12:17:05","modified_gmt":"2025-10-13T12:17:05","slug":"bpm-trening-osnovni-nivo","status":"publish","type":"page","link":"https:\/\/www.simplify.rs\/es\/capacitacion\/entrenamiento-bpm-nivel-basico\/","title":{"rendered":"Capacitaci\u00f3n BPM Nivel B\u00e1sico"},"content":{"rendered":"<div data-elementor-type=\"wp-page\" data-elementor-id=\"12413\" class=\"elementor elementor-12413\" data-elementor-post-type=\"page\">\n\t\t\t\t<div class=\"elementor-element elementor-element-523c091f e-con-full e-flex e-con e-child\" data-id=\"523c091f\" data-element_type=\"container\" data-settings=\"{&quot;position&quot;:&quot;fixed&quot;,&quot;background_background&quot;:&quot;classic&quot;}\">\n\t\t\t\t<div class=\"elementor-element elementor-element-35c4048f elementor-widget__width-auto elementor-view-default elementor-widget elementor-widget-icon\" data-id=\"35c4048f\" data-element_type=\"widget\" data-widget_type=\"icon.default\">\n\t\t\t\t<div class=\"elementor-widget-container\">\n\t\t\t\t\t\t\t<div class=\"elementor-icon-wrapper\">\n\t\t\t<a class=\"elementor-icon\" href=\"https:\/\/www.simplify.rs\/es\/kontakt\/#contact-btn\" target=\"_blank\" rel=\"noopener\">\n\t\t\t<svg xmlns=\"http:\/\/www.w3.org\/2000\/svg\" width=\"19\" height=\"19\" viewbox=\"0 0 19 19\" fill=\"none\"><path d=\"M9.07031 0.936523L17.5819 5.99037C17.728 6.09679 17.846 6.2282 17.9357 6.3846C18.0254 6.54101 18.0703 6.71089 18.0703 6.89422V17.1288C18.0703 17.5891 17.9161 17.9734 17.6078 18.2817C17.2995 18.5901 16.9152 18.7442 16.4549 18.7442H1.68569C1.22544 18.7442 0.841146 18.5901 0.532813 18.2817C0.224479 17.9734 0.0703125 17.5891 0.0703125 17.1288V6.89422C0.0703125 6.71089 0.115179 6.54101 0.204913 6.3846C0.294663 6.2282 0.412612 6.09679 0.558762 5.99037L9.07031 0.936523ZM9.07031 11.3942L16.8703 6.74422L9.07031 2.09422L1.27031 6.74422L9.07031 11.3942ZM9.07031 12.5519L1.07031 7.79037V17.1288C1.07031 17.3083 1.128 17.4558 1.24339 17.5711C1.35877 17.6865 1.5062 17.7442 1.68569 17.7442H16.4549C16.6344 17.7442 16.7819 17.6865 16.8972 17.5711C17.0126 17.4558 17.0703 17.3083 17.0703 17.1288V7.79037L9.07031 12.5519Z\" fill=\"white\"><\/path><\/svg>\t\t\t<\/a>\n\t\t<\/div>\n\t\t\t\t\t\t<\/div>\n\t\t\t\t<\/div>\n\t\t\t\t<\/div>\n\t\t<div class=\"elementor-element elementor-element-53a7e557 e-con-full e-flex e-con e-child\" data-id=\"53a7e557\" data-element_type=\"container\" data-settings=\"{&quot;position&quot;:&quot;fixed&quot;,&quot;background_background&quot;:&quot;classic&quot;}\">\n\t\t\t\t<div class=\"elementor-element elementor-element-51b6d3e9 elementor-widget__width-auto elementor-view-default elementor-widget elementor-widget-icon\" data-id=\"51b6d3e9\" data-element_type=\"widget\" data-widget_type=\"icon.default\">\n\t\t\t\t<div class=\"elementor-widget-container\">\n\t\t\t\t\t\t\t<div class=\"elementor-icon-wrapper\">\n\t\t\t<a class=\"elementor-icon\" href=\"#elementor-action%3Aaction%3Dpopup%3Aopen%26settings%3DeyJpZCI6IjQzNzciLCJ0b2dnbGUiOmZhbHNlfQ%3D%3D\">\n\t\t\t<svg xmlns=\"http:\/\/www.w3.org\/2000\/svg\" width=\"18\" height=\"18\" viewbox=\"0 0 18 18\" fill=\"none\"><path d=\"M16.5549 17.3177L10.2933 11.0562C9.79333 11.4818 9.21833 11.8113 8.56833 12.0447C7.91833 12.278 7.26512 12.3947 6.6087 12.3947C5.00704 12.3947 3.6515 11.8402 2.54208 10.7314C1.43265 9.62261 0.87793 8.26781 0.87793 6.66701C0.87793 5.06621 1.43234 3.71036 2.54115 2.59946C3.64997 1.48856 5.00478 0.933105 6.60558 0.933105C8.2064 0.933105 9.56225 1.48781 10.6731 2.59723C11.784 3.70665 12.3395 5.0622 12.3395 6.66388C12.3395 7.35875 12.2164 8.03118 11.9703 8.68118C11.7241 9.33118 11.401 9.88696 11.001 10.3485L17.2626 16.61L16.5549 17.3177ZM6.6087 11.3947C7.93564 11.3947 9.05583 10.9379 9.96928 10.0245C10.8827 9.11099 11.3395 7.9908 11.3395 6.66388C11.3395 5.33696 10.8827 4.21677 9.96928 3.30331C9.05583 2.38984 7.93564 1.93311 6.6087 1.93311C5.28179 1.93311 4.1616 2.38984 3.24813 3.30331C2.33468 4.21677 1.87795 5.33696 1.87795 6.66388C1.87795 7.9908 2.33468 9.11099 3.24813 10.0245C4.1616 10.9379 5.28179 11.3947 6.6087 11.3947Z\" fill=\"white\"><\/path><\/svg>\t\t\t<\/a>\n\t\t<\/div>\n\t\t\t\t\t\t<\/div>\n\t\t\t\t<\/div>\n\t\t\t\t<\/div>\n\t\t<div class=\"elementor-element elementor-element-6885d7d7 e-flex e-con-boxed e-con e-parent\" data-id=\"6885d7d7\" data-element_type=\"container\" data-settings=\"{&quot;background_background&quot;:&quot;video&quot;}\">\n\t\t\t\t\t<div class=\"e-con-inner\">\n\t\t<div class=\"elementor-element elementor-element-cbe818f e-con-full e-flex e-con e-child\" data-id=\"cbe818f\" data-element_type=\"container\">\n\t\t\t\t<div class=\"elementor-element elementor-element-168eeff0 elementor-widget__width-initial elementor-widget elementor-widget-heading\" data-id=\"168eeff0\" data-element_type=\"widget\" data-widget_type=\"heading.default\">\n\t\t\t\t<div class=\"elementor-widget-container\">\n\t\t\t\t\t<h1 class=\"elementor-heading-title elementor-size-default\">Capacitaci\u00f3n en BPM   <br><span class=\"white\"> Nivel b\u00e1sico<\/span>\n<\/h1>\t\t\t\t<\/div>\n\t\t\t\t<\/div>\n\t\t\t\t<div class=\"elementor-element elementor-element-169f753e elementor-widget__width-initial elementor-widget elementor-widget-text-editor\" data-id=\"169f753e\" data-element_type=\"widget\" data-widget_type=\"text-editor.default\">\n\t\t\t\t<div class=\"elementor-widget-container\">\n\t\t\t\t\t\t\t\t\t<p>Business Process Management (BPM) es una metodolog\u00eda que ayuda a las organizaciones a comprender, analizar y mejorar sus procesos de negocio.<\/p>\t\t\t\t\t\t\t\t<\/div>\n\t\t\t\t<\/div>\n\t\t\t\t<\/div>\n\t\t\t\t\t<\/div>\n\t\t\t\t<\/div>\n\t\t<div class=\"elementor-element elementor-element-2dbd7c9f e-flex e-con-boxed e-con e-parent\" data-id=\"2dbd7c9f\" data-element_type=\"container\" data-settings=\"{&quot;background_background&quot;:&quot;classic&quot;}\">\n\t\t\t\t\t<div class=\"e-con-inner\">\n\t\t<div class=\"elementor-element elementor-element-39de543c e-con-full e-flex e-con e-child\" data-id=\"39de543c\" data-element_type=\"container\">\n\t\t\t\t<div class=\"elementor-element elementor-element-1d6b25b5 elementor-widget elementor-widget-heading\" data-id=\"1d6b25b5\" data-element_type=\"widget\" data-widget_type=\"heading.default\">\n\t\t\t\t<div class=\"elementor-widget-container\">\n\t\t\t\t\t<h3 class=\"elementor-heading-title elementor-size-default\"> <span style=\"color:#ffffff\"> Mejora tus habilidades de proceso<\/span> <\/h3>\t\t\t\t<\/div>\n\t\t\t\t<\/div>\n\t\t\t\t<div class=\"elementor-element elementor-element-5b56eefe elementor-widget__width-initial elementor-widget elementor-widget-text-editor\" data-id=\"5b56eefe\" data-element_type=\"widget\" data-widget_type=\"text-editor.default\">\n\t\t\t\t<div class=\"elementor-widget-container\">\n\t\t\t\t\t\t\t\t\t<p>Esta capacitaci\u00f3n proporciona una introducci\u00f3n pr\u00e1ctica a la gesti\u00f3n de procesos de negocio (BPM), cubriendo conceptos clave, herramientas modernas y metodolog\u00edas para la mejora.<br \/>Los participantes aprender\u00e1n a utilizar diagramas SIPOC, modelar procesos en el entorno Bizagi, identificar KPIs, aplicar los principios de las metodolog\u00edas Six Sigma y Lean,<br \/>As\u00ed como explorar las posibilidades de la automatizaci\u00f3n de procesos. Mediante sesiones pr\u00e1cticas impartidas por profesionales con amplia experiencia, los asistentes adquirir\u00e1n habilidades para analizar, optimizar y mejorar las operaciones diarias. El curso incluye ejemplos pr\u00e1cticos y debates interactivos que ayudan a los participantes a ser m\u00e1s eficientes y a estar preparados para los retos empresariales modernos.<\/p>\t\t\t\t\t\t\t\t<\/div>\n\t\t\t\t<\/div>\n\t\t\t\t<\/div>\n\t\t\t\t\t<\/div>\n\t\t\t\t<\/div>\n\t\t<div class=\"elementor-element elementor-element-b713eee e-flex e-con-boxed e-con e-parent\" data-id=\"b713eee\" data-element_type=\"container\">\n\t\t\t\t\t<div class=\"e-con-inner\">\n\t\t<div class=\"elementor-element elementor-element-26a0cab9 e-con-full e-flex e-con e-child\" data-id=\"26a0cab9\" data-element_type=\"container\">\n\t\t\t\t<div class=\"elementor-element elementor-element-538879c2 elementor-widget__width-inherit elementor-widget elementor-widget-heading\" data-id=\"538879c2\" data-element_type=\"widget\" data-widget_type=\"heading.default\">\n\t\t\t\t<div class=\"elementor-widget-container\">\n\t\t\t\t\t<h3 class=\"elementor-heading-title elementor-size-default\"><span style=\"color:#4585F2\">Comienza tu viaje BPM aqu\u00ed<\/span><\/h3>\t\t\t\t<\/div>\n\t\t\t\t<\/div>\n\t\t\t\t<div class=\"elementor-element elementor-element-6cf4d5c elementor-widget elementor-widget-text-editor\" data-id=\"6cf4d5c\" data-element_type=\"widget\" data-widget_type=\"text-editor.default\">\n\t\t\t\t<div class=\"elementor-widget-container\">\n\t\t\t\t\t\t\t\t\t<p>Esta capacitaci\u00f3n est\u00e1 dirigida a cualquier persona que desee adquirir una comprensi\u00f3n pr\u00e1ctica de los procesos empresariales, desde empleados hasta directivos, en todos los sectores. No se requieren conocimientos previos.<\/p>\t\t\t\t\t\t\t\t<\/div>\n\t\t\t\t<\/div>\n\t\t\t\t<\/div>\n\t\t\t\t\t<\/div>\n\t\t\t\t<\/div>\n\t\t<div class=\"elementor-element elementor-element-6e1f428 e-flex e-con-boxed e-con e-parent\" data-id=\"6e1f428\" data-element_type=\"container\" data-settings=\"{&quot;background_background&quot;:&quot;video&quot;}\">\n\t\t\t\t\t<div class=\"e-con-inner\">\n\t\t<div class=\"elementor-element elementor-element-3eaddcf9 e-con-full e-flex e-con e-child\" data-id=\"3eaddcf9\" data-element_type=\"container\">\n\t\t\t\t<div class=\"elementor-element elementor-element-4aaa72e8 elementor-widget elementor-widget-heading\" data-id=\"4aaa72e8\" data-element_type=\"widget\" data-widget_type=\"heading.default\">\n\t\t\t\t<div class=\"elementor-widget-container\">\n\t\t\t\t\t<h3 class=\"elementor-heading-title elementor-size-default\"> <span style=\"color:#ffffff\">Orden del d\u00eda<\/span> <\/h3>\t\t\t\t<\/div>\n\t\t\t\t<\/div>\n\t\t\t\t<div class=\"elementor-element elementor-element-16c79b2d elementor-widget__width-initial elementor-widget elementor-widget-text-editor\" data-id=\"16c79b2d\" data-element_type=\"widget\" data-widget_type=\"text-editor.default\">\n\t\t\t\t<div class=\"elementor-widget-container\">\n\t\t\t\t\t\t\t\t\t<p>Duraci\u00f3n del entrenamiento: Entrenamiento de un d\u00eda (300 minutos), dividido en tres segmentos: 90, 120 y 90 minutos.<\/p>\t\t\t\t\t\t\t\t<\/div>\n\t\t\t\t<\/div>\n\t\t\t\t<div class=\"elementor-element elementor-element-167ad0b6 elementor-arrows-position-inside elementor-widget elementor-widget-n-carousel\" data-id=\"167ad0b6\" data-element_type=\"widget\" data-settings=\"{&quot;carousel_items&quot;:[{&quot;slide_title&quot;:&quot;\\u0421\\u043b\\u0430\\u0458\\u0434 1\\u0422\\u041f8\\u04221&quot;,&quot;_id&quot;:&quot;d5ff068&quot;},{&quot;slide_title&quot;:&quot;\\u0421\\u043b\\u0430\\u0458\\u0434 1\\u0422\\u041f8\\u04222&quot;,&quot;_id&quot;:&quot;ed9fb59&quot;},{&quot;slide_title&quot;:&quot;\\u0421\\u043b\\u0430\\u0458\\u0434 1\\u0422\\u041f8\\u04223&quot;,&quot;_id&quot;:&quot;2b34dc2&quot;}],&quot;image_spacing_custom&quot;:{&quot;unit&quot;:&quot;px&quot;,&quot;size&quot;:80,&quot;sizes&quot;:[]},&quot;slides_to_show&quot;:&quot;3&quot;,&quot;slides_to_scroll&quot;:&quot;1&quot;,&quot;slides_to_show_tablet&quot;:&quot;2&quot;,&quot;slides_to_show_mobile&quot;:&quot;1&quot;,&quot;autoplay&quot;:&quot;yes&quot;,&quot;autoplay_speed&quot;:5000,&quot;pause_on_hover&quot;:&quot;yes&quot;,&quot;pause_on_interaction&quot;:&quot;yes&quot;,&quot;infinite&quot;:&quot;yes&quot;,&quot;speed&quot;:500,&quot;offset_sides&quot;:&quot;none&quot;,&quot;arrows&quot;:&quot;yes&quot;,&quot;image_spacing_custom_tablet&quot;:{&quot;unit&quot;:&quot;px&quot;,&quot;size&quot;:&quot;&quot;,&quot;sizes&quot;:[]},&quot;image_spacing_custom_mobile&quot;:{&quot;unit&quot;:&quot;px&quot;,&quot;size&quot;:&quot;&quot;,&quot;sizes&quot;:[]}}\" data-widget_type=\"nested-carousel.default\">\n\t\t\t\t<div class=\"elementor-widget-container\">\n\t\t\t\t\t\t\t<div class=\"e-n-carousel swiper\" role=\"region\" aria-roledescription=\"carousel\" aria-label=\"Carrusel\" dir=\"ltr\">\n\t\t\t<div class=\"swiper-wrapper\" aria-live=\"off\">\n\t\t\t\t\t\t\t\t\t\t<div class=\"swiper-slide\" data-slide=\"1\" role=\"group\" aria-roledescription=\"slide\" aria-label=\"1 of 3\" data-no-translation-aria-label=\"\">\n\t\t\t\t\t\t\t<div class=\"elementor-element elementor-element-93fd31a e-flex e-con-boxed e-con e-child\" data-id=\"93fd31a\" data-element_type=\"container\">\n\t\t\t\t\t<div class=\"e-con-inner\">\n\t\t\t\t<div class=\"elementor-element elementor-element-48c1201a elementor-widget__width-inherit elementor-widget elementor-widget-text-editor\" data-id=\"48c1201a\" data-element_type=\"widget\" data-widget_type=\"text-editor.default\">\n\t\t\t\t<div class=\"elementor-widget-container\">\n\t\t\t\t\t\t\t\t\t<p>01 Talleres b\u00e1sicos e introductorios<\/p>\t\t\t\t\t\t\t\t<\/div>\n\t\t\t\t<\/div>\n\t\t\t\t<div class=\"elementor-element elementor-element-74db8887 elementor-widget__width-initial elementor-widget elementor-widget-text-editor\" data-id=\"74db8887\" data-element_type=\"widget\" data-widget_type=\"text-editor.default\">\n\t\t\t\t<div class=\"elementor-widget-container\">\n\t\t\t\t\t\t\t\t\t<p>Entendiendo BPM: su importancia y conceptos b\u00e1sicos relacionados con los procesos<\/p><p>Metodolog\u00eda para el mapeo de procesos de negocio y roles de proceso<\/p><p>Descripci\u00f3n general y aplicaci\u00f3n del modelo SIPOC<\/p><p>Diagrama de tortuga<\/p><p>Ejercicios pr\u00e1cticos en Bizagi<\/p>\t\t\t\t\t\t\t\t<\/div>\n\t\t\t\t<\/div>\n\t\t\t\t\t<\/div>\n\t\t\t\t<\/div>\n\t\t\t\t\t\t\t\t<\/div>\n\t\t\t\t\t\t\t\t\t\t\t<div class=\"swiper-slide\" data-slide=\"2\" role=\"group\" aria-roledescription=\"slide\" aria-label=\"2 of 3\" data-no-translation-aria-label=\"\">\n\t\t\t\t\t\t\t<div class=\"elementor-element elementor-element-56da8fc5 e-flex e-con-boxed e-con e-child\" data-id=\"56da8fc5\" data-element_type=\"container\">\n\t\t\t\t\t<div class=\"e-con-inner\">\n\t\t\t\t<div class=\"elementor-element elementor-element-8643ff0 elementor-widget__width-inherit elementor-widget elementor-widget-text-editor\" data-id=\"8643ff0\" data-element_type=\"widget\" data-widget_type=\"text-editor.default\">\n\t\t\t\t<div class=\"elementor-widget-container\">\n\t\t\t\t\t\t\t\t\t<p>02 M\u00e9tricas de procesos, Six Sigma y BPMN 2.0:<\/p>\t\t\t\t\t\t\t\t<\/div>\n\t\t\t\t<\/div>\n\t\t\t\t<div class=\"elementor-element elementor-element-f5b6c8c elementor-widget__width-initial elementor-widget elementor-widget-text-editor\" data-id=\"f5b6c8c\" data-element_type=\"widget\" data-widget_type=\"text-editor.default\">\n\t\t\t\t<div class=\"elementor-widget-container\">\n\t\t\t\t\t\t\t\t\t<p>Identificaci\u00f3n de indicadores clave de rendimiento (KPI)<br \/><br \/>Comprensi\u00f3n de las puntuaciones Six Sigma y los conceptos de DPMO<br \/><br \/>Introducci\u00f3n al est\u00e1ndar BPMN 2.0<br \/><br \/>Descripci\u00f3n general de las herramientas de modelado y mapeo de procesos<br \/><br \/>Mapeo y documentaci\u00f3n de procesos de negocio<\/p>\t\t\t\t\t\t\t\t<\/div>\n\t\t\t\t<\/div>\n\t\t\t\t\t<\/div>\n\t\t\t\t<\/div>\n\t\t\t\t\t\t\t\t<\/div>\n\t\t\t\t\t\t\t\t\t\t\t<div class=\"swiper-slide\" data-slide=\"3\" role=\"group\" aria-roledescription=\"slide\" aria-label=\"3 of 3\" data-no-translation-aria-label=\"\">\n\t\t\t\t\t\t\t<div class=\"elementor-element elementor-element-5eae222c e-flex e-con-boxed e-con e-child\" data-id=\"5eae222c\" data-element_type=\"container\">\n\t\t\t\t\t<div class=\"e-con-inner\">\n\t\t\t\t<div class=\"elementor-element elementor-element-4ef7c801 elementor-widget__width-inherit elementor-widget elementor-widget-text-editor\" data-id=\"4ef7c801\" data-element_type=\"widget\" data-widget_type=\"text-editor.default\">\n\t\t\t\t<div class=\"elementor-widget-container\">\n\t\t\t\t\t\t\t\t\t<p>03 Optimizaci\u00f3n de procesos:<\/p>\t\t\t\t\t\t\t\t<\/div>\n\t\t\t\t<\/div>\n\t\t\t\t<div class=\"elementor-element elementor-element-357dbbf elementor-widget__width-initial elementor-widget elementor-widget-text-editor\" data-id=\"357dbbf\" data-element_type=\"widget\" data-widget_type=\"text-editor.default\">\n\t\t\t\t<div class=\"elementor-widget-container\">\n\t\t\t\t\t\t\t\t\t<p>Introducci\u00f3n a la metodolog\u00eda Lean<br \/><br \/>Consejos pr\u00e1cticos para la mejora de procesos<br \/><br \/>Automatizaci\u00f3n de procesos y estrategias para la mejora continua<br \/><br \/>Principios de la gesti\u00f3n del cambio<\/p><p>Principios de gesti\u00f3n del cambio<\/p>\t\t\t\t\t\t\t\t<\/div>\n\t\t\t\t<\/div>\n\t\t\t\t\t<\/div>\n\t\t\t\t<\/div>\n\t\t\t\t\t\t\t\t<\/div>\n\t\t\t\t\t\t\t\t<\/div>\n\t\t<\/div>\n\t\t\t\t\t<div class=\"elementor-swiper-button elementor-swiper-button-prev\" role=\"button\" tabindex=\"0\" aria-label=\"Previous\" data-no-translation-aria-label=\"\">\n\t\t\t\t<svg xmlns=\"http:\/\/www.w3.org\/2000\/svg\" width=\"39\" height=\"38\" viewbox=\"0 0 39 38\" fill=\"none\"><mask id=\"mask0_457_2503\" style=\"mask-type:alpha\" maskunits=\"userSpaceOnUse\" x=\"0\" y=\"0\" width=\"39\" height=\"38\"><rect x=\"38.4653\" y=\"37.6499\" width=\"38.43\" height=\"37.1045\" transform=\"rotate(-180 38.4653 37.6499)\" fill=\"currentColor\"><\/rect><\/mask><g mask=\"url(#mask0_457_2503)\"><path d=\"M27.115 9.04821L19.663 19.0973L27.115 29.1465L25.1627 29.1465L17.7107 19.0973L25.1627 9.04821L27.115 9.04821ZM17.8339 9.04821L10.3819 19.0973L17.8339 29.1465L15.8816 29.1465L8.4296 19.0973L15.8816 9.04821L17.8339 9.04821Z\" fill=\"currentColor\"><\/path><\/g><\/svg>\t\t\t<\/div>\n\t\t\t<div class=\"elementor-swiper-button elementor-swiper-button-next\" role=\"button\" tabindex=\"0\" aria-label=\"Next\" data-no-translation-aria-label=\"\">\n\t\t\t\t<svg xmlns=\"http:\/\/www.w3.org\/2000\/svg\" width=\"39\" height=\"38\" viewbox=\"0 0 39 38\" fill=\"none\"><mask id=\"mask0_457_2503\" style=\"mask-type:alpha\" maskunits=\"userSpaceOnUse\" x=\"0\" y=\"0\" width=\"39\" height=\"38\"><rect x=\"0.0354004\" y=\"0.54541\" width=\"38.43\" height=\"37.1045\" fill=\"currentColor\"><\/rect><\/mask><g mask=\"url(#mask0_457_2503)\"><path d=\"M11.3857 29.1471L18.8377 19.098L11.3857 9.04883H13.3381L20.79 19.098L13.3381 29.1471H11.3857ZM20.6668 29.1471L28.1188 19.098L20.6668 9.04883H22.6192L30.0711 19.098L22.6192 29.1471H20.6668Z\" fill=\"currentColor\"><\/path><\/g><\/svg>\t\t\t<\/div>\n\t\t\t\t\t\t<\/div>\n\t\t\t\t<\/div>\n\t\t\t\t<\/div>\n\t\t\t\t\t<\/div>\n\t\t\t\t<\/div>\n\t\t\t\t<\/div>","protected":false},"excerpt":{"rendered":"<p>BPM Trening Osnovni nivo Upravljanje poslovnim procesima (BPM) je metodologija koja poma\u017ee organizacijama da razumeju, analiziraju i unaprede svoje poslovne procese. Unapredite svoje ve\u0161tine u oblasti procesa Ova obuka pru\u017ea prakti\u010dan uvod u upravljanje poslovnim procesima (BPM), obuhvataju\u0107i klju\u010dne koncepte, savremene alate i metodologije za unapre\u0111enje.U\u010desnici \u0107e nau\u010diti kako da koriste SIPOC dijagrame, modeluju procese [&hellip;]<\/p>","protected":false},"author":5,"featured_media":0,"parent":26,"menu_order":0,"comment_status":"closed","ping_status":"closed","template":"elementor_header_footer","meta":{"footnotes":""},"class_list":["post-12413","page","type-page","status-publish","hentry"],"_links":{"self":[{"href":"https:\/\/www.simplify.rs\/es\/wp-json\/wp\/v2\/pages\/12413","targetHints":{"allow":["GET"]}}],"collection":[{"href":"https:\/\/www.simplify.rs\/es\/wp-json\/wp\/v2\/pages"}],"about":[{"href":"https:\/\/www.simplify.rs\/es\/wp-json\/wp\/v2\/types\/page"}],"author":[{"embeddable":true,"href":"https:\/\/www.simplify.rs\/es\/wp-json\/wp\/v2\/users\/5"}],"replies":[{"embeddable":true,"href":"https:\/\/www.simplify.rs\/es\/wp-json\/wp\/v2\/comments?post=12413"}],"version-history":[{"count":5,"href":"https:\/\/www.simplify.rs\/es\/wp-json\/wp\/v2\/pages\/12413\/revisions"}],"predecessor-version":[{"id":13578,"href":"https:\/\/www.simplify.rs\/es\/wp-json\/wp\/v2\/pages\/12413\/revisions\/13578"}],"up":[{"embeddable":true,"href":"https:\/\/www.simplify.rs\/es\/wp-json\/wp\/v2\/pages\/26"}],"wp:attachment":[{"href":"https:\/\/www.simplify.rs\/es\/wp-json\/wp\/v2\/media?parent=12413"}],"curies":[{"name":"wp","href":"https:\/\/api.w.org\/{rel}","templated":true}]}}