{"id":12422,"date":"2025-08-11T09:29:43","date_gmt":"2025-08-11T09:29:43","guid":{"rendered":"https:\/\/www.simplify.rs\/?page_id=12422"},"modified":"2025-10-20T10:43:59","modified_gmt":"2025-10-20T10:43:59","slug":"rpa-strategija","status":"publish","type":"page","link":"https:\/\/www.simplify.rs\/es\/capacitacion\/estrategia-de-rpa\/","title":{"rendered":"Estrategia de RPA"},"content":{"rendered":"<div data-elementor-type=\"wp-page\" data-elementor-id=\"12422\" class=\"elementor elementor-12422\" data-elementor-post-type=\"page\">\n\t\t\t\t<div class=\"elementor-element elementor-element-6e6813d0 e-con-full e-flex e-con e-child\" data-id=\"6e6813d0\" data-element_type=\"container\" data-settings=\"{&quot;position&quot;:&quot;fixed&quot;,&quot;background_background&quot;:&quot;classic&quot;}\">\n\t\t\t\t<div class=\"elementor-element elementor-element-471ae946 elementor-widget__width-auto elementor-view-default elementor-widget elementor-widget-icon\" data-id=\"471ae946\" data-element_type=\"widget\" data-widget_type=\"icon.default\">\n\t\t\t\t<div class=\"elementor-widget-container\">\n\t\t\t\t\t\t\t<div class=\"elementor-icon-wrapper\">\n\t\t\t<a class=\"elementor-icon\" href=\"https:\/\/www.simplify.rs\/es\/kontakt\/#contact-btn\" target=\"_blank\" rel=\"noopener\">\n\t\t\t<svg xmlns=\"http:\/\/www.w3.org\/2000\/svg\" width=\"19\" height=\"19\" viewbox=\"0 0 19 19\" fill=\"none\"><path d=\"M9.07031 0.936523L17.5819 5.99037C17.728 6.09679 17.846 6.2282 17.9357 6.3846C18.0254 6.54101 18.0703 6.71089 18.0703 6.89422V17.1288C18.0703 17.5891 17.9161 17.9734 17.6078 18.2817C17.2995 18.5901 16.9152 18.7442 16.4549 18.7442H1.68569C1.22544 18.7442 0.841146 18.5901 0.532813 18.2817C0.224479 17.9734 0.0703125 17.5891 0.0703125 17.1288V6.89422C0.0703125 6.71089 0.115179 6.54101 0.204913 6.3846C0.294663 6.2282 0.412612 6.09679 0.558762 5.99037L9.07031 0.936523ZM9.07031 11.3942L16.8703 6.74422L9.07031 2.09422L1.27031 6.74422L9.07031 11.3942ZM9.07031 12.5519L1.07031 7.79037V17.1288C1.07031 17.3083 1.128 17.4558 1.24339 17.5711C1.35877 17.6865 1.5062 17.7442 1.68569 17.7442H16.4549C16.6344 17.7442 16.7819 17.6865 16.8972 17.5711C17.0126 17.4558 17.0703 17.3083 17.0703 17.1288V7.79037L9.07031 12.5519Z\" fill=\"white\"><\/path><\/svg>\t\t\t<\/a>\n\t\t<\/div>\n\t\t\t\t\t\t<\/div>\n\t\t\t\t<\/div>\n\t\t\t\t<\/div>\n\t\t<div class=\"elementor-element elementor-element-1a1734c4 e-con-full e-flex e-con e-child\" data-id=\"1a1734c4\" data-element_type=\"container\" data-settings=\"{&quot;position&quot;:&quot;fixed&quot;,&quot;background_background&quot;:&quot;classic&quot;}\">\n\t\t\t\t<div class=\"elementor-element elementor-element-6342a8c4 elementor-widget__width-auto elementor-view-default elementor-widget elementor-widget-icon\" data-id=\"6342a8c4\" data-element_type=\"widget\" data-widget_type=\"icon.default\">\n\t\t\t\t<div class=\"elementor-widget-container\">\n\t\t\t\t\t\t\t<div class=\"elementor-icon-wrapper\">\n\t\t\t<a class=\"elementor-icon\" href=\"#elementor-action%3Aaction%3Dpopup%3Aopen%26settings%3DeyJpZCI6IjQzNzciLCJ0b2dnbGUiOmZhbHNlfQ%3D%3D\">\n\t\t\t<svg xmlns=\"http:\/\/www.w3.org\/2000\/svg\" width=\"18\" height=\"18\" viewbox=\"0 0 18 18\" fill=\"none\"><path d=\"M16.5549 17.3177L10.2933 11.0562C9.79333 11.4818 9.21833 11.8113 8.56833 12.0447C7.91833 12.278 7.26512 12.3947 6.6087 12.3947C5.00704 12.3947 3.6515 11.8402 2.54208 10.7314C1.43265 9.62261 0.87793 8.26781 0.87793 6.66701C0.87793 5.06621 1.43234 3.71036 2.54115 2.59946C3.64997 1.48856 5.00478 0.933105 6.60558 0.933105C8.2064 0.933105 9.56225 1.48781 10.6731 2.59723C11.784 3.70665 12.3395 5.0622 12.3395 6.66388C12.3395 7.35875 12.2164 8.03118 11.9703 8.68118C11.7241 9.33118 11.401 9.88696 11.001 10.3485L17.2626 16.61L16.5549 17.3177ZM6.6087 11.3947C7.93564 11.3947 9.05583 10.9379 9.96928 10.0245C10.8827 9.11099 11.3395 7.9908 11.3395 6.66388C11.3395 5.33696 10.8827 4.21677 9.96928 3.30331C9.05583 2.38984 7.93564 1.93311 6.6087 1.93311C5.28179 1.93311 4.1616 2.38984 3.24813 3.30331C2.33468 4.21677 1.87795 5.33696 1.87795 6.66388C1.87795 7.9908 2.33468 9.11099 3.24813 10.0245C4.1616 10.9379 5.28179 11.3947 6.6087 11.3947Z\" fill=\"white\"><\/path><\/svg>\t\t\t<\/a>\n\t\t<\/div>\n\t\t\t\t\t\t<\/div>\n\t\t\t\t<\/div>\n\t\t\t\t<\/div>\n\t\t<div class=\"elementor-element elementor-element-3ee1495e e-flex e-con-boxed e-con e-parent\" data-id=\"3ee1495e\" data-element_type=\"container\" data-settings=\"{&quot;background_background&quot;:&quot;video&quot;}\">\n\t\t\t\t\t<div class=\"e-con-inner\">\n\t\t<div class=\"elementor-element elementor-element-6c6d318c e-con-full e-flex e-con e-child\" data-id=\"6c6d318c\" data-element_type=\"container\">\n\t\t\t\t<div class=\"elementor-element elementor-element-2e052621 elementor-widget__width-initial elementor-widget elementor-widget-heading\" data-id=\"2e052621\" data-element_type=\"widget\" data-widget_type=\"heading.default\">\n\t\t\t\t<div class=\"elementor-widget-container\">\n\t\t\t\t\t<h1 class=\"elementor-heading-title elementor-size-default\">Estrategia de RPA\n<\/h1>\t\t\t\t<\/div>\n\t\t\t\t<\/div>\n\t\t\t\t<div class=\"elementor-element elementor-element-7ac9d06a elementor-widget__width-initial elementor-widget elementor-widget-text-editor\" data-id=\"7ac9d06a\" data-element_type=\"widget\" data-widget_type=\"text-editor.default\">\n\t\t\t\t<div class=\"elementor-widget-container\">\n\t\t\t\t\t\t\t\t\t<p><strong>RPA es un componente clave de la automatizaci\u00f3n empresarial moderna, que permite que los trabajadores digitales (bots) realicen tareas en lugar de los humanos, sin cambiar los sistemas existentes.<\/strong><\/p>\t\t\t\t\t\t\t\t<\/div>\n\t\t\t\t<\/div>\n\t\t\t\t<\/div>\n\t\t\t\t\t<\/div>\n\t\t\t\t<\/div>\n\t\t<div class=\"elementor-element elementor-element-43a9ed49 e-flex e-con-boxed e-con e-parent\" data-id=\"43a9ed49\" data-element_type=\"container\" data-settings=\"{&quot;background_background&quot;:&quot;classic&quot;}\">\n\t\t\t\t\t<div class=\"e-con-inner\">\n\t\t<div class=\"elementor-element elementor-element-243e3809 e-con-full e-flex e-con e-child\" data-id=\"243e3809\" data-element_type=\"container\">\n\t\t\t\t<div class=\"elementor-element elementor-element-58daabb8 elementor-widget elementor-widget-heading\" data-id=\"58daabb8\" data-element_type=\"widget\" data-widget_type=\"heading.default\">\n\t\t\t\t<div class=\"elementor-widget-container\">\n\t\t\t\t\t<h3 class=\"elementor-heading-title elementor-size-default\"> <span style=\"color:#ffffff\"> Construya el futuro de RPA de su organizaci\u00f3n<\/span> <\/h3>\t\t\t\t<\/div>\n\t\t\t\t<\/div>\n\t\t\t\t<div class=\"elementor-element elementor-element-4d0af167 elementor-widget__width-initial elementor-widget elementor-widget-text-editor\" data-id=\"4d0af167\" data-element_type=\"widget\" data-widget_type=\"text-editor.default\">\n\t\t\t\t<div class=\"elementor-widget-container\">\n\t\t\t\t\t\t\t\t\t<p>Esta capacitaci\u00f3n de dos d\u00edas est\u00e1 dirigida a l\u00edderes y tomadores de decisiones que desean desarrollar e implementar una estrategia de RPA eficaz en su organizaci\u00f3n. Los asistentes conocer\u00e1n los elementos clave de una estrategia de automatizaci\u00f3n, desde la evaluaci\u00f3n de la madurez de RPA de una organizaci\u00f3n, pasando por la priorizaci\u00f3n, la selecci\u00f3n de tecnolog\u00eda, la formaci\u00f3n de equipos y la cartera de automatizaci\u00f3n, hasta la gesti\u00f3n de riesgos, el cumplimiento normativo y el escalado de soluciones. La capacitaci\u00f3n combina marcos te\u00f3ricos con perspectivas pr\u00e1cticas y ejemplos de implementaci\u00f3n en diversas industrias.\u00a0<\/p>\t\t\t\t\t\t\t\t<\/div>\n\t\t\t\t<\/div>\n\t\t\t\t<\/div>\n\t\t\t\t\t<\/div>\n\t\t\t\t<\/div>\n\t\t<div class=\"elementor-element elementor-element-2dc900c8 e-flex e-con-boxed e-con e-parent\" data-id=\"2dc900c8\" data-element_type=\"container\">\n\t\t\t\t\t<div class=\"e-con-inner\">\n\t\t<div class=\"elementor-element elementor-element-6793fad0 e-con-full e-flex e-con e-child\" data-id=\"6793fad0\" data-element_type=\"container\">\n\t\t\t\t<div class=\"elementor-element elementor-element-486ff134 elementor-widget__width-inherit elementor-widget elementor-widget-heading\" data-id=\"486ff134\" data-element_type=\"widget\" data-widget_type=\"heading.default\">\n\t\t\t\t<div class=\"elementor-widget-container\">\n\t\t\t\t\t<h3 class=\"elementor-heading-title elementor-size-default\"><span style=\"color:#4585F2\">\u00bfA qu\u00e9 perfiles y puestos va dirigida esta formaci\u00f3n? <\/span><\/h3>\t\t\t\t<\/div>\n\t\t\t\t<\/div>\n\t\t\t\t<div class=\"elementor-element elementor-element-bdb7597 elementor-widget elementor-widget-text-editor\" data-id=\"bdb7597\" data-element_type=\"widget\" data-widget_type=\"text-editor.default\">\n\t\t\t\t<div class=\"elementor-widget-container\">\n\t\t\t\t\t\t\t\t\t<p>Para tomadores de decisiones, gerentes de TI y de negocios, directores de operaciones, equipos de liderazgo de transformaci\u00f3n digital y cualquier persona responsable de definir e implementar una estrategia de RPA.<\/p>\t\t\t\t\t\t\t\t<\/div>\n\t\t\t\t<\/div>\n\t\t\t\t<\/div>\n\t\t\t\t\t<\/div>\n\t\t\t\t<\/div>\n\t\t<div class=\"elementor-element elementor-element-3ead4f44 e-flex e-con-boxed e-con e-parent\" data-id=\"3ead4f44\" data-element_type=\"container\" data-settings=\"{&quot;background_background&quot;:&quot;video&quot;}\">\n\t\t\t\t\t<div class=\"e-con-inner\">\n\t\t<div class=\"elementor-element elementor-element-68c90d75 e-con-full e-flex e-con e-child\" data-id=\"68c90d75\" data-element_type=\"container\">\n\t\t\t\t<div class=\"elementor-element elementor-element-a3e815d elementor-widget elementor-widget-heading\" data-id=\"a3e815d\" data-element_type=\"widget\" data-widget_type=\"heading.default\">\n\t\t\t\t<div class=\"elementor-widget-container\">\n\t\t\t\t\t<h3 class=\"elementor-heading-title elementor-size-default\"> <span style=\"color:#ffffff\">Orden del d\u00eda<\/span> <\/h3>\t\t\t\t<\/div>\n\t\t\t\t<\/div>\n\t\t\t\t<div class=\"elementor-element elementor-element-531d724 elementor-widget__width-initial elementor-widget elementor-widget-text-editor\" data-id=\"531d724\" data-element_type=\"widget\" data-widget_type=\"text-editor.default\">\n\t\t\t\t<div class=\"elementor-widget-container\">\n\t\t\t\t\t\t\t\t\t<p>Duraci\u00f3n: 2 d\u00edas (480 minutos)\u00a0<\/p>\t\t\t\t\t\t\t\t<\/div>\n\t\t\t\t<\/div>\n\t\t<div class=\"elementor-element elementor-element-5f46b74 e-grid e-con-full e-con e-child\" data-id=\"5f46b74\" data-element_type=\"container\">\n\t\t<div class=\"elementor-element elementor-element-842a028 e-con-full e-flex e-con e-child\" data-id=\"842a028\" data-element_type=\"container\">\n\t\t\t\t<div class=\"elementor-element elementor-element-175c682e elementor-widget__width-inherit elementor-widget elementor-widget-text-editor\" data-id=\"175c682e\" data-element_type=\"widget\" data-widget_type=\"text-editor.default\">\n\t\t\t\t<div class=\"elementor-widget-container\">\n\t\t\t\t\t\t\t\t\t<p>01 Planificaci\u00f3n y construcci\u00f3n de una estrategia:<\/p>\t\t\t\t\t\t\t\t<\/div>\n\t\t\t\t<\/div>\n\t\t\t\t<div class=\"elementor-element elementor-element-3920b708 elementor-widget__width-initial elementor-widget elementor-widget-text-editor\" data-id=\"3920b708\" data-element_type=\"widget\" data-widget_type=\"text-editor.default\">\n\t\t\t\t<div class=\"elementor-widget-container\">\n\t\t\t\t\t\t\t\t\t<p>Entendiendo BPM: su importancia y conceptos b\u00e1sicos relacionados con los procesos<\/p><p>Metodolog\u00eda para el mapeo de procesos de negocio y roles de proceso<\/p><p>Descripci\u00f3n general y aplicaci\u00f3n del modelo SIPOC<\/p><p>Diagrama de tortuga<\/p><p>Ejercicios pr\u00e1cticos en Bizagi<\/p>\t\t\t\t\t\t\t\t<\/div>\n\t\t\t\t<\/div>\n\t\t\t\t<\/div>\n\t\t<div class=\"elementor-element elementor-element-0d9fd0d e-con-full e-flex e-con e-child\" data-id=\"0d9fd0d\" data-element_type=\"container\">\n\t\t\t\t<div class=\"elementor-element elementor-element-e36dbe elementor-widget__width-inherit elementor-widget elementor-widget-text-editor\" data-id=\"e36dbe\" data-element_type=\"widget\" data-widget_type=\"text-editor.default\">\n\t\t\t\t<div class=\"elementor-widget-container\">\n\t\t\t\t\t\t\t\t\t<p>02 Implementaci\u00f3n, escalamiento y monitoreo<\/p>\t\t\t\t\t\t\t\t<\/div>\n\t\t\t\t<\/div>\n\t\t\t\t<div class=\"elementor-element elementor-element-669b5217 elementor-widget__width-initial elementor-widget elementor-widget-text-editor\" data-id=\"669b5217\" data-element_type=\"widget\" data-widget_type=\"text-editor.default\">\n\t\t\t\t<div class=\"elementor-widget-container\">\n\t\t\t\t\t\t\t\t\t<p>Creaci\u00f3n y gesti\u00f3n de la cartera de RPA\u00a0<\/p><p>Gesti\u00f3n del cambio y participaci\u00f3n de los equipos de negocio\u00a0<\/p><p>El papel de las TI y la colaboraci\u00f3n entre equipos\u00a0<\/p><p>Gesti\u00f3n de riesgos, seguridad y cumplimiento<\/p><p>Escalar la automatizaci\u00f3n en toda la organizaci\u00f3n\u00a0<\/p><p>Medici\u00f3n del \u00e9xito, ROI y mejora continua de la estrategia\u00a0<\/p>\t\t\t\t\t\t\t\t<\/div>\n\t\t\t\t<\/div>\n\t\t\t\t<\/div>\n\t\t\t\t<\/div>\n\t\t\t\t<\/div>\n\t\t\t\t\t<\/div>\n\t\t\t\t<\/div>\n\t\t\t\t<\/div>","protected":false},"excerpt":{"rendered":"<p>RPA Strategija RPA je klju\u010dna komponenta savremene automatizacije poslovanja, omogu\u0107avaju\u0107i digitalnim radnicima (botovima) da izvr\u0161avaju zadatke umesto ljudi, bez izmene postoje\u0107ih sistema. Izgradite RPA budu\u0107nost va\u0161e organizacije Ova dvodnevna obuka namenjena je liderima i donosiocima odluka koji \u017eele da razviju i sprovedu efikasnu RPA strategiju u svojoj organizaciji. Polaznici se upoznaju sa klju\u010dnim elementima strategije [&hellip;]<\/p>","protected":false},"author":5,"featured_media":0,"parent":26,"menu_order":0,"comment_status":"closed","ping_status":"closed","template":"elementor_header_footer","meta":{"footnotes":""},"class_list":["post-12422","page","type-page","status-publish","hentry"],"_links":{"self":[{"href":"https:\/\/www.simplify.rs\/es\/wp-json\/wp\/v2\/pages\/12422","targetHints":{"allow":["GET"]}}],"collection":[{"href":"https:\/\/www.simplify.rs\/es\/wp-json\/wp\/v2\/pages"}],"about":[{"href":"https:\/\/www.simplify.rs\/es\/wp-json\/wp\/v2\/types\/page"}],"author":[{"embeddable":true,"href":"https:\/\/www.simplify.rs\/es\/wp-json\/wp\/v2\/users\/5"}],"replies":[{"embeddable":true,"href":"https:\/\/www.simplify.rs\/es\/wp-json\/wp\/v2\/comments?post=12422"}],"version-history":[{"count":5,"href":"https:\/\/www.simplify.rs\/es\/wp-json\/wp\/v2\/pages\/12422\/revisions"}],"predecessor-version":[{"id":13718,"href":"https:\/\/www.simplify.rs\/es\/wp-json\/wp\/v2\/pages\/12422\/revisions\/13718"}],"up":[{"embeddable":true,"href":"https:\/\/www.simplify.rs\/es\/wp-json\/wp\/v2\/pages\/26"}],"wp:attachment":[{"href":"https:\/\/www.simplify.rs\/es\/wp-json\/wp\/v2\/media?parent=12422"}],"curies":[{"name":"wp","href":"https:\/\/api.w.org\/{rel}","templated":true}]}}