{"id":12526,"date":"2025-08-12T08:55:04","date_gmt":"2025-08-12T08:55:04","guid":{"rendered":"https:\/\/www.simplify.rs\/?page_id=12526"},"modified":"2025-10-20T10:47:42","modified_gmt":"2025-10-20T10:47:42","slug":"ia-trening-workshop","status":"publish","type":"page","link":"https:\/\/www.simplify.rs\/es\/capacitacion\/taller-de-capacitacion-de-ia\/","title":{"rendered":"Capacitaci\u00f3n de IA \u2013 Taller \u200b"},"content":{"rendered":"<div data-elementor-type=\"wp-page\" data-elementor-id=\"12526\" class=\"elementor elementor-12526\" data-elementor-post-type=\"page\">\n\t\t\t\t<div class=\"elementor-element elementor-element-561383de e-con-full e-flex e-con e-child\" data-id=\"561383de\" data-element_type=\"container\" data-settings=\"{&quot;position&quot;:&quot;fixed&quot;,&quot;background_background&quot;:&quot;classic&quot;}\">\n\t\t\t\t<div class=\"elementor-element elementor-element-5d763d elementor-widget__width-auto elementor-view-default elementor-widget elementor-widget-icon\" data-id=\"5d763d\" data-element_type=\"widget\" data-widget_type=\"icon.default\">\n\t\t\t\t<div class=\"elementor-widget-container\">\n\t\t\t\t\t\t\t<div class=\"elementor-icon-wrapper\">\n\t\t\t<a class=\"elementor-icon\" href=\"https:\/\/www.simplify.rs\/es\/kontakt\/#contact-btn\" target=\"_blank\" rel=\"noopener\">\n\t\t\t<svg xmlns=\"http:\/\/www.w3.org\/2000\/svg\" width=\"19\" height=\"19\" viewbox=\"0 0 19 19\" fill=\"none\"><path d=\"M9.07031 0.936523L17.5819 5.99037C17.728 6.09679 17.846 6.2282 17.9357 6.3846C18.0254 6.54101 18.0703 6.71089 18.0703 6.89422V17.1288C18.0703 17.5891 17.9161 17.9734 17.6078 18.2817C17.2995 18.5901 16.9152 18.7442 16.4549 18.7442H1.68569C1.22544 18.7442 0.841146 18.5901 0.532813 18.2817C0.224479 17.9734 0.0703125 17.5891 0.0703125 17.1288V6.89422C0.0703125 6.71089 0.115179 6.54101 0.204913 6.3846C0.294663 6.2282 0.412612 6.09679 0.558762 5.99037L9.07031 0.936523ZM9.07031 11.3942L16.8703 6.74422L9.07031 2.09422L1.27031 6.74422L9.07031 11.3942ZM9.07031 12.5519L1.07031 7.79037V17.1288C1.07031 17.3083 1.128 17.4558 1.24339 17.5711C1.35877 17.6865 1.5062 17.7442 1.68569 17.7442H16.4549C16.6344 17.7442 16.7819 17.6865 16.8972 17.5711C17.0126 17.4558 17.0703 17.3083 17.0703 17.1288V7.79037L9.07031 12.5519Z\" fill=\"white\"><\/path><\/svg>\t\t\t<\/a>\n\t\t<\/div>\n\t\t\t\t\t\t<\/div>\n\t\t\t\t<\/div>\n\t\t\t\t<\/div>\n\t\t<div class=\"elementor-element elementor-element-74849c43 e-con-full e-flex e-con e-child\" data-id=\"74849c43\" data-element_type=\"container\" data-settings=\"{&quot;position&quot;:&quot;fixed&quot;,&quot;background_background&quot;:&quot;classic&quot;}\">\n\t\t\t\t<div class=\"elementor-element elementor-element-6f5ec130 elementor-widget__width-auto elementor-view-default elementor-widget elementor-widget-icon\" data-id=\"6f5ec130\" data-element_type=\"widget\" data-widget_type=\"icon.default\">\n\t\t\t\t<div class=\"elementor-widget-container\">\n\t\t\t\t\t\t\t<div class=\"elementor-icon-wrapper\">\n\t\t\t<a class=\"elementor-icon\" href=\"#elementor-action%3Aaction%3Dpopup%3Aopen%26settings%3DeyJpZCI6IjQzNzciLCJ0b2dnbGUiOmZhbHNlfQ%3D%3D\">\n\t\t\t<svg xmlns=\"http:\/\/www.w3.org\/2000\/svg\" width=\"18\" height=\"18\" viewbox=\"0 0 18 18\" fill=\"none\"><path d=\"M16.5549 17.3177L10.2933 11.0562C9.79333 11.4818 9.21833 11.8113 8.56833 12.0447C7.91833 12.278 7.26512 12.3947 6.6087 12.3947C5.00704 12.3947 3.6515 11.8402 2.54208 10.7314C1.43265 9.62261 0.87793 8.26781 0.87793 6.66701C0.87793 5.06621 1.43234 3.71036 2.54115 2.59946C3.64997 1.48856 5.00478 0.933105 6.60558 0.933105C8.2064 0.933105 9.56225 1.48781 10.6731 2.59723C11.784 3.70665 12.3395 5.0622 12.3395 6.66388C12.3395 7.35875 12.2164 8.03118 11.9703 8.68118C11.7241 9.33118 11.401 9.88696 11.001 10.3485L17.2626 16.61L16.5549 17.3177ZM6.6087 11.3947C7.93564 11.3947 9.05583 10.9379 9.96928 10.0245C10.8827 9.11099 11.3395 7.9908 11.3395 6.66388C11.3395 5.33696 10.8827 4.21677 9.96928 3.30331C9.05583 2.38984 7.93564 1.93311 6.6087 1.93311C5.28179 1.93311 4.1616 2.38984 3.24813 3.30331C2.33468 4.21677 1.87795 5.33696 1.87795 6.66388C1.87795 7.9908 2.33468 9.11099 3.24813 10.0245C4.1616 10.9379 5.28179 11.3947 6.6087 11.3947Z\" fill=\"white\"><\/path><\/svg>\t\t\t<\/a>\n\t\t<\/div>\n\t\t\t\t\t\t<\/div>\n\t\t\t\t<\/div>\n\t\t\t\t<\/div>\n\t\t<div class=\"elementor-element elementor-element-1a30e83 e-flex e-con-boxed e-con e-parent\" data-id=\"1a30e83\" data-element_type=\"container\" data-settings=\"{&quot;background_background&quot;:&quot;video&quot;}\">\n\t\t\t\t\t<div class=\"e-con-inner\">\n\t\t<div class=\"elementor-element elementor-element-28f0e82d e-con-full e-flex e-con e-child\" data-id=\"28f0e82d\" data-element_type=\"container\">\n\t\t\t\t<div class=\"elementor-element elementor-element-686781c2 elementor-widget__width-initial elementor-widget elementor-widget-heading\" data-id=\"686781c2\" data-element_type=\"widget\" data-widget_type=\"heading.default\">\n\t\t\t\t<div class=\"elementor-widget-container\">\n\t\t\t\t\t<h1 class=\"elementor-heading-title elementor-size-default\">Capacitaci\u00f3n de IA - Taller <\/h1>\t\t\t\t<\/div>\n\t\t\t\t<\/div>\n\t\t\t\t<div class=\"elementor-element elementor-element-392b8309 elementor-widget__width-initial elementor-widget elementor-widget-text-editor\" data-id=\"392b8309\" data-element_type=\"widget\" data-widget_type=\"text-editor.default\">\n\t\t\t\t<div class=\"elementor-widget-container\">\n\t\t\t\t\t\t\t\t\t<p><strong>La automatizaci\u00f3n inteligente (IA) es una combinaci\u00f3n de tecnolog\u00edas como RPA (automatizaci\u00f3n de tareas rutinarias), inteligencia artificial (IA\/ML) y procesamiento inteligente de documentos (IDP), cuyo objetivo es aumentar la eficiencia, reducir errores y acelerar los procesos comerciales.<\/strong><\/p>\t\t\t\t\t\t\t\t<\/div>\n\t\t\t\t<\/div>\n\t\t\t\t<\/div>\n\t\t\t\t\t<\/div>\n\t\t\t\t<\/div>\n\t\t<div class=\"elementor-element elementor-element-4ec9ef09 e-flex e-con-boxed e-con e-parent\" data-id=\"4ec9ef09\" data-element_type=\"container\" data-settings=\"{&quot;background_background&quot;:&quot;classic&quot;}\">\n\t\t\t\t\t<div class=\"e-con-inner\">\n\t\t<div class=\"elementor-element elementor-element-7b3d4d5a e-con-full e-flex e-con e-child\" data-id=\"7b3d4d5a\" data-element_type=\"container\">\n\t\t\t\t<div class=\"elementor-element elementor-element-113c45c5 elementor-widget elementor-widget-heading\" data-id=\"113c45c5\" data-element_type=\"widget\" data-widget_type=\"heading.default\">\n\t\t\t\t<div class=\"elementor-widget-container\">\n\t\t\t\t\t<h3 class=\"elementor-heading-title elementor-size-default\"> <span style=\"color:#ffffff\"> Identificar las \u00e1reas con mayor potencial de automatizaci\u00f3n<\/span> <\/h3>\t\t\t\t<\/div>\n\t\t\t\t<\/div>\n\t\t\t\t<div class=\"elementor-element elementor-element-4c7e6ab0 elementor-widget__width-initial elementor-widget elementor-widget-text-editor\" data-id=\"4c7e6ab0\" data-element_type=\"widget\" data-widget_type=\"text-editor.default\">\n\t\t\t\t<div class=\"elementor-widget-container\">\n\t\t\t\t\t\t\t\t\t<p>Esta capacitaci\u00f3n es una sesi\u00f3n interactiva enfocada en identificar los procesos m\u00e1s adecuados para la aplicaci\u00f3n de tecnolog\u00edas avanzadas como RPA, IDP, PLN y modelos de IA\/ML. Mediante an\u00e1lisis estructurado y trabajo en equipo, los participantes aprenden a identificar tareas y flujos de negocio que cumplen con los criterios de automatizaci\u00f3n inteligente, como alto volumen, pasos repetitivos, datos de entrada estables y baja necesidad de juicio humano.<\/p>\t\t\t\t\t\t\t\t<\/div>\n\t\t\t\t<\/div>\n\t\t\t\t<\/div>\n\t\t\t\t\t<\/div>\n\t\t\t\t<\/div>\n\t\t<div class=\"elementor-element elementor-element-59638bc1 e-flex e-con-boxed e-con e-parent\" data-id=\"59638bc1\" data-element_type=\"container\">\n\t\t\t\t\t<div class=\"e-con-inner\">\n\t\t<div class=\"elementor-element elementor-element-4ffd8bb9 e-con-full e-flex e-con e-child\" data-id=\"4ffd8bb9\" data-element_type=\"container\">\n\t\t\t\t<div class=\"elementor-element elementor-element-51e74d9d elementor-widget__width-inherit elementor-widget elementor-widget-heading\" data-id=\"51e74d9d\" data-element_type=\"widget\" data-widget_type=\"heading.default\">\n\t\t\t\t<div class=\"elementor-widget-container\">\n\t\t\t\t\t<h3 class=\"elementor-heading-title elementor-size-default\"><span style=\"color:#4585F2\">\u00bfA qui\u00e9n est\u00e1 dirigido este taller?<\/span><\/h3>\t\t\t\t<\/div>\n\t\t\t\t<\/div>\n\t\t\t\t<div class=\"elementor-element elementor-element-132e901e elementor-widget__width-initial elementor-widget elementor-widget-text-editor\" data-id=\"132e901e\" data-element_type=\"widget\" data-widget_type=\"text-editor.default\">\n\t\t\t\t<div class=\"elementor-widget-container\">\n\t\t\t\t\t\t\t\t\t<p>La formaci\u00f3n est\u00e1 dirigida a empleados del sector empresarial (operaciones, finanzas, soporte, RRHH, ventas) y del sector de TI que participan en la optimizaci\u00f3n de procesos y desean descubrir sistem\u00e1ticamente oportunidades de IA en su trabajo.<\/p>\t\t\t\t\t\t\t\t<\/div>\n\t\t\t\t<\/div>\n\t\t\t\t<\/div>\n\t\t\t\t\t<\/div>\n\t\t\t\t<\/div>\n\t\t<div class=\"elementor-element elementor-element-3f088c5f e-flex e-con-boxed e-con e-parent\" data-id=\"3f088c5f\" data-element_type=\"container\" data-settings=\"{&quot;background_background&quot;:&quot;video&quot;}\">\n\t\t\t\t\t<div class=\"e-con-inner\">\n\t\t<div class=\"elementor-element elementor-element-e2afa92 e-con-full e-flex e-con e-child\" data-id=\"e2afa92\" data-element_type=\"container\">\n\t\t\t\t<div class=\"elementor-element elementor-element-39016654 elementor-widget elementor-widget-heading\" data-id=\"39016654\" data-element_type=\"widget\" data-widget_type=\"heading.default\">\n\t\t\t\t<div class=\"elementor-widget-container\">\n\t\t\t\t\t<h3 class=\"elementor-heading-title elementor-size-default\"> <span style=\"color:#ffffff\">Orden del d\u00eda<\/span> <\/h3>\t\t\t\t<\/div>\n\t\t\t\t<\/div>\n\t\t\t\t<div class=\"elementor-element elementor-element-48c029c6 elementor-widget__width-initial elementor-widget elementor-widget-text-editor\" data-id=\"48c029c6\" data-element_type=\"widget\" data-widget_type=\"text-editor.default\">\n\t\t\t\t<div class=\"elementor-widget-container\">\n\t\t\t\t\t\t\t\t\t<p><strong>La capacitaci\u00f3n tiene una duraci\u00f3n de 180 minutos (un d\u00eda). Durante la capacitaci\u00f3n, se pasan por tres segmentos diferentes (cada uno de 60 minutos).<\/strong><\/p>\t\t\t\t\t\t\t\t<\/div>\n\t\t\t\t<\/div>\n\t\t\t\t<div class=\"elementor-element elementor-element-6c9d0340 elementor-widget elementor-widget-n-carousel\" data-id=\"6c9d0340\" data-element_type=\"widget\" data-settings=\"{&quot;carousel_items&quot;:[{&quot;slide_title&quot;:&quot;\\u0421\\u043b\\u0430\\u0458\\u0434 1\\u0422\\u041f8\\u04221&quot;,&quot;_id&quot;:&quot;d5ff068&quot;},{&quot;slide_title&quot;:&quot;\\u0421\\u043b\\u0430\\u0458\\u0434 1\\u0422\\u041f8\\u04222&quot;,&quot;_id&quot;:&quot;ed9fb59&quot;},{&quot;slide_title&quot;:&quot;\\u0421\\u043b\\u0430\\u0458\\u0434 1\\u0422\\u041f8\\u04223&quot;,&quot;_id&quot;:&quot;2b34dc2&quot;}],&quot;image_spacing_custom&quot;:{&quot;unit&quot;:&quot;px&quot;,&quot;size&quot;:80,&quot;sizes&quot;:[]},&quot;slides_to_show&quot;:&quot;3&quot;,&quot;slides_to_scroll&quot;:&quot;1&quot;,&quot;slides_to_show_tablet&quot;:&quot;2&quot;,&quot;slides_to_show_mobile&quot;:&quot;1&quot;,&quot;speed&quot;:500,&quot;image_spacing_custom_tablet&quot;:{&quot;unit&quot;:&quot;px&quot;,&quot;size&quot;:&quot;&quot;,&quot;sizes&quot;:[]},&quot;image_spacing_custom_mobile&quot;:{&quot;unit&quot;:&quot;px&quot;,&quot;size&quot;:&quot;&quot;,&quot;sizes&quot;:[]}}\" data-widget_type=\"nested-carousel.default\">\n\t\t\t\t<div class=\"elementor-widget-container\">\n\t\t\t\t\t\t\t<div class=\"e-n-carousel swiper\" role=\"region\" aria-roledescription=\"carousel\" aria-label=\"Carrusel\" dir=\"ltr\">\n\t\t\t<div class=\"swiper-wrapper\" aria-live=\"polite\">\n\t\t\t\t\t\t\t\t\t\t<div class=\"swiper-slide\" data-slide=\"1\" role=\"group\" aria-roledescription=\"slide\" aria-label=\"1 von 3\" data-no-translation-aria-label=\"\">\n\t\t\t\t\t\t\t<div class=\"elementor-element elementor-element-6992e620 e-flex e-con-boxed e-con e-child\" data-id=\"6992e620\" data-element_type=\"container\">\n\t\t\t\t\t<div class=\"e-con-inner\">\n\t\t\t\t<div class=\"elementor-element elementor-element-7e9ce581 elementor-widget__width-inherit elementor-widget elementor-widget-text-editor\" data-id=\"7e9ce581\" data-element_type=\"widget\" data-widget_type=\"text-editor.default\">\n\t\t\t\t<div class=\"elementor-widget-container\">\n\t\t\t\t\t\t\t\t\t<p><strong>01 Introducci\u00f3n a la IA y criterios de selecci\u00f3n de candidatos (60 min)<\/strong><\/p>\t\t\t\t\t\t\t\t<\/div>\n\t\t\t\t<\/div>\n\t\t\t\t<div class=\"elementor-element elementor-element-4ca08b6d elementor-widget__width-initial elementor-widget elementor-widget-text-editor\" data-id=\"4ca08b6d\" data-element_type=\"widget\" data-widget_type=\"text-editor.default\">\n\t\t\t\t<div class=\"elementor-widget-container\">\n\t\t\t\t\t\t\t\t\t<p>Conceptos b\u00e1sicos: IA = RPA + IA + IDP + NLP<\/p><p>Procesos t\u00edpicos de IA en las empresas: ejemplos por funci\u00f3n<\/p><p>Criterios para un buen candidato de IA (estabilidad, volumen, estructura de datos)<\/p><p>An\u00e1lisis grupal: evaluaci\u00f3n de procesos de ejemplo a trav\u00e9s de la lista de verificaci\u00f3n de IA<\/p>\t\t\t\t\t\t\t\t<\/div>\n\t\t\t\t<\/div>\n\t\t\t\t\t<\/div>\n\t\t\t\t<\/div>\n\t\t\t\t\t\t\t\t<\/div>\n\t\t\t\t\t\t\t\t\t\t\t<div class=\"swiper-slide\" data-slide=\"2\" role=\"group\" aria-roledescription=\"slide\" aria-label=\"2 von 3\" data-no-translation-aria-label=\"\">\n\t\t\t\t\t\t\t<div class=\"elementor-element elementor-element-e43e46b e-flex e-con-boxed e-con e-child\" data-id=\"e43e46b\" data-element_type=\"container\">\n\t\t\t\t\t<div class=\"e-con-inner\">\n\t\t\t\t<div class=\"elementor-element elementor-element-315f8fd1 elementor-widget__width-inherit elementor-widget elementor-widget-text-editor\" data-id=\"315f8fd1\" data-element_type=\"widget\" data-widget_type=\"text-editor.default\">\n\t\t\t\t<div class=\"elementor-widget-container\">\n\t\t\t\t\t\t\t\t\t<p><strong>02 Mapeo de procesos y evaluaci\u00f3n de potencial (60 min)<\/strong><\/p>\t\t\t\t\t\t\t\t<\/div>\n\t\t\t\t<\/div>\n\t\t\t\t<div class=\"elementor-element elementor-element-71b5912a elementor-widget__width-initial elementor-widget elementor-widget-text-editor\" data-id=\"71b5912a\" data-element_type=\"widget\" data-widget_type=\"text-editor.default\">\n\t\t\t\t<div class=\"elementor-widget-container\">\n\t\t\t\t\t\t\t\t\t<p>Miniejercicio: los equipos analizan 2-3 ejemplos de procesos de su entorno<\/p><p>Priorizaci\u00f3n: alto beneficio vs complejidad<\/p><p>Matriz de valor vs esfuerzo para IA<\/p><p>Discusi\u00f3n: \u00bfQu\u00e9 procesos tienen la recuperaci\u00f3n m\u00e1s r\u00e1pida y el mayor potencial?<\/p><p>\u00a0<\/p>\t\t\t\t\t\t\t\t<\/div>\n\t\t\t\t<\/div>\n\t\t\t\t\t<\/div>\n\t\t\t\t<\/div>\n\t\t\t\t\t\t\t\t<\/div>\n\t\t\t\t\t\t\t\t\t\t\t<div class=\"swiper-slide\" data-slide=\"3\" role=\"group\" aria-roledescription=\"slide\" aria-label=\"3 von 3\" data-no-translation-aria-label=\"\">\n\t\t\t\t\t\t\t<div class=\"elementor-element elementor-element-33c4f31b e-flex e-con-boxed e-con e-child\" data-id=\"33c4f31b\" data-element_type=\"container\">\n\t\t\t\t\t<div class=\"e-con-inner\">\n\t\t\t\t<div class=\"elementor-element elementor-element-646f8e2f elementor-widget__width-inherit elementor-widget elementor-widget-text-editor\" data-id=\"646f8e2f\" data-element_type=\"widget\" data-widget_type=\"text-editor.default\">\n\t\t\t\t<div class=\"elementor-widget-container\">\n\t\t\t\t\t\t\t\t\t<p><strong>03 Discusi\u00f3n y <\/strong><strong>pr\u00f3ximos pasos (60 min)<\/strong><\/p>\t\t\t\t\t\t\t\t<\/div>\n\t\t\t\t<\/div>\n\t\t\t\t<div class=\"elementor-element elementor-element-6a172c50 elementor-widget__width-initial elementor-widget elementor-widget-text-editor\" data-id=\"6a172c50\" data-element_type=\"widget\" data-widget_type=\"text-editor.default\">\n\t\t\t\t<div class=\"elementor-widget-container\">\n\t\t\t\t\t\t\t\t\t<p>Perspectivas grupales: \u00bfCu\u00e1les son los tipos m\u00e1s comunes de candidatos de IA?<\/p><p>Canalizaci\u00f3n de IA: c\u00f3mo preparar el proceso para el equipo de IA\/CoE<\/p><p>Los errores m\u00e1s comunes en las evaluaciones de IA<\/p><p>Discusi\u00f3n de cierre y preguntas y respuestas<\/p>\t\t\t\t\t\t\t\t<\/div>\n\t\t\t\t<\/div>\n\t\t\t\t\t<\/div>\n\t\t\t\t<\/div>\n\t\t\t\t\t\t\t\t<\/div>\n\t\t\t\t\t\t\t\t<\/div>\n\t\t<\/div>\n\t\t\t\t\t\t<\/div>\n\t\t\t\t<\/div>\n\t\t\t\t<\/div>\n\t\t\t\t\t<\/div>\n\t\t\t\t<\/div>\n\t\t\t\t<\/div>","protected":false},"excerpt":{"rendered":"<p>IA trening &#8211; WorkShop Inteligentna automatizacija (IA) predstavlja kombinaciju tehnologija poput RPA (automatizacija rutinskih zadataka), ve\u0161ta\u010dke inteligencije (AI\/ML), i inteligentne obrade dokumenata (IDP), \u010diji je cilj pove\u0107anje efikasnosti, smanjenje gre\u0161aka i ubrzanje poslovnih procesa. Prepoznajte oblasti sa najve\u0107im potencijalom za automatizaciju Ova obuka predstavlja interaktivnu sesiju fokusiranu na prepoznavanje procesa koji su najpogodniji za primenu [&hellip;]<\/p>","protected":false},"author":5,"featured_media":0,"parent":26,"menu_order":0,"comment_status":"closed","ping_status":"closed","template":"elementor_header_footer","meta":{"footnotes":""},"class_list":["post-12526","page","type-page","status-publish","hentry"],"_links":{"self":[{"href":"https:\/\/www.simplify.rs\/es\/wp-json\/wp\/v2\/pages\/12526","targetHints":{"allow":["GET"]}}],"collection":[{"href":"https:\/\/www.simplify.rs\/es\/wp-json\/wp\/v2\/pages"}],"about":[{"href":"https:\/\/www.simplify.rs\/es\/wp-json\/wp\/v2\/types\/page"}],"author":[{"embeddable":true,"href":"https:\/\/www.simplify.rs\/es\/wp-json\/wp\/v2\/users\/5"}],"replies":[{"embeddable":true,"href":"https:\/\/www.simplify.rs\/es\/wp-json\/wp\/v2\/comments?post=12526"}],"version-history":[{"count":5,"href":"https:\/\/www.simplify.rs\/es\/wp-json\/wp\/v2\/pages\/12526\/revisions"}],"predecessor-version":[{"id":13733,"href":"https:\/\/www.simplify.rs\/es\/wp-json\/wp\/v2\/pages\/12526\/revisions\/13733"}],"up":[{"embeddable":true,"href":"https:\/\/www.simplify.rs\/es\/wp-json\/wp\/v2\/pages\/26"}],"wp:attachment":[{"href":"https:\/\/www.simplify.rs\/es\/wp-json\/wp\/v2\/media?parent=12526"}],"curies":[{"name":"wp","href":"https:\/\/api.w.org\/{rel}","templated":true}]}}