{"id":12815,"date":"2025-08-15T10:18:35","date_gmt":"2025-08-15T10:18:35","guid":{"rendered":"https:\/\/www.simplify.rs\/?page_id=12815"},"modified":"2025-08-15T10:19:13","modified_gmt":"2025-08-15T10:19:13","slug":"inteligentna-automatizacija-napredni-nivo","status":"publish","type":"page","link":"https:\/\/www.simplify.rs\/es\/automatizacion-inteligente-nivel-avanzado\/","title":{"rendered":"Automatizaci\u00f3n inteligente - Nivel avanzado"},"content":{"rendered":"<div data-elementor-type=\"wp-page\" data-elementor-id=\"12815\" class=\"elementor elementor-12815\" data-elementor-post-type=\"page\">\n\t\t\t\t<div class=\"elementor-element elementor-element-4cb1c117 e-con-full e-flex e-con e-child\" data-id=\"4cb1c117\" data-element_type=\"container\" data-settings=\"{&quot;position&quot;:&quot;fixed&quot;,&quot;background_background&quot;:&quot;classic&quot;}\">\n\t\t\t\t<div class=\"elementor-element elementor-element-21dce913 elementor-widget__width-auto elementor-view-default elementor-widget elementor-widget-icon\" data-id=\"21dce913\" data-element_type=\"widget\" data-widget_type=\"icon.default\">\n\t\t\t\t<div class=\"elementor-widget-container\">\n\t\t\t\t\t\t\t<div class=\"elementor-icon-wrapper\">\n\t\t\t<a class=\"elementor-icon\" href=\"https:\/\/www.simplify.rs\/es\/kontakt\/#contact-btn\" target=\"_blank\" rel=\"noopener\">\n\t\t\t<svg xmlns=\"http:\/\/www.w3.org\/2000\/svg\" width=\"19\" height=\"19\" viewbox=\"0 0 19 19\" fill=\"none\"><path d=\"M9.07031 0.936523L17.5819 5.99037C17.728 6.09679 17.846 6.2282 17.9357 6.3846C18.0254 6.54101 18.0703 6.71089 18.0703 6.89422V17.1288C18.0703 17.5891 17.9161 17.9734 17.6078 18.2817C17.2995 18.5901 16.9152 18.7442 16.4549 18.7442H1.68569C1.22544 18.7442 0.841146 18.5901 0.532813 18.2817C0.224479 17.9734 0.0703125 17.5891 0.0703125 17.1288V6.89422C0.0703125 6.71089 0.115179 6.54101 0.204913 6.3846C0.294663 6.2282 0.412612 6.09679 0.558762 5.99037L9.07031 0.936523ZM9.07031 11.3942L16.8703 6.74422L9.07031 2.09422L1.27031 6.74422L9.07031 11.3942ZM9.07031 12.5519L1.07031 7.79037V17.1288C1.07031 17.3083 1.128 17.4558 1.24339 17.5711C1.35877 17.6865 1.5062 17.7442 1.68569 17.7442H16.4549C16.6344 17.7442 16.7819 17.6865 16.8972 17.5711C17.0126 17.4558 17.0703 17.3083 17.0703 17.1288V7.79037L9.07031 12.5519Z\" fill=\"white\"><\/path><\/svg>\t\t\t<\/a>\n\t\t<\/div>\n\t\t\t\t\t\t<\/div>\n\t\t\t\t<\/div>\n\t\t\t\t<\/div>\n\t\t<div class=\"elementor-element elementor-element-73a7b575 e-con-full e-flex e-con e-child\" data-id=\"73a7b575\" data-element_type=\"container\" data-settings=\"{&quot;position&quot;:&quot;fixed&quot;,&quot;background_background&quot;:&quot;classic&quot;}\">\n\t\t\t\t<div class=\"elementor-element elementor-element-16ca4a26 elementor-widget__width-auto elementor-view-default elementor-widget elementor-widget-icon\" data-id=\"16ca4a26\" data-element_type=\"widget\" data-widget_type=\"icon.default\">\n\t\t\t\t<div class=\"elementor-widget-container\">\n\t\t\t\t\t\t\t<div class=\"elementor-icon-wrapper\">\n\t\t\t<a class=\"elementor-icon\" href=\"#elementor-action%3Aaction%3Dpopup%3Aopen%26settings%3DeyJpZCI6IjQzNzciLCJ0b2dnbGUiOmZhbHNlfQ%3D%3D\">\n\t\t\t<svg xmlns=\"http:\/\/www.w3.org\/2000\/svg\" width=\"18\" height=\"18\" viewbox=\"0 0 18 18\" fill=\"none\"><path d=\"M16.5549 17.3177L10.2933 11.0562C9.79333 11.4818 9.21833 11.8113 8.56833 12.0447C7.91833 12.278 7.26512 12.3947 6.6087 12.3947C5.00704 12.3947 3.6515 11.8402 2.54208 10.7314C1.43265 9.62261 0.87793 8.26781 0.87793 6.66701C0.87793 5.06621 1.43234 3.71036 2.54115 2.59946C3.64997 1.48856 5.00478 0.933105 6.60558 0.933105C8.2064 0.933105 9.56225 1.48781 10.6731 2.59723C11.784 3.70665 12.3395 5.0622 12.3395 6.66388C12.3395 7.35875 12.2164 8.03118 11.9703 8.68118C11.7241 9.33118 11.401 9.88696 11.001 10.3485L17.2626 16.61L16.5549 17.3177ZM6.6087 11.3947C7.93564 11.3947 9.05583 10.9379 9.96928 10.0245C10.8827 9.11099 11.3395 7.9908 11.3395 6.66388C11.3395 5.33696 10.8827 4.21677 9.96928 3.30331C9.05583 2.38984 7.93564 1.93311 6.6087 1.93311C5.28179 1.93311 4.1616 2.38984 3.24813 3.30331C2.33468 4.21677 1.87795 5.33696 1.87795 6.66388C1.87795 7.9908 2.33468 9.11099 3.24813 10.0245C4.1616 10.9379 5.28179 11.3947 6.6087 11.3947Z\" fill=\"white\"><\/path><\/svg>\t\t\t<\/a>\n\t\t<\/div>\n\t\t\t\t\t\t<\/div>\n\t\t\t\t<\/div>\n\t\t\t\t<\/div>\n\t\t<div class=\"elementor-element elementor-element-3420ccf4 e-flex e-con-boxed e-con e-parent\" data-id=\"3420ccf4\" data-element_type=\"container\" data-settings=\"{&quot;background_background&quot;:&quot;video&quot;}\">\n\t\t\t\t\t<div class=\"e-con-inner\">\n\t\t<div class=\"elementor-element elementor-element-f4d708f e-con-full e-flex e-con e-child\" data-id=\"f4d708f\" data-element_type=\"container\">\n\t\t\t\t<div class=\"elementor-element elementor-element-548325a7 elementor-widget__width-initial elementor-widget elementor-widget-heading\" data-id=\"548325a7\" data-element_type=\"widget\" data-widget_type=\"heading.default\">\n\t\t\t\t<div class=\"elementor-widget-container\">\n\t\t\t\t\t<h1 class=\"elementor-heading-title elementor-size-default\">Automatizaci\u00f3n inteligente - Nivel avanzado \n<\/h1>\t\t\t\t<\/div>\n\t\t\t\t<\/div>\n\t\t\t\t<div class=\"elementor-element elementor-element-1239843a elementor-widget__width-initial elementor-widget elementor-widget-text-editor\" data-id=\"1239843a\" data-element_type=\"widget\" data-widget_type=\"text-editor.default\">\n\t\t\t\t<div class=\"elementor-widget-container\">\n\t\t\t\t\t\t\t\t\t<p><strong>La automatizaci\u00f3n inteligente (IA) es una combinaci\u00f3n de tecnolog\u00edas como RPA (automatizaci\u00f3n de tareas rutinarias), inteligencia artificial (IA\/ML) y procesamiento inteligente de documentos (IDP), cuyo objetivo es aumentar la eficiencia, reducir errores y acelerar los procesos comerciales.<\/strong><\/p>\t\t\t\t\t\t\t\t<\/div>\n\t\t\t\t<\/div>\n\t\t\t\t<\/div>\n\t\t\t\t\t<\/div>\n\t\t\t\t<\/div>\n\t\t<div class=\"elementor-element elementor-element-27a6b8b8 e-flex e-con-boxed e-con e-parent\" data-id=\"27a6b8b8\" data-element_type=\"container\" data-settings=\"{&quot;background_background&quot;:&quot;classic&quot;}\">\n\t\t\t\t\t<div class=\"e-con-inner\">\n\t\t<div class=\"elementor-element elementor-element-3bc9a2dd e-con-full e-flex e-con e-child\" data-id=\"3bc9a2dd\" data-element_type=\"container\">\n\t\t\t\t<div class=\"elementor-element elementor-element-359537 elementor-widget elementor-widget-heading\" data-id=\"359537\" data-element_type=\"widget\" data-widget_type=\"heading.default\">\n\t\t\t\t<div class=\"elementor-widget-container\">\n\t\t\t\t\t<h3 class=\"elementor-heading-title elementor-size-default\"> <span style=\"color:#ffffff\"> Mejore el rendimiento empresarial mediante un an\u00e1lisis de procesos preciso y estrat\u00e9gico<\/span> <\/h3>\t\t\t\t<\/div>\n\t\t\t\t<\/div>\n\t\t\t\t<div class=\"elementor-element elementor-element-28e100de elementor-widget__width-initial elementor-widget elementor-widget-text-editor\" data-id=\"28e100de\" data-element_type=\"widget\" data-widget_type=\"text-editor.default\">\n\t\t\t\t<div class=\"elementor-widget-container\">\n\t\t\t\t\t\t\t\t\t<p>Esta capacitaci\u00f3n avanzada de un d\u00eda proporciona una visi\u00f3n detallada de la arquitectura e integraci\u00f3n de la IA en los sistemas empresariales, la evaluaci\u00f3n de oportunidades de automatizaci\u00f3n mediante herramientas avanzadas de an\u00e1lisis de procesos (miner\u00eda de procesos y tareas), as\u00ed como ejemplos y marcos reales para escalar programas de IA. Los asistentes comprender\u00e1n el papel de la gobernanza, el cumplimiento normativo y la evaluaci\u00f3n de riesgos en la implementaci\u00f3n de la automatizaci\u00f3n, y aprender\u00e1n a colaborar con los equipos de TI y automatizaci\u00f3n para transformar las necesidades empresariales en soluciones de IA. El programa incluye una visi\u00f3n general avanzada de los modelos de IA para la toma de decisiones y la predicci\u00f3n, IDP para trabajar con documentos semiestructurados y no estructurados, PLN y la integraci\u00f3n de chatbots en las operaciones, as\u00ed como demostraciones pr\u00e1cticas y simulaciones del uso de la IA. Se centra especialmente en la evaluaci\u00f3n del impacto empresarial y el ROI de las iniciativas de IA.<\/p>\t\t\t\t\t\t\t\t<\/div>\n\t\t\t\t<\/div>\n\t\t\t\t<\/div>\n\t\t\t\t\t<\/div>\n\t\t\t\t<\/div>\n\t\t<div class=\"elementor-element elementor-element-5a09185e e-flex e-con-boxed e-con e-parent\" data-id=\"5a09185e\" data-element_type=\"container\">\n\t\t\t\t\t<div class=\"e-con-inner\">\n\t\t<div class=\"elementor-element elementor-element-3ee8d2ec e-con-full e-flex e-con e-child\" data-id=\"3ee8d2ec\" data-element_type=\"container\">\n\t\t\t\t<div class=\"elementor-element elementor-element-7ba269d elementor-widget__width-inherit elementor-widget elementor-widget-heading\" data-id=\"7ba269d\" data-element_type=\"widget\" data-widget_type=\"heading.default\">\n\t\t\t\t<div class=\"elementor-widget-container\">\n\t\t\t\t\t<h3 class=\"elementor-heading-title elementor-size-default\"><span style=\"color:#4585F2\">\u00bfA qui\u00e9n va dirigida la formaci\u00f3n?<\/span><\/h3>\t\t\t\t<\/div>\n\t\t\t\t<\/div>\n\t\t\t\t<div class=\"elementor-element elementor-element-4c3eec1b elementor-widget__width-initial elementor-widget elementor-widget-text-editor\" data-id=\"4c3eec1b\" data-element_type=\"widget\" data-widget_type=\"text-editor.default\">\n\t\t\t\t<div class=\"elementor-widget-container\">\n\t\t\t\t\t\t\t\t\t<p>Para analistas de negocios y procesos, l\u00edderes de proyectos de IA, profesionales de transformaci\u00f3n digital y gerentes que trabajan para escalar la automatizaci\u00f3n en diferentes sectores de la organizaci\u00f3n.<\/p>\t\t\t\t\t\t\t\t<\/div>\n\t\t\t\t<\/div>\n\t\t\t\t<\/div>\n\t\t\t\t\t<\/div>\n\t\t\t\t<\/div>\n\t\t<div class=\"elementor-element elementor-element-34679663 e-flex e-con-boxed e-con e-parent\" data-id=\"34679663\" data-element_type=\"container\" data-settings=\"{&quot;background_background&quot;:&quot;video&quot;}\">\n\t\t\t\t\t<div class=\"e-con-inner\">\n\t\t<div class=\"elementor-element elementor-element-1c39431b e-con-full e-flex e-con e-child\" data-id=\"1c39431b\" data-element_type=\"container\">\n\t\t\t\t<div class=\"elementor-element elementor-element-30e71b40 elementor-widget elementor-widget-heading\" data-id=\"30e71b40\" data-element_type=\"widget\" data-widget_type=\"heading.default\">\n\t\t\t\t<div class=\"elementor-widget-container\">\n\t\t\t\t\t<h3 class=\"elementor-heading-title elementor-size-default\"> <span style=\"color:#ffffff\">Orden del d\u00eda<\/span> <\/h3>\t\t\t\t<\/div>\n\t\t\t\t<\/div>\n\t\t\t\t<div class=\"elementor-element elementor-element-332b67ab elementor-widget__width-initial elementor-widget elementor-widget-text-editor\" data-id=\"332b67ab\" data-element_type=\"widget\" data-widget_type=\"text-editor.default\">\n\t\t\t\t<div class=\"elementor-widget-container\">\n\t\t\t\t\t\t\t\t\t<p>Duraci\u00f3n del entrenamiento: 1 d\u00eda (300 minutos)<\/p>\t\t\t\t\t\t\t\t<\/div>\n\t\t\t\t<\/div>\n\t\t\t\t<div class=\"elementor-element elementor-element-65fddbf6 elementor-pagination-type-bullets elementor-pagination-position-outside elementor-widget elementor-widget-n-carousel\" data-id=\"65fddbf6\" data-element_type=\"widget\" data-settings=\"{&quot;carousel_items&quot;:[{&quot;slide_title&quot;:&quot;\\u0421\\u043b\\u0430\\u0458\\u0434 1\\u0422\\u041f8\\u04221&quot;,&quot;_id&quot;:&quot;d5ff068&quot;},{&quot;slide_title&quot;:&quot;\\u0421\\u043b\\u0430\\u0458\\u0434 1\\u0422\\u041f8\\u04222&quot;,&quot;_id&quot;:&quot;ed9fb59&quot;},{&quot;slide_title&quot;:&quot;\\u0421\\u043b\\u0430\\u0458\\u0434 1\\u0422\\u041f8\\u04222&quot;,&quot;_id&quot;:&quot;9c77291&quot;}],&quot;image_spacing_custom&quot;:{&quot;unit&quot;:&quot;px&quot;,&quot;size&quot;:80,&quot;sizes&quot;:[]},&quot;slides_to_show&quot;:&quot;3&quot;,&quot;slides_to_show_tablet&quot;:&quot;2&quot;,&quot;slides_to_show_mobile&quot;:&quot;1&quot;,&quot;speed&quot;:500,&quot;pagination&quot;:&quot;bullets&quot;,&quot;image_spacing_custom_tablet&quot;:{&quot;unit&quot;:&quot;px&quot;,&quot;size&quot;:&quot;&quot;,&quot;sizes&quot;:[]},&quot;image_spacing_custom_mobile&quot;:{&quot;unit&quot;:&quot;px&quot;,&quot;size&quot;:&quot;&quot;,&quot;sizes&quot;:[]}}\" data-widget_type=\"nested-carousel.default\">\n\t\t\t\t<div class=\"elementor-widget-container\">\n\t\t\t\t\t\t\t<div class=\"e-n-carousel swiper\" role=\"region\" aria-roledescription=\"carousel\" aria-label=\"Carrusel\" dir=\"ltr\">\n\t\t\t<div class=\"swiper-wrapper\" aria-live=\"polite\">\n\t\t\t\t\t\t\t\t\t\t<div class=\"swiper-slide\" data-slide=\"1\" role=\"group\" aria-roledescription=\"slide\" aria-label=\"1 of 3\" data-no-translation-aria-label=\"\">\n\t\t\t\t\t\t\t<div class=\"elementor-element elementor-element-529c563a e-flex e-con-boxed e-con e-child\" data-id=\"529c563a\" data-element_type=\"container\">\n\t\t\t\t\t<div class=\"e-con-inner\">\n\t\t\t\t<div class=\"elementor-element elementor-element-31474cc elementor-widget__width-initial elementor-widget elementor-widget-text-editor\" data-id=\"31474cc\" data-element_type=\"widget\" data-widget_type=\"text-editor.default\">\n\t\t\t\t<div class=\"elementor-widget-container\">\n\t\t\t\t\t\t\t\t\t<p data-start=\"1523\" data-end=\"1581\">Introducci\u00f3n a la arquitectura de IA y su integraci\u00f3n en sistemas empresariales<\/p><p data-start=\"1584\" data-end=\"1661\">Identificaci\u00f3n de oportunidades de automatizaci\u00f3n con la herramienta Process &amp; Task Mining<\/p><p data-start=\"1664\" data-end=\"1715\">Ejemplos y marcos del mundo real para escalar programas de IA<\/p><p data-start=\"1718\" data-end=\"1784\">El papel de la gobernanza, el cumplimiento y la evaluaci\u00f3n de riesgos en los proyectos de auditor\u00eda interna<\/p><p data-start=\"1787\" data-end=\"1842\">Colaboraci\u00f3n de los equipos de TI y automatizaci\u00f3n en soluciones de IA<\/p><p data-start=\"1845\" data-end=\"1929\">Tecnolog\u00edas avanzadas de IA: modelos de toma de decisiones de IA, integraci\u00f3n de IDP, NLP y chatbots<\/p><p data-start=\"1932\" data-end=\"1987\">Demostraciones en vivo y simulaciones de casos de uso de IA<\/p><p data-start=\"1990\" data-end=\"2038\">Evaluaci\u00f3n del impacto empresarial y el ROI de las iniciativas de IA<\/p>\t\t\t\t\t\t\t\t<\/div>\n\t\t\t\t<\/div>\n\t\t\t\t\t<\/div>\n\t\t\t\t<\/div>\n\t\t\t\t\t\t\t\t<\/div>\n\t\t\t\t\t\t\t\t\t\t\t<div class=\"swiper-slide\" data-slide=\"2\" role=\"group\" aria-roledescription=\"slide\" aria-label=\"2 of 3\" data-no-translation-aria-label=\"\">\n\t\t\t\t\t\t\t<div class=\"elementor-element elementor-element-341b5b74 e-flex e-con-boxed e-con e-child\" data-id=\"341b5b74\" data-element_type=\"container\">\n\t\t\t\t\t<div class=\"e-con-inner\">\n\t\t\t\t\t<\/div>\n\t\t\t\t<\/div>\n\t\t\t\t\t\t\t\t<\/div>\n\t\t\t\t\t\t\t\t\t\t\t<div class=\"swiper-slide\" data-slide=\"3\" role=\"group\" aria-roledescription=\"slide\" aria-label=\"3 of 3\" data-no-translation-aria-label=\"\">\n\t\t\t\t\t\t\t<div class=\"elementor-element elementor-element-3a51700 e-flex e-con-boxed e-con e-child\" data-id=\"3a51700\" data-element_type=\"container\">\n\t\t\t\t\t<div class=\"e-con-inner\">\n\t\t\t\t\t<\/div>\n\t\t\t\t<\/div>\n\t\t\t\t\t\t\t\t<\/div>\n\t\t\t\t\t\t\t\t<\/div>\n\t\t<\/div>\n\t\t\t\t\t<div class=\"swiper-pagination\"><\/div>\n\t\t\t\t\t\t<\/div>\n\t\t\t\t<\/div>\n\t\t\t\t<\/div>\n\t\t\t\t\t<\/div>\n\t\t\t\t<\/div>\n\t\t\t\t<\/div>","protected":false},"excerpt":{"rendered":"<p>Inteligentna automatizacija -Napredni nivo Inteligentna automatizacija (IA) predstavlja kombinaciju tehnologija poput RPA (automatizacija rutinskih zadataka), ve\u0161ta\u010dke inteligencije (AI\/ML), i inteligentne obrade dokumenata (IDP), \u010diji je cilj pove\u0107anje efikasnosti, smanjenje gre\u0161aka i ubrzanje poslovnih procesa. Unapredite poslovne performanse kroz preciznu i strate\u0161ku analizu procesa Ova jednodnevna napredna obuka pru\u017ea detaljan uvid u arhitekturu i integraciju IA [&hellip;]<\/p>","protected":false},"author":5,"featured_media":0,"parent":0,"menu_order":0,"comment_status":"closed","ping_status":"closed","template":"elementor_header_footer","meta":{"footnotes":""},"class_list":["post-12815","page","type-page","status-publish","hentry"],"_links":{"self":[{"href":"https:\/\/www.simplify.rs\/es\/wp-json\/wp\/v2\/pages\/12815","targetHints":{"allow":["GET"]}}],"collection":[{"href":"https:\/\/www.simplify.rs\/es\/wp-json\/wp\/v2\/pages"}],"about":[{"href":"https:\/\/www.simplify.rs\/es\/wp-json\/wp\/v2\/types\/page"}],"author":[{"embeddable":true,"href":"https:\/\/www.simplify.rs\/es\/wp-json\/wp\/v2\/users\/5"}],"replies":[{"embeddable":true,"href":"https:\/\/www.simplify.rs\/es\/wp-json\/wp\/v2\/comments?post=12815"}],"version-history":[{"count":4,"href":"https:\/\/www.simplify.rs\/es\/wp-json\/wp\/v2\/pages\/12815\/revisions"}],"predecessor-version":[{"id":12819,"href":"https:\/\/www.simplify.rs\/es\/wp-json\/wp\/v2\/pages\/12815\/revisions\/12819"}],"wp:attachment":[{"href":"https:\/\/www.simplify.rs\/es\/wp-json\/wp\/v2\/media?parent=12815"}],"curies":[{"name":"wp","href":"https:\/\/api.w.org\/{rel}","templated":true}]}}