{"id":12906,"date":"2025-08-19T14:05:21","date_gmt":"2025-08-19T14:05:21","guid":{"rendered":"https:\/\/www.simplify.rs\/?page_id=12906"},"modified":"2025-09-12T08:56:51","modified_gmt":"2025-09-12T08:56:51","slug":"agilni-menadzment-trening-napredni-nivo","status":"publish","type":"page","link":"https:\/\/www.simplify.rs\/es\/capacitacion\/formacion-en-gestion-agil-nivel-avanzado\/","title":{"rendered":"Formaci\u00f3n en gesti\u00f3n \u00e1gil - nivel avanzado"},"content":{"rendered":"<div data-elementor-type=\"wp-page\" data-elementor-id=\"12906\" class=\"elementor elementor-12906\" data-elementor-post-type=\"page\">\n\t\t\t\t<div class=\"elementor-element elementor-element-4490b36d e-con-full e-flex e-con e-child\" data-id=\"4490b36d\" data-element_type=\"container\" data-settings=\"{&quot;position&quot;:&quot;fixed&quot;,&quot;background_background&quot;:&quot;classic&quot;}\">\n\t\t\t\t<div class=\"elementor-element elementor-element-3c42034e elementor-widget__width-auto elementor-view-default elementor-widget elementor-widget-icon\" data-id=\"3c42034e\" data-element_type=\"widget\" data-widget_type=\"icon.default\">\n\t\t\t\t<div class=\"elementor-widget-container\">\n\t\t\t\t\t\t\t<div class=\"elementor-icon-wrapper\">\n\t\t\t<a class=\"elementor-icon\" href=\"https:\/\/www.simplify.rs\/es\/kontakt\/#contact-btn\" target=\"_blank\" rel=\"noopener\">\n\t\t\t<svg xmlns=\"http:\/\/www.w3.org\/2000\/svg\" width=\"19\" height=\"19\" viewbox=\"0 0 19 19\" fill=\"none\"><path d=\"M9.07031 0.936523L17.5819 5.99037C17.728 6.09679 17.846 6.2282 17.9357 6.3846C18.0254 6.54101 18.0703 6.71089 18.0703 6.89422V17.1288C18.0703 17.5891 17.9161 17.9734 17.6078 18.2817C17.2995 18.5901 16.9152 18.7442 16.4549 18.7442H1.68569C1.22544 18.7442 0.841146 18.5901 0.532813 18.2817C0.224479 17.9734 0.0703125 17.5891 0.0703125 17.1288V6.89422C0.0703125 6.71089 0.115179 6.54101 0.204913 6.3846C0.294663 6.2282 0.412612 6.09679 0.558762 5.99037L9.07031 0.936523ZM9.07031 11.3942L16.8703 6.74422L9.07031 2.09422L1.27031 6.74422L9.07031 11.3942ZM9.07031 12.5519L1.07031 7.79037V17.1288C1.07031 17.3083 1.128 17.4558 1.24339 17.5711C1.35877 17.6865 1.5062 17.7442 1.68569 17.7442H16.4549C16.6344 17.7442 16.7819 17.6865 16.8972 17.5711C17.0126 17.4558 17.0703 17.3083 17.0703 17.1288V7.79037L9.07031 12.5519Z\" fill=\"white\"><\/path><\/svg>\t\t\t<\/a>\n\t\t<\/div>\n\t\t\t\t\t\t<\/div>\n\t\t\t\t<\/div>\n\t\t\t\t<\/div>\n\t\t<div class=\"elementor-element elementor-element-2e556572 e-con-full e-flex e-con e-child\" data-id=\"2e556572\" data-element_type=\"container\" data-settings=\"{&quot;position&quot;:&quot;fixed&quot;,&quot;background_background&quot;:&quot;classic&quot;}\">\n\t\t\t\t<div class=\"elementor-element elementor-element-27acd06f elementor-widget__width-auto elementor-view-default elementor-widget elementor-widget-icon\" data-id=\"27acd06f\" data-element_type=\"widget\" data-widget_type=\"icon.default\">\n\t\t\t\t<div class=\"elementor-widget-container\">\n\t\t\t\t\t\t\t<div class=\"elementor-icon-wrapper\">\n\t\t\t<a class=\"elementor-icon\" href=\"#elementor-action%3Aaction%3Dpopup%3Aopen%26settings%3DeyJpZCI6IjQzNzciLCJ0b2dnbGUiOmZhbHNlfQ%3D%3D\">\n\t\t\t<svg xmlns=\"http:\/\/www.w3.org\/2000\/svg\" width=\"18\" height=\"18\" viewbox=\"0 0 18 18\" fill=\"none\"><path d=\"M16.5549 17.3177L10.2933 11.0562C9.79333 11.4818 9.21833 11.8113 8.56833 12.0447C7.91833 12.278 7.26512 12.3947 6.6087 12.3947C5.00704 12.3947 3.6515 11.8402 2.54208 10.7314C1.43265 9.62261 0.87793 8.26781 0.87793 6.66701C0.87793 5.06621 1.43234 3.71036 2.54115 2.59946C3.64997 1.48856 5.00478 0.933105 6.60558 0.933105C8.2064 0.933105 9.56225 1.48781 10.6731 2.59723C11.784 3.70665 12.3395 5.0622 12.3395 6.66388C12.3395 7.35875 12.2164 8.03118 11.9703 8.68118C11.7241 9.33118 11.401 9.88696 11.001 10.3485L17.2626 16.61L16.5549 17.3177ZM6.6087 11.3947C7.93564 11.3947 9.05583 10.9379 9.96928 10.0245C10.8827 9.11099 11.3395 7.9908 11.3395 6.66388C11.3395 5.33696 10.8827 4.21677 9.96928 3.30331C9.05583 2.38984 7.93564 1.93311 6.6087 1.93311C5.28179 1.93311 4.1616 2.38984 3.24813 3.30331C2.33468 4.21677 1.87795 5.33696 1.87795 6.66388C1.87795 7.9908 2.33468 9.11099 3.24813 10.0245C4.1616 10.9379 5.28179 11.3947 6.6087 11.3947Z\" fill=\"white\"><\/path><\/svg>\t\t\t<\/a>\n\t\t<\/div>\n\t\t\t\t\t\t<\/div>\n\t\t\t\t<\/div>\n\t\t\t\t<\/div>\n\t\t<div class=\"elementor-element elementor-element-33707145 e-flex e-con-boxed e-con e-parent\" data-id=\"33707145\" data-element_type=\"container\" data-settings=\"{&quot;background_background&quot;:&quot;video&quot;}\">\n\t\t\t\t\t<div class=\"e-con-inner\">\n\t\t<div class=\"elementor-element elementor-element-380e9cff e-con-full e-flex e-con e-child\" data-id=\"380e9cff\" data-element_type=\"container\">\n\t\t\t\t<div class=\"elementor-element elementor-element-76b58f34 elementor-widget__width-initial elementor-widget elementor-widget-heading\" data-id=\"76b58f34\" data-element_type=\"widget\" data-widget_type=\"heading.default\">\n\t\t\t\t<div class=\"elementor-widget-container\">\n\t\t\t\t\t<h1 class=\"elementor-heading-title elementor-size-default\">Gesti\u00f3n \u00e1gil <br><span class=\"white\">Nivel avanzado\n<\/h1>\t\t\t\t<\/div>\n\t\t\t\t<\/div>\n\t\t\t\t<div class=\"elementor-element elementor-element-d31fdf6 elementor-widget__width-initial elementor-widget elementor-widget-text-editor\" data-id=\"d31fdf6\" data-element_type=\"widget\" data-widget_type=\"text-editor.default\">\n\t\t\t\t<div class=\"elementor-widget-container\">\n\t\t\t\t\t\t\t\t\t<p><strong>SCRUM avanzado<\/strong> Incluye enfoques escalables y t\u00e9cnicas avanzadas para gestionar equipos \u00e1giles complejos y distribuidos.<\/p>\t\t\t\t\t\t\t\t<\/div>\n\t\t\t\t<\/div>\n\t\t\t\t<\/div>\n\t\t\t\t\t<\/div>\n\t\t\t\t<\/div>\n\t\t<div class=\"elementor-element elementor-element-114fde20 e-flex e-con-boxed e-con e-parent\" data-id=\"114fde20\" data-element_type=\"container\" data-settings=\"{&quot;background_background&quot;:&quot;classic&quot;}\">\n\t\t\t\t\t<div class=\"e-con-inner\">\n\t\t<div class=\"elementor-element elementor-element-548b6f07 e-con-full e-flex e-con e-child\" data-id=\"548b6f07\" data-element_type=\"container\">\n\t\t\t\t<div class=\"elementor-element elementor-element-60cc27e9 elementor-widget elementor-widget-heading\" data-id=\"60cc27e9\" data-element_type=\"widget\" data-widget_type=\"heading.default\">\n\t\t\t\t<div class=\"elementor-widget-container\">\n\t\t\t\t\t<h3 class=\"elementor-heading-title elementor-size-default\"> <span style=\"color:#ffffff\">Pasos avanzados en la metodolog\u00eda SCRUM<\/span> <\/h3>\t\t\t\t<\/div>\n\t\t\t\t<\/div>\n\t\t\t\t<div class=\"elementor-element elementor-element-61630c45 elementor-widget__width-initial elementor-widget elementor-widget-text-editor\" data-id=\"61630c45\" data-element_type=\"widget\" data-widget_type=\"text-editor.default\">\n\t\t\t\t<div class=\"elementor-widget-container\">\n\t\t\t\t\t\t\t\t\t<p>Esta capacitaci\u00f3n proporciona una comprensi\u00f3n profunda de las pr\u00e1cticas avanzadas de SCRUM, incluyendo el escalado, la evaluaci\u00f3n \u00e1gil, las m\u00e9tricas de rendimiento y el liderazgo \u00e1gil. Est\u00e1 dirigida a quienes ya utilizan SCRUM y desean adaptarlo a proyectos m\u00e1s complejos.<\/p>\t\t\t\t\t\t\t\t<\/div>\n\t\t\t\t<\/div>\n\t\t\t\t<\/div>\n\t\t\t\t\t<\/div>\n\t\t\t\t<\/div>\n\t\t<div class=\"elementor-element elementor-element-4ddf109a e-flex e-con-boxed e-con e-parent\" data-id=\"4ddf109a\" data-element_type=\"container\">\n\t\t\t\t\t<div class=\"e-con-inner\">\n\t\t<div class=\"elementor-element elementor-element-a0fabe1 e-con-full e-flex e-con e-child\" data-id=\"a0fabe1\" data-element_type=\"container\">\n\t\t\t\t<div class=\"elementor-element elementor-element-5e047631 elementor-widget__width-inherit elementor-widget elementor-widget-heading\" data-id=\"5e047631\" data-element_type=\"widget\" data-widget_type=\"heading.default\">\n\t\t\t\t<div class=\"elementor-widget-container\">\n\t\t\t\t\t<h3 class=\"elementor-heading-title elementor-size-default\"><span style=\"color:#4585F2\">Mejora tus habilidades SCRUM<\/h3>\t\t\t\t<\/div>\n\t\t\t\t<\/div>\n\t\t\t\t<div class=\"elementor-element elementor-element-eb7a4 elementor-widget__width-initial elementor-widget elementor-widget-text-editor\" data-id=\"eb7a4\" data-element_type=\"widget\" data-widget_type=\"text-editor.default\">\n\t\t\t\t<div class=\"elementor-widget-container\">\n\t\t\t\t\t\t\t\t\t<p>Para SCRUM Masters y l\u00edderes de proyectos que gestionan iniciativas Agile complejas y escalan marcos SCRUM.<\/p>\t\t\t\t\t\t\t\t<\/div>\n\t\t\t\t<\/div>\n\t\t\t\t<\/div>\n\t\t\t\t\t<\/div>\n\t\t\t\t<\/div>\n\t\t<div class=\"elementor-element elementor-element-11408e85 e-flex e-con-boxed e-con e-parent\" data-id=\"11408e85\" data-element_type=\"container\" data-settings=\"{&quot;background_background&quot;:&quot;video&quot;}\">\n\t\t\t\t\t<div class=\"e-con-inner\">\n\t\t<div class=\"elementor-element elementor-element-18012315 e-con-full e-flex e-con e-child\" data-id=\"18012315\" data-element_type=\"container\">\n\t\t\t\t<div class=\"elementor-element elementor-element-6d4e39ca elementor-widget elementor-widget-heading\" data-id=\"6d4e39ca\" data-element_type=\"widget\" data-widget_type=\"heading.default\">\n\t\t\t\t<div class=\"elementor-widget-container\">\n\t\t\t\t\t<h3 class=\"elementor-heading-title elementor-size-default\"> <span style=\"color:#ffffff\">Orden del d\u00eda<\/span> <\/h3>\t\t\t\t<\/div>\n\t\t\t\t<\/div>\n\t\t\t\t<div class=\"elementor-element elementor-element-4cddfe26 elementor-widget__width-initial elementor-widget elementor-widget-text-editor\" data-id=\"4cddfe26\" data-element_type=\"widget\" data-widget_type=\"text-editor.default\">\n\t\t\t\t<div class=\"elementor-widget-container\">\n\t\t\t\t\t\t\t\t\t<p><strong>La duraci\u00f3n de la formaci\u00f3n es de 1 d\u00eda (300 minutos).\u00a0<\/strong><\/p>\t\t\t\t\t\t\t\t<\/div>\n\t\t\t\t<\/div>\n\t\t\t\t<div class=\"elementor-element elementor-element-263ac1a6 elementor-widget elementor-widget-n-carousel\" data-id=\"263ac1a6\" data-element_type=\"widget\" data-settings=\"{&quot;carousel_items&quot;:[{&quot;slide_title&quot;:&quot;\\u0421\\u043b\\u0430\\u0458\\u0434 1\\u0422\\u041f8\\u04221&quot;,&quot;_id&quot;:&quot;d5ff068&quot;},{&quot;slide_title&quot;:&quot;\\u0421\\u043b\\u0430\\u0458\\u0434 1\\u0422\\u041f8\\u04222&quot;,&quot;_id&quot;:&quot;ed9fb59&quot;},{&quot;slide_title&quot;:&quot;\\u0421\\u043b\\u0430\\u0458\\u0434 1\\u0422\\u041f8\\u04223&quot;,&quot;_id&quot;:&quot;2b34dc2&quot;}],&quot;image_spacing_custom&quot;:{&quot;unit&quot;:&quot;px&quot;,&quot;size&quot;:80,&quot;sizes&quot;:[]},&quot;slides_to_show&quot;:&quot;3&quot;,&quot;slides_to_scroll&quot;:&quot;1&quot;,&quot;slides_to_show_tablet&quot;:&quot;2&quot;,&quot;slides_to_show_mobile&quot;:&quot;1&quot;,&quot;speed&quot;:500,&quot;image_spacing_custom_tablet&quot;:{&quot;unit&quot;:&quot;px&quot;,&quot;size&quot;:&quot;&quot;,&quot;sizes&quot;:[]},&quot;image_spacing_custom_mobile&quot;:{&quot;unit&quot;:&quot;px&quot;,&quot;size&quot;:&quot;&quot;,&quot;sizes&quot;:[]}}\" data-widget_type=\"nested-carousel.default\">\n\t\t\t\t<div class=\"elementor-widget-container\">\n\t\t\t\t\t\t\t<div class=\"e-n-carousel swiper\" role=\"region\" aria-roledescription=\"carousel\" aria-label=\"Carrusel\" dir=\"ltr\">\n\t\t\t<div class=\"swiper-wrapper\" aria-live=\"polite\">\n\t\t\t\t\t\t\t\t\t\t<div class=\"swiper-slide\" data-slide=\"1\" role=\"group\" aria-roledescription=\"slide\" aria-label=\"1 of 3\" data-no-translation-aria-label=\"\">\n\t\t\t\t\t\t\t<div class=\"elementor-element elementor-element-781fb8ec e-flex e-con-boxed e-con e-child\" data-id=\"781fb8ec\" data-element_type=\"container\">\n\t\t\t\t\t<div class=\"e-con-inner\">\n\t\t\t\t<div class=\"elementor-element elementor-element-43fbacac elementor-widget__width-inherit elementor-widget elementor-widget-text-editor\" data-id=\"43fbacac\" data-element_type=\"widget\" data-widget_type=\"text-editor.default\">\n\t\t\t\t<div class=\"elementor-widget-container\">\n\t\t\t\t\t\t\t\t\t<p>01 <strong>Marco SCRUM avanzado e implementaci\u00f3n en entornos complejos<\/strong><\/p>\t\t\t\t\t\t\t\t<\/div>\n\t\t\t\t<\/div>\n\t\t\t\t<div class=\"elementor-element elementor-element-222f42da elementor-widget__width-initial elementor-widget elementor-widget-text-editor\" data-id=\"222f42da\" data-element_type=\"widget\" data-widget_type=\"text-editor.default\">\n\t\t\t\t<div class=\"elementor-widget-container\">\n\t\t\t\t\t\t\t\t\t<p>Comprensi\u00f3n detallada del marco SCRUM y su aplicaci\u00f3n en entornos de proyectos complejos<\/p><p>Dominio de t\u00e9cnicas y pr\u00e1cticas SCRUM avanzadas para la gesti\u00f3n de grandes proyectos y equipos distribuidos<\/p><p>Adaptar y escalar las pr\u00e1cticas SCRUM a las necesidades espec\u00edficas del proyecto y al contexto organizacional<\/p>\t\t\t\t\t\t\t\t<\/div>\n\t\t\t\t<\/div>\n\t\t\t\t\t<\/div>\n\t\t\t\t<\/div>\n\t\t\t\t\t\t\t\t<\/div>\n\t\t\t\t\t\t\t\t\t\t\t<div class=\"swiper-slide\" data-slide=\"2\" role=\"group\" aria-roledescription=\"slide\" aria-label=\"2 of 3\" data-no-translation-aria-label=\"\">\n\t\t\t\t\t\t\t<div class=\"elementor-element elementor-element-6fedde82 e-flex e-con-boxed e-con e-child\" data-id=\"6fedde82\" data-element_type=\"container\">\n\t\t\t\t\t<div class=\"e-con-inner\">\n\t\t\t\t<div class=\"elementor-element elementor-element-7dd8611e elementor-widget__width-inherit elementor-widget elementor-widget-text-editor\" data-id=\"7dd8611e\" data-element_type=\"widget\" data-widget_type=\"text-editor.default\">\n\t\t\t\t<div class=\"elementor-widget-container\">\n\t\t\t\t\t\t\t\t\t<p>02 <strong>Pr\u00e1cticas \u00e1giles avanzadas y medici\u00f3n del rendimiento<\/strong><\/p>\t\t\t\t\t\t\t\t<\/div>\n\t\t\t\t<\/div>\n\t\t\t\t<div class=\"elementor-element elementor-element-7e0d4cfe elementor-widget__width-initial elementor-widget elementor-widget-text-editor\" data-id=\"7e0d4cfe\" data-element_type=\"widget\" data-widget_type=\"text-editor.default\">\n\t\t\t\t<div class=\"elementor-widget-container\">\n\t\t\t\t\t\t\t\t\t<p>Abarcando temas avanzados como estimaci\u00f3n \u00e1gil, planificaci\u00f3n de lanzamiento y m\u00e9tricas de medici\u00f3n del rendimiento \u00e1gil.<\/p><p>Mejorar el liderazgo en un entorno \u00e1gil y las habilidades de facilitaci\u00f3n para liderar equipos \u00e1giles<\/p><p>Fomentar una cultura de mejora continua en el equipo<\/p>\t\t\t\t\t\t\t\t<\/div>\n\t\t\t\t<\/div>\n\t\t\t\t\t<\/div>\n\t\t\t\t<\/div>\n\t\t\t\t\t\t\t\t<\/div>\n\t\t\t\t\t\t\t\t\t\t\t<div class=\"swiper-slide\" data-slide=\"3\" role=\"group\" aria-roledescription=\"slide\" aria-label=\"3 of 3\" data-no-translation-aria-label=\"\">\n\t\t\t\t\t\t\t<div class=\"elementor-element elementor-element-1142b478 e-flex e-con-boxed e-con e-child\" data-id=\"1142b478\" data-element_type=\"container\">\n\t\t\t\t\t<div class=\"e-con-inner\">\n\t\t\t\t<div class=\"elementor-element elementor-element-2d627192 elementor-widget__width-inherit elementor-widget elementor-widget-text-editor\" data-id=\"2d627192\" data-element_type=\"widget\" data-widget_type=\"text-editor.default\">\n\t\t\t\t<div class=\"elementor-widget-container\">\n\t\t\t\t\t\t\t\t\t<p>03 <strong>Estrategias para superar desaf\u00edos en un entorno SCRUM<\/strong><\/p>\t\t\t\t\t\t\t\t<\/div>\n\t\t\t\t<\/div>\n\t\t\t\t<div class=\"elementor-element elementor-element-75605a48 elementor-widget__width-initial elementor-widget elementor-widget-text-editor\" data-id=\"75605a48\" data-element_type=\"widget\" data-widget_type=\"text-editor.default\">\n\t\t\t\t<div class=\"elementor-widget-container\">\n\t\t\t\t\t\t\t\t\t<p>Desarrollo de estrategias para resolver desaf\u00edos y obst\u00e1culos en la gesti\u00f3n \u00e1gil de proyectos<\/p><p>Superar las barreras para lograr resultados exitosos del proyecto<\/p>\t\t\t\t\t\t\t\t<\/div>\n\t\t\t\t<\/div>\n\t\t\t\t\t<\/div>\n\t\t\t\t<\/div>\n\t\t\t\t\t\t\t\t<\/div>\n\t\t\t\t\t\t\t\t<\/div>\n\t\t<\/div>\n\t\t\t\t\t\t<\/div>\n\t\t\t\t<\/div>\n\t\t\t\t<\/div>\n\t\t\t\t\t<\/div>\n\t\t\t\t<\/div>\n\t\t\t\t<\/div>","protected":false},"excerpt":{"rendered":"<p>Agilni menad\u017ement Napredni nivo Napredni SCRUM obuhvata skalirane pristupe i napredne tehnike za upravljanje kompleksnim i distribuiranim Agile timovima. Napredni koraci u SCRUM metodologiji Ova obuka pru\u017ea dubinsko razumevanje naprednih SCRUM praksi, uklju\u010duju\u0107i skaliranje, agilnu procenu, metrike u\u010dinka i agilno liderstvo. Namenjena je onima koji ve\u0107 koriste SCRUM i \u017eele da ga prilagode kompleksnijim projektima. [&hellip;]<\/p>","protected":false},"author":5,"featured_media":0,"parent":26,"menu_order":0,"comment_status":"closed","ping_status":"closed","template":"elementor_header_footer","meta":{"footnotes":""},"class_list":["post-12906","page","type-page","status-publish","hentry"],"_links":{"self":[{"href":"https:\/\/www.simplify.rs\/es\/wp-json\/wp\/v2\/pages\/12906","targetHints":{"allow":["GET"]}}],"collection":[{"href":"https:\/\/www.simplify.rs\/es\/wp-json\/wp\/v2\/pages"}],"about":[{"href":"https:\/\/www.simplify.rs\/es\/wp-json\/wp\/v2\/types\/page"}],"author":[{"embeddable":true,"href":"https:\/\/www.simplify.rs\/es\/wp-json\/wp\/v2\/users\/5"}],"replies":[{"embeddable":true,"href":"https:\/\/www.simplify.rs\/es\/wp-json\/wp\/v2\/comments?post=12906"}],"version-history":[{"count":5,"href":"https:\/\/www.simplify.rs\/es\/wp-json\/wp\/v2\/pages\/12906\/revisions"}],"predecessor-version":[{"id":13449,"href":"https:\/\/www.simplify.rs\/es\/wp-json\/wp\/v2\/pages\/12906\/revisions\/13449"}],"up":[{"embeddable":true,"href":"https:\/\/www.simplify.rs\/es\/wp-json\/wp\/v2\/pages\/26"}],"wp:attachment":[{"href":"https:\/\/www.simplify.rs\/es\/wp-json\/wp\/v2\/media?parent=12906"}],"curies":[{"name":"wp","href":"https:\/\/api.w.org\/{rel}","templated":true}]}}