{"id":5028,"date":"2024-10-18T10:43:31","date_gmt":"2024-10-18T10:43:31","guid":{"rendered":"https:\/\/simplify.rs\/?page_id=5028"},"modified":"2024-11-18T20:16:18","modified_gmt":"2024-11-18T20:16:18","slug":"audits","status":"publish","type":"page","link":"https:\/\/www.simplify.rs\/es\/servicios\/auditoria\/","title":{"rendered":"Auditorias"},"content":{"rendered":"<div data-elementor-type=\"wp-page\" data-elementor-id=\"5028\" class=\"elementor elementor-5028\" data-elementor-post-type=\"page\">\n\t\t\t\t<div class=\"elementor-element elementor-element-1c81cebf e-flex e-con-boxed e-con e-parent\" data-id=\"1c81cebf\" data-element_type=\"container\" data-settings=\"{&quot;background_background&quot;:&quot;video&quot;,&quot;background_video_link&quot;:&quot;https:\\\/\\\/simplify.rs\\\/wp-content\\\/uploads\\\/2024\\\/08\\\/video-4k.mp4&quot;}\">\n\t\t\t\t\t<div class=\"e-con-inner\">\n\t\t<div class=\"elementor-background-video-container elementor-hidden-mobile\">\n\t\t\t\t\t\t\t<video class=\"elementor-background-video-hosted elementor-html5-video\" autoplay muted playsinline loop><\/video>\n\t\t\t\t\t<\/div><div class=\"elementor-element elementor-element-19dfcaba e-con-full e-flex e-con e-child\" data-id=\"19dfcaba\" data-element_type=\"container\">\n\t\t\t\t<div class=\"elementor-element elementor-element-3b9fe9b elementor-widget__width-initial elementor-widget elementor-widget-heading\" data-id=\"3b9fe9b\" data-element_type=\"widget\" data-widget_type=\"heading.default\">\n\t\t\t\t<div class=\"elementor-widget-container\">\n\t\t\t\t\t<h1 class=\"elementor-heading-title elementor-size-default\">Auditor\u00edas <br> <span class=\"white\"><\/span>\n<\/h1>\t\t\t\t<\/div>\n\t\t\t\t<\/div>\n\t\t\t\t<div class=\"elementor-element elementor-element-a08e3c8 elementor-widget__width-initial elementor-widget elementor-widget-text-editor\" data-id=\"a08e3c8\" data-element_type=\"widget\" data-widget_type=\"text-editor.default\">\n\t\t\t\t<div class=\"elementor-widget-container\">\n\t\t\t\t\t\t\t\t\t<p>Una auditor\u00eda peri\u00f3dica garantizar\u00e1 que su negocio funcione lo m\u00e1s eficientemente posible y est\u00e9 preparado para cualquier desaf\u00edo futuro.<\/p>\t\t\t\t\t\t\t\t<\/div>\n\t\t\t\t<\/div>\n\t\t\t\t<\/div>\n\t\t<div class=\"elementor-element elementor-element-3d475e82 e-con-full e-flex e-con e-child\" data-id=\"3d475e82\" data-element_type=\"container\" data-settings=\"{&quot;position&quot;:&quot;fixed&quot;,&quot;background_background&quot;:&quot;classic&quot;}\">\n\t\t\t\t<div class=\"elementor-element elementor-element-4156a770 elementor-widget__width-auto elementor-view-default elementor-widget elementor-widget-icon\" data-id=\"4156a770\" data-element_type=\"widget\" data-widget_type=\"icon.default\">\n\t\t\t\t<div class=\"elementor-widget-container\">\n\t\t\t\t\t\t\t<div class=\"elementor-icon-wrapper\">\n\t\t\t<a class=\"elementor-icon\" href=\"https:\/\/www.simplify.rs\/es\/kontakt\/#contact-btn\" target=\"_blank\" rel=\"noopener\">\n\t\t\t<svg xmlns=\"http:\/\/www.w3.org\/2000\/svg\" width=\"19\" height=\"19\" viewbox=\"0 0 19 19\" fill=\"none\"><path d=\"M9.07031 0.936523L17.5819 5.99037C17.728 6.09679 17.846 6.2282 17.9357 6.3846C18.0254 6.54101 18.0703 6.71089 18.0703 6.89422V17.1288C18.0703 17.5891 17.9161 17.9734 17.6078 18.2817C17.2995 18.5901 16.9152 18.7442 16.4549 18.7442H1.68569C1.22544 18.7442 0.841146 18.5901 0.532813 18.2817C0.224479 17.9734 0.0703125 17.5891 0.0703125 17.1288V6.89422C0.0703125 6.71089 0.115179 6.54101 0.204913 6.3846C0.294663 6.2282 0.412612 6.09679 0.558762 5.99037L9.07031 0.936523ZM9.07031 11.3942L16.8703 6.74422L9.07031 2.09422L1.27031 6.74422L9.07031 11.3942ZM9.07031 12.5519L1.07031 7.79037V17.1288C1.07031 17.3083 1.128 17.4558 1.24339 17.5711C1.35877 17.6865 1.5062 17.7442 1.68569 17.7442H16.4549C16.6344 17.7442 16.7819 17.6865 16.8972 17.5711C17.0126 17.4558 17.0703 17.3083 17.0703 17.1288V7.79037L9.07031 12.5519Z\" fill=\"white\"><\/path><\/svg>\t\t\t<\/a>\n\t\t<\/div>\n\t\t\t\t\t\t<\/div>\n\t\t\t\t<\/div>\n\t\t\t\t<\/div>\n\t\t<div class=\"elementor-element elementor-element-1f8e00f6 e-con-full e-flex e-con e-child\" data-id=\"1f8e00f6\" data-element_type=\"container\" data-settings=\"{&quot;position&quot;:&quot;fixed&quot;,&quot;background_background&quot;:&quot;classic&quot;}\">\n\t\t\t\t<div class=\"elementor-element elementor-element-41f8b2af elementor-widget__width-auto elementor-view-default elementor-widget elementor-widget-icon\" data-id=\"41f8b2af\" data-element_type=\"widget\" data-widget_type=\"icon.default\">\n\t\t\t\t<div class=\"elementor-widget-container\">\n\t\t\t\t\t\t\t<div class=\"elementor-icon-wrapper\">\n\t\t\t<a class=\"elementor-icon\" href=\"#elementor-action%3Aaction%3Dpopup%3Aopen%26settings%3DeyJpZCI6IjQzNzciLCJ0b2dnbGUiOmZhbHNlfQ%3D%3D\">\n\t\t\t<svg xmlns=\"http:\/\/www.w3.org\/2000\/svg\" width=\"18\" height=\"18\" viewbox=\"0 0 18 18\" fill=\"none\"><path d=\"M16.5549 17.3177L10.2933 11.0562C9.79333 11.4818 9.21833 11.8113 8.56833 12.0447C7.91833 12.278 7.26512 12.3947 6.6087 12.3947C5.00704 12.3947 3.6515 11.8402 2.54208 10.7314C1.43265 9.62261 0.87793 8.26781 0.87793 6.66701C0.87793 5.06621 1.43234 3.71036 2.54115 2.59946C3.64997 1.48856 5.00478 0.933105 6.60558 0.933105C8.2064 0.933105 9.56225 1.48781 10.6731 2.59723C11.784 3.70665 12.3395 5.0622 12.3395 6.66388C12.3395 7.35875 12.2164 8.03118 11.9703 8.68118C11.7241 9.33118 11.401 9.88696 11.001 10.3485L17.2626 16.61L16.5549 17.3177ZM6.6087 11.3947C7.93564 11.3947 9.05583 10.9379 9.96928 10.0245C10.8827 9.11099 11.3395 7.9908 11.3395 6.66388C11.3395 5.33696 10.8827 4.21677 9.96928 3.30331C9.05583 2.38984 7.93564 1.93311 6.6087 1.93311C5.28179 1.93311 4.1616 2.38984 3.24813 3.30331C2.33468 4.21677 1.87795 5.33696 1.87795 6.66388C1.87795 7.9908 2.33468 9.11099 3.24813 10.0245C4.1616 10.9379 5.28179 11.3947 6.6087 11.3947Z\" fill=\"white\"><\/path><\/svg>\t\t\t<\/a>\n\t\t<\/div>\n\t\t\t\t\t\t<\/div>\n\t\t\t\t<\/div>\n\t\t\t\t<\/div>\n\t\t\t\t\t<\/div>\n\t\t\t\t<\/div>\n\t\t<div class=\"elementor-element elementor-element-6e78d698 e-flex e-con-boxed e-con e-parent\" data-id=\"6e78d698\" data-element_type=\"container\" data-settings=\"{&quot;background_background&quot;:&quot;classic&quot;}\">\n\t\t\t\t\t<div class=\"e-con-inner\">\n\t\t<div class=\"elementor-element elementor-element-65573ff7 e-con-full e-flex e-con e-child\" data-id=\"65573ff7\" data-element_type=\"container\">\n\t\t\t\t<div class=\"elementor-element elementor-element-3b34c582 elementor-widget__width-initial elementor-widget elementor-widget-heading\" data-id=\"3b34c582\" data-element_type=\"widget\" data-widget_type=\"heading.default\">\n\t\t\t\t<div class=\"elementor-widget-container\">\n\t\t\t\t\t<h2 class=\"elementor-heading-title elementor-size-default\">Mejorar el \u00e9xito empresarial <br> <span class=\"white\">con la ayuda de nuestros servicios de auditor\u00eda<\/span>\n<\/h2>\t\t\t\t<\/div>\n\t\t\t\t<\/div>\n\t\t\t\t<div class=\"elementor-element elementor-element-1f75cef8 elementor-widget__width-initial elementor-widget elementor-widget-text-editor\" data-id=\"1f75cef8\" data-element_type=\"widget\" data-widget_type=\"text-editor.default\">\n\t\t\t\t<div class=\"elementor-widget-container\">\n\t\t\t\t\t\t\t\t\t<p>Como fase clave del ciclo PDCA, las auditor\u00edas son una parte necesaria de un proceso de gesti\u00f3n de cambios bien dise\u00f1ado e implementado, que incluye todos los aspectos de las operaciones comerciales, as\u00ed como factores externos influyentes, como competidores o reguladores.<\/p><p>Nuestro programa de auditor\u00eda tiene en cuenta la funcionalidad, complejidad y madurez de los sistemas de gesti\u00f3n implementados, as\u00ed como el tipo de riesgos y oportunidades asociados a ellos. Bas\u00e1ndonos en nuestro an\u00e1lisis experto, podemos sugerir medidas que eliminar\u00e1n las causas fundamentales de cualquier problema y reducir\u00e1n los riesgos futuros.<\/p>\t\t\t\t\t\t\t\t<\/div>\n\t\t\t\t<\/div>\n\t\t\t\t<\/div>\n\t\t\t\t\t<\/div>\n\t\t\t\t<\/div>\n\t\t<div class=\"elementor-element elementor-element-2618d707 e-flex e-con-boxed e-con e-parent\" data-id=\"2618d707\" data-element_type=\"container\" data-settings=\"{&quot;background_background&quot;:&quot;classic&quot;}\">\n\t\t\t\t\t<div class=\"e-con-inner\">\n\t\t<div class=\"elementor-element elementor-element-4e8fb5b8 e-con-full e-flex e-con e-child\" data-id=\"4e8fb5b8\" data-element_type=\"container\">\n\t\t\t\t<div class=\"elementor-element elementor-element-38359dd7 elementor-widget elementor-widget-heading\" data-id=\"38359dd7\" data-element_type=\"widget\" data-widget_type=\"heading.default\">\n\t\t\t\t<div class=\"elementor-widget-container\">\n\t\t\t\t\t<h2 class=\"elementor-heading-title elementor-size-default\"><span class=\"linear_lightblue11\">Auditor\u00edas <\/span><\/h2>\t\t\t\t<\/div>\n\t\t\t\t<\/div>\n\t\t\t\t<div class=\"elementor-element elementor-element-61eafbf5 elementor-widget__width-initial elementor-widget elementor-widget-text-editor\" data-id=\"61eafbf5\" data-element_type=\"widget\" data-widget_type=\"text-editor.default\">\n\t\t\t\t<div class=\"elementor-widget-container\">\n\t\t\t\t\t\t\t\t\t<p>Empoderamos a las organizaciones para garantizar la excelencia y la alineaci\u00f3n en todas sus operaciones, proporcionando informaci\u00f3n valiosa sobre la calidad del servicio, la eficiencia y la satisfacci\u00f3n del cliente. Al identificar \u00e1reas de mejora y compararlas con los est\u00e1ndares de la industria, las auditor\u00edas de servicio sientan las bases para un mejor desempe\u00f1o y un crecimiento empresarial sostenible.<\/p>\t\t\t\t\t\t\t\t<\/div>\n\t\t\t\t<\/div>\n\t\t\t\t<\/div>\n\t\t<div class=\"elementor-element elementor-element-6084f3d7 e-con-full e-flex e-con e-child\" data-id=\"6084f3d7\" data-element_type=\"container\">\n\t\t\t\t<div class=\"elementor-element elementor-element-56ec5e42 elementor-widget elementor-widget-html\" data-id=\"56ec5e42\" data-element_type=\"widget\" data-widget_type=\"html.default\">\n\t\t\t\t<div class=\"elementor-widget-container\">\n\t\t\t\t\t<!-- Uklju\u010divanje Swiper stilova -->\n<link rel=\"stylesheet\" href=\"https:\/\/cdn.jsdelivr.net\/npm\/swiper@11\/swiper-bundle.min.css\" \/>\n\n<style>\n    .swiper {\n        width: 100%;\n        height: 810px;\n        position: relative;\n    }\n\n    .swiper-slide {\n        text-align: center;\n        font-size: 18px;\n        background: #fff;\n        display: flex;\n        justify-content: center;\n        align-items: center;\n        transition: all 0.3s ease;\n        gap: 40px;\n    }\n\n    .arrow-wrapper {\n        position: absolute;\n        right: 0;\n        top: 50%;\n        transform: translateY(-50%);\n        width: 50px;\n        height: 100px;\n        z-index: 10;\n        display: flex;\n        flex-direction: column;\n        justify-content: space-between;\n    }\n\n    .swiper-button-up,\n    .swiper-button-down {\n        cursor: pointer;\n    }\n    \n    .number {\n        width: 10%;\n        font-size: 33px;\n        margin: 0;\n    }\n    \n    .title {\n        font-size: 35px;\n        margin: 0;\n        font-weight: 400;\n    }\n    \n    .swiper-description {\n        font-size: 16px;\n        color: #999999;\n        font-family: var(--e-global-typography-0f5caaa-font-family);\n        margin: 30px 0 15px 0;\n    }\n    \n    .title-wrapper {\n        width: 65%;\n    }\n\n    .number,\n    .title {\n        color: #A9B7CA;\n        font-family: var(--e-global-typography-0f5caaa-font-family);\n        transition: all 0.3s ease;\n    }\n\n    .swiper-slide-active>.number,\n    .swiper-slide-active>.title-wrapper>.title {\n        color: #102EE6;\n    }\n\n    .swiper-read-more-button {\n        display: none;\n        opacity: 0;\n        transition: visibility 0s, opacity 0.3s linear;\n        border: 1px solid #102EE6;\n        color: #102EE6;\n        border-radius: 0;\n        margin-top: 15px;\n    }\n\n    .swiper-slide-active>.title-wrapper>.swiper-button-wrapper>.swiper-read-more-button {\n        display: flex;\n        opacity: 1;\n    }\n    \n    .swiper-slide-active>.title-wrapper>.swiper-button-wrapper>.swiper-read-more-button:hover {\n        background: transparent;\n        color: #102EE6;\n    }\n\n    .title-wrapper {\n        display: flex;\n        flex-direction: column;\n        align-items: center;\n        justify-content: center;\n    }\n    \n    @media screen and (max-width: 768px) {\n        .swiper {\n        width: 100%;\n        height: 410px;\n        position: relative;\n    }\n        .swiper-button-up {\n            transform: rotate(270deg);\n        }\n        .swiper-button-down {\n            transform: rotate(270deg);\n        }\n        .number,\n        .title {\n            font-size: 25px;\n        }\n        \n        .swiper-description {\n            font-size: 14px;\n            margin: 15px 0 0 0;\n        }\n        \n        .title-wrapper {\n            width: 90%;\n        }\n        .arrow-wrapper {\n        position: absolute;\n        right: 50px;\n        top: 90%;\n        transform: translateY(-50%);\n        width: 150px;\n        height: 100px;\n        z-index: 10;\n        display: flex;\n        flex-direction: row;\n        justify-content: space-between;\n    }\n    }\n    \n    @media screen and (max-width: 1300px) {\n        .number,\n        .title {\n            font-size: 28px;\n        }\n        \n        .swiper-description {\n            font-size: 14px;\n        }\n    }\n<\/style>\n\n\n<!-- Swiper struktura -->\n<div class=\"swiper mySwiper\">\n    <div class=\"swiper-wrapper\">\n        <div class=\"swiper-slide\">\n            <p class=\"number\">01<\/p>\n            <div class=\"title-wrapper\">\n                <h2 class=\"title\">Auditor\u00edas de procesos<\/h2>\n                <p class=\"swiper-description\">Una auditor\u00eda de procesos es una revisi\u00f3n dirigida del sistema interno de una organizaci\u00f3n, centrada en un proceso espec\u00edfico.<\/p>\n                <a class=\"swiper-button-wrapper\" href=\"https:\/\/www.simplify.rs\/es\/servicios\/auditoria\/auditorias-de-procesos\/\" target=\"_blank\" rel=\"noopener\">\n                    <button class=\"swiper-read-more-button\">\n                        <svg width=\"23\" height=\"23\" viewbox=\"0 0 23 23\" fill=\"none\" xmlns=\"http:\/\/www.w3.org\/2000\/svg\">\n                            <mask id=\"mask0_167_1884\" style=\"mask-type:alpha\" maskunits=\"userSpaceOnUse\" x=\"0\" y=\"0\" width=\"22\" height=\"23\">\n                            <path d=\"M21.9894 0.456543H0.279297V22.1666H21.9894V0.456543Z\" fill=\"white\"\/>\n                            <\/mask>\n                            <g mask=\"url(#mask0_167_1884)\">\n                            <path d=\"M6.22266 17.4174L10.589 11.3115L6.22266 5.20557H7.88217L12.2485 11.3115L7.88217 17.4174H6.22266ZM11.5354 17.4174L15.9017 11.3115L11.5354 5.20557H13.1949L17.5613 11.3115L13.1949 17.4174H11.5354Z\" fill=\"#102EE6\"\/>\n                            <\/g>\n                        <\/svg>\n                        LEER M\u00c1S\n                    <\/button>\n                <\/a>\n            <\/div>\n        <\/div>\n        <div class=\"swiper-slide\">\n            <p class=\"number\">02<\/p>\n            <div class=\"title-wrapper\">\n                <h2 class=\"title\">Implementaci\u00f3n de auditor\u00edas internas<\/h2>\n                <p class=\"swiper-description\">Realizamos auditor\u00edas internas aplicando la metodolog\u00eda de Directrices para Auditor\u00eda de Sistemas de Gesti\u00f3n ISO 19011:2018.<\/p>\n                <a class=\"swiper-button-wrapper\" href=\"https:\/\/www.simplify.rs\/es\/servicios\/auditoria\/implementacion-de-auditorias-internas\/\" target=\"_blank\" rel=\"noopener\">\n                    <button class=\"swiper-read-more-button\">\n                        <svg width=\"23\" height=\"23\" viewbox=\"0 0 23 23\" fill=\"none\" xmlns=\"http:\/\/www.w3.org\/2000\/svg\">\n                            <mask id=\"mask0_167_1884\" style=\"mask-type:alpha\" maskunits=\"userSpaceOnUse\" x=\"0\" y=\"0\" width=\"22\" height=\"23\">\n                            <path d=\"M21.9894 0.456543H0.279297V22.1666H21.9894V0.456543Z\" fill=\"white\"\/>\n                            <\/mask>\n                            <g mask=\"url(#mask0_167_1884)\">\n                            <path d=\"M6.22266 17.4174L10.589 11.3115L6.22266 5.20557H7.88217L12.2485 11.3115L7.88217 17.4174H6.22266ZM11.5354 17.4174L15.9017 11.3115L11.5354 5.20557H13.1949L17.5613 11.3115L13.1949 17.4174H11.5354Z\" fill=\"#102EE6\"\/>\n                            <\/g>\n                        <\/svg>\n                        LEER M\u00c1S\n                    <\/button>\n                <\/a>\n            <\/div>\n        <\/div>\n        <div class=\"swiper-slide\">\n            <p class=\"number\">03<\/p>\n            <div class=\"title-wrapper\">\n                <h2 class=\"title\">Auditor\u00eda de proveedores<\/h2>\n                <p class=\"swiper-description\">El otro lado de la auditor\u00eda es un examen del cumplimiento y la eficacia del sistema de gesti\u00f3n de calidad del proveedor para los productos o servicios que proporciona.<\/p>\n                <a class=\"swiper-button-wrapper\" href=\"https:\/\/www.simplify.rs\/es\/servicios\/auditoria\/auditoria-de-proveedores\/\" target=\"_blank\" rel=\"noopener\">\n                    <button class=\"swiper-read-more-button\">\n                        <svg width=\"23\" height=\"23\" viewbox=\"0 0 23 23\" fill=\"none\" xmlns=\"http:\/\/www.w3.org\/2000\/svg\">\n                            <mask id=\"mask0_167_1884\" style=\"mask-type:alpha\" maskunits=\"userSpaceOnUse\" x=\"0\" y=\"0\" width=\"22\" height=\"23\">\n                            <path d=\"M21.9894 0.456543H0.279297V22.1666H21.9894V0.456543Z\" fill=\"white\"\/>\n                            <\/mask>\n                            <g mask=\"url(#mask0_167_1884)\">\n                            <path d=\"M6.22266 17.4174L10.589 11.3115L6.22266 5.20557H7.88217L12.2485 11.3115L7.88217 17.4174H6.22266ZM11.5354 17.4174L15.9017 11.3115L11.5354 5.20557H13.1949L17.5613 11.3115L13.1949 17.4174H11.5354Z\" fill=\"#102EE6\"\/>\n                            <\/g>\n                        <\/svg>\n                        LEER M\u00c1S\n                    <\/button>\n                <\/a>\n            <\/div>\n        <\/div>\n    <div class=\"arrow-wrapper\">\n        <div class=\"swiper-button-up\">\n            <svg xmlns=\"http:\/\/www.w3.org\/2000\/svg\" width=\"40\" height=\"18\" viewbox=\"0 0 16 7\">\n    <path fill=\"#102EE6\" d=\"M12.5 6a.47.47 0 0 1-.35-.15L8 1.71L3.85 5.85c-.2.2-.51.2-.71 0c-.2-.2-.2-.51 0-.71L7.65.65c.2-.2.51-.2.71 0l4.5 4.5c.2.2.2.51 0 .71c-.1.1-.23.15-.35.15Z\"\/>\n<\/svg>\n        <\/div>\n        <div class=\"swiper-button-down\">\n            <svg xmlns=\"http:\/\/www.w3.org\/2000\/svg\" width=\"40\" height=\"18\" viewbox=\"0 0 16 7\">\n    <path fill=\"#102EE6\" d=\"M8 6.5a.47.47 0 0 1-.35-.15l-4.5-4.5c-.2-.2-.2-.51 0-.71c.2-.2.51-.2.71 0l4.15 4.15l4.14-4.14c.2-.2.51-.2.71 0c.2.2.2.51 0 .71l-4.5 4.5c-.1.1-.23.15-.35.15Z\"\/>\n<\/svg>\n\n        <\/div>\n    <\/div>\n<\/div>\n\n<!-- Uklju\u010divanje Swiper skripte -->\n<script src=\"https:\/\/cdn.jsdelivr.net\/npm\/swiper@11\/swiper-bundle.min.js\"><\/script>\n\n<script>\n    var swiper = new Swiper(\".mySwiper\", {\n        direction: \"horizontal\",\n        slidesPerView: 1,\n        spaceBetween: 30,\n        loop: true,\n        centeredSlides: true,\n        navigation: {\n            nextEl: \".swiper-button-down\",\n            prevEl: \".swiper-button-up\",\n        },\n        mousewheel: true,\n        breakpoints: {\n            768: {\n              loop: true,\n              direction: \"vertical\",\n              slidesPerView: 3,\n            }\n        }\n    });\n<\/script>\n\t\t\t\t<\/div>\n\t\t\t\t<\/div>\n\t\t\t\t<\/div>\n\t\t\t\t\t<\/div>\n\t\t\t\t<\/div>\n\t\t\t\t<\/div>","protected":false},"excerpt":{"rendered":"<p>Auditor\u00edas. Una auditor\u00eda peri\u00f3dica garantizar\u00e1 que su negocio funcione con la mayor eficiencia posible y est\u00e9 preparado para cualquier desaf\u00edo futuro. Mejore el \u00e9xito empresarial con nuestros servicios de auditor\u00eda. Como fase clave del ciclo PDCA, las auditor\u00edas son parte necesaria de un proceso de gesti\u00f3n del cambio bien dise\u00f1ado e implementado, que abarca todos los aspectos de las operaciones comerciales, as\u00ed como los factores externos influyentes, [...]<\/p>","protected":false},"author":3,"featured_media":0,"parent":19,"menu_order":0,"comment_status":"closed","ping_status":"closed","template":"elementor_header_footer","meta":{"footnotes":""},"class_list":["post-5028","page","type-page","status-publish","hentry"],"_links":{"self":[{"href":"https:\/\/www.simplify.rs\/es\/wp-json\/wp\/v2\/pages\/5028","targetHints":{"allow":["GET"]}}],"collection":[{"href":"https:\/\/www.simplify.rs\/es\/wp-json\/wp\/v2\/pages"}],"about":[{"href":"https:\/\/www.simplify.rs\/es\/wp-json\/wp\/v2\/types\/page"}],"author":[{"embeddable":true,"href":"https:\/\/www.simplify.rs\/es\/wp-json\/wp\/v2\/users\/3"}],"replies":[{"embeddable":true,"href":"https:\/\/www.simplify.rs\/es\/wp-json\/wp\/v2\/comments?post=5028"}],"version-history":[{"count":0,"href":"https:\/\/www.simplify.rs\/es\/wp-json\/wp\/v2\/pages\/5028\/revisions"}],"up":[{"embeddable":true,"href":"https:\/\/www.simplify.rs\/es\/wp-json\/wp\/v2\/pages\/19"}],"wp:attachment":[{"href":"https:\/\/www.simplify.rs\/es\/wp-json\/wp\/v2\/media?parent=5028"}],"curies":[{"name":"wp","href":"https:\/\/api.w.org\/{rel}","templated":true}]}}