{"id":5127,"date":"2024-10-18T17:12:19","date_gmt":"2024-10-18T17:12:19","guid":{"rendered":"https:\/\/simplify.rs\/?page_id=5127"},"modified":"2025-08-29T13:19:47","modified_gmt":"2025-08-29T13:19:47","slug":"business-process-standardization-optimization","status":"publish","type":"page","link":"https:\/\/www.simplify.rs\/es\/servicios\/gestion-de-procesos-de-negocio\/estandarizacion-y-optimizacion-de-procesos-de-negocio\/","title":{"rendered":"Optimizaci\u00f3n de la estandarizaci\u00f3n de procesos de negocio"},"content":{"rendered":"<div data-elementor-type=\"wp-page\" data-elementor-id=\"5127\" class=\"elementor elementor-5127\" data-elementor-post-type=\"page\">\n\t\t\t\t<div class=\"elementor-element elementor-element-5a3f7475 e-con-full e-flex e-con e-child\" data-id=\"5a3f7475\" data-element_type=\"container\" data-settings=\"{&quot;position&quot;:&quot;fixed&quot;,&quot;background_background&quot;:&quot;classic&quot;}\">\n\t\t\t\t<div class=\"elementor-element elementor-element-3503c075 elementor-widget__width-auto elementor-view-default elementor-widget elementor-widget-icon\" data-id=\"3503c075\" data-element_type=\"widget\" data-widget_type=\"icon.default\">\n\t\t\t\t<div class=\"elementor-widget-container\">\n\t\t\t\t\t\t\t<div class=\"elementor-icon-wrapper\">\n\t\t\t<a class=\"elementor-icon\" href=\"https:\/\/www.simplify.rs\/es\/kontakt\/#contact-btn\" target=\"_blank\" rel=\"noopener\">\n\t\t\t<svg xmlns=\"http:\/\/www.w3.org\/2000\/svg\" width=\"19\" height=\"19\" viewbox=\"0 0 19 19\" fill=\"none\"><path d=\"M9.07031 0.936523L17.5819 5.99037C17.728 6.09679 17.846 6.2282 17.9357 6.3846C18.0254 6.54101 18.0703 6.71089 18.0703 6.89422V17.1288C18.0703 17.5891 17.9161 17.9734 17.6078 18.2817C17.2995 18.5901 16.9152 18.7442 16.4549 18.7442H1.68569C1.22544 18.7442 0.841146 18.5901 0.532813 18.2817C0.224479 17.9734 0.0703125 17.5891 0.0703125 17.1288V6.89422C0.0703125 6.71089 0.115179 6.54101 0.204913 6.3846C0.294663 6.2282 0.412612 6.09679 0.558762 5.99037L9.07031 0.936523ZM9.07031 11.3942L16.8703 6.74422L9.07031 2.09422L1.27031 6.74422L9.07031 11.3942ZM9.07031 12.5519L1.07031 7.79037V17.1288C1.07031 17.3083 1.128 17.4558 1.24339 17.5711C1.35877 17.6865 1.5062 17.7442 1.68569 17.7442H16.4549C16.6344 17.7442 16.7819 17.6865 16.8972 17.5711C17.0126 17.4558 17.0703 17.3083 17.0703 17.1288V7.79037L9.07031 12.5519Z\" fill=\"white\"><\/path><\/svg>\t\t\t<\/a>\n\t\t<\/div>\n\t\t\t\t\t\t<\/div>\n\t\t\t\t<\/div>\n\t\t\t\t<\/div>\n\t\t<div class=\"elementor-element elementor-element-3a76d920 e-con-full e-flex e-con e-child\" data-id=\"3a76d920\" data-element_type=\"container\" data-settings=\"{&quot;position&quot;:&quot;fixed&quot;,&quot;background_background&quot;:&quot;classic&quot;}\">\n\t\t\t\t<div class=\"elementor-element elementor-element-5d4f5530 elementor-widget__width-auto elementor-view-default elementor-widget elementor-widget-icon\" data-id=\"5d4f5530\" data-element_type=\"widget\" data-widget_type=\"icon.default\">\n\t\t\t\t<div class=\"elementor-widget-container\">\n\t\t\t\t\t\t\t<div class=\"elementor-icon-wrapper\">\n\t\t\t<a class=\"elementor-icon\" href=\"#elementor-action%3Aaction%3Dpopup%3Aopen%26settings%3DeyJpZCI6IjQzNzciLCJ0b2dnbGUiOmZhbHNlfQ%3D%3D\">\n\t\t\t<svg xmlns=\"http:\/\/www.w3.org\/2000\/svg\" width=\"18\" height=\"18\" viewbox=\"0 0 18 18\" fill=\"none\"><path d=\"M16.5549 17.3177L10.2933 11.0562C9.79333 11.4818 9.21833 11.8113 8.56833 12.0447C7.91833 12.278 7.26512 12.3947 6.6087 12.3947C5.00704 12.3947 3.6515 11.8402 2.54208 10.7314C1.43265 9.62261 0.87793 8.26781 0.87793 6.66701C0.87793 5.06621 1.43234 3.71036 2.54115 2.59946C3.64997 1.48856 5.00478 0.933105 6.60558 0.933105C8.2064 0.933105 9.56225 1.48781 10.6731 2.59723C11.784 3.70665 12.3395 5.0622 12.3395 6.66388C12.3395 7.35875 12.2164 8.03118 11.9703 8.68118C11.7241 9.33118 11.401 9.88696 11.001 10.3485L17.2626 16.61L16.5549 17.3177ZM6.6087 11.3947C7.93564 11.3947 9.05583 10.9379 9.96928 10.0245C10.8827 9.11099 11.3395 7.9908 11.3395 6.66388C11.3395 5.33696 10.8827 4.21677 9.96928 3.30331C9.05583 2.38984 7.93564 1.93311 6.6087 1.93311C5.28179 1.93311 4.1616 2.38984 3.24813 3.30331C2.33468 4.21677 1.87795 5.33696 1.87795 6.66388C1.87795 7.9908 2.33468 9.11099 3.24813 10.0245C4.1616 10.9379 5.28179 11.3947 6.6087 11.3947Z\" fill=\"white\"><\/path><\/svg>\t\t\t<\/a>\n\t\t<\/div>\n\t\t\t\t\t\t<\/div>\n\t\t\t\t<\/div>\n\t\t\t\t<\/div>\n\t\t<div class=\"elementor-element elementor-element-4ea2e51 e-con-full e-flex e-con e-child\" data-id=\"4ea2e51\" data-element_type=\"container\" data-settings=\"{&quot;position&quot;:&quot;fixed&quot;,&quot;background_background&quot;:&quot;classic&quot;}\">\n\t\t\t\t<div class=\"elementor-element elementor-element-7ac75257 elementor-widget__width-auto elementor-view-default elementor-widget elementor-widget-icon\" data-id=\"7ac75257\" data-element_type=\"widget\" data-widget_type=\"icon.default\">\n\t\t\t\t<div class=\"elementor-widget-container\">\n\t\t\t\t\t\t\t<div class=\"elementor-icon-wrapper\">\n\t\t\t<a class=\"elementor-icon\" href=\"https:\/\/www.simplify.rs\/es\/kontakt\/#contact-btn\" target=\"_blank\" rel=\"noopener\">\n\t\t\t<svg xmlns=\"http:\/\/www.w3.org\/2000\/svg\" width=\"19\" height=\"19\" viewbox=\"0 0 19 19\" fill=\"none\"><path d=\"M9.07031 0.936523L17.5819 5.99037C17.728 6.09679 17.846 6.2282 17.9357 6.3846C18.0254 6.54101 18.0703 6.71089 18.0703 6.89422V17.1288C18.0703 17.5891 17.9161 17.9734 17.6078 18.2817C17.2995 18.5901 16.9152 18.7442 16.4549 18.7442H1.68569C1.22544 18.7442 0.841146 18.5901 0.532813 18.2817C0.224479 17.9734 0.0703125 17.5891 0.0703125 17.1288V6.89422C0.0703125 6.71089 0.115179 6.54101 0.204913 6.3846C0.294663 6.2282 0.412612 6.09679 0.558762 5.99037L9.07031 0.936523ZM9.07031 11.3942L16.8703 6.74422L9.07031 2.09422L1.27031 6.74422L9.07031 11.3942ZM9.07031 12.5519L1.07031 7.79037V17.1288C1.07031 17.3083 1.128 17.4558 1.24339 17.5711C1.35877 17.6865 1.5062 17.7442 1.68569 17.7442H16.4549C16.6344 17.7442 16.7819 17.6865 16.8972 17.5711C17.0126 17.4558 17.0703 17.3083 17.0703 17.1288V7.79037L9.07031 12.5519Z\" fill=\"white\"><\/path><\/svg>\t\t\t<\/a>\n\t\t<\/div>\n\t\t\t\t\t\t<\/div>\n\t\t\t\t<\/div>\n\t\t\t\t<\/div>\n\t\t<div class=\"elementor-element elementor-element-2abac80e e-con-full e-flex e-con e-child\" data-id=\"2abac80e\" data-element_type=\"container\" data-settings=\"{&quot;position&quot;:&quot;fixed&quot;,&quot;background_background&quot;:&quot;classic&quot;}\">\n\t\t\t\t<div class=\"elementor-element elementor-element-5f7ab6df elementor-widget__width-auto elementor-view-default elementor-widget elementor-widget-icon\" data-id=\"5f7ab6df\" data-element_type=\"widget\" data-widget_type=\"icon.default\">\n\t\t\t\t<div class=\"elementor-widget-container\">\n\t\t\t\t\t\t\t<div class=\"elementor-icon-wrapper\">\n\t\t\t<a class=\"elementor-icon\" href=\"#elementor-action%3Aaction%3Dpopup%3Aopen%26settings%3DeyJpZCI6IjQzNzciLCJ0b2dnbGUiOmZhbHNlfQ%3D%3D\">\n\t\t\t<svg xmlns=\"http:\/\/www.w3.org\/2000\/svg\" width=\"18\" height=\"18\" viewbox=\"0 0 18 18\" fill=\"none\"><path d=\"M16.5549 17.3177L10.2933 11.0562C9.79333 11.4818 9.21833 11.8113 8.56833 12.0447C7.91833 12.278 7.26512 12.3947 6.6087 12.3947C5.00704 12.3947 3.6515 11.8402 2.54208 10.7314C1.43265 9.62261 0.87793 8.26781 0.87793 6.66701C0.87793 5.06621 1.43234 3.71036 2.54115 2.59946C3.64997 1.48856 5.00478 0.933105 6.60558 0.933105C8.2064 0.933105 9.56225 1.48781 10.6731 2.59723C11.784 3.70665 12.3395 5.0622 12.3395 6.66388C12.3395 7.35875 12.2164 8.03118 11.9703 8.68118C11.7241 9.33118 11.401 9.88696 11.001 10.3485L17.2626 16.61L16.5549 17.3177ZM6.6087 11.3947C7.93564 11.3947 9.05583 10.9379 9.96928 10.0245C10.8827 9.11099 11.3395 7.9908 11.3395 6.66388C11.3395 5.33696 10.8827 4.21677 9.96928 3.30331C9.05583 2.38984 7.93564 1.93311 6.6087 1.93311C5.28179 1.93311 4.1616 2.38984 3.24813 3.30331C2.33468 4.21677 1.87795 5.33696 1.87795 6.66388C1.87795 7.9908 2.33468 9.11099 3.24813 10.0245C4.1616 10.9379 5.28179 11.3947 6.6087 11.3947Z\" fill=\"white\"><\/path><\/svg>\t\t\t<\/a>\n\t\t<\/div>\n\t\t\t\t\t\t<\/div>\n\t\t\t\t<\/div>\n\t\t\t\t<\/div>\n\t\t<div class=\"elementor-element elementor-element-30a05246 e-flex e-con-boxed e-con e-parent\" data-id=\"30a05246\" data-element_type=\"container\" data-settings=\"{&quot;background_background&quot;:&quot;video&quot;}\">\n\t\t\t\t\t<div class=\"e-con-inner\">\n\t\t<div class=\"elementor-element elementor-element-663cc48c e-con-full e-flex e-con e-child\" data-id=\"663cc48c\" data-element_type=\"container\">\n\t\t\t\t<div class=\"elementor-element elementor-element-43569161 elementor-widget__width-initial elementor-widget elementor-widget-heading\" data-id=\"43569161\" data-element_type=\"widget\" data-widget_type=\"heading.default\">\n\t\t\t\t<div class=\"elementor-widget-container\">\n\t\t\t\t\t<h1 class=\"elementor-heading-title elementor-size-default\">Estandarizaci\u00f3n y optimizaci\u00f3n de procesos de negocio\n <\/h1>\t\t\t\t<\/div>\n\t\t\t\t<\/div>\n\t\t\t\t<div class=\"elementor-element elementor-element-7f1a3ecd elementor-widget__width-initial elementor-widget elementor-widget-text-editor\" data-id=\"7f1a3ecd\" data-element_type=\"widget\" data-widget_type=\"text-editor.default\">\n\t\t\t\t<div class=\"elementor-widget-container\">\n\t\t\t\t\t\t\t\t\t<p>En el campo de la gesti\u00f3n de procesos de negocio, la estandarizaci\u00f3n de procesos es un paso clave para garantizar la consistencia, la claridad y la excelencia operativa. Este proceso implica el desarrollo de documentaci\u00f3n detallada, incluidos procedimientos operativos est\u00e1ndar (SOP), matrices RACI, manuales e instrucciones. Estos documentos sirven como gu\u00eda de referencia, proporcionando un enfoque estandarizado para ejecutar tareas y actividades en toda la organizaci\u00f3n.<\/p>\t\t\t\t\t\t\t\t<\/div>\n\t\t\t\t<\/div>\n\t\t\t\t<\/div>\n\t\t\t\t\t<\/div>\n\t\t\t\t<\/div>\n\t\t<div class=\"elementor-element elementor-element-5949ed88 e-flex e-con-boxed e-con e-parent\" data-id=\"5949ed88\" data-element_type=\"container\" data-settings=\"{&quot;background_background&quot;:&quot;classic&quot;}\">\n\t\t\t\t\t<div class=\"e-con-inner\">\n\t\t<div class=\"elementor-element elementor-element-a8e7759 e-con-full elementor-hidden-mobile e-flex e-con e-child\" data-id=\"a8e7759\" data-element_type=\"container\">\n\t\t\t\t<div class=\"elementor-element elementor-element-66bad214 elementor-widget elementor-widget-image\" data-id=\"66bad214\" data-element_type=\"widget\" data-widget_type=\"image.default\">\n\t\t\t\t<div class=\"elementor-widget-container\">\n\t\t\t\t\t\t\t\t\t\t\t\t\t\t\t<img fetchpriority=\"high\" decoding=\"async\" width=\"341\" height=\"256\" src=\"https:\/\/www.simplify.rs\/wp-content\/uploads\/2025\/07\/strelica-ka-desno.png\" class=\"attachment-full size-full wp-image-12163\" alt=\"\" srcset=\"https:\/\/www.simplify.rs\/wp-content\/uploads\/2025\/07\/strelica-ka-desno.png 341w, https:\/\/www.simplify.rs\/wp-content\/uploads\/2025\/07\/strelica-ka-desno-300x225.png 300w, https:\/\/www.simplify.rs\/wp-content\/uploads\/2025\/07\/strelica-ka-desno-16x12.png 16w\" sizes=\"(max-width: 341px) 100vw, 341px\" title=\"\">\t\t\t\t\t\t\t\t\t\t\t\t\t\t\t<\/div>\n\t\t\t\t<\/div>\n\t\t\t\t<\/div>\n\t\t<div class=\"elementor-element elementor-element-4682b53d e-con-full e-flex e-con e-child\" data-id=\"4682b53d\" data-element_type=\"container\">\n\t\t\t\t<div class=\"elementor-element elementor-element-74119fd8 elementor-widget elementor-widget-heading\" data-id=\"74119fd8\" data-element_type=\"widget\" data-widget_type=\"heading.default\">\n\t\t\t\t<div class=\"elementor-widget-container\">\n\t\t\t\t\t<h3 class=\"elementor-heading-title elementor-size-default\">\u00bfPor qu\u00e9?<\/h3>\t\t\t\t<\/div>\n\t\t\t\t<\/div>\n\t\t\t\t<div class=\"elementor-element elementor-element-ac24026 elementor-widget__width-initial elementor-widget elementor-widget-text-editor\" data-id=\"ac24026\" data-element_type=\"widget\" data-widget_type=\"text-editor.default\">\n\t\t\t\t<div class=\"elementor-widget-container\">\n\t\t\t\t\t\t\t\t\t<p>La estandarizaci\u00f3n aporta una serie de beneficios clave: garantiza que las tareas se realicen de la misma manera, reduce errores y desviaciones, y facilita la comprensi\u00f3n y la capacitaci\u00f3n de los empleados mediante una documentaci\u00f3n clara. Tambi\u00e9n contribuye a la reducci\u00f3n de costos y a un mejor cumplimiento de las regulaciones del sector.<\/p>\t\t\t\t\t\t\t\t<\/div>\n\t\t\t\t<\/div>\n\t\t\t\t<\/div>\n\t\t\t\t\t<\/div>\n\t\t\t\t<\/div>\n\t\t<div class=\"elementor-element elementor-element-7ea07d3 e-flex e-con-boxed e-con e-parent\" data-id=\"7ea07d3\" data-element_type=\"container\" data-settings=\"{&quot;background_background&quot;:&quot;classic&quot;}\">\n\t\t\t\t\t<div class=\"e-con-inner\">\n\t\t<div class=\"elementor-element elementor-element-5d88bb93 e-con-full e-flex e-con e-child\" data-id=\"5d88bb93\" data-element_type=\"container\">\n\t\t\t\t<div class=\"elementor-element elementor-element-61fd9501 elementor-widget elementor-widget-heading\" data-id=\"61fd9501\" data-element_type=\"widget\" data-widget_type=\"heading.default\">\n\t\t\t\t<div class=\"elementor-widget-container\">\n\t\t\t\t\t<h3 class=\"elementor-heading-title elementor-size-default\">Acceso<\/h3>\t\t\t\t<\/div>\n\t\t\t\t<\/div>\n\t\t\t\t<div class=\"elementor-element elementor-element-50a41663 elementor-widget__width-initial elementor-widget elementor-widget-text-editor\" data-id=\"50a41663\" data-element_type=\"widget\" data-widget_type=\"text-editor.default\">\n\t\t\t\t<div class=\"elementor-widget-container\">\n\t\t\t\t\t\t\t\t\t<p>El enfoque Simplificar incluye el an\u00e1lisis de procesos, la identificaci\u00f3n de cuellos de botella y la implementaci\u00f3n de soluciones que reducen costos, aceleran las operaciones y fortalecen la ventaja competitiva, con un impacto positivo en la sostenibilidad.<\/p>\t\t\t\t\t\t\t\t<\/div>\n\t\t\t\t<\/div>\n\t\t\t\t<\/div>\n\t\t<div class=\"elementor-element elementor-element-9f246fd e-con-full elementor-hidden-mobile e-flex e-con e-child\" data-id=\"9f246fd\" data-element_type=\"container\">\n\t\t\t\t<div class=\"elementor-element elementor-element-97fa54a elementor-widget elementor-widget-image\" data-id=\"97fa54a\" data-element_type=\"widget\" data-widget_type=\"image.default\">\n\t\t\t\t<div class=\"elementor-widget-container\">\n\t\t\t\t\t\t\t\t\t\t\t\t\t\t\t<img decoding=\"async\" width=\"341\" height=\"256\" src=\"https:\/\/www.simplify.rs\/wp-content\/uploads\/2025\/08\/strelica-ka-levo-plava.png\" class=\"attachment-full size-full wp-image-13027\" alt=\"\" srcset=\"https:\/\/www.simplify.rs\/wp-content\/uploads\/2025\/08\/strelica-ka-levo-plava.png 341w, https:\/\/www.simplify.rs\/wp-content\/uploads\/2025\/08\/strelica-ka-levo-plava-300x225.png 300w, https:\/\/www.simplify.rs\/wp-content\/uploads\/2025\/08\/strelica-ka-levo-plava-16x12.png 16w\" sizes=\"(max-width: 341px) 100vw, 341px\" title=\"\">\t\t\t\t\t\t\t\t\t\t\t\t\t\t\t<\/div>\n\t\t\t\t<\/div>\n\t\t\t\t<\/div>\n\t\t\t\t\t<\/div>\n\t\t\t\t<\/div>\n\t\t\t\t<\/div>","protected":false},"excerpt":{"rendered":"<p>Standardizacija i optimizacija poslovnih procesa U oblasti upravljanja poslovnim procesima, standardizacija procesa predstavlja klju\u010dni korak ka osiguravanju doslednosti, jasno\u0107e i operativne izvrsnosti. Ovaj proces podrazumeva izradu detaljne dokumentacije, uklju\u010duju\u0107i standardne operativne procedure (SOP), RACI matrice, priru\u010dnike i uputstva. Ovi dokumenti slu\u017ee kao referentni vodi\u010d, pru\u017eaju\u0107i standardizovan pristup za izvr\u0161avanje zadataka i aktivnosti u celoj organizaciji. [&hellip;]<\/p>","protected":false},"author":3,"featured_media":0,"parent":7263,"menu_order":0,"comment_status":"closed","ping_status":"closed","template":"elementor_header_footer","meta":{"footnotes":""},"class_list":["post-5127","page","type-page","status-publish","hentry"],"_links":{"self":[{"href":"https:\/\/www.simplify.rs\/es\/wp-json\/wp\/v2\/pages\/5127","targetHints":{"allow":["GET"]}}],"collection":[{"href":"https:\/\/www.simplify.rs\/es\/wp-json\/wp\/v2\/pages"}],"about":[{"href":"https:\/\/www.simplify.rs\/es\/wp-json\/wp\/v2\/types\/page"}],"author":[{"embeddable":true,"href":"https:\/\/www.simplify.rs\/es\/wp-json\/wp\/v2\/users\/3"}],"replies":[{"embeddable":true,"href":"https:\/\/www.simplify.rs\/es\/wp-json\/wp\/v2\/comments?post=5127"}],"version-history":[{"count":3,"href":"https:\/\/www.simplify.rs\/es\/wp-json\/wp\/v2\/pages\/5127\/revisions"}],"predecessor-version":[{"id":13132,"href":"https:\/\/www.simplify.rs\/es\/wp-json\/wp\/v2\/pages\/5127\/revisions\/13132"}],"up":[{"embeddable":true,"href":"https:\/\/www.simplify.rs\/es\/wp-json\/wp\/v2\/pages\/7263"}],"wp:attachment":[{"href":"https:\/\/www.simplify.rs\/es\/wp-json\/wp\/v2\/media?parent=5127"}],"curies":[{"name":"wp","href":"https:\/\/api.w.org\/{rel}","templated":true}]}}