{"id":1241,"date":"2024-09-07T19:05:45","date_gmt":"2024-09-07T19:05:45","guid":{"rendered":"https:\/\/simplify.rs\/?page_id=1241"},"modified":"2025-10-16T10:37:11","modified_gmt":"2025-10-16T10:37:11","slug":"otvorene-pozicije","status":"publish","type":"page","link":"https:\/\/www.simplify.rs\/sl\/odprta-delovna-mesta\/","title":{"rendered":"Odprta delovna mesta"},"content":{"rendered":"<div data-elementor-type=\"wp-page\" data-elementor-id=\"1241\" class=\"elementor elementor-1241\" data-elementor-post-type=\"page\">\n\t\t\t\t<div class=\"elementor-element elementor-element-8c65ed5 e-con-full e-flex e-con e-parent\" data-id=\"8c65ed5\" data-element_type=\"container\" data-settings=\"{&quot;background_background&quot;:&quot;classic&quot;}\">\n\t\t\t\t<div class=\"elementor-element elementor-element-51527e1 elementor-widget-divider--view-line elementor-widget elementor-widget-divider\" data-id=\"51527e1\" data-element_type=\"widget\" data-widget_type=\"divider.default\">\n\t\t\t\t<div class=\"elementor-widget-container\">\n\t\t\t\t\t\t\t<div class=\"elementor-divider\">\n\t\t\t<span class=\"elementor-divider-separator\">\n\t\t\t\t\t\t<\/span>\n\t\t<\/div>\n\t\t\t\t\t\t<\/div>\n\t\t\t\t<\/div>\n\t\t\t\t<\/div>\n\t\t<div class=\"elementor-element elementor-element-bf523da e-flex e-con-boxed e-con e-parent\" data-id=\"bf523da\" data-element_type=\"container\" data-settings=\"{&quot;background_background&quot;:&quot;classic&quot;}\">\n\t\t\t\t\t<div class=\"e-con-inner\">\n\t\t\t\t<div class=\"elementor-element elementor-element-f04fa27 elementor-widget elementor-widget-text-editor\" data-id=\"f04fa27\" data-element_type=\"widget\" data-widget_type=\"text-editor.default\">\n\t\t\t\t<div class=\"elementor-widget-container\">\n\t\t\t\t\t\t\t\t\t<p><strong class=\"bold-text-29\">POSTANITE DEL EKIPE SIMPLIFY<\/strong><\/p>\t\t\t\t\t\t\t\t<\/div>\n\t\t\t\t<\/div>\n\t\t\t\t<div class=\"elementor-element elementor-element-deb426d elementor-widget elementor-widget-heading\" data-id=\"deb426d\" data-element_type=\"widget\" data-widget_type=\"heading.default\">\n\t\t\t\t<div class=\"elementor-widget-container\">\n\t\t\t\t\t<h2 class=\"elementor-heading-title elementor-size-default\">Zaposlitve in kariere<\/h2>\t\t\t\t<\/div>\n\t\t\t\t<\/div>\n\t\t\t\t<div class=\"elementor-element elementor-element-e3fbd6e elementor-widget elementor-widget-text-editor\" data-id=\"e3fbd6e\" data-element_type=\"widget\" data-widget_type=\"text-editor.default\">\n\t\t\t\t<div class=\"elementor-widget-container\">\n\t\t\t\t\t\t\t\t\t<p>Vedno i\u0161\u010demo nove ideje in nove ljudi!<\/p><p>Odprta delovna mesta:<\/p>\t\t\t\t\t\t\t\t<\/div>\n\t\t\t\t<\/div>\n\t\t<div class=\"elementor-element elementor-element-8a5a81d e-con-full e-flex e-con e-child\" data-id=\"8a5a81d\" data-element_type=\"container\">\n\t\t<div class=\"elementor-element elementor-element-94c4405 e-con-full elementor-hidden-mobile e-flex e-con e-child\" data-id=\"94c4405\" data-element_type=\"container\">\n\t\t\t\t<div class=\"elementor-element elementor-element-9a29ac2 elementor-view-default elementor-widget elementor-widget-icon\" data-id=\"9a29ac2\" data-element_type=\"widget\" data-widget_type=\"icon.default\">\n\t\t\t\t<div class=\"elementor-widget-container\">\n\t\t\t\t\t\t\t<div class=\"elementor-icon-wrapper\">\n\t\t\t<div class=\"elementor-icon\">\n\t\t\t<svg xmlns=\"http:\/\/www.w3.org\/2000\/svg\" width=\"undefined\" height=\"undefined\" viewbox=\"0 0 14 14\"><g fill=\"none\" stroke=\"currentColor\" stroke-linecap=\"round\" stroke-linejoin=\"round\"><path d=\"m6.46.5l6.14 6.15a.48.48 0 0 1 0 .7L6.46 13.5\"><\/path><path d=\"M1.25.5L7.4 6.65a.5.5 0 0 1 0 .7L1.25 13.5\"><\/path><\/g><\/svg>\t\t\t<\/div>\n\t\t<\/div>\n\t\t\t\t\t\t<\/div>\n\t\t\t\t<\/div>\n\t\t\t\t<\/div>\n\t\t<div class=\"elementor-element elementor-element-652249d e-con-full e-flex e-con e-child\" data-id=\"652249d\" data-element_type=\"container\">\n\t\t\t\t<div class=\"elementor-element elementor-element-5c401ed elementor-widget elementor-widget-heading\" data-id=\"5c401ed\" data-element_type=\"widget\" data-widget_type=\"heading.default\">\n\t\t\t\t<div class=\"elementor-widget-container\">\n\t\t\t\t\t<h2 class=\"elementor-heading-title elementor-size-default\">Pripravnik<\/h2>\t\t\t\t<\/div>\n\t\t\t\t<\/div>\n\t\t\t\t<div class=\"elementor-element elementor-element-d17ca37 elementor-widget elementor-widget-heading\" data-id=\"d17ca37\" data-element_type=\"widget\" data-widget_type=\"heading.default\">\n\t\t\t\t<div class=\"elementor-widget-container\">\n\t\t\t\t\t<p class=\"elementor-heading-title elementor-size-default\">Lokacija: Beograd<\/p>\t\t\t\t<\/div>\n\t\t\t\t<\/div>\n\t\t\t\t<div class=\"elementor-element elementor-element-dab75e4 elementor-widget__width-initial elementor-widget-tablet__width-initial elementor-widget elementor-widget-heading\" data-id=\"dab75e4\" data-element_type=\"widget\" data-widget_type=\"heading.default\">\n\t\t\t\t<div class=\"elementor-widget-container\">\n\t\t\t\t\t<p class=\"elementor-heading-title elementor-size-default\">Praksa pri Simplifyju ponuja dinami\u010dno in celovito izku\u0161njo v svetu profesionalnih poslovnih svetovalnih storitev. Kot praktikant boste imeli prilo\u017enost pridobiti prakti\u010dne izku\u0161nje z delom na resni\u010dnih projektih skupaj z izku\u0161enimi svetovalci, s \u010dimer boste strankam iz razli\u010dnih panog zagotovili dragocene vpoglede in re\u0161itve.<\/p>\t\t\t\t<\/div>\n\t\t\t\t<\/div>\n\t\t\t\t<div class=\"elementor-element elementor-element-00a166b elementor-widget elementor-widget-button\" data-id=\"00a166b\" data-element_type=\"widget\" data-widget_type=\"button.default\">\n\t\t\t\t<div class=\"elementor-widget-container\">\n\t\t\t\t\t\t\t\t\t<div class=\"elementor-button-wrapper\">\n\t\t\t\t\t<a class=\"elementor-button elementor-button-link elementor-size-sm\" href=\"https:\/\/www.simplify.rs\/sl\/o-nas\/delovna-mesta\/?pozicija=Intern&#038;lokacija=beograd\">\n\t\t\t\t\t\t<span class=\"elementor-button-content-wrapper\">\n\t\t\t\t\t\t<span class=\"elementor-button-icon\">\n\t\t\t\t<svg xmlns=\"http:\/\/www.w3.org\/2000\/svg\" width=\"47\" height=\"48\" viewbox=\"0 0 47 48\" fill=\"none\"><mask id=\"mask0_0_197\" style=\"mask-type:alpha\" maskunits=\"userSpaceOnUse\" x=\"0\" y=\"0\" width=\"47\" height=\"48\"><rect x=\"0.0761719\" y=\"0.729248\" width=\"46.5411\" height=\"46.5411\" fill=\"#D9D9D9\"><\/rect><\/mask><g mask=\"url(#mask0_0_197)\"><path d=\"M12.8145 37.0893L22.1748 23.9997L12.8145 10.91H16.3721L25.7325 23.9997L16.3721 37.0893H12.8145ZM24.2036 37.0893L33.564 23.9997L24.2036 10.91H27.7612L37.1216 23.9997L27.7612 37.0893H24.2036Z\" fill=\"white\"><\/path><\/g><\/svg>\t\t\t<\/span>\n\t\t\t\t\t\t\t\t\t<span class=\"elementor-button-text\">Prijavi se zdaj<\/span>\n\t\t\t\t\t<\/span>\n\t\t\t\t\t<\/a>\n\t\t\t\t<\/div>\n\t\t\t\t\t\t\t\t<\/div>\n\t\t\t\t<\/div>\n\t\t\t\t<\/div>\n\t\t\t\t<\/div>\n\t\t<div class=\"elementor-element elementor-element-31b7edd e-con-full e-flex e-con e-child\" data-id=\"31b7edd\" data-element_type=\"container\">\n\t\t<div class=\"elementor-element elementor-element-c842570 e-con-full elementor-hidden-mobile e-flex e-con e-child\" data-id=\"c842570\" data-element_type=\"container\">\n\t\t\t\t<div class=\"elementor-element elementor-element-46a5657 elementor-view-default elementor-widget elementor-widget-icon\" data-id=\"46a5657\" data-element_type=\"widget\" data-widget_type=\"icon.default\">\n\t\t\t\t<div class=\"elementor-widget-container\">\n\t\t\t\t\t\t\t<div class=\"elementor-icon-wrapper\">\n\t\t\t<div class=\"elementor-icon\">\n\t\t\t<svg xmlns=\"http:\/\/www.w3.org\/2000\/svg\" width=\"undefined\" height=\"undefined\" viewbox=\"0 0 14 14\"><g fill=\"none\" stroke=\"currentColor\" stroke-linecap=\"round\" stroke-linejoin=\"round\"><path d=\"m6.46.5l6.14 6.15a.48.48 0 0 1 0 .7L6.46 13.5\"><\/path><path d=\"M1.25.5L7.4 6.65a.5.5 0 0 1 0 .7L1.25 13.5\"><\/path><\/g><\/svg>\t\t\t<\/div>\n\t\t<\/div>\n\t\t\t\t\t\t<\/div>\n\t\t\t\t<\/div>\n\t\t\t\t<\/div>\n\t\t<div class=\"elementor-element elementor-element-2b1e034 e-con-full e-flex e-con e-child\" data-id=\"2b1e034\" data-element_type=\"container\">\n\t\t\t\t<div class=\"elementor-element elementor-element-f6f0fd3 elementor-widget elementor-widget-heading\" data-id=\"f6f0fd3\" data-element_type=\"widget\" data-widget_type=\"heading.default\">\n\t\t\t\t<div class=\"elementor-widget-container\">\n\t\t\t\t\t<h2 class=\"elementor-heading-title elementor-size-default\">Razvijalec RPA<\/h2>\t\t\t\t<\/div>\n\t\t\t\t<\/div>\n\t\t\t\t<div class=\"elementor-element elementor-element-1d690dd elementor-widget elementor-widget-heading\" data-id=\"1d690dd\" data-element_type=\"widget\" data-widget_type=\"heading.default\">\n\t\t\t\t<div class=\"elementor-widget-container\">\n\t\t\t\t\t<p class=\"elementor-heading-title elementor-size-default\">Lokacija: Beograd<\/p>\t\t\t\t<\/div>\n\t\t\t\t<\/div>\n\t\t\t\t<div class=\"elementor-element elementor-element-27da86f elementor-widget__width-initial elementor-widget-tablet__width-initial elementor-widget elementor-widget-heading\" data-id=\"27da86f\" data-element_type=\"widget\" data-widget_type=\"heading.default\">\n\t\t\t\t<div class=\"elementor-widget-container\">\n\t\t\t\t\t<p class=\"elementor-heading-title elementor-size-default\">Kot razvijalec RPA boste imeli prilo\u017enost oblikovati in implementirati avtomatizirane re\u0161itve ter sodelovati z izku\u0161enimi svetovalci za izbolj\u0161anje operativne u\u010dinkovitosti. Razvijali boste dejanske delovne tokove RPA, optimizirali poslovne procese in prispevali k digitalni transformaciji v razli\u010dnih panogah. Idealni kandidati imajo izku\u0161nje ali zanimanje za orodja RPA (UiPath, Power Automate itd.), mo\u010dne sposobnosti re\u0161evanja problemov in strast do avtomatizacije. Pridru\u017eite se nam in postanite del inovativne, tehnolo\u0161ko usmerjene ekipe, ki oblikuje prihodnost poslovne avtomatizacije!<\/p>\t\t\t\t<\/div>\n\t\t\t\t<\/div>\n\t\t\t\t<div class=\"elementor-element elementor-element-5509d6d elementor-widget elementor-widget-button\" data-id=\"5509d6d\" data-element_type=\"widget\" data-widget_type=\"button.default\">\n\t\t\t\t<div class=\"elementor-widget-container\">\n\t\t\t\t\t\t\t\t\t<div class=\"elementor-button-wrapper\">\n\t\t\t\t\t<a class=\"elementor-button elementor-button-link elementor-size-sm\" href=\"https:\/\/www.simplify.rs\/sl\/o-nas\/delovna-mesta\/?pozicija=RPA%20Developer&#038;lokacija=beograd\">\n\t\t\t\t\t\t<span class=\"elementor-button-content-wrapper\">\n\t\t\t\t\t\t<span class=\"elementor-button-icon\">\n\t\t\t\t<svg xmlns=\"http:\/\/www.w3.org\/2000\/svg\" width=\"47\" height=\"48\" viewbox=\"0 0 47 48\" fill=\"none\"><mask id=\"mask0_0_197\" style=\"mask-type:alpha\" maskunits=\"userSpaceOnUse\" x=\"0\" y=\"0\" width=\"47\" height=\"48\"><rect x=\"0.0761719\" y=\"0.729248\" width=\"46.5411\" height=\"46.5411\" fill=\"#D9D9D9\"><\/rect><\/mask><g mask=\"url(#mask0_0_197)\"><path d=\"M12.8145 37.0893L22.1748 23.9997L12.8145 10.91H16.3721L25.7325 23.9997L16.3721 37.0893H12.8145ZM24.2036 37.0893L33.564 23.9997L24.2036 10.91H27.7612L37.1216 23.9997L27.7612 37.0893H24.2036Z\" fill=\"white\"><\/path><\/g><\/svg>\t\t\t<\/span>\n\t\t\t\t\t\t\t\t\t<span class=\"elementor-button-text\">Prijavi se zdaj<\/span>\n\t\t\t\t\t<\/span>\n\t\t\t\t\t<\/a>\n\t\t\t\t<\/div>\n\t\t\t\t\t\t\t\t<\/div>\n\t\t\t\t<\/div>\n\t\t\t\t<\/div>\n\t\t\t\t<\/div>\n\t\t<div class=\"elementor-element elementor-element-7c6e57a e-con-full e-flex e-con e-child\" data-id=\"7c6e57a\" data-element_type=\"container\">\n\t\t<div class=\"elementor-element elementor-element-4e15600 e-con-full elementor-hidden-mobile e-flex e-con e-child\" data-id=\"4e15600\" data-element_type=\"container\">\n\t\t\t\t<div class=\"elementor-element elementor-element-3a32261 elementor-view-default elementor-widget elementor-widget-icon\" data-id=\"3a32261\" data-element_type=\"widget\" data-widget_type=\"icon.default\">\n\t\t\t\t<div class=\"elementor-widget-container\">\n\t\t\t\t\t\t\t<div class=\"elementor-icon-wrapper\">\n\t\t\t<div class=\"elementor-icon\">\n\t\t\t<svg xmlns=\"http:\/\/www.w3.org\/2000\/svg\" width=\"undefined\" height=\"undefined\" viewbox=\"0 0 14 14\"><g fill=\"none\" stroke=\"currentColor\" stroke-linecap=\"round\" stroke-linejoin=\"round\"><path d=\"m6.46.5l6.14 6.15a.48.48 0 0 1 0 .7L6.46 13.5\"><\/path><path d=\"M1.25.5L7.4 6.65a.5.5 0 0 1 0 .7L1.25 13.5\"><\/path><\/g><\/svg>\t\t\t<\/div>\n\t\t<\/div>\n\t\t\t\t\t\t<\/div>\n\t\t\t\t<\/div>\n\t\t\t\t<\/div>\n\t\t<div class=\"elementor-element elementor-element-d93b015 e-con-full e-flex e-con e-child\" data-id=\"d93b015\" data-element_type=\"container\">\n\t\t\t\t<div class=\"elementor-element elementor-element-67d2bd0 elementor-widget elementor-widget-heading\" data-id=\"67d2bd0\" data-element_type=\"widget\" data-widget_type=\"heading.default\">\n\t\t\t\t<div class=\"elementor-widget-container\">\n\t\t\t\t\t<h2 class=\"elementor-heading-title elementor-size-default\">Poslovni analitik RPA<\/h2>\t\t\t\t<\/div>\n\t\t\t\t<\/div>\n\t\t\t\t<div class=\"elementor-element elementor-element-76b3ad9 elementor-widget elementor-widget-heading\" data-id=\"76b3ad9\" data-element_type=\"widget\" data-widget_type=\"heading.default\">\n\t\t\t\t<div class=\"elementor-widget-container\">\n\t\t\t\t\t<p class=\"elementor-heading-title elementor-size-default\">Lokacija: Beograd<\/p>\t\t\t\t<\/div>\n\t\t\t\t<\/div>\n\t\t\t\t<div class=\"elementor-element elementor-element-f9efc5d elementor-widget__width-initial elementor-widget-tablet__width-initial elementor-widget elementor-widget-heading\" data-id=\"f9efc5d\" data-element_type=\"widget\" data-widget_type=\"heading.default\">\n\t\t\t\t<div class=\"elementor-widget-container\">\n\t\t\t\t\t<p class=\"elementor-heading-title elementor-size-default\">Kot poslovni analitik RPA boste sodelovali s strankami in svetovalci pri prepoznavanju prilo\u017enosti za avtomatizacijo, analizirali delovne procese in oblikovali re\u0161itve RPA, ki pove\u010dujejo u\u010dinkovitost. Povezovali boste poslovne potrebe z avtomatizacijo, zbirali zahteve, optimizirali procese in podpirali implementacijo re\u0161itev RPA. Idealni kandidati imajo ve\u0161\u010dine analize procesov, izku\u0161nje ali zanimanje za orodja za avtomatizacijo ter strast do digitalne transformacije. Pridru\u017eite se nam in pomagajte podjetjem sprostiti polni potencial avtomatizacije!\n\n\n\n\n\n\n\n<\/p>\t\t\t\t<\/div>\n\t\t\t\t<\/div>\n\t\t\t\t<div class=\"elementor-element elementor-element-a788f05 elementor-widget elementor-widget-button\" data-id=\"a788f05\" data-element_type=\"widget\" data-widget_type=\"button.default\">\n\t\t\t\t<div class=\"elementor-widget-container\">\n\t\t\t\t\t\t\t\t\t<div class=\"elementor-button-wrapper\">\n\t\t\t\t\t<a class=\"elementor-button elementor-button-link elementor-size-sm\" href=\"https:\/\/www.simplify.rs\/sl\/o-nas\/delovna-mesta\/?pozicija=RPA%20Business%20Analyst&#038;lokacija=beograd\">\n\t\t\t\t\t\t<span class=\"elementor-button-content-wrapper\">\n\t\t\t\t\t\t<span class=\"elementor-button-icon\">\n\t\t\t\t<svg xmlns=\"http:\/\/www.w3.org\/2000\/svg\" width=\"47\" height=\"48\" viewbox=\"0 0 47 48\" fill=\"none\"><mask id=\"mask0_0_197\" style=\"mask-type:alpha\" maskunits=\"userSpaceOnUse\" x=\"0\" y=\"0\" width=\"47\" height=\"48\"><rect x=\"0.0761719\" y=\"0.729248\" width=\"46.5411\" height=\"46.5411\" fill=\"#D9D9D9\"><\/rect><\/mask><g mask=\"url(#mask0_0_197)\"><path d=\"M12.8145 37.0893L22.1748 23.9997L12.8145 10.91H16.3721L25.7325 23.9997L16.3721 37.0893H12.8145ZM24.2036 37.0893L33.564 23.9997L24.2036 10.91H27.7612L37.1216 23.9997L27.7612 37.0893H24.2036Z\" fill=\"white\"><\/path><\/g><\/svg>\t\t\t<\/span>\n\t\t\t\t\t\t\t\t\t<span class=\"elementor-button-text\">Prijavi se zdaj<\/span>\n\t\t\t\t\t<\/span>\n\t\t\t\t\t<\/a>\n\t\t\t\t<\/div>\n\t\t\t\t\t\t\t\t<\/div>\n\t\t\t\t<\/div>\n\t\t\t\t<\/div>\n\t\t\t\t<\/div>\n\t\t<div class=\"elementor-element elementor-element-e10b9d3 e-con-full e-flex e-con e-child\" data-id=\"e10b9d3\" data-element_type=\"container\">\n\t\t<div class=\"elementor-element elementor-element-3a031ef e-con-full elementor-hidden-mobile e-flex e-con e-child\" data-id=\"3a031ef\" data-element_type=\"container\">\n\t\t\t\t<div class=\"elementor-element elementor-element-fa9fb24 elementor-view-default elementor-widget elementor-widget-icon\" data-id=\"fa9fb24\" data-element_type=\"widget\" data-widget_type=\"icon.default\">\n\t\t\t\t<div class=\"elementor-widget-container\">\n\t\t\t\t\t\t\t<div class=\"elementor-icon-wrapper\">\n\t\t\t<div class=\"elementor-icon\">\n\t\t\t<svg xmlns=\"http:\/\/www.w3.org\/2000\/svg\" width=\"undefined\" height=\"undefined\" viewbox=\"0 0 14 14\"><g fill=\"none\" stroke=\"currentColor\" stroke-linecap=\"round\" stroke-linejoin=\"round\"><path d=\"m6.46.5l6.14 6.15a.48.48 0 0 1 0 .7L6.46 13.5\"><\/path><path d=\"M1.25.5L7.4 6.65a.5.5 0 0 1 0 .7L1.25 13.5\"><\/path><\/g><\/svg>\t\t\t<\/div>\n\t\t<\/div>\n\t\t\t\t\t\t<\/div>\n\t\t\t\t<\/div>\n\t\t\t\t<\/div>\n\t\t<div class=\"elementor-element elementor-element-23805dc e-con-full e-flex e-con e-child\" data-id=\"23805dc\" data-element_type=\"container\">\n\t\t\t\t<div class=\"elementor-element elementor-element-40dfc53 elementor-widget elementor-widget-heading\" data-id=\"40dfc53\" data-element_type=\"widget\" data-widget_type=\"heading.default\">\n\t\t\t\t<div class=\"elementor-widget-container\">\n\t\t\t\t\t<h2 class=\"elementor-heading-title elementor-size-default\">Poslovni analitik<\/h2>\t\t\t\t<\/div>\n\t\t\t\t<\/div>\n\t\t\t\t<div class=\"elementor-element elementor-element-430dd44 elementor-widget elementor-widget-heading\" data-id=\"430dd44\" data-element_type=\"widget\" data-widget_type=\"heading.default\">\n\t\t\t\t<div class=\"elementor-widget-container\">\n\t\t\t\t\t<p class=\"elementor-heading-title elementor-size-default\">Lokacija: Beograd<\/p>\t\t\t\t<\/div>\n\t\t\t\t<\/div>\n\t\t\t\t<div class=\"elementor-element elementor-element-c2e3738 elementor-widget__width-initial elementor-widget-tablet__width-initial elementor-widget elementor-widget-heading\" data-id=\"c2e3738\" data-element_type=\"widget\" data-widget_type=\"heading.default\">\n\t\t\t\t<div class=\"elementor-widget-container\">\n\t\t\t\t\t<p class=\"elementor-heading-title elementor-size-default\">Kariera pri Simplifyju ponuja dinami\u010dno in celovito izku\u0161njo na podro\u010dju poslovnih procesov. Kot poslovni analitik boste sodelovali s strankami in svetovalci pri analizi delovnih procesov, prepoznavanju neu\u010dinkovitosti in predlaganju izbolj\u0161av procesov, ki prispevajo k poslovnemu uspehu. Povezovali boste poslovne potrebe z re\u0161itvami, zbirali zahteve, optimizirali poslovanje in podpirali digitalno transformacijo. Idealni kandidati imajo mo\u010dne analiti\u010dne sposobnosti, izku\u0161nje ali zanimanje za optimizacijo procesov ter strast do poslovne u\u010dinkovitosti. Pridru\u017eite se nam in pomagajte organizacijam dose\u010di pametnej\u0161e in u\u010dinkovitej\u0161e poslovanje!<\/p>\t\t\t\t<\/div>\n\t\t\t\t<\/div>\n\t\t\t\t<div class=\"elementor-element elementor-element-9bdbd63 elementor-widget elementor-widget-button\" data-id=\"9bdbd63\" data-element_type=\"widget\" data-widget_type=\"button.default\">\n\t\t\t\t<div class=\"elementor-widget-container\">\n\t\t\t\t\t\t\t\t\t<div class=\"elementor-button-wrapper\">\n\t\t\t\t\t<a class=\"elementor-button elementor-button-link elementor-size-sm\" href=\"https:\/\/www.simplify.rs\/sl\/o-nas\/delovna-mesta\/?pozicija=Business%20Analyst&#038;lokacija=beograd\">\n\t\t\t\t\t\t<span class=\"elementor-button-content-wrapper\">\n\t\t\t\t\t\t<span class=\"elementor-button-icon\">\n\t\t\t\t<svg xmlns=\"http:\/\/www.w3.org\/2000\/svg\" width=\"47\" height=\"48\" viewbox=\"0 0 47 48\" fill=\"none\"><mask id=\"mask0_0_197\" style=\"mask-type:alpha\" maskunits=\"userSpaceOnUse\" x=\"0\" y=\"0\" width=\"47\" height=\"48\"><rect x=\"0.0761719\" y=\"0.729248\" width=\"46.5411\" height=\"46.5411\" fill=\"#D9D9D9\"><\/rect><\/mask><g mask=\"url(#mask0_0_197)\"><path d=\"M12.8145 37.0893L22.1748 23.9997L12.8145 10.91H16.3721L25.7325 23.9997L16.3721 37.0893H12.8145ZM24.2036 37.0893L33.564 23.9997L24.2036 10.91H27.7612L37.1216 23.9997L27.7612 37.0893H24.2036Z\" fill=\"white\"><\/path><\/g><\/svg>\t\t\t<\/span>\n\t\t\t\t\t\t\t\t\t<span class=\"elementor-button-text\">Prijavi se zdaj<\/span>\n\t\t\t\t\t<\/span>\n\t\t\t\t\t<\/a>\n\t\t\t\t<\/div>\n\t\t\t\t\t\t\t\t<\/div>\n\t\t\t\t<\/div>\n\t\t\t\t<\/div>\n\t\t\t\t<\/div>\n\t\t<div class=\"elementor-element elementor-element-cce09aa e-con-full e-flex e-con e-child\" data-id=\"cce09aa\" data-element_type=\"container\">\n\t\t<div class=\"elementor-element elementor-element-7140462 e-con-full elementor-hidden-mobile e-flex e-con e-child\" data-id=\"7140462\" data-element_type=\"container\">\n\t\t\t\t<div class=\"elementor-element elementor-element-927cca5 elementor-view-default elementor-widget elementor-widget-icon\" data-id=\"927cca5\" data-element_type=\"widget\" data-widget_type=\"icon.default\">\n\t\t\t\t<div class=\"elementor-widget-container\">\n\t\t\t\t\t\t\t<div class=\"elementor-icon-wrapper\">\n\t\t\t<div class=\"elementor-icon\">\n\t\t\t<svg xmlns=\"http:\/\/www.w3.org\/2000\/svg\" width=\"undefined\" height=\"undefined\" viewbox=\"0 0 14 14\"><g fill=\"none\" stroke=\"currentColor\" stroke-linecap=\"round\" stroke-linejoin=\"round\"><path d=\"m6.46.5l6.14 6.15a.48.48 0 0 1 0 .7L6.46 13.5\"><\/path><path d=\"M1.25.5L7.4 6.65a.5.5 0 0 1 0 .7L1.25 13.5\"><\/path><\/g><\/svg>\t\t\t<\/div>\n\t\t<\/div>\n\t\t\t\t\t\t<\/div>\n\t\t\t\t<\/div>\n\t\t\t\t<\/div>\n\t\t<div class=\"elementor-element elementor-element-1283ffe e-con-full e-flex e-con e-child\" data-id=\"1283ffe\" data-element_type=\"container\">\n\t\t\t\t<div class=\"elementor-element elementor-element-785731f elementor-widget elementor-widget-heading\" data-id=\"785731f\" data-element_type=\"widget\" data-widget_type=\"heading.default\">\n\t\t\t\t<div class=\"elementor-widget-container\">\n\t\t\t\t\t<h2 class=\"elementor-heading-title elementor-size-default\">Vodja razvoja poslovanja<\/h2>\t\t\t\t<\/div>\n\t\t\t\t<\/div>\n\t\t\t\t<div class=\"elementor-element elementor-element-0333c2d elementor-widget elementor-widget-heading\" data-id=\"0333c2d\" data-element_type=\"widget\" data-widget_type=\"heading.default\">\n\t\t\t\t<div class=\"elementor-widget-container\">\n\t\t\t\t\t<p class=\"elementor-heading-title elementor-size-default\">Lokacija: Beograd<\/p>\t\t\t\t<\/div>\n\t\t\t\t<\/div>\n\t\t\t\t<div class=\"elementor-element elementor-element-d968af4 elementor-widget__width-initial elementor-widget-tablet__width-initial elementor-widget elementor-widget-heading\" data-id=\"d968af4\" data-element_type=\"widget\" data-widget_type=\"heading.default\">\n\t\t\t\t<div class=\"elementor-widget-container\">\n\t\t\t\t\t<p class=\"elementor-heading-title elementor-size-default\">Kot vodja razvoja poslovanja boste prepoznavali poslovne prilo\u017enosti, razvijali odnose s strankami in spodbujali rast s prilagojenimi re\u0161itvami. Sodelovali boste z vodilnimi v panogi, razvijali strate\u0161ka partnerstva in organizacijam pomagali optimizirati poslovanje z avtomatizacijo. Idealni kandidati imajo mo\u010dne prodajne sposobnosti, svetovalni pristop in strast do poslovne preobrazbe. Pridru\u017eite se nam in postanite del ekipe, ki oblikuje prihodnost avtomatizacije procesov!\n\n\n\n\n\n\n\n<\/p>\t\t\t\t<\/div>\n\t\t\t\t<\/div>\n\t\t\t\t<div class=\"elementor-element elementor-element-d955ee0 elementor-widget elementor-widget-button\" data-id=\"d955ee0\" data-element_type=\"widget\" data-widget_type=\"button.default\">\n\t\t\t\t<div class=\"elementor-widget-container\">\n\t\t\t\t\t\t\t\t\t<div class=\"elementor-button-wrapper\">\n\t\t\t\t\t<a class=\"elementor-button elementor-button-link elementor-size-sm\" href=\"https:\/\/www.simplify.rs\/sl\/o-nas\/delovna-mesta\/?pozicija=Business%20Development%20Manager&#038;lokacija=beograd\">\n\t\t\t\t\t\t<span class=\"elementor-button-content-wrapper\">\n\t\t\t\t\t\t<span class=\"elementor-button-icon\">\n\t\t\t\t<svg xmlns=\"http:\/\/www.w3.org\/2000\/svg\" width=\"47\" height=\"48\" viewbox=\"0 0 47 48\" fill=\"none\"><mask id=\"mask0_0_197\" style=\"mask-type:alpha\" maskunits=\"userSpaceOnUse\" x=\"0\" y=\"0\" width=\"47\" height=\"48\"><rect x=\"0.0761719\" y=\"0.729248\" width=\"46.5411\" height=\"46.5411\" fill=\"#D9D9D9\"><\/rect><\/mask><g mask=\"url(#mask0_0_197)\"><path d=\"M12.8145 37.0893L22.1748 23.9997L12.8145 10.91H16.3721L25.7325 23.9997L16.3721 37.0893H12.8145ZM24.2036 37.0893L33.564 23.9997L24.2036 10.91H27.7612L37.1216 23.9997L27.7612 37.0893H24.2036Z\" fill=\"white\"><\/path><\/g><\/svg>\t\t\t<\/span>\n\t\t\t\t\t\t\t\t\t<span class=\"elementor-button-text\">Prijavi se zdaj<\/span>\n\t\t\t\t\t<\/span>\n\t\t\t\t\t<\/a>\n\t\t\t\t<\/div>\n\t\t\t\t\t\t\t\t<\/div>\n\t\t\t\t<\/div>\n\t\t\t\t<\/div>\n\t\t\t\t<\/div>\n\t\t\t\t\t<\/div>\n\t\t\t\t<\/div>\n\t\t\t\t<\/div>","protected":false},"excerpt":{"rendered":"<p>POSTANITE DEO SIMPLIFY TIMA Poslovi i karijere Uvek tra\u017eimo nove ideje i nove ljude! Otvorena radna mesta: Intern Lokacija: Beograd Praksa u kompaniji Simplify pru\u017ea dinami\u010dno i sveobuhvatno iskustvo u svetu profesionalnih poslovnih konsultantskih usluga. Kao praktikant, ima\u0107e\u0161 priliku da stekne\u0161 prakti\u010dno iskustvo rade\u0107i na stvarnim projektima zajedno sa iskusnim konsultantima, pru\u017eaju\u0107i dragocene uvide i [&hellip;]<\/p>","protected":false},"author":3,"featured_media":0,"parent":0,"menu_order":0,"comment_status":"closed","ping_status":"closed","template":"elementor_header_footer","meta":{"footnotes":""},"class_list":["post-1241","page","type-page","status-publish","hentry"],"_links":{"self":[{"href":"https:\/\/www.simplify.rs\/sl\/wp-json\/wp\/v2\/pages\/1241","targetHints":{"allow":["GET"]}}],"collection":[{"href":"https:\/\/www.simplify.rs\/sl\/wp-json\/wp\/v2\/pages"}],"about":[{"href":"https:\/\/www.simplify.rs\/sl\/wp-json\/wp\/v2\/types\/page"}],"author":[{"embeddable":true,"href":"https:\/\/www.simplify.rs\/sl\/wp-json\/wp\/v2\/users\/3"}],"replies":[{"embeddable":true,"href":"https:\/\/www.simplify.rs\/sl\/wp-json\/wp\/v2\/comments?post=1241"}],"version-history":[{"count":5,"href":"https:\/\/www.simplify.rs\/sl\/wp-json\/wp\/v2\/pages\/1241\/revisions"}],"predecessor-version":[{"id":13664,"href":"https:\/\/www.simplify.rs\/sl\/wp-json\/wp\/v2\/pages\/1241\/revisions\/13664"}],"wp:attachment":[{"href":"https:\/\/www.simplify.rs\/sl\/wp-json\/wp\/v2\/media?parent=1241"}],"curies":[{"name":"wp","href":"https:\/\/api.w.org\/{rel}","templated":true}]}}