{"id":12826,"date":"2025-08-15T10:25:26","date_gmt":"2025-08-15T10:25:26","guid":{"rendered":"https:\/\/www.simplify.rs\/?page_id=12826"},"modified":"2025-08-15T10:26:13","modified_gmt":"2025-08-15T10:26:13","slug":"inovativni-digitalni-proizvodi","status":"publish","type":"page","link":"https:\/\/www.simplify.rs\/sl\/inovativni-digitalni-izdelki\/","title":{"rendered":"Inovativni digitalni izdelki"},"content":{"rendered":"<div data-elementor-type=\"wp-page\" data-elementor-id=\"12826\" class=\"elementor elementor-12826\" data-elementor-post-type=\"page\">\n\t\t\t\t<div class=\"elementor-element elementor-element-1c5d10be e-con-full e-flex e-con e-child\" data-id=\"1c5d10be\" data-element_type=\"container\" data-settings=\"{&quot;position&quot;:&quot;fixed&quot;,&quot;background_background&quot;:&quot;classic&quot;}\">\n\t\t\t\t<div class=\"elementor-element elementor-element-6c8245c5 elementor-widget__width-auto elementor-view-default elementor-widget elementor-widget-icon\" data-id=\"6c8245c5\" data-element_type=\"widget\" data-widget_type=\"icon.default\">\n\t\t\t\t<div class=\"elementor-widget-container\">\n\t\t\t\t\t\t\t<div class=\"elementor-icon-wrapper\">\n\t\t\t<a class=\"elementor-icon\" href=\"https:\/\/www.simplify.rs\/sl\/kontakt\/#contact-btn\" target=\"_blank\" rel=\"noopener\">\n\t\t\t<svg xmlns=\"http:\/\/www.w3.org\/2000\/svg\" width=\"19\" height=\"19\" viewbox=\"0 0 19 19\" fill=\"none\"><path d=\"M9.07031 0.936523L17.5819 5.99037C17.728 6.09679 17.846 6.2282 17.9357 6.3846C18.0254 6.54101 18.0703 6.71089 18.0703 6.89422V17.1288C18.0703 17.5891 17.9161 17.9734 17.6078 18.2817C17.2995 18.5901 16.9152 18.7442 16.4549 18.7442H1.68569C1.22544 18.7442 0.841146 18.5901 0.532813 18.2817C0.224479 17.9734 0.0703125 17.5891 0.0703125 17.1288V6.89422C0.0703125 6.71089 0.115179 6.54101 0.204913 6.3846C0.294663 6.2282 0.412612 6.09679 0.558762 5.99037L9.07031 0.936523ZM9.07031 11.3942L16.8703 6.74422L9.07031 2.09422L1.27031 6.74422L9.07031 11.3942ZM9.07031 12.5519L1.07031 7.79037V17.1288C1.07031 17.3083 1.128 17.4558 1.24339 17.5711C1.35877 17.6865 1.5062 17.7442 1.68569 17.7442H16.4549C16.6344 17.7442 16.7819 17.6865 16.8972 17.5711C17.0126 17.4558 17.0703 17.3083 17.0703 17.1288V7.79037L9.07031 12.5519Z\" fill=\"white\"><\/path><\/svg>\t\t\t<\/a>\n\t\t<\/div>\n\t\t\t\t\t\t<\/div>\n\t\t\t\t<\/div>\n\t\t\t\t<\/div>\n\t\t<div class=\"elementor-element elementor-element-7b005ed5 e-con-full e-flex e-con e-child\" data-id=\"7b005ed5\" data-element_type=\"container\" data-settings=\"{&quot;position&quot;:&quot;fixed&quot;,&quot;background_background&quot;:&quot;classic&quot;}\">\n\t\t\t\t<div class=\"elementor-element elementor-element-287aad03 elementor-widget__width-auto elementor-view-default elementor-widget elementor-widget-icon\" data-id=\"287aad03\" data-element_type=\"widget\" data-widget_type=\"icon.default\">\n\t\t\t\t<div class=\"elementor-widget-container\">\n\t\t\t\t\t\t\t<div class=\"elementor-icon-wrapper\">\n\t\t\t<a class=\"elementor-icon\" href=\"#elementor-action%3Aaction%3Dpopup%3Aopen%26settings%3DeyJpZCI6IjQzNzciLCJ0b2dnbGUiOmZhbHNlfQ%3D%3D\">\n\t\t\t<svg xmlns=\"http:\/\/www.w3.org\/2000\/svg\" width=\"18\" height=\"18\" viewbox=\"0 0 18 18\" fill=\"none\"><path d=\"M16.5549 17.3177L10.2933 11.0562C9.79333 11.4818 9.21833 11.8113 8.56833 12.0447C7.91833 12.278 7.26512 12.3947 6.6087 12.3947C5.00704 12.3947 3.6515 11.8402 2.54208 10.7314C1.43265 9.62261 0.87793 8.26781 0.87793 6.66701C0.87793 5.06621 1.43234 3.71036 2.54115 2.59946C3.64997 1.48856 5.00478 0.933105 6.60558 0.933105C8.2064 0.933105 9.56225 1.48781 10.6731 2.59723C11.784 3.70665 12.3395 5.0622 12.3395 6.66388C12.3395 7.35875 12.2164 8.03118 11.9703 8.68118C11.7241 9.33118 11.401 9.88696 11.001 10.3485L17.2626 16.61L16.5549 17.3177ZM6.6087 11.3947C7.93564 11.3947 9.05583 10.9379 9.96928 10.0245C10.8827 9.11099 11.3395 7.9908 11.3395 6.66388C11.3395 5.33696 10.8827 4.21677 9.96928 3.30331C9.05583 2.38984 7.93564 1.93311 6.6087 1.93311C5.28179 1.93311 4.1616 2.38984 3.24813 3.30331C2.33468 4.21677 1.87795 5.33696 1.87795 6.66388C1.87795 7.9908 2.33468 9.11099 3.24813 10.0245C4.1616 10.9379 5.28179 11.3947 6.6087 11.3947Z\" fill=\"white\"><\/path><\/svg>\t\t\t<\/a>\n\t\t<\/div>\n\t\t\t\t\t\t<\/div>\n\t\t\t\t<\/div>\n\t\t\t\t<\/div>\n\t\t<div class=\"elementor-element elementor-element-6ca91ade e-flex e-con-boxed e-con e-parent\" data-id=\"6ca91ade\" data-element_type=\"container\" data-settings=\"{&quot;background_background&quot;:&quot;video&quot;}\">\n\t\t\t\t\t<div class=\"e-con-inner\">\n\t\t<div class=\"elementor-element elementor-element-502cd177 e-con-full e-flex e-con e-child\" data-id=\"502cd177\" data-element_type=\"container\">\n\t\t\t\t<div class=\"elementor-element elementor-element-5002e1c4 elementor-widget__width-initial elementor-widget elementor-widget-heading\" data-id=\"5002e1c4\" data-element_type=\"widget\" data-widget_type=\"heading.default\">\n\t\t\t\t<div class=\"elementor-widget-container\">\n\t\t\t\t\t<h1 class=\"elementor-heading-title elementor-size-default\">Inovativno digitalno  <span class=\"white\">izdelki<\/span>\n<\/h1>\t\t\t\t<\/div>\n\t\t\t\t<\/div>\n\t\t\t\t<div class=\"elementor-element elementor-element-2cb7e47b elementor-widget__width-initial elementor-widget elementor-widget-text-editor\" data-id=\"2cb7e47b\" data-element_type=\"widget\" data-widget_type=\"text-editor.default\">\n\t\t\t\t<div class=\"elementor-widget-container\">\n\t\t\t\t\t\t\t\t\t<p>Simplify razvija digitalne izdelke, ki organizacijam pomagajo optimizirati poslovne procese, pove\u010dati operativno u\u010dinkovitost in zagotoviti skladnost z regulativnimi zahtevami. Na\u0161e re\u0161itve avtomatizirajo klju\u010dne naloge, zmanj\u0161ujejo ro\u010dno delo in omogo\u010dajo hitrej\u0161e odlo\u010danje, ve\u010dji nadzor in spremljanje poslovanja.<\/p>\t\t\t\t\t\t\t\t<\/div>\n\t\t\t\t<\/div>\n\t\t\t\t<\/div>\n\t\t\t\t\t<\/div>\n\t\t\t\t<\/div>\n\t\t<div class=\"elementor-element elementor-element-12882905 e-flex e-con-boxed e-con e-parent\" data-id=\"12882905\" data-element_type=\"container\" data-settings=\"{&quot;background_background&quot;:&quot;classic&quot;}\">\n\t\t\t\t\t<div class=\"e-con-inner\">\n\t\t<div class=\"elementor-element elementor-element-1cfe60b9 e-con-full elementor-hidden-mobile e-flex e-con e-child\" data-id=\"1cfe60b9\" data-element_type=\"container\">\n\t\t\t\t<div class=\"elementor-element elementor-element-571f55f elementor-widget elementor-widget-image\" data-id=\"571f55f\" data-element_type=\"widget\" data-widget_type=\"image.default\">\n\t\t\t\t<div class=\"elementor-widget-container\">\n\t\t\t\t\t\t\t\t\t\t\t\t\t\t\t<img fetchpriority=\"high\" decoding=\"async\" width=\"341\" height=\"256\" src=\"https:\/\/www.simplify.rs\/wp-content\/uploads\/2025\/07\/strelica-ka-desno.png\" class=\"attachment-full size-full wp-image-12163\" alt=\"\" srcset=\"https:\/\/www.simplify.rs\/wp-content\/uploads\/2025\/07\/strelica-ka-desno.png 341w, https:\/\/www.simplify.rs\/wp-content\/uploads\/2025\/07\/strelica-ka-desno-300x225.png 300w, https:\/\/www.simplify.rs\/wp-content\/uploads\/2025\/07\/strelica-ka-desno-16x12.png 16w\" sizes=\"(max-width: 341px) 100vw, 341px\" title=\"\">\t\t\t\t\t\t\t\t\t\t\t\t\t\t\t<\/div>\n\t\t\t\t<\/div>\n\t\t\t\t<\/div>\n\t\t<div class=\"elementor-element elementor-element-2f1a5873 e-con-full e-flex e-con e-child\" data-id=\"2f1a5873\" data-element_type=\"container\">\n\t\t\t\t<div class=\"elementor-element elementor-element-45498c34 elementor-widget elementor-widget-heading\" data-id=\"45498c34\" data-element_type=\"widget\" data-widget_type=\"heading.default\">\n\t\t\t\t<div class=\"elementor-widget-container\">\n\t\t\t\t\t<h3 class=\"elementor-heading-title elementor-size-default\">Iz digitalne ideje <span style=\"color:#ffffff\"> do u\u010dinkovite re\u0161itve<\/h3>\t\t\t\t<\/div>\n\t\t\t\t<\/div>\n\t\t\t\t<div class=\"elementor-element elementor-element-4c67d5bf elementor-widget__width-initial elementor-widget elementor-widget-text-editor\" data-id=\"4c67d5bf\" data-element_type=\"widget\" data-widget_type=\"text-editor.default\">\n\t\t\t\t<div class=\"elementor-widget-container\">\n\t\t\t\t\t\t\t\t\t<p>Z zdru\u017eevanjem naprednih tehnologij, intuitivne zasnove in strokovnega znanja ustvarjamo digitalne re\u0161itve, prilagojene va\u0161im poslovnim ciljem. Na\u0161i izdelki, vklju\u010dno s sistemom IMS, platformo za ozna\u010devanje CE in aplikacijo za sledenje, prina\u0161ajo ve\u010djo produktivnost, preglednost in varnost ter vam pomagajo delati hitreje, pametneje in z ni\u017ejimi stro\u0161ki.<\/p>\t\t\t\t\t\t\t\t<\/div>\n\t\t\t\t<\/div>\n\t\t\t\t<\/div>\n\t\t\t\t\t<\/div>\n\t\t\t\t<\/div>\n\t\t<div class=\"elementor-element elementor-element-68636cc0 e-flex e-con-boxed e-con e-parent\" data-id=\"68636cc0\" data-element_type=\"container\">\n\t\t\t\t\t<div class=\"e-con-inner\">\n\t\t<div class=\"elementor-element elementor-element-1ec451aa e-con-full e-flex e-con e-child\" data-id=\"1ec451aa\" data-element_type=\"container\">\n\t\t\t\t<div class=\"elementor-element elementor-element-32aea22 elementor-widget elementor-widget-heading\" data-id=\"32aea22\" data-element_type=\"widget\" data-widget_type=\"heading.default\">\n\t\t\t\t<div class=\"elementor-widget-container\">\n\t\t\t\t\t<h3 class=\"elementor-heading-title elementor-size-default\"><span style=\"color:#4585F2\"> Na\u0161 digitalni<\/span><br>izdelki<\/h3>\t\t\t\t<\/div>\n\t\t\t\t<\/div>\n\t\t\t\t<\/div>\n\t\t<div class=\"elementor-element elementor-element-3de22230 e-con-full e-flex e-con e-child\" data-id=\"3de22230\" data-element_type=\"container\">\n\t\t<a class=\"elementor-element elementor-element-681de4cf e-con-full e-flex e-con e-child\" data-id=\"681de4cf\" data-element_type=\"container\" href=\"https:\/\/www.simplify.rs\/sl\/resitev\/resitve-za-upravljanje-poslovnih-procesov\/torbe-za-sedlo\/\">\n\t\t<div class=\"elementor-element elementor-element-39845f0d e-con-full e-flex e-con e-child\" data-id=\"39845f0d\" data-element_type=\"container\">\n\t\t\t\t<div class=\"elementor-element elementor-element-46eb7da8 elementor-icon-list--layout-traditional elementor-list-item-link-full_width elementor-widget elementor-widget-icon-list\" data-id=\"46eb7da8\" data-element_type=\"widget\" data-widget_type=\"icon-list.default\">\n\t\t\t\t<div class=\"elementor-widget-container\">\n\t\t\t\t\t\t\t<ul class=\"elementor-icon-list-items\">\n\t\t\t\t\t\t\t<li class=\"elementor-icon-list-item\">\n\t\t\t\t\t\t\t\t\t\t\t<span class=\"elementor-icon-list-icon\">\n\t\t\t\t\t\t\t<i aria-hidden=\"true\" class=\"iconarrow-right icon-arrow-rightright-open-big\"><\/i>\t\t\t\t\t\t<\/span>\n\t\t\t\t\t\t\t\t\t\t<span class=\"elementor-icon-list-text\">Aplikacija IMS<\/span>\n\t\t\t\t\t\t\t\t\t<\/li>\n\t\t\t\t\t\t<\/ul>\n\t\t\t\t\t\t<\/div>\n\t\t\t\t<\/div>\n\t\t\t\t<\/div>\n\t\t<div class=\"elementor-element elementor-element-74632629 e-con-full e-flex e-con e-child\" data-id=\"74632629\" data-element_type=\"container\">\n\t\t\t\t<div class=\"elementor-element elementor-element-3539da96 elementor-widget__width-initial elementor-widget elementor-widget-text-editor\" data-id=\"3539da96\" data-element_type=\"widget\" data-widget_type=\"text-editor.default\">\n\t\t\t\t<div class=\"elementor-widget-container\">\n\t\t\t\t\t\t\t\t\t<p>U\u010dinkovito upravljanje integriranih sistemov upravljanja.<\/p>\t\t\t\t\t\t\t\t<\/div>\n\t\t\t\t<\/div>\n\t\t\t\t<\/div>\n\t\t\t\t<\/a>\n\t\t<a class=\"elementor-element elementor-element-4e003473 e-con-full e-flex e-con e-child\" data-id=\"4e003473\" data-element_type=\"container\" href=\"https:\/\/www.simplify.rs\/sl\/resitev\/resitve-za-upravljanje-poslovnih-procesov\/camunda\/\">\n\t\t<div class=\"elementor-element elementor-element-587a59f4 e-con-full e-flex e-con e-child\" data-id=\"587a59f4\" data-element_type=\"container\">\n\t\t\t\t<div class=\"elementor-element elementor-element-422756 elementor-icon-list--layout-traditional elementor-list-item-link-full_width elementor-widget elementor-widget-icon-list\" data-id=\"422756\" data-element_type=\"widget\" data-widget_type=\"icon-list.default\">\n\t\t\t\t<div class=\"elementor-widget-container\">\n\t\t\t\t\t\t\t<ul class=\"elementor-icon-list-items\">\n\t\t\t\t\t\t\t<li class=\"elementor-icon-list-item\">\n\t\t\t\t\t\t\t\t\t\t\t<span class=\"elementor-icon-list-icon\">\n\t\t\t\t\t\t\t<i aria-hidden=\"true\" class=\"iconarrow-right icon-arrow-rightright-open-big\"><\/i>\t\t\t\t\t\t<\/span>\n\t\t\t\t\t\t\t\t\t\t<span class=\"elementor-icon-list-text\">Platforma za tr\u017eenje CE <\/span>\n\t\t\t\t\t\t\t\t\t<\/li>\n\t\t\t\t\t\t<\/ul>\n\t\t\t\t\t\t<\/div>\n\t\t\t\t<\/div>\n\t\t\t\t<\/div>\n\t\t<div class=\"elementor-element elementor-element-53020d5a e-con-full e-flex e-con e-child\" data-id=\"53020d5a\" data-element_type=\"container\">\n\t\t\t\t<div class=\"elementor-element elementor-element-7b8bd39c elementor-widget__width-initial elementor-widget elementor-widget-text-editor\" data-id=\"7b8bd39c\" data-element_type=\"widget\" data-widget_type=\"text-editor.default\">\n\t\t\t\t<div class=\"elementor-widget-container\">\n\t\t\t\t\t\t\t\t\t<p>Poenostavitev postopka certificiranja in skladnost izdelkov z evropskimi predpisi.<\/p>\t\t\t\t\t\t\t\t<\/div>\n\t\t\t\t<\/div>\n\t\t\t\t<\/div>\n\t\t\t\t<\/a>\n\t\t<a class=\"elementor-element elementor-element-5c5c0eb9 e-con-full e-flex e-con e-child\" data-id=\"5c5c0eb9\" data-element_type=\"container\" href=\"https:\/\/www.simplify.rs\/sl\/resitev\/resitve-za-upravljanje-poslovnih-procesov\/izdelovalec-procesov\/\">\n\t\t<div class=\"elementor-element elementor-element-3a230b57 e-con-full e-flex e-con e-child\" data-id=\"3a230b57\" data-element_type=\"container\">\n\t\t\t\t<div class=\"elementor-element elementor-element-6933d220 elementor-icon-list--layout-traditional elementor-list-item-link-full_width elementor-widget elementor-widget-icon-list\" data-id=\"6933d220\" data-element_type=\"widget\" data-widget_type=\"icon-list.default\">\n\t\t\t\t<div class=\"elementor-widget-container\">\n\t\t\t\t\t\t\t<ul class=\"elementor-icon-list-items\">\n\t\t\t\t\t\t\t<li class=\"elementor-icon-list-item\">\n\t\t\t\t\t\t\t\t\t\t\t<span class=\"elementor-icon-list-icon\">\n\t\t\t\t\t\t\t<i aria-hidden=\"true\" class=\"iconarrow-right icon-arrow-rightright-open-big\"><\/i>\t\t\t\t\t\t<\/span>\n\t\t\t\t\t\t\t\t\t\t<span class=\"elementor-icon-list-text\">Aplikacija za sledenje<\/span>\n\t\t\t\t\t\t\t\t\t<\/li>\n\t\t\t\t\t\t<\/ul>\n\t\t\t\t\t\t<\/div>\n\t\t\t\t<\/div>\n\t\t\t\t<\/div>\n\t\t<div class=\"elementor-element elementor-element-3223ce59 e-con-full e-flex e-con e-child\" data-id=\"3223ce59\" data-element_type=\"container\">\n\t\t\t\t<div class=\"elementor-element elementor-element-6f7ea39e elementor-widget__width-initial elementor-widget elementor-widget-text-editor\" data-id=\"6f7ea39e\" data-element_type=\"widget\" data-widget_type=\"text-editor.default\">\n\t\t\t\t<div class=\"elementor-widget-container\">\n\t\t\t\t\t\t\t\t\t<p>Napredno spremljanje in upravljanje virov v realnem \u010dasu, s preglednostjo in nadzorom nad procesi.<\/p>\t\t\t\t\t\t\t\t<\/div>\n\t\t\t\t<\/div>\n\t\t\t\t<\/div>\n\t\t\t\t<\/a>\n\t\t\t\t<\/div>\n\t\t\t\t\t<\/div>\n\t\t\t\t<\/div>\n\t\t<div class=\"elementor-element elementor-element-3d94d2a5 e-flex e-con-boxed e-con e-parent\" data-id=\"3d94d2a5\" data-element_type=\"container\" data-settings=\"{&quot;background_background&quot;:&quot;classic&quot;}\">\n\t\t\t\t\t<div class=\"e-con-inner\">\n\t\t<div class=\"elementor-element elementor-element-4b746a98 e-con-full e-flex e-con e-child\" data-id=\"4b746a98\" data-element_type=\"container\">\n\t\t\t\t<div class=\"elementor-element elementor-element-6f6b4af6 elementor-widget elementor-widget-heading\" data-id=\"6f6b4af6\" data-element_type=\"widget\" data-widget_type=\"heading.default\">\n\t\t\t\t<div class=\"elementor-widget-container\">\n\t\t\t\t\t<h3 class=\"elementor-heading-title elementor-size-default\">Kako vam lahko pomagamo?<span style=\"color:#ffffff\"> <\/span> pomo\u010d?<\/h3>\t\t\t\t<\/div>\n\t\t\t\t<\/div>\n\t\t\t\t<div class=\"elementor-element elementor-element-736c4417 elementor-widget__width-initial elementor-widget elementor-widget-text-editor\" data-id=\"736c4417\" data-element_type=\"widget\" data-widget_type=\"text-editor.default\">\n\t\t\t\t<div class=\"elementor-widget-container\">\n\t\t\t\t\t\t\t\t\t<p>Ne glede na to, ali \u017eelite izbolj\u0161ati interne sisteme, pospe\u0161iti postopek certificiranja ali zagotoviti spremljanje in nadzor poslovanja v realnem \u010dasu, na\u0161e digitalne re\u0161itve ponujajo prilagodljivost, varnost in u\u010dinkovitost, ki jih zahteva sodobno poslovno okolje.<\/p>\t\t\t\t\t\t\t\t<\/div>\n\t\t\t\t<\/div>\n\t\t\t\t<\/div>\n\t\t<div class=\"elementor-element elementor-element-7af1a962 e-con-full elementor-hidden-mobile e-flex e-con e-child\" data-id=\"7af1a962\" data-element_type=\"container\">\n\t\t\t\t<div class=\"elementor-element elementor-element-3b005014 elementor-widget elementor-widget-image\" data-id=\"3b005014\" data-element_type=\"widget\" data-widget_type=\"image.default\">\n\t\t\t\t<div class=\"elementor-widget-container\">\n\t\t\t\t\t\t\t\t\t\t\t\t\t\t\t<img decoding=\"async\" width=\"341\" height=\"256\" src=\"https:\/\/www.simplify.rs\/wp-content\/uploads\/2025\/07\/strelica-ka-levo.png\" class=\"attachment-full size-full wp-image-12164\" alt=\"\" srcset=\"https:\/\/www.simplify.rs\/wp-content\/uploads\/2025\/07\/strelica-ka-levo.png 341w, https:\/\/www.simplify.rs\/wp-content\/uploads\/2025\/07\/strelica-ka-levo-300x225.png 300w, https:\/\/www.simplify.rs\/wp-content\/uploads\/2025\/07\/strelica-ka-levo-16x12.png 16w\" sizes=\"(max-width: 341px) 100vw, 341px\" title=\"\">\t\t\t\t\t\t\t\t\t\t\t\t\t\t\t<\/div>\n\t\t\t\t<\/div>\n\t\t\t\t<\/div>\n\t\t\t\t\t<\/div>\n\t\t\t\t<\/div>\n\t\t\t\t<\/div>","protected":false},"excerpt":{"rendered":"<p>Inovativni digitalni proizvodi Simplify razvija digitalne proizvode koji poma\u017eu organizacijama da optimizuju poslovne procese, pove\u0107aju operativnu efikasnost i obezbede uskla\u0111enost sa regulatornim zahtevima. Na\u0161a re\u0161enja automatizuju klju\u010dne zadatke, smanjuju manuelni rad i omogu\u0107avaju br\u017ee dono\u0161enje odluka, ve\u0107u kontrolu i pra\u0107enje poslovanja. Od digitalne ideje do efikasnog re\u0161enja Kombinuju\u0107i napredne tehnologije, intuitivan dizajn i ekspertsko znanje, [&hellip;]<\/p>","protected":false},"author":5,"featured_media":0,"parent":0,"menu_order":0,"comment_status":"closed","ping_status":"closed","template":"elementor_header_footer","meta":{"footnotes":""},"class_list":["post-12826","page","type-page","status-publish","hentry"],"_links":{"self":[{"href":"https:\/\/www.simplify.rs\/sl\/wp-json\/wp\/v2\/pages\/12826","targetHints":{"allow":["GET"]}}],"collection":[{"href":"https:\/\/www.simplify.rs\/sl\/wp-json\/wp\/v2\/pages"}],"about":[{"href":"https:\/\/www.simplify.rs\/sl\/wp-json\/wp\/v2\/types\/page"}],"author":[{"embeddable":true,"href":"https:\/\/www.simplify.rs\/sl\/wp-json\/wp\/v2\/users\/5"}],"replies":[{"embeddable":true,"href":"https:\/\/www.simplify.rs\/sl\/wp-json\/wp\/v2\/comments?post=12826"}],"version-history":[{"count":4,"href":"https:\/\/www.simplify.rs\/sl\/wp-json\/wp\/v2\/pages\/12826\/revisions"}],"predecessor-version":[{"id":12830,"href":"https:\/\/www.simplify.rs\/sl\/wp-json\/wp\/v2\/pages\/12826\/revisions\/12830"}],"wp:attachment":[{"href":"https:\/\/www.simplify.rs\/sl\/wp-json\/wp\/v2\/media?parent=12826"}],"curies":[{"name":"wp","href":"https:\/\/api.w.org\/{rel}","templated":true}]}}