{"id":5072,"date":"2024-10-18T15:51:18","date_gmt":"2024-10-18T15:51:18","guid":{"rendered":"https:\/\/simplify.rs\/?page_id=5072"},"modified":"2025-09-09T12:45:50","modified_gmt":"2025-09-09T12:45:50","slug":"lean","status":"publish","type":"page","link":"https:\/\/www.simplify.rs\/sl\/storitve\/vitka-sest-sigma\/suh\/","title":{"rendered":"Vitko"},"content":{"rendered":"<div data-elementor-type=\"wp-page\" data-elementor-id=\"5072\" class=\"elementor elementor-5072\" data-elementor-post-type=\"page\">\n\t\t\t\t<div class=\"elementor-element elementor-element-fd7c244 e-con-full e-flex e-con e-child\" data-id=\"fd7c244\" data-element_type=\"container\" data-settings=\"{&quot;position&quot;:&quot;fixed&quot;,&quot;background_background&quot;:&quot;classic&quot;}\">\n\t\t\t\t<div class=\"elementor-element elementor-element-180d0104 elementor-widget__width-auto elementor-view-default elementor-widget elementor-widget-icon\" data-id=\"180d0104\" data-element_type=\"widget\" data-widget_type=\"icon.default\">\n\t\t\t\t<div class=\"elementor-widget-container\">\n\t\t\t\t\t\t\t<div class=\"elementor-icon-wrapper\">\n\t\t\t<a class=\"elementor-icon\" href=\"https:\/\/www.simplify.rs\/sl\/kontakt\/#contact-btn\" target=\"_blank\" rel=\"noopener\">\n\t\t\t<svg xmlns=\"http:\/\/www.w3.org\/2000\/svg\" width=\"19\" height=\"19\" viewbox=\"0 0 19 19\" fill=\"none\"><path d=\"M9.07031 0.936523L17.5819 5.99037C17.728 6.09679 17.846 6.2282 17.9357 6.3846C18.0254 6.54101 18.0703 6.71089 18.0703 6.89422V17.1288C18.0703 17.5891 17.9161 17.9734 17.6078 18.2817C17.2995 18.5901 16.9152 18.7442 16.4549 18.7442H1.68569C1.22544 18.7442 0.841146 18.5901 0.532813 18.2817C0.224479 17.9734 0.0703125 17.5891 0.0703125 17.1288V6.89422C0.0703125 6.71089 0.115179 6.54101 0.204913 6.3846C0.294663 6.2282 0.412612 6.09679 0.558762 5.99037L9.07031 0.936523ZM9.07031 11.3942L16.8703 6.74422L9.07031 2.09422L1.27031 6.74422L9.07031 11.3942ZM9.07031 12.5519L1.07031 7.79037V17.1288C1.07031 17.3083 1.128 17.4558 1.24339 17.5711C1.35877 17.6865 1.5062 17.7442 1.68569 17.7442H16.4549C16.6344 17.7442 16.7819 17.6865 16.8972 17.5711C17.0126 17.4558 17.0703 17.3083 17.0703 17.1288V7.79037L9.07031 12.5519Z\" fill=\"white\"><\/path><\/svg>\t\t\t<\/a>\n\t\t<\/div>\n\t\t\t\t\t\t<\/div>\n\t\t\t\t<\/div>\n\t\t\t\t<\/div>\n\t\t<div class=\"elementor-element elementor-element-501242ad e-con-full e-flex e-con e-child\" data-id=\"501242ad\" data-element_type=\"container\" data-settings=\"{&quot;position&quot;:&quot;fixed&quot;,&quot;background_background&quot;:&quot;classic&quot;}\">\n\t\t\t\t<div class=\"elementor-element elementor-element-3b5ce4c1 elementor-widget__width-auto elementor-view-default elementor-widget elementor-widget-icon\" data-id=\"3b5ce4c1\" data-element_type=\"widget\" data-widget_type=\"icon.default\">\n\t\t\t\t<div class=\"elementor-widget-container\">\n\t\t\t\t\t\t\t<div class=\"elementor-icon-wrapper\">\n\t\t\t<a class=\"elementor-icon\" href=\"#elementor-action%3Aaction%3Dpopup%3Aopen%26settings%3DeyJpZCI6IjQzNzciLCJ0b2dnbGUiOmZhbHNlfQ%3D%3D\">\n\t\t\t<svg xmlns=\"http:\/\/www.w3.org\/2000\/svg\" width=\"18\" height=\"18\" viewbox=\"0 0 18 18\" fill=\"none\"><path d=\"M16.5549 17.3177L10.2933 11.0562C9.79333 11.4818 9.21833 11.8113 8.56833 12.0447C7.91833 12.278 7.26512 12.3947 6.6087 12.3947C5.00704 12.3947 3.6515 11.8402 2.54208 10.7314C1.43265 9.62261 0.87793 8.26781 0.87793 6.66701C0.87793 5.06621 1.43234 3.71036 2.54115 2.59946C3.64997 1.48856 5.00478 0.933105 6.60558 0.933105C8.2064 0.933105 9.56225 1.48781 10.6731 2.59723C11.784 3.70665 12.3395 5.0622 12.3395 6.66388C12.3395 7.35875 12.2164 8.03118 11.9703 8.68118C11.7241 9.33118 11.401 9.88696 11.001 10.3485L17.2626 16.61L16.5549 17.3177ZM6.6087 11.3947C7.93564 11.3947 9.05583 10.9379 9.96928 10.0245C10.8827 9.11099 11.3395 7.9908 11.3395 6.66388C11.3395 5.33696 10.8827 4.21677 9.96928 3.30331C9.05583 2.38984 7.93564 1.93311 6.6087 1.93311C5.28179 1.93311 4.1616 2.38984 3.24813 3.30331C2.33468 4.21677 1.87795 5.33696 1.87795 6.66388C1.87795 7.9908 2.33468 9.11099 3.24813 10.0245C4.1616 10.9379 5.28179 11.3947 6.6087 11.3947Z\" fill=\"white\"><\/path><\/svg>\t\t\t<\/a>\n\t\t<\/div>\n\t\t\t\t\t\t<\/div>\n\t\t\t\t<\/div>\n\t\t\t\t<\/div>\n\t\t<div class=\"elementor-element elementor-element-2b3baa8d e-con-full e-flex e-con e-child\" data-id=\"2b3baa8d\" data-element_type=\"container\" data-settings=\"{&quot;position&quot;:&quot;fixed&quot;,&quot;background_background&quot;:&quot;classic&quot;}\">\n\t\t\t\t<div class=\"elementor-element elementor-element-5e40e61e elementor-widget__width-auto elementor-view-default elementor-widget elementor-widget-icon\" data-id=\"5e40e61e\" data-element_type=\"widget\" data-widget_type=\"icon.default\">\n\t\t\t\t<div class=\"elementor-widget-container\">\n\t\t\t\t\t\t\t<div class=\"elementor-icon-wrapper\">\n\t\t\t<a class=\"elementor-icon\" href=\"https:\/\/www.simplify.rs\/sl\/kontakt\/#contact-btn\" target=\"_blank\" rel=\"noopener\">\n\t\t\t<svg xmlns=\"http:\/\/www.w3.org\/2000\/svg\" width=\"19\" height=\"19\" viewbox=\"0 0 19 19\" fill=\"none\"><path d=\"M9.07031 0.936523L17.5819 5.99037C17.728 6.09679 17.846 6.2282 17.9357 6.3846C18.0254 6.54101 18.0703 6.71089 18.0703 6.89422V17.1288C18.0703 17.5891 17.9161 17.9734 17.6078 18.2817C17.2995 18.5901 16.9152 18.7442 16.4549 18.7442H1.68569C1.22544 18.7442 0.841146 18.5901 0.532813 18.2817C0.224479 17.9734 0.0703125 17.5891 0.0703125 17.1288V6.89422C0.0703125 6.71089 0.115179 6.54101 0.204913 6.3846C0.294663 6.2282 0.412612 6.09679 0.558762 5.99037L9.07031 0.936523ZM9.07031 11.3942L16.8703 6.74422L9.07031 2.09422L1.27031 6.74422L9.07031 11.3942ZM9.07031 12.5519L1.07031 7.79037V17.1288C1.07031 17.3083 1.128 17.4558 1.24339 17.5711C1.35877 17.6865 1.5062 17.7442 1.68569 17.7442H16.4549C16.6344 17.7442 16.7819 17.6865 16.8972 17.5711C17.0126 17.4558 17.0703 17.3083 17.0703 17.1288V7.79037L9.07031 12.5519Z\" fill=\"white\"><\/path><\/svg>\t\t\t<\/a>\n\t\t<\/div>\n\t\t\t\t\t\t<\/div>\n\t\t\t\t<\/div>\n\t\t\t\t<\/div>\n\t\t<div class=\"elementor-element elementor-element-b6a8d1b e-con-full e-flex e-con e-child\" data-id=\"b6a8d1b\" data-element_type=\"container\" data-settings=\"{&quot;position&quot;:&quot;fixed&quot;,&quot;background_background&quot;:&quot;classic&quot;}\">\n\t\t\t\t<div class=\"elementor-element elementor-element-346dc853 elementor-widget__width-auto elementor-view-default elementor-widget elementor-widget-icon\" data-id=\"346dc853\" data-element_type=\"widget\" data-widget_type=\"icon.default\">\n\t\t\t\t<div class=\"elementor-widget-container\">\n\t\t\t\t\t\t\t<div class=\"elementor-icon-wrapper\">\n\t\t\t<a class=\"elementor-icon\" href=\"#elementor-action%3Aaction%3Dpopup%3Aopen%26settings%3DeyJpZCI6IjQzNzciLCJ0b2dnbGUiOmZhbHNlfQ%3D%3D\">\n\t\t\t<svg xmlns=\"http:\/\/www.w3.org\/2000\/svg\" width=\"18\" height=\"18\" viewbox=\"0 0 18 18\" fill=\"none\"><path d=\"M16.5549 17.3177L10.2933 11.0562C9.79333 11.4818 9.21833 11.8113 8.56833 12.0447C7.91833 12.278 7.26512 12.3947 6.6087 12.3947C5.00704 12.3947 3.6515 11.8402 2.54208 10.7314C1.43265 9.62261 0.87793 8.26781 0.87793 6.66701C0.87793 5.06621 1.43234 3.71036 2.54115 2.59946C3.64997 1.48856 5.00478 0.933105 6.60558 0.933105C8.2064 0.933105 9.56225 1.48781 10.6731 2.59723C11.784 3.70665 12.3395 5.0622 12.3395 6.66388C12.3395 7.35875 12.2164 8.03118 11.9703 8.68118C11.7241 9.33118 11.401 9.88696 11.001 10.3485L17.2626 16.61L16.5549 17.3177ZM6.6087 11.3947C7.93564 11.3947 9.05583 10.9379 9.96928 10.0245C10.8827 9.11099 11.3395 7.9908 11.3395 6.66388C11.3395 5.33696 10.8827 4.21677 9.96928 3.30331C9.05583 2.38984 7.93564 1.93311 6.6087 1.93311C5.28179 1.93311 4.1616 2.38984 3.24813 3.30331C2.33468 4.21677 1.87795 5.33696 1.87795 6.66388C1.87795 7.9908 2.33468 9.11099 3.24813 10.0245C4.1616 10.9379 5.28179 11.3947 6.6087 11.3947Z\" fill=\"white\"><\/path><\/svg>\t\t\t<\/a>\n\t\t<\/div>\n\t\t\t\t\t\t<\/div>\n\t\t\t\t<\/div>\n\t\t\t\t<\/div>\n\t\t<div class=\"elementor-element elementor-element-51b5c5d5 e-flex e-con-boxed e-con e-parent\" data-id=\"51b5c5d5\" data-element_type=\"container\" data-settings=\"{&quot;background_background&quot;:&quot;video&quot;}\">\n\t\t\t\t\t<div class=\"e-con-inner\">\n\t\t<div class=\"elementor-element elementor-element-572a3b57 e-con-full e-flex e-con e-child\" data-id=\"572a3b57\" data-element_type=\"container\">\n\t\t\t\t<div class=\"elementor-element elementor-element-515bf017 elementor-widget__width-initial elementor-widget elementor-widget-heading\" data-id=\"515bf017\" data-element_type=\"widget\" data-widget_type=\"heading.default\">\n\t\t\t\t<div class=\"elementor-widget-container\">\n\t\t\t\t\t<h1 class=\"elementor-heading-title elementor-size-default\">Vitko<\/h1>\t\t\t\t<\/div>\n\t\t\t\t<\/div>\n\t\t\t\t<div class=\"elementor-element elementor-element-7e689439 elementor-widget__width-initial elementor-widget elementor-widget-text-editor\" data-id=\"7e689439\" data-element_type=\"widget\" data-widget_type=\"text-editor.default\">\n\t\t\t\t<div class=\"elementor-widget-container\">\n\t\t\t\t\t\t\t\t\t<p>Lean je izjemno u\u010dinkovita metodologija, ki se osredoto\u010da na prepoznavanje in odpravljanje izgub znotraj procesa, da bi izbolj\u0161ala poslovanje in dosegla optimalne rezultate.<\/p><p>Na podlagi na\u010del u\u010dinkovitosti in ustvarjanja vrednosti Lean poudarja pomen zmanj\u0161evanja dejavnosti, ki ne dodajajo vrednosti, zmanj\u0161evanja nepotrebnih stro\u0161kov in maksimiranja uporabe virov.<\/p>\t\t\t\t\t\t\t\t<\/div>\n\t\t\t\t<\/div>\n\t\t\t\t<\/div>\n\t\t\t\t\t<\/div>\n\t\t\t\t<\/div>\n\t\t<div class=\"elementor-element elementor-element-52f37c63 e-flex e-con-boxed e-con e-parent\" data-id=\"52f37c63\" data-element_type=\"container\" data-settings=\"{&quot;background_background&quot;:&quot;classic&quot;}\">\n\t\t\t\t\t<div class=\"e-con-inner\">\n\t\t<div class=\"elementor-element elementor-element-1a5cb415 e-con-full elementor-hidden-mobile e-flex e-con e-child\" data-id=\"1a5cb415\" data-element_type=\"container\">\n\t\t\t\t<div class=\"elementor-element elementor-element-2d385c9f elementor-widget elementor-widget-image\" data-id=\"2d385c9f\" data-element_type=\"widget\" data-widget_type=\"image.default\">\n\t\t\t\t<div class=\"elementor-widget-container\">\n\t\t\t\t\t\t\t\t\t\t\t\t\t\t\t<img fetchpriority=\"high\" decoding=\"async\" width=\"341\" height=\"256\" src=\"https:\/\/www.simplify.rs\/wp-content\/uploads\/2025\/07\/strelica-ka-desno.png\" class=\"attachment-full size-full wp-image-12163\" alt=\"\" srcset=\"https:\/\/www.simplify.rs\/wp-content\/uploads\/2025\/07\/strelica-ka-desno.png 341w, https:\/\/www.simplify.rs\/wp-content\/uploads\/2025\/07\/strelica-ka-desno-300x225.png 300w, https:\/\/www.simplify.rs\/wp-content\/uploads\/2025\/07\/strelica-ka-desno-16x12.png 16w\" sizes=\"(max-width: 341px) 100vw, 341px\" title=\"\">\t\t\t\t\t\t\t\t\t\t\t\t\t\t\t<\/div>\n\t\t\t\t<\/div>\n\t\t\t\t<\/div>\n\t\t<div class=\"elementor-element elementor-element-7fc3be08 e-con-full e-flex e-con e-child\" data-id=\"7fc3be08\" data-element_type=\"container\">\n\t\t\t\t<div class=\"elementor-element elementor-element-162f792f elementor-widget elementor-widget-heading\" data-id=\"162f792f\" data-element_type=\"widget\" data-widget_type=\"heading.default\">\n\t\t\t\t<div class=\"elementor-widget-container\">\n\t\t\t\t\t<h3 class=\"elementor-heading-title elementor-size-default\">Zakaj?<\/h3>\t\t\t\t<\/div>\n\t\t\t\t<\/div>\n\t\t\t\t<div class=\"elementor-element elementor-element-55058089 elementor-widget__width-initial elementor-widget elementor-widget-text-editor\" data-id=\"55058089\" data-element_type=\"widget\" data-widget_type=\"text-editor.default\">\n\t\t\t\t<div class=\"elementor-widget-container\">\n\t\t\t\t\t\t\t\t\t<p>Metodologija vitkega poslovanja je izjemno pomembna za sodobna podjetja, saj zagotavlja strukturiran pristop k izbolj\u0161anju procesov, pove\u010danju produktivnosti in splo\u0161nemu izbolj\u0161anju organizacijske u\u010dinkovitosti. Z osredoto\u010danjem na prepoznavanje in odpravljanje odpadkov v vseh poslovnih procesih vitka tehnologija podjetjem omogo\u010da doseganje operativne odli\u010dnosti, ve\u010dje dobi\u010dkonosnosti in pomembne konkuren\u010dne prednosti na trgu.<\/p><p>Uporaba na\u010del vitke proizvodnje ne le optimizira stro\u0161ke in zmanj\u0161uje aktivnosti, ki ne dodajajo vrednosti, temve\u010d tudi pove\u010duje zadovoljstvo strank, saj jim zagotavlja kakovostnej\u0161e izdelke in storitve s kraj\u0161imi dobavnimi roki. Ta metodologija pomaga podjetjem, da ostanejo agilna in prilagodljiva v dinami\u010dnem poslovnem okolju, kar jim omogo\u010da hitrej\u0161e prilagajanje spremembam na trgu.<\/p><p>Z zmanj\u0161anjem variacij in napak v procesih lahko organizacije znatno pove\u010dajo u\u010dinkovitost, zmanj\u0161ajo stro\u0161ke in izbolj\u0161ajo dobi\u010dkonosnost, kar je klju\u010dnega pomena za trajnostno rast in konkuren\u010dno prednost.<\/p>\t\t\t\t\t\t\t\t<\/div>\n\t\t\t\t<\/div>\n\t\t\t\t<\/div>\n\t\t\t\t\t<\/div>\n\t\t\t\t<\/div>\n\t\t<div class=\"elementor-element elementor-element-1c3104ac e-flex e-con-boxed e-con e-parent\" data-id=\"1c3104ac\" data-element_type=\"container\" data-settings=\"{&quot;background_background&quot;:&quot;classic&quot;}\">\n\t\t\t\t\t<div class=\"e-con-inner\">\n\t\t<div class=\"elementor-element elementor-element-1523f52e e-con-full e-flex e-con e-child\" data-id=\"1523f52e\" data-element_type=\"container\">\n\t\t\t\t<div class=\"elementor-element elementor-element-2eb1306a elementor-widget elementor-widget-heading\" data-id=\"2eb1306a\" data-element_type=\"widget\" data-widget_type=\"heading.default\">\n\t\t\t\t<div class=\"elementor-widget-container\">\n\t\t\t\t\t<h3 class=\"elementor-heading-title elementor-size-default\">Dostop<\/h3>\t\t\t\t<\/div>\n\t\t\t\t<\/div>\n\t\t\t\t<div class=\"elementor-element elementor-element-2e3f2220 elementor-widget__width-initial elementor-widget elementor-widget-text-editor\" data-id=\"2e3f2220\" data-element_type=\"widget\" data-widget_type=\"text-editor.default\">\n\t\t\t\t<div class=\"elementor-widget-container\">\n\t\t\t\t\t\t\t\t\t<p>Simplify je razvil edinstveno metodologijo za uvedbo vitke proizvodnje, ki zdru\u017euje avtomatizacijo procesov in tvori osnovo avtomatizacije vitke proizvodnje.<\/p>\t\t\t\t\t\t\t\t<\/div>\n\t\t\t\t<\/div>\n\t\t\t\t<\/div>\n\t\t<div class=\"elementor-element elementor-element-6f71cb7b e-con-full elementor-hidden-mobile e-flex e-con e-child\" data-id=\"6f71cb7b\" data-element_type=\"container\">\n\t\t\t\t<div class=\"elementor-element elementor-element-489de661 elementor-widget elementor-widget-image\" data-id=\"489de661\" data-element_type=\"widget\" data-widget_type=\"image.default\">\n\t\t\t\t<div class=\"elementor-widget-container\">\n\t\t\t\t\t\t\t\t\t\t\t\t\t\t\t<img decoding=\"async\" width=\"341\" height=\"256\" src=\"https:\/\/www.simplify.rs\/wp-content\/uploads\/2025\/08\/strelica-ka-levo-plava.png\" class=\"attachment-full size-full wp-image-13027\" alt=\"\" srcset=\"https:\/\/www.simplify.rs\/wp-content\/uploads\/2025\/08\/strelica-ka-levo-plava.png 341w, https:\/\/www.simplify.rs\/wp-content\/uploads\/2025\/08\/strelica-ka-levo-plava-300x225.png 300w, https:\/\/www.simplify.rs\/wp-content\/uploads\/2025\/08\/strelica-ka-levo-plava-16x12.png 16w\" sizes=\"(max-width: 341px) 100vw, 341px\" title=\"\">\t\t\t\t\t\t\t\t\t\t\t\t\t\t\t<\/div>\n\t\t\t\t<\/div>\n\t\t\t\t<\/div>\n\t\t\t\t\t<\/div>\n\t\t\t\t<\/div>\n\t\t\t\t<\/div>","protected":false},"excerpt":{"rendered":"<p>Lean Lean je izuzetno efikasna metodologija koja se fokusira na identifikaciju i eliminisanje gubitaka unutar procesa kako bi se unapredilo poslovanje i postigli optimalni rezultati. Na osnovu principa efikasnosti i stvaranja vrednosti, Lean nagla\u0161ava va\u017enost minimiziranja aktivnosti koje ne dodaju vrednost, smanjenja nepotrebnih tro\u0161kova i maksimizacije kori\u0161\u0107enja resursa. Za\u0161to? Lean metodologija je izuzetno va\u017ena za [&hellip;]<\/p>","protected":false},"author":3,"featured_media":0,"parent":7209,"menu_order":0,"comment_status":"closed","ping_status":"closed","template":"elementor_header_footer","meta":{"footnotes":""},"class_list":["post-5072","page","type-page","status-publish","hentry"],"_links":{"self":[{"href":"https:\/\/www.simplify.rs\/sl\/wp-json\/wp\/v2\/pages\/5072","targetHints":{"allow":["GET"]}}],"collection":[{"href":"https:\/\/www.simplify.rs\/sl\/wp-json\/wp\/v2\/pages"}],"about":[{"href":"https:\/\/www.simplify.rs\/sl\/wp-json\/wp\/v2\/types\/page"}],"author":[{"embeddable":true,"href":"https:\/\/www.simplify.rs\/sl\/wp-json\/wp\/v2\/users\/3"}],"replies":[{"embeddable":true,"href":"https:\/\/www.simplify.rs\/sl\/wp-json\/wp\/v2\/comments?post=5072"}],"version-history":[{"count":3,"href":"https:\/\/www.simplify.rs\/sl\/wp-json\/wp\/v2\/pages\/5072\/revisions"}],"predecessor-version":[{"id":13201,"href":"https:\/\/www.simplify.rs\/sl\/wp-json\/wp\/v2\/pages\/5072\/revisions\/13201"}],"up":[{"embeddable":true,"href":"https:\/\/www.simplify.rs\/sl\/wp-json\/wp\/v2\/pages\/7209"}],"wp:attachment":[{"href":"https:\/\/www.simplify.rs\/sl\/wp-json\/wp\/v2\/media?parent=5072"}],"curies":[{"name":"wp","href":"https:\/\/api.w.org\/{rel}","templated":true}]}}