{"id":5818,"date":"2024-10-22T19:06:20","date_gmt":"2024-10-22T19:06:20","guid":{"rendered":"https:\/\/simplify.rs\/?page_id=5818"},"modified":"2024-11-19T15:07:50","modified_gmt":"2024-11-19T15:07:50","slug":"audits","status":"publish","type":"page","link":"https:\/\/www.simplify.rs\/sl\/spretnosti\/revizija\/","title":{"rendered":"Revizije"},"content":{"rendered":"<div data-elementor-type=\"wp-page\" data-elementor-id=\"5818\" class=\"elementor elementor-5818\" data-elementor-post-type=\"page\">\n\t\t\t\t<div class=\"elementor-element elementor-element-4c55a076 e-flex e-con-boxed e-con e-parent\" data-id=\"4c55a076\" data-element_type=\"container\" data-settings=\"{&quot;background_background&quot;:&quot;classic&quot;}\">\n\t\t\t\t\t<div class=\"e-con-inner\">\n\t\t<div class=\"elementor-element elementor-element-3d7c7a52 e-con-full e-flex e-con e-child\" data-id=\"3d7c7a52\" data-element_type=\"container\" data-settings=\"{&quot;background_background&quot;:&quot;classic&quot;}\">\n\t\t\t\t<div class=\"elementor-element elementor-element-6de8fc27 elementor-widget elementor-widget-heading\" data-id=\"6de8fc27\" data-element_type=\"widget\" data-widget_type=\"heading.default\">\n\t\t\t\t<div class=\"elementor-widget-container\">\n\t\t\t\t\t<h2 class=\"elementor-heading-title elementor-size-default\">Revizije<\/h2>\t\t\t\t<\/div>\n\t\t\t\t<\/div>\n\t\t\t\t<div class=\"elementor-element elementor-element-46feb12e elementor-widget__width-initial elementor-widget-tablet__width-initial elementor-widget elementor-widget-heading\" data-id=\"46feb12e\" data-element_type=\"widget\" data-widget_type=\"heading.default\">\n\t\t\t\t<div class=\"elementor-widget-container\">\n\t\t\t\t\t<p class=\"elementor-heading-title elementor-size-default\">Revizija, tretja faza v ciklu PDCA, si prizadeva zagotoviti natan\u010den prikaz trenutnega stanja organizacije. Na\u0161e revizije temeljijo na vhodnih parametrih, kot so standardne zahteve, specifikacije strank, pravni vidiki, pri\u010dakovanja lastni\u0161tva in drugo. Z izkori\u0161\u010danjem strokovnega znanja na\u0161ih revizorjev zagotavljamo visoko raven kakovosti storitev in poskrbimo, da rezultati resni\u010dno odra\u017eajo realnost va\u0161e organizacije.<\/p>\t\t\t\t<\/div>\n\t\t\t\t<\/div>\n\t\t\t\t<div class=\"elementor-element elementor-element-af763dd elementor-widget__width-initial elementor-widget-tablet__width-initial elementor-widget elementor-widget-heading\" data-id=\"af763dd\" data-element_type=\"widget\" data-widget_type=\"heading.default\">\n\t\t\t\t<div class=\"elementor-widget-container\">\n\t\t\t\t\t<p class=\"elementor-heading-title elementor-size-default\">Sodelujte z nami pri revizijah, ki segajo dlje od povr\u0161ine in ponujajo celovito razumevanje va\u0161e organizacijske krajine. Na\u0161i izku\u0161eni revizorji so zavezani k zagotavljanju kakovostnih vpogledov, usklajenih s standardi, potrebami strank in zakonskimi obveznostmi.<\/p>\t\t\t\t<\/div>\n\t\t\t\t<\/div>\n\t\t\t\t<\/div>\n\t\t<div class=\"elementor-element elementor-element-61d814e3 e-con-full e-flex e-con e-child\" data-id=\"61d814e3\" data-element_type=\"container\">\n\t\t<div class=\"elementor-element elementor-element-673352f8 e-con-full e-flex e-con e-child\" data-id=\"673352f8\" data-element_type=\"container\" data-settings=\"{&quot;position&quot;:&quot;fixed&quot;,&quot;background_background&quot;:&quot;classic&quot;}\">\n\t\t\t\t<div class=\"elementor-element elementor-element-147d6b0c elementor-widget__width-auto elementor-view-default elementor-widget elementor-widget-icon\" data-id=\"147d6b0c\" data-element_type=\"widget\" data-widget_type=\"icon.default\">\n\t\t\t\t<div class=\"elementor-widget-container\">\n\t\t\t\t\t\t\t<div class=\"elementor-icon-wrapper\">\n\t\t\t<a class=\"elementor-icon\" href=\"https:\/\/www.simplify.rs\/sl\/kontakt\/#contact-btn\" target=\"_blank\" rel=\"noopener\">\n\t\t\t<svg xmlns=\"http:\/\/www.w3.org\/2000\/svg\" width=\"19\" height=\"19\" viewbox=\"0 0 19 19\" fill=\"none\"><path d=\"M9.07031 0.936523L17.5819 5.99037C17.728 6.09679 17.846 6.2282 17.9357 6.3846C18.0254 6.54101 18.0703 6.71089 18.0703 6.89422V17.1288C18.0703 17.5891 17.9161 17.9734 17.6078 18.2817C17.2995 18.5901 16.9152 18.7442 16.4549 18.7442H1.68569C1.22544 18.7442 0.841146 18.5901 0.532813 18.2817C0.224479 17.9734 0.0703125 17.5891 0.0703125 17.1288V6.89422C0.0703125 6.71089 0.115179 6.54101 0.204913 6.3846C0.294663 6.2282 0.412612 6.09679 0.558762 5.99037L9.07031 0.936523ZM9.07031 11.3942L16.8703 6.74422L9.07031 2.09422L1.27031 6.74422L9.07031 11.3942ZM9.07031 12.5519L1.07031 7.79037V17.1288C1.07031 17.3083 1.128 17.4558 1.24339 17.5711C1.35877 17.6865 1.5062 17.7442 1.68569 17.7442H16.4549C16.6344 17.7442 16.7819 17.6865 16.8972 17.5711C17.0126 17.4558 17.0703 17.3083 17.0703 17.1288V7.79037L9.07031 12.5519Z\" fill=\"white\"><\/path><\/svg>\t\t\t<\/a>\n\t\t<\/div>\n\t\t\t\t\t\t<\/div>\n\t\t\t\t<\/div>\n\t\t\t\t<\/div>\n\t\t<div class=\"elementor-element elementor-element-44a86a06 e-con-full e-flex e-con e-child\" data-id=\"44a86a06\" data-element_type=\"container\" data-settings=\"{&quot;position&quot;:&quot;fixed&quot;,&quot;background_background&quot;:&quot;classic&quot;}\">\n\t\t\t\t<div class=\"elementor-element elementor-element-40c59d92 elementor-widget__width-auto elementor-view-default elementor-widget elementor-widget-icon\" data-id=\"40c59d92\" data-element_type=\"widget\" data-widget_type=\"icon.default\">\n\t\t\t\t<div class=\"elementor-widget-container\">\n\t\t\t\t\t\t\t<div class=\"elementor-icon-wrapper\">\n\t\t\t<a class=\"elementor-icon\" href=\"#elementor-action%3Aaction%3Dpopup%3Aopen%26settings%3DeyJpZCI6IjQzNzciLCJ0b2dnbGUiOmZhbHNlfQ%3D%3D\">\n\t\t\t<svg xmlns=\"http:\/\/www.w3.org\/2000\/svg\" width=\"18\" height=\"18\" viewbox=\"0 0 18 18\" fill=\"none\"><path d=\"M16.5549 17.3177L10.2933 11.0562C9.79333 11.4818 9.21833 11.8113 8.56833 12.0447C7.91833 12.278 7.26512 12.3947 6.6087 12.3947C5.00704 12.3947 3.6515 11.8402 2.54208 10.7314C1.43265 9.62261 0.87793 8.26781 0.87793 6.66701C0.87793 5.06621 1.43234 3.71036 2.54115 2.59946C3.64997 1.48856 5.00478 0.933105 6.60558 0.933105C8.2064 0.933105 9.56225 1.48781 10.6731 2.59723C11.784 3.70665 12.3395 5.0622 12.3395 6.66388C12.3395 7.35875 12.2164 8.03118 11.9703 8.68118C11.7241 9.33118 11.401 9.88696 11.001 10.3485L17.2626 16.61L16.5549 17.3177ZM6.6087 11.3947C7.93564 11.3947 9.05583 10.9379 9.96928 10.0245C10.8827 9.11099 11.3395 7.9908 11.3395 6.66388C11.3395 5.33696 10.8827 4.21677 9.96928 3.30331C9.05583 2.38984 7.93564 1.93311 6.6087 1.93311C5.28179 1.93311 4.1616 2.38984 3.24813 3.30331C2.33468 4.21677 1.87795 5.33696 1.87795 6.66388C1.87795 7.9908 2.33468 9.11099 3.24813 10.0245C4.1616 10.9379 5.28179 11.3947 6.6087 11.3947Z\" fill=\"white\"><\/path><\/svg>\t\t\t<\/a>\n\t\t<\/div>\n\t\t\t\t\t\t<\/div>\n\t\t\t\t<\/div>\n\t\t\t\t<\/div>\n\t\t\t\t<\/div>\n\t\t\t\t\t<\/div>\n\t\t\t\t<\/div>\n\t\t<div class=\"elementor-element elementor-element-38e47c3 e-con-full e-flex e-con e-parent\" data-id=\"38e47c3\" data-element_type=\"container\" data-settings=\"{&quot;background_background&quot;:&quot;classic&quot;}\">\n\t\t\t\t<div class=\"elementor-element elementor-element-9cc28b3 elementor-widget elementor-widget-n-accordion\" data-id=\"9cc28b3\" data-element_type=\"widget\" data-settings=\"{&quot;default_state&quot;:&quot;all_collapsed&quot;,&quot;max_items_expended&quot;:&quot;one&quot;,&quot;n_accordion_animation_duration&quot;:{&quot;unit&quot;:&quot;ms&quot;,&quot;size&quot;:400,&quot;sizes&quot;:[]}}\" data-widget_type=\"nested-accordion.default\">\n\t\t\t\t<div class=\"elementor-widget-container\">\n\t\t\t\t\t\t\t<div class=\"e-n-accordion\" aria-label=\"Harmonika. Povezave odprite z Enter ali preslednico, zaprite z Escape in se pomikajte s pu\u0161\u010di\u010dnimi tipkami.\">\n\t\t\t\t\t\t<details id=\"e-n-accordion-item-1640\" class=\"e-n-accordion-item\" >\n\t\t\t\t<summary class=\"e-n-accordion-item-title\" data-accordion-index=\"1\" tabindex=\"0\" aria-expanded=\"false\" aria-controls=\"e-n-accordion-item-1640\" >\n\t\t\t\t\t<span class='e-n-accordion-item-title-header'><div class=\"e-n-accordion-item-title-text\"> ZAKAJ TO PO\u010cNEMO? <\/div><\/span>\n\t\t\t\t\t\t\t<span class='e-n-accordion-item-title-icon'>\n\t\t\t<span class='e-opened' ><svg xmlns=\"http:\/\/www.w3.org\/2000\/svg\" width=\"undefined\" height=\"undefined\" viewbox=\"0 0 1024 1024\"><path fill=\"currentColor\" d=\"M533.2 492.3L277.9 166.1c-3-3.9-7.7-6.1-12.6-6.1H188c-6.7 0-10.4 7.7-6.3 12.9L447.1 512L181.7 851.1A7.98 7.98 0 0 0 188 864h77.3c4.9 0 9.6-2.3 12.6-6.1l255.3-326.1c9.1-11.7 9.1-27.9 0-39.5zm304 0L581.9 166.1c-3-3.9-7.7-6.1-12.6-6.1H492c-6.7 0-10.4 7.7-6.3 12.9L751.1 512L485.7 851.1A7.98 7.98 0 0 0 492 864h77.3c4.9 0 9.6-2.3 12.6-6.1l255.3-326.1c9.1-11.7 9.1-27.9 0-39.5z\"><\/path><\/svg><\/span>\n\t\t\t<span class='e-closed'><svg xmlns=\"http:\/\/www.w3.org\/2000\/svg\" width=\"undefined\" height=\"undefined\" viewbox=\"0 0 1024 1024\"><path fill=\"currentColor\" d=\"M533.2 492.3L277.9 166.1c-3-3.9-7.7-6.1-12.6-6.1H188c-6.7 0-10.4 7.7-6.3 12.9L447.1 512L181.7 851.1A7.98 7.98 0 0 0 188 864h77.3c4.9 0 9.6-2.3 12.6-6.1l255.3-326.1c9.1-11.7 9.1-27.9 0-39.5zm304 0L581.9 166.1c-3-3.9-7.7-6.1-12.6-6.1H492c-6.7 0-10.4 7.7-6.3 12.9L751.1 512L485.7 851.1A7.98 7.98 0 0 0 492 864h77.3c4.9 0 9.6-2.3 12.6-6.1l255.3-326.1c9.1-11.7 9.1-27.9 0-39.5z\"><\/path><\/svg><\/span>\n\t\t<\/span>\n\n\t\t\t\t\t\t<\/summary>\n\t\t\t\t<div role=\"region\" aria-labelledby=\"e-n-accordion-item-1640\" class=\"elementor-element elementor-element-9892407 e-con-full e-flex e-con e-child\" data-id=\"9892407\" data-element_type=\"container\" data-settings=\"{&quot;background_background&quot;:&quot;classic&quot;}\">\n\t\t<div role=\"region\" aria-labelledby=\"e-n-accordion-item-1640\" class=\"elementor-element elementor-element-dbcdf5b e-con-full e-flex e-con e-child\" data-id=\"dbcdf5b\" data-element_type=\"container\">\n\t\t\t\t<div class=\"elementor-element elementor-element-00f7648 elementor-widget elementor-widget-text-editor\" data-id=\"00f7648\" data-element_type=\"widget\" data-widget_type=\"text-editor.default\">\n\t\t\t\t<div class=\"elementor-widget-container\">\n\t\t\t\t\t\t\t\t\t<p>Verjamemo, da so revizije prvi korak k izbolj\u0161anju sistemov in nenehnemu izbolj\u0161evanju.<\/p>\t\t\t\t\t\t\t\t<\/div>\n\t\t\t\t<\/div>\n\t\t\t\t<\/div>\n\t\t\t\t<\/div>\n\t\t\t\t\t<\/details>\n\t\t\t\t\t\t<details id=\"e-n-accordion-item-1641\" class=\"e-n-accordion-item\" >\n\t\t\t\t<summary class=\"e-n-accordion-item-title\" data-accordion-index=\"2\" tabindex=\"-1\" aria-expanded=\"false\" aria-controls=\"e-n-accordion-item-1641\" >\n\t\t\t\t\t<span class='e-n-accordion-item-title-header'><div class=\"e-n-accordion-item-title-text\"> KAJ NAREDIMO? <\/div><\/span>\n\t\t\t\t\t\t\t<span class='e-n-accordion-item-title-icon'>\n\t\t\t<span class='e-opened' ><svg xmlns=\"http:\/\/www.w3.org\/2000\/svg\" width=\"undefined\" height=\"undefined\" viewbox=\"0 0 1024 1024\"><path fill=\"currentColor\" d=\"M533.2 492.3L277.9 166.1c-3-3.9-7.7-6.1-12.6-6.1H188c-6.7 0-10.4 7.7-6.3 12.9L447.1 512L181.7 851.1A7.98 7.98 0 0 0 188 864h77.3c4.9 0 9.6-2.3 12.6-6.1l255.3-326.1c9.1-11.7 9.1-27.9 0-39.5zm304 0L581.9 166.1c-3-3.9-7.7-6.1-12.6-6.1H492c-6.7 0-10.4 7.7-6.3 12.9L751.1 512L485.7 851.1A7.98 7.98 0 0 0 492 864h77.3c4.9 0 9.6-2.3 12.6-6.1l255.3-326.1c9.1-11.7 9.1-27.9 0-39.5z\"><\/path><\/svg><\/span>\n\t\t\t<span class='e-closed'><svg xmlns=\"http:\/\/www.w3.org\/2000\/svg\" width=\"undefined\" height=\"undefined\" viewbox=\"0 0 1024 1024\"><path fill=\"currentColor\" d=\"M533.2 492.3L277.9 166.1c-3-3.9-7.7-6.1-12.6-6.1H188c-6.7 0-10.4 7.7-6.3 12.9L447.1 512L181.7 851.1A7.98 7.98 0 0 0 188 864h77.3c4.9 0 9.6-2.3 12.6-6.1l255.3-326.1c9.1-11.7 9.1-27.9 0-39.5zm304 0L581.9 166.1c-3-3.9-7.7-6.1-12.6-6.1H492c-6.7 0-10.4 7.7-6.3 12.9L751.1 512L485.7 851.1A7.98 7.98 0 0 0 492 864h77.3c4.9 0 9.6-2.3 12.6-6.1l255.3-326.1c9.1-11.7 9.1-27.9 0-39.5z\"><\/path><\/svg><\/span>\n\t\t<\/span>\n\n\t\t\t\t\t\t<\/summary>\n\t\t\t\t<div role=\"region\" aria-labelledby=\"e-n-accordion-item-1641\" class=\"elementor-element elementor-element-c52393b e-con-full e-flex e-con e-child\" data-id=\"c52393b\" data-element_type=\"container\" data-settings=\"{&quot;background_background&quot;:&quot;classic&quot;}\">\n\t\t<div role=\"region\" aria-labelledby=\"e-n-accordion-item-1641\" class=\"elementor-element elementor-element-ccab8d5 e-con-full e-flex e-con e-child\" data-id=\"ccab8d5\" data-element_type=\"container\">\n\t\t\t\t<div class=\"elementor-element elementor-element-89184d0 elementor-widget elementor-widget-text-editor\" data-id=\"89184d0\" data-element_type=\"widget\" data-widget_type=\"text-editor.default\">\n\t\t\t\t<div class=\"elementor-widget-container\">\n\t\t\t\t\t\t\t\t\t<p>Izvajamo notranje revizije, zunanje revizije in revizije dobaviteljev v skladu z zahtevami standarda ISO 19011:2018. V sodelovanju z naro\u010dnikom nudimo usposabljanje revizorjev, celovite revizijske storitve, ki zajemajo razli\u010dne standarde (ISO 9001, ISO 14001, ISO 45001, ISO 27001, ISO 50001, ISO 22301, ISO 31000), skladnost z zakonodajo in specifi\u010dne zahteve strank.<\/p>\t\t\t\t\t\t\t\t<\/div>\n\t\t\t\t<\/div>\n\t\t\t\t<\/div>\n\t\t\t\t<\/div>\n\t\t\t\t\t<\/details>\n\t\t\t\t\t\t<details id=\"e-n-accordion-item-1642\" class=\"e-n-accordion-item\" >\n\t\t\t\t<summary class=\"e-n-accordion-item-title\" data-accordion-index=\"3\" tabindex=\"-1\" aria-expanded=\"false\" aria-controls=\"e-n-accordion-item-1642\" >\n\t\t\t\t\t<span class='e-n-accordion-item-title-header'><div class=\"e-n-accordion-item-title-text\"> KAKO TO NAREDIMO? <\/div><\/span>\n\t\t\t\t\t\t\t<span class='e-n-accordion-item-title-icon'>\n\t\t\t<span class='e-opened' ><svg xmlns=\"http:\/\/www.w3.org\/2000\/svg\" width=\"undefined\" height=\"undefined\" viewbox=\"0 0 1024 1024\"><path fill=\"currentColor\" d=\"M533.2 492.3L277.9 166.1c-3-3.9-7.7-6.1-12.6-6.1H188c-6.7 0-10.4 7.7-6.3 12.9L447.1 512L181.7 851.1A7.98 7.98 0 0 0 188 864h77.3c4.9 0 9.6-2.3 12.6-6.1l255.3-326.1c9.1-11.7 9.1-27.9 0-39.5zm304 0L581.9 166.1c-3-3.9-7.7-6.1-12.6-6.1H492c-6.7 0-10.4 7.7-6.3 12.9L751.1 512L485.7 851.1A7.98 7.98 0 0 0 492 864h77.3c4.9 0 9.6-2.3 12.6-6.1l255.3-326.1c9.1-11.7 9.1-27.9 0-39.5z\"><\/path><\/svg><\/span>\n\t\t\t<span class='e-closed'><svg xmlns=\"http:\/\/www.w3.org\/2000\/svg\" width=\"undefined\" height=\"undefined\" viewbox=\"0 0 1024 1024\"><path fill=\"currentColor\" d=\"M533.2 492.3L277.9 166.1c-3-3.9-7.7-6.1-12.6-6.1H188c-6.7 0-10.4 7.7-6.3 12.9L447.1 512L181.7 851.1A7.98 7.98 0 0 0 188 864h77.3c4.9 0 9.6-2.3 12.6-6.1l255.3-326.1c9.1-11.7 9.1-27.9 0-39.5zm304 0L581.9 166.1c-3-3.9-7.7-6.1-12.6-6.1H492c-6.7 0-10.4 7.7-6.3 12.9L751.1 512L485.7 851.1A7.98 7.98 0 0 0 492 864h77.3c4.9 0 9.6-2.3 12.6-6.1l255.3-326.1c9.1-11.7 9.1-27.9 0-39.5z\"><\/path><\/svg><\/span>\n\t\t<\/span>\n\n\t\t\t\t\t\t<\/summary>\n\t\t\t\t<div role=\"region\" aria-labelledby=\"e-n-accordion-item-1642\" class=\"elementor-element elementor-element-7437355 e-con-full e-flex e-con e-child\" data-id=\"7437355\" data-element_type=\"container\" data-settings=\"{&quot;background_background&quot;:&quot;classic&quot;}\">\n\t\t<div role=\"region\" aria-labelledby=\"e-n-accordion-item-1642\" class=\"elementor-element elementor-element-ecd11d3 e-con-full e-flex e-con e-child\" data-id=\"ecd11d3\" data-element_type=\"container\" data-settings=\"{&quot;background_background&quot;:&quot;classic&quot;}\">\n\t\t\t\t<div class=\"elementor-element elementor-element-28af316 elementor-widget elementor-widget-text-editor\" data-id=\"28af316\" data-element_type=\"widget\" data-widget_type=\"text-editor.default\">\n\t\t\t\t<div class=\"elementor-widget-container\">\n\t\t\t\t\t\t\t\t\t<p>Z izvajanjem revizij na kraju samem in uporabo tehnik mobilnega revidiranja.<\/p>\t\t\t\t\t\t\t\t<\/div>\n\t\t\t\t<\/div>\n\t\t\t\t<\/div>\n\t\t\t\t<\/div>\n\t\t\t\t\t<\/details>\n\t\t\t\t\t<\/div>\n\t\t\t\t\t\t<\/div>\n\t\t\t\t<\/div>\n\t\t\t\t<\/div>\n\t\t\t\t<\/div>","protected":false},"excerpt":{"rendered":"<p>Revizije Revizija, tretja faza v ciklu PDCA, si prizadeva zagotoviti natan\u010den prikaz trenutnega stanja organizacije. Na\u0161e revizije temeljijo na vhodnih parametrih, kot so standardne zahteve, specifikacije strank, pravni vidiki, pri\u010dakovanja lastni\u0161tva in drugo. Z izkori\u0161\u010danjem strokovnega znanja na\u0161ih revizorjev zagotavljamo visoko raven kakovosti storitev in zagotavljamo, da [...]<\/p>","protected":false},"author":3,"featured_media":0,"parent":4606,"menu_order":0,"comment_status":"closed","ping_status":"closed","template":"elementor_header_footer","meta":{"footnotes":""},"class_list":["post-5818","page","type-page","status-publish","hentry"],"_links":{"self":[{"href":"https:\/\/www.simplify.rs\/sl\/wp-json\/wp\/v2\/pages\/5818","targetHints":{"allow":["GET"]}}],"collection":[{"href":"https:\/\/www.simplify.rs\/sl\/wp-json\/wp\/v2\/pages"}],"about":[{"href":"https:\/\/www.simplify.rs\/sl\/wp-json\/wp\/v2\/types\/page"}],"author":[{"embeddable":true,"href":"https:\/\/www.simplify.rs\/sl\/wp-json\/wp\/v2\/users\/3"}],"replies":[{"embeddable":true,"href":"https:\/\/www.simplify.rs\/sl\/wp-json\/wp\/v2\/comments?post=5818"}],"version-history":[{"count":0,"href":"https:\/\/www.simplify.rs\/sl\/wp-json\/wp\/v2\/pages\/5818\/revisions"}],"up":[{"embeddable":true,"href":"https:\/\/www.simplify.rs\/sl\/wp-json\/wp\/v2\/pages\/4606"}],"wp:attachment":[{"href":"https:\/\/www.simplify.rs\/sl\/wp-json\/wp\/v2\/media?parent=5818"}],"curies":[{"name":"wp","href":"https:\/\/api.w.org\/{rel}","templated":true}]}}