{"id":5835,"date":"2024-10-23T12:13:43","date_gmt":"2024-10-23T12:13:43","guid":{"rendered":"https:\/\/simplify.rs\/?page_id=5835"},"modified":"2024-11-18T20:12:12","modified_gmt":"2024-11-18T20:12:12","slug":"privacy-policy","status":"publish","type":"page","link":"https:\/\/www.simplify.rs\/sl\/politika-zasebnosti\/","title":{"rendered":"Pravilnik o zasebnosti"},"content":{"rendered":"<div data-elementor-type=\"wp-page\" data-elementor-id=\"5835\" class=\"elementor elementor-5835\" data-elementor-post-type=\"page\">\n\t\t\t\t<div class=\"elementor-element elementor-element-23674f5 e-flex e-con-boxed e-con e-parent\" data-id=\"23674f5\" data-element_type=\"container\" data-settings=\"{&quot;background_background&quot;:&quot;classic&quot;}\">\n\t\t\t\t\t<div class=\"e-con-inner\">\n\t\t\t\t<div class=\"elementor-element elementor-element-de89e61 elementor-widget elementor-widget-heading\" data-id=\"de89e61\" data-element_type=\"widget\" data-widget_type=\"heading.default\">\n\t\t\t\t<div class=\"elementor-widget-container\">\n\t\t\t\t\t<h1 class=\"elementor-heading-title elementor-size-default\">Pravilnik o zasebnosti<\/h1>\t\t\t\t<\/div>\n\t\t\t\t<\/div>\n\t\t\t\t<div class=\"elementor-element elementor-element-736e1d1 elementor-widget elementor-widget-text-editor\" data-id=\"736e1d1\" data-element_type=\"widget\" data-widget_type=\"text-editor.default\">\n\t\t\t\t<div class=\"elementor-widget-container\">\n\t\t\t\t\t\t\t\t\t<p class=\"paragrafs\">Prosim, preberite to.\u00a0<span class=\"bold-text-28\"><b>Pravilnik o zasebnosti<\/b><\/span>\u00a0previdno. Z obiskom in uporabo tega spletnega mesta (\u00bbSpletno mesto\u00ab) se strinjate, da va\u0161o uporabo na\u0161ega spletnega mesta in morebitne spore glede zasebnosti ureja ta Pravilnik o zasebnosti.<\/p><p class=\"paragrafs\">Ker je splet medij, ki se nenehno razvija, bomo morda morali v prihodnosti spremeniti na\u0161o politiko zasebnosti, v tem primeru pa bomo spremembe te politike zasebnosti objavili na tem spletnem mestu. Z nadaljnjo uporabo spletnega mesta po objavi tak\u0161nih sprememb sprejemate politiko zasebnosti s spremembami.<\/p><p class=\"paragraph-64 paragrafs\">Zbiramo in shranjujemo lahko osebne ali druge podatke, ki nam jih prostovoljno posredujete na spletu med uporabo spletnega mesta (npr. med obiskom spletnega mesta ali pri odgovoru po e-po\u0161ti na funkcijo, ki je na voljo na spletnem mestu). Spletno mesto stopi v stik le s posamezniki, ki to izrecno zahtevajo, ali v primeru, da so se prijavili na prejemanje na\u0161ih sporo\u010dil, se udele\u017eili enega od na\u0161ih dogodkov ali so kupili enega od na\u0161ih izdelkov. Spletno mesto zbira osebne podatke na\u0161ih uporabnikov med spletno registracijo in spletnim nakupom. Ti podatki obi\u010dajno vklju\u010dujejo ime in e-po\u0161tni naslov za namene registracije ali prijave ter ime, po\u0161tni naslov in podatke o kreditni kartici ob registraciji na na\u0161e dogodke ali nakupu na\u0161ih izdelkov. Vse te podatke nam posredujete vi.<\/p><p class=\"paragraph-63 paragrafs\">Prav tako zbiramo in shranjujemo podatke, ki se samodejno ustvarijo med va\u0161o navigacijo po spletnem mestu. Na primer, lahko zbiramo podatke o internetni povezavi va\u0161ega ra\u010dunalnika, kar nam med drugim omogo\u010da izbolj\u0161anje prikaza na\u0161ih spletnih strani in merjenje prometa na spletnem mestu. Za izbolj\u0161anje va\u0161e izku\u0161nje s spletnim mestom lahko uporabimo tudi standardno funkcijo v programski opremi brskalnika, imenovano \u00bbpi\u0161kotek\u00ab. Pi\u0161kotki so majhne datoteke, ki jih va\u0161 spletni brskalnik namesti na va\u0161 trdi disk za namene vodenja evidenc. S prikazom, kako in kdaj obiskovalci uporabljajo spletno mesto, nam pi\u0161kotki pomagajo prikazovati oglase, prepoznati, koliko edinstvenih uporabnikov nas obi\u0161\u010de, in slediti trendom in vzorcem uporabnikov. Prav tako vam prepre\u010dujejo, da bi morali ponovno vnesti svoje nastavitve na dolo\u010denih obmo\u010djih spletnega mesta, kjer ste morda \u017ee prej vnesli podatke o nastavitvah. Spletno mesto lahko uporablja tudi spletne svetilnike (grafi\u010dne datoteke z enim slikovnim pikom, znane tudi kot \u00bbprozorni GIF-i\u00ab) za dostop do pi\u0161kotkov in \u0161tetje uporabnikov, ki obi\u0161\u010dejo spletno mesto ali odprejo e-po\u0161tna sporo\u010dila v obliki HTML.<\/p><p class=\"paragrafs\">Podatke, ki jih zberemo od vas med va\u0161o uporabo spletnega mesta, uporabljamo na razli\u010dne na\u010dine, vklju\u010dno z uporabo podatkov za prilagajanje funkcij; ogla\u0161evanje, ki se prikazuje na spletnem mestu; in zagotavljanje drugih ponudb, ki vam jih lahko ponudimo po e-po\u0161ti, direktni po\u0161ti ali kako druga\u010de. Va\u0161e podatke lahko posredujemo tudi tretjim osebam, kot so ponudniki storitev, izvajalci ter tretji zalo\u017eniki in ogla\u0161evalci, za razli\u010dne namene.<\/p><p class=\"paragrafs\">Razen \u010de nas o tem obvestite v skladu s spodaj opisanim postopkom, si pridr\u017eujemo pravico, da vse podatke, zbrane od vas in o vas med va\u0161o uporabo spletnega mesta, uporabimo in razkrijemo tretjim osebam na kakr\u0161en koli na\u010din in za kakr\u0161en koli namen, na primer, da vam mi ali tretja oseba omogo\u010dimo, da vam posredujemo informacije o izdelkih in storitvah.<\/p><p class=\"paragrafs\">Prosimo, upo\u0161tevajte, da kadar koli prostovoljno daste svoje osebne podatke na voljo tretjim osebam za ogled na spletu \u2013 na primer na forumih, spletnih dnevnikih, prek e-po\u0161te ali v klepetalnikih \u2013 lahko te podatke vidijo, zbirajo in uporabljajo tudi drugi poleg nas. Ne moremo biti odgovorni za kakr\u0161no koli nepoobla\u0161\u010deno uporabo teh podatkov s strani tretjih oseb.<\/p><p class=\"paragrafs\">Spletno mesto vklju\u010duje tudi povezave do drugih spletnih mest in omogo\u010da dostop do izdelkov in storitev, ki jih ponujajo tretje osebe, katerih politik zasebnosti ne nadzorujemo. Ko dostopate do drugega spletnega mesta ali kupujete izdelke ali storitve tretjih oseb prek spletnega mesta, uporabo vseh informacij, ki jih posredujete, ureja politika zasebnosti upravljavca spletnega mesta, ki ga obi\u0161\u010dete, ali ponudnika tak\u0161nih izdelkov ali storitev.<\/p><p class=\"paragrafs\">Upo\u0161tevajte tudi, da lahko z rastjo na\u0161ega poslovanja kupujemo ali prodajamo razli\u010dna sredstva. V malo verjetnem primeru, da prodamo nekaj ali vsa na\u0161a sredstva ali da eno ali ve\u010d na\u0161ih spletnih mest prevzame drugo podjetje, so lahko med prenesenimi sredstvi tudi podatki o na\u0161ih uporabnikih.<\/p>\t\t\t\t\t\t\t\t<\/div>\n\t\t\t\t<\/div>\n\t\t<div class=\"elementor-element elementor-element-31dd09c e-con-full e-flex e-con e-child\" data-id=\"31dd09c\" data-element_type=\"container\" data-settings=\"{&quot;position&quot;:&quot;fixed&quot;,&quot;background_background&quot;:&quot;classic&quot;}\">\n\t\t\t\t<div class=\"elementor-element elementor-element-06ea152 elementor-widget__width-auto elementor-view-default elementor-widget elementor-widget-icon\" data-id=\"06ea152\" data-element_type=\"widget\" data-widget_type=\"icon.default\">\n\t\t\t\t<div class=\"elementor-widget-container\">\n\t\t\t\t\t\t\t<div class=\"elementor-icon-wrapper\">\n\t\t\t<a class=\"elementor-icon\" href=\"https:\/\/www.simplify.rs\/sl\/kontakt\/#contact-btn\" target=\"_blank\" rel=\"noopener\">\n\t\t\t<svg xmlns=\"http:\/\/www.w3.org\/2000\/svg\" width=\"19\" height=\"19\" viewbox=\"0 0 19 19\" fill=\"none\"><path d=\"M9.07031 0.936523L17.5819 5.99037C17.728 6.09679 17.846 6.2282 17.9357 6.3846C18.0254 6.54101 18.0703 6.71089 18.0703 6.89422V17.1288C18.0703 17.5891 17.9161 17.9734 17.6078 18.2817C17.2995 18.5901 16.9152 18.7442 16.4549 18.7442H1.68569C1.22544 18.7442 0.841146 18.5901 0.532813 18.2817C0.224479 17.9734 0.0703125 17.5891 0.0703125 17.1288V6.89422C0.0703125 6.71089 0.115179 6.54101 0.204913 6.3846C0.294663 6.2282 0.412612 6.09679 0.558762 5.99037L9.07031 0.936523ZM9.07031 11.3942L16.8703 6.74422L9.07031 2.09422L1.27031 6.74422L9.07031 11.3942ZM9.07031 12.5519L1.07031 7.79037V17.1288C1.07031 17.3083 1.128 17.4558 1.24339 17.5711C1.35877 17.6865 1.5062 17.7442 1.68569 17.7442H16.4549C16.6344 17.7442 16.7819 17.6865 16.8972 17.5711C17.0126 17.4558 17.0703 17.3083 17.0703 17.1288V7.79037L9.07031 12.5519Z\" fill=\"white\"><\/path><\/svg>\t\t\t<\/a>\n\t\t<\/div>\n\t\t\t\t\t\t<\/div>\n\t\t\t\t<\/div>\n\t\t\t\t<\/div>\n\t\t\t\t<div class=\"elementor-element elementor-element-b01c69d elementor-widget elementor-widget-heading\" data-id=\"b01c69d\" data-element_type=\"widget\" data-widget_type=\"heading.default\">\n\t\t\t\t<div class=\"elementor-widget-container\">\n\t\t\t\t\t<h2 class=\"elementor-heading-title elementor-size-default\">Google Analytics<\/h2>\t\t\t\t<\/div>\n\t\t\t\t<\/div>\n\t\t<div class=\"elementor-element elementor-element-ec18e08 e-con-full e-flex e-con e-child\" data-id=\"ec18e08\" data-element_type=\"container\" data-settings=\"{&quot;position&quot;:&quot;fixed&quot;,&quot;background_background&quot;:&quot;classic&quot;}\">\n\t\t\t\t<div class=\"elementor-element elementor-element-15ea997 elementor-widget__width-auto elementor-view-default elementor-widget elementor-widget-icon\" data-id=\"15ea997\" data-element_type=\"widget\" data-widget_type=\"icon.default\">\n\t\t\t\t<div class=\"elementor-widget-container\">\n\t\t\t\t\t\t\t<div class=\"elementor-icon-wrapper\">\n\t\t\t<a class=\"elementor-icon\" href=\"#elementor-action%3Aaction%3Dpopup%3Aopen%26settings%3DeyJpZCI6IjQzNzciLCJ0b2dnbGUiOmZhbHNlfQ%3D%3D\">\n\t\t\t<svg xmlns=\"http:\/\/www.w3.org\/2000\/svg\" width=\"18\" height=\"18\" viewbox=\"0 0 18 18\" fill=\"none\"><path d=\"M16.5549 17.3177L10.2933 11.0562C9.79333 11.4818 9.21833 11.8113 8.56833 12.0447C7.91833 12.278 7.26512 12.3947 6.6087 12.3947C5.00704 12.3947 3.6515 11.8402 2.54208 10.7314C1.43265 9.62261 0.87793 8.26781 0.87793 6.66701C0.87793 5.06621 1.43234 3.71036 2.54115 2.59946C3.64997 1.48856 5.00478 0.933105 6.60558 0.933105C8.2064 0.933105 9.56225 1.48781 10.6731 2.59723C11.784 3.70665 12.3395 5.0622 12.3395 6.66388C12.3395 7.35875 12.2164 8.03118 11.9703 8.68118C11.7241 9.33118 11.401 9.88696 11.001 10.3485L17.2626 16.61L16.5549 17.3177ZM6.6087 11.3947C7.93564 11.3947 9.05583 10.9379 9.96928 10.0245C10.8827 9.11099 11.3395 7.9908 11.3395 6.66388C11.3395 5.33696 10.8827 4.21677 9.96928 3.30331C9.05583 2.38984 7.93564 1.93311 6.6087 1.93311C5.28179 1.93311 4.1616 2.38984 3.24813 3.30331C2.33468 4.21677 1.87795 5.33696 1.87795 6.66388C1.87795 7.9908 2.33468 9.11099 3.24813 10.0245C4.1616 10.9379 5.28179 11.3947 6.6087 11.3947Z\" fill=\"white\"><\/path><\/svg>\t\t\t<\/a>\n\t\t<\/div>\n\t\t\t\t\t\t<\/div>\n\t\t\t\t<\/div>\n\t\t\t\t<\/div>\n\t\t\t\t<div class=\"elementor-element elementor-element-92c4259 elementor-widget elementor-widget-text-editor\" data-id=\"92c4259\" data-element_type=\"widget\" data-widget_type=\"text-editor.default\">\n\t\t\t\t<div class=\"elementor-widget-container\">\n\t\t\t\t\t\t\t\t\t<p class=\"paragrafs\">Za optimizacijo na\u0161ega poslovanja uporabljamo tudi funkcije ogla\u0161evalca v storitvi Google Analytics. Med funkcije ogla\u0161evalca spadajo:<\/p><p class=\"paragrafs\">Ponovno tr\u017eenje z Google Analytics<br \/>Poro\u010danje o prikazih v Google Prikaznem omre\u017eju<br \/>Integracije platforme DoubleClick<br \/>Poro\u010danje o demografskih podatkih in zanimanjih v storitvi Google Analytics<\/p><p class=\"paragrafs\">Z omogo\u010danjem teh funkcij prikaza Google Analytics smo dol\u017eni obvestiti na\u0161e obiskovalce z razkritjem uporabe teh funkcij in da mi in tretji ponudniki uporabljamo lastne pi\u0161kotke (kot je pi\u0161kotek Google Analytics) ali druge lastne identifikatorje ter pi\u0161kotke tretjih oseb (kot je pi\u0161kotek DoubleClick) ali druge identifikatorje tretjih oseb skupaj za zbiranje podatkov o va\u0161ih dejavnostih na na\u0161em spletnem mestu. Med drugim nam to omogo\u010da, da vas kontaktiramo, \u010de za\u010dnete izpolnjevati na\u0161 obrazec za pla\u010dilo, vendar ga opustite, preden ga dokon\u010date, in vam po\u0161ljemo e-po\u0161tno sporo\u010dilo z opomnikom, da morate dokon\u010dati naro\u010dilo.<\/p><p class=\"paragrafs\">Funkcija \u00bbPonovno tr\u017eenje\u00ab nam omogo\u010da, da dose\u017eemo ljudi, ki so \u017ee obiskali na\u0161o spletno stran, in da pravo ob\u010dinstvo pove\u017eemo s pravim ogla\u0161evalskim sporo\u010dilom.<\/p><p class=\"paragrafs\">Uporabo pi\u0161kotkov s strani Googla lahko onemogo\u010dite v nastavitvah oglasov v Googlu in\/ali pa uporabo pi\u0161kotkov s strani tretjih oseb onemogo\u010dite na strani za onemogo\u010danje pobude za omre\u017eno ogla\u0161evanje.<\/p><p class=\"bold-text-26\"><strong class=\"bold-text-27 paragrafs\">Facebook<\/strong><\/p><p class=\"paragrafs\">Kot ogla\u0161evalci na Facebooku in prek na\u0161e Facebook strani lahko mi (ne Facebook) zbiramo vsebino ali informacije od uporabnika Facebooka, te informacije pa se lahko uporabljajo na enak na\u010din, kot je dolo\u010den v tej politiki zasebnosti. Sogla\u0161ate z na\u0161im zbiranjem tak\u0161nih informacij.<\/p><p class=\"paragrafs\">Spo\u0161tujemo Facebookove omejitve uporabe podatkov.<\/p><p class=\"paragrafs\">Vsi podatki o oglasih, zbrani, prejeti ali pridobljeni iz na\u0161ega oglasa na Facebooku (\u00bbpodatki o ogla\u0161evanju na Facebooku\u00ab), se delijo le z nekom, ki deluje v na\u0161em imenu, na primer z na\u0161im ponudnikom storitev. Odgovorni smo za zagotovitev, da na\u0161i ponudniki storitev za\u0161\u010ditijo vse podatke o ogla\u0161evanju na Facebooku ali katere koli druge informacije, pridobljene od nas, omejijo na\u0161o uporabo vseh teh informacij ter jih ohranijo zaupne in varne.<\/p><p class=\"paragrafs\">Podatkov ogla\u0161evanja na Facebooku ne uporabljamo za noben namen (vklju\u010dno s ponovnim ciljanjem, zdru\u017eevanjem podatkov iz ogla\u0161evalskih akcij ve\u010d ogla\u0161evalcev ali omogo\u010danjem preusmerjanja z oznakami), razen v zbirni in anonimni obliki (razen \u010de to odobri Facebook) in samo za oceno uspe\u0161nosti in u\u010dinkovitosti na\u0161ih ogla\u0161evalskih akcij na Facebooku.<\/p><p class=\"paragrafs\">Podatkov o ogla\u0161evanju na Facebooku, vklju\u010dno z merili ciljanja za oglas na Facebooku, ne uporabljamo za gradnjo, dodajanje, urejanje, vplivanje na ali dopolnjevanje uporabni\u0161kih profilov, vklju\u010dno s profili, povezanimi s katerim koli identifikatorjem mobilne naprave ali drugim edinstvenim identifikatorjem, ki identificira dolo\u010denega uporabnika, brskalnik, ra\u010dunalnik ali napravo.<\/p><p class=\"paragrafs\">Nobenih podatkov o ogla\u0161evanju na Facebooku (vklju\u010dno z anonimnimi, zbirnimi ali izpeljanimi podatki) ne prena\u0161amo v nobeno ogla\u0161evalsko omre\u017eje, borzo oglasov, posrednika podatkov ali drugo storitev, povezano z ogla\u0161evanjem ali monetizacijo.<\/p><p class=\"paragrafs\">Va\u0161i podatki so shranjeni na stre\u017eniku seznamov, ki dostavlja vsebino in sporo\u010dila spletnega mesta. Do va\u0161ih podatkov lahko dostopajo le tisti, ki pomagajo upravljati te sezname, da bi lahko dostavili e-po\u0161to tistim, ki \u017eelijo prejemati gradivo spletnega mesta.<\/p><p class=\"paragrafs\">Vsa sporo\u010dila ali e-po\u0161tna sporo\u010dila, ki vam jih po\u0161lje spletno mesto, vsebujejo povezavo za odjavo. Z na\u0161ega po\u0161tnega seznama se lahko kadar koli odstranite s klikom na povezavo za odjavo, ki jo najdete v vsakem sporo\u010dilu, ki vam ga po\u0161ljemo.<\/p><p class=\"paragrafs\">\u010ceprav je zelo malo verjetno, se lahko ta politika kadar koli spremeni po na\u0161i presoji. \u010ce bomo to politiko posodobili, bomo posodobitve objavili na tej strani na\u0161ega spletnega mesta.<\/p>\t\t\t\t\t\t\t\t<\/div>\n\t\t\t\t<\/div>\n\t\t\t\t\t<\/div>\n\t\t\t\t<\/div>\n\t\t\t\t<\/div>","protected":false},"excerpt":{"rendered":"<p>Pravilnik o zasebnosti Prosimo, da natan\u010dno preberete ta pravilnik o zasebnosti. Z obiskom in uporabo tega spletnega mesta (\u00bbSpletno mesto\u00ab) se strinjate, da va\u0161o uporabo na\u0161ega spletnega mesta in morebitne spore glede zasebnosti ureja ta pravilnik o zasebnosti. Ker je splet medij, ki se nenehno razvija, bomo morda morali v prihodnosti spremeniti na\u0161 pravilnik o zasebnosti [\u2026]<\/p>","protected":false},"author":3,"featured_media":0,"parent":0,"menu_order":0,"comment_status":"closed","ping_status":"closed","template":"elementor_header_footer","meta":{"footnotes":""},"class_list":["post-5835","page","type-page","status-publish","hentry"],"_links":{"self":[{"href":"https:\/\/www.simplify.rs\/sl\/wp-json\/wp\/v2\/pages\/5835","targetHints":{"allow":["GET"]}}],"collection":[{"href":"https:\/\/www.simplify.rs\/sl\/wp-json\/wp\/v2\/pages"}],"about":[{"href":"https:\/\/www.simplify.rs\/sl\/wp-json\/wp\/v2\/types\/page"}],"author":[{"embeddable":true,"href":"https:\/\/www.simplify.rs\/sl\/wp-json\/wp\/v2\/users\/3"}],"replies":[{"embeddable":true,"href":"https:\/\/www.simplify.rs\/sl\/wp-json\/wp\/v2\/comments?post=5835"}],"version-history":[{"count":0,"href":"https:\/\/www.simplify.rs\/sl\/wp-json\/wp\/v2\/pages\/5835\/revisions"}],"wp:attachment":[{"href":"https:\/\/www.simplify.rs\/sl\/wp-json\/wp\/v2\/media?parent=5835"}],"curies":[{"name":"wp","href":"https:\/\/api.w.org\/{rel}","templated":true}]}}