{"id":6009,"date":"2024-10-23T14:57:10","date_gmt":"2024-10-23T14:57:10","guid":{"rendered":"https:\/\/simplify.rs\/?page_id=6009"},"modified":"2024-11-18T22:32:52","modified_gmt":"2024-11-18T22:32:52","slug":"terms-and-conditions","status":"publish","type":"page","link":"https:\/\/www.simplify.rs\/sl\/pogoji-in-dolocila\/","title":{"rendered":"Pogoji poslovanja"},"content":{"rendered":"<div data-elementor-type=\"wp-page\" data-elementor-id=\"6009\" class=\"elementor elementor-6009\" data-elementor-post-type=\"page\">\n\t\t\t\t<div class=\"elementor-element elementor-element-a90bd23 e-flex e-con-boxed e-con e-parent\" data-id=\"a90bd23\" data-element_type=\"container\" data-settings=\"{&quot;background_background&quot;:&quot;classic&quot;}\">\n\t\t\t\t\t<div class=\"e-con-inner\">\n\t\t\t\t<div class=\"elementor-element elementor-element-818bc44 elementor-widget elementor-widget-heading\" data-id=\"818bc44\" data-element_type=\"widget\" data-widget_type=\"heading.default\">\n\t\t\t\t<div class=\"elementor-widget-container\">\n\t\t\t\t\t<h1 class=\"elementor-heading-title elementor-size-default\">Pogoji poslovanja\n<\/h1>\t\t\t\t<\/div>\n\t\t\t\t<\/div>\n\t\t\t\t<div class=\"elementor-element elementor-element-4ed6bcc elementor-widget elementor-widget-text-editor\" data-id=\"4ed6bcc\" data-element_type=\"widget\" data-widget_type=\"text-editor.default\">\n\t\t\t\t<div class=\"elementor-widget-container\">\n\t\t\t\t\t\t\t\t\t<p class=\"paragraph-67 paragrafs\">Z uporabo tega spletnega mesta (\u00bbSpletno mesto\u00ab) se strinjate, da vas zavezujejo ti pogoji storitve in da boste spletno mesto uporabljali v skladu s temi pogoji storitve, na\u0161o politiko zasebnosti in vsemi dodatnimi pogoji, ki lahko veljajo za dolo\u010dene dele spletnega mesta ali za izdelke in storitve, ki so na voljo prek spletnega mesta. Dostop do spletnega mesta na kakr\u0161en koli na\u010din, bodisi avtomatiziran bodisi druga\u010den, pomeni uporabo spletnega mesta in va\u0161e strinjanje, da vas zavezujejo ti pogoji storitve.<\/p><p>Pridr\u017eujemo si pravico, da ob\u010dasno spremenimo te pogoje storitve ali uvedemo nove pogoje za uporabo spletnega mesta, v tem primeru pa bomo na tem spletnem mestu objavili revidirane pogoje storitve. Z nadaljnjo uporabo spletnega mesta po objavi tak\u0161nih sprememb sprejemate spremenjene pogoje storitve.<\/p><p>To spletno mesto in vsa gradiva, ki so na voljo na spletnem mestu, so na\u0161a last in\/ali na\u0161ih povezanih podjetij ali dajalcev licenc ter so za\u0161\u010ditena z zakoni o avtorskih pravicah, blagovnih znamkah in drugih zakonih o intelektualni lastnini. Spletno mesto je na voljo izklju\u010dno za va\u0161o osebno nekomercialno uporabo. Spletnega mesta ali gradiv, ki so na voljo na spletnem mestu, ne smete uporabljati na na\u010din, ki predstavlja kr\u0161itev na\u0161ih pravic ali ki ga mi nismo odobrili. Natan\u010dneje, razen \u010de je to izrecno dovoljeno v teh pogojih storitve ali s strani lastnika gradiva, ne smete spreminjati, kopirati, reproducirati, ponovno objavljati, nalagati, objavljati, prena\u0161ati, prevajati, prodajati, ustvarjati izpeljanih del, izkori\u0161\u010dati ali distribuirati na kakr\u0161en koli na\u010din ali medij (vklju\u010dno z e-po\u0161to ali drugimi elektronskimi sredstvi) nobenega gradiva s spletnega mesta. Vendar pa lahko ob\u010dasno prenesete in\/ali natisnete eno kopijo posameznih strani spletnega mesta za svojo osebno, nekomercialno uporabo, pod pogojem, da ohranite vsa obvestila o avtorskih pravicah in druga lastni\u0161ka obvestila nedotaknjena.<\/p><p>Na spletnem mestu lahko navajamo povezave in kazalce do spletnih mest, ki jih vzdr\u017eujejo tretje osebe. Na\u0161e povezovanje s takimi spletnimi mesti tretjih oseb ne pomeni odobritve ali sponzorstva teh spletnih mest ali informacij, izdelkov ali storitev, ki so ponujene na spletnih mestih ali prek njih. Poleg tega niti mi niti na\u0161e podru\u017enice ne upravljamo ali nadzorujemo nobenih informacij, izdelkov ali storitev, ki jih tretje osebe lahko zagotavljajo na spletnem mestu ali prek njega ali na spletnih mestih, do katerih smo mi povezani na spletnem mestu.<\/p><p class=\"paragraph-69\">INFORMACIJE, IZDELKI IN STORITVE, KI SO PONUJENI NA SPLETNEM MESTU ALI PREKO NJEGA, SO NA VOLJO \u00bbKAKR\u0160NI SO\u00ab IN BREZ KAKR\u0160NIH KOLI JAMSTEV, BODISI IZRECNIH ALI POSREDNIH. V NAJVEJ\u0160EM OBSEGU, KI GA DOVOLJUJE VELJAVNA ZAKONODAJA, ZAVRA\u010cAMO VSA JAMSTVA, IZRECNA ALI POSREDNA, VKLJU\u010cNO Z, VENDAR NE OMEJENO NA, POSREDNA JAMSTVA ZA PRODAJNOST IN PRIMERNOST ZA DOLO\u010cEN NAMEN. NE JAM\u010cIMO, DA BO SPLETNO MESTO ALI KATERA KOLI NJEGOVA FUNKCIJA NEPREKINJENA ALI BREZ NAPAK, DA BODO NAPAKE ODPRAVLJENE ALI DA JE KATERI KOLI DEL TEGA SPLETNEGA MESTA, VKLJU\u010cNO Z OGLASNIMI DESKAMI ALI STRE\u017dNIKI, KI OMOGO\u010cAJO GA DOSTOPNOST, BREZ VIRUSOV ALI DRUGIH \u0160KODLJIVIH KOMPONENT.<\/p><p class=\"paragraph-65\">NE JAM\u010cIMO ALI DAJEMO NOBENIH ZAGOTOVIL GLEDE UPORABE ALI REZULTATOV UPORABE SPLETNEGA MESTA ALI GRADIV NA TEM SPLETNEM MESTU ALI NA SPLETNIH MESTIH TRETJIH OSEB GLEDE NJIHOVE PRAVILNOSTI, TO\u010cNOSTI, PRAVO\u010cASNOSTI, ZANESLJIVOSTI ALI DRUGA\u010cNO.<\/p><p>Va\u0161e sodelovanje, korespondenca ali poslovni odnosi s katero koli tretjo osebo, ki jo najdete na na\u0161i spletni strani ali prek nje, glede pla\u010dila in dostave dolo\u010denega blaga in storitev ter vsi drugi pogoji, dolo\u010dila, izjave ali jamstva, povezani s takimi posli, so izklju\u010dno med vami in to tretjo osebo.<\/p><p class=\"paragraph-66 paragrafs\">Strinjate se, da boste finan\u010dno odgovorni za vse nakupe, ki jih opravite vi ali kdo, ki deluje v va\u0161em imenu, prek Spletnega mesta. Strinjate se, da boste Spletno mesto uporabljali in prek Spletnega mesta kupovali storitve ali izdelke izklju\u010dno v zakonite, nekomercialne namene. Prav tako se strinjate, da ne boste opravljali nobenih nakupov v \u0161pekulativne, la\u017ene ali goljufive namene ali za predvidevanje povpra\u0161evanja po dolo\u010denem izdelku ali storitvi. Strinjate se, da boste blago ali storitve kupovali samo zase ali za drugo osebo, za katero imate zakonsko dovoljenje za to. Ko opravite nakup za tretjo osebo, ki od vas zahteva, da nam ali trgovcu posredujete osebne podatke tretje osebe, izjavljate, da ste pridobili izrecno soglasje te tretje osebe za posredovanje njenih osebnih podatkov.<\/p><p class=\"paragraph-68\">TO SPLETNO MESTO SE NEPREKINJENO RAZVIJA IN NE DAJEMO NOBENEGA JAMSTVA, BODISI POSREDNEGA ALI IZRECNEGA, GLEDE NJEGOVE TO\u010cNOSTI, POPOLNOSTI ALI PRIMERNOSTI ZA KAKR\u0160EN KOLI NAMEN.<\/p>\t\t\t\t\t\t\t\t<\/div>\n\t\t\t\t<\/div>\n\t\t<div class=\"elementor-element elementor-element-030bff9 e-con-full e-flex e-con e-child\" data-id=\"030bff9\" data-element_type=\"container\" data-settings=\"{&quot;position&quot;:&quot;fixed&quot;,&quot;background_background&quot;:&quot;classic&quot;}\">\n\t\t\t\t<div class=\"elementor-element elementor-element-1b452aa elementor-widget__width-auto elementor-view-default elementor-widget elementor-widget-icon\" data-id=\"1b452aa\" data-element_type=\"widget\" data-widget_type=\"icon.default\">\n\t\t\t\t<div class=\"elementor-widget-container\">\n\t\t\t\t\t\t\t<div class=\"elementor-icon-wrapper\">\n\t\t\t<a class=\"elementor-icon\" href=\"https:\/\/www.simplify.rs\/sl\/kontakt\/#contact-btn\" target=\"_blank\" rel=\"noopener\">\n\t\t\t<svg xmlns=\"http:\/\/www.w3.org\/2000\/svg\" width=\"19\" height=\"19\" viewbox=\"0 0 19 19\" fill=\"none\"><path d=\"M9.07031 0.936523L17.5819 5.99037C17.728 6.09679 17.846 6.2282 17.9357 6.3846C18.0254 6.54101 18.0703 6.71089 18.0703 6.89422V17.1288C18.0703 17.5891 17.9161 17.9734 17.6078 18.2817C17.2995 18.5901 16.9152 18.7442 16.4549 18.7442H1.68569C1.22544 18.7442 0.841146 18.5901 0.532813 18.2817C0.224479 17.9734 0.0703125 17.5891 0.0703125 17.1288V6.89422C0.0703125 6.71089 0.115179 6.54101 0.204913 6.3846C0.294663 6.2282 0.412612 6.09679 0.558762 5.99037L9.07031 0.936523ZM9.07031 11.3942L16.8703 6.74422L9.07031 2.09422L1.27031 6.74422L9.07031 11.3942ZM9.07031 12.5519L1.07031 7.79037V17.1288C1.07031 17.3083 1.128 17.4558 1.24339 17.5711C1.35877 17.6865 1.5062 17.7442 1.68569 17.7442H16.4549C16.6344 17.7442 16.7819 17.6865 16.8972 17.5711C17.0126 17.4558 17.0703 17.3083 17.0703 17.1288V7.79037L9.07031 12.5519Z\" fill=\"white\"><\/path><\/svg>\t\t\t<\/a>\n\t\t<\/div>\n\t\t\t\t\t\t<\/div>\n\t\t\t\t<\/div>\n\t\t\t\t<\/div>\n\t\t<div class=\"elementor-element elementor-element-fcae830 e-con-full e-flex e-con e-child\" data-id=\"fcae830\" data-element_type=\"container\" data-settings=\"{&quot;position&quot;:&quot;fixed&quot;,&quot;background_background&quot;:&quot;classic&quot;}\">\n\t\t\t\t<div class=\"elementor-element elementor-element-a842ca6 elementor-widget__width-auto elementor-view-default elementor-widget elementor-widget-icon\" data-id=\"a842ca6\" data-element_type=\"widget\" data-widget_type=\"icon.default\">\n\t\t\t\t<div class=\"elementor-widget-container\">\n\t\t\t\t\t\t\t<div class=\"elementor-icon-wrapper\">\n\t\t\t<a class=\"elementor-icon\" href=\"#elementor-action%3Aaction%3Dpopup%3Aopen%26settings%3DeyJpZCI6IjQzNzciLCJ0b2dnbGUiOmZhbHNlfQ%3D%3D\">\n\t\t\t<svg xmlns=\"http:\/\/www.w3.org\/2000\/svg\" width=\"18\" height=\"18\" viewbox=\"0 0 18 18\" fill=\"none\"><path d=\"M16.5549 17.3177L10.2933 11.0562C9.79333 11.4818 9.21833 11.8113 8.56833 12.0447C7.91833 12.278 7.26512 12.3947 6.6087 12.3947C5.00704 12.3947 3.6515 11.8402 2.54208 10.7314C1.43265 9.62261 0.87793 8.26781 0.87793 6.66701C0.87793 5.06621 1.43234 3.71036 2.54115 2.59946C3.64997 1.48856 5.00478 0.933105 6.60558 0.933105C8.2064 0.933105 9.56225 1.48781 10.6731 2.59723C11.784 3.70665 12.3395 5.0622 12.3395 6.66388C12.3395 7.35875 12.2164 8.03118 11.9703 8.68118C11.7241 9.33118 11.401 9.88696 11.001 10.3485L17.2626 16.61L16.5549 17.3177ZM6.6087 11.3947C7.93564 11.3947 9.05583 10.9379 9.96928 10.0245C10.8827 9.11099 11.3395 7.9908 11.3395 6.66388C11.3395 5.33696 10.8827 4.21677 9.96928 3.30331C9.05583 2.38984 7.93564 1.93311 6.6087 1.93311C5.28179 1.93311 4.1616 2.38984 3.24813 3.30331C2.33468 4.21677 1.87795 5.33696 1.87795 6.66388C1.87795 7.9908 2.33468 9.11099 3.24813 10.0245C4.1616 10.9379 5.28179 11.3947 6.6087 11.3947Z\" fill=\"white\"><\/path><\/svg>\t\t\t<\/a>\n\t\t<\/div>\n\t\t\t\t\t\t<\/div>\n\t\t\t\t<\/div>\n\t\t\t\t<\/div>\n\t\t\t\t\t<\/div>\n\t\t\t\t<\/div>\n\t\t\t\t<\/div>","protected":false},"excerpt":{"rendered":"<p>Pogoji uporabe Z uporabo tega spletnega mesta (\u00bbSpletno mesto\u00ab) se strinjate, da vas zavezujejo ti pogoji storitve in da boste spletno mesto uporabljali v skladu s temi pogoji storitve, na\u0161o politiko zasebnosti in vsemi dodatnimi pogoji uporabe, ki lahko veljajo za dolo\u010dene dele spletnega mesta ali za izdelke in storitve, ki so na voljo [\u2026]<\/p>","protected":false},"author":3,"featured_media":0,"parent":0,"menu_order":0,"comment_status":"closed","ping_status":"closed","template":"elementor_header_footer","meta":{"footnotes":""},"class_list":["post-6009","page","type-page","status-publish","hentry"],"_links":{"self":[{"href":"https:\/\/www.simplify.rs\/sl\/wp-json\/wp\/v2\/pages\/6009","targetHints":{"allow":["GET"]}}],"collection":[{"href":"https:\/\/www.simplify.rs\/sl\/wp-json\/wp\/v2\/pages"}],"about":[{"href":"https:\/\/www.simplify.rs\/sl\/wp-json\/wp\/v2\/types\/page"}],"author":[{"embeddable":true,"href":"https:\/\/www.simplify.rs\/sl\/wp-json\/wp\/v2\/users\/3"}],"replies":[{"embeddable":true,"href":"https:\/\/www.simplify.rs\/sl\/wp-json\/wp\/v2\/comments?post=6009"}],"version-history":[{"count":0,"href":"https:\/\/www.simplify.rs\/sl\/wp-json\/wp\/v2\/pages\/6009\/revisions"}],"wp:attachment":[{"href":"https:\/\/www.simplify.rs\/sl\/wp-json\/wp\/v2\/media?parent=6009"}],"curies":[{"name":"wp","href":"https:\/\/api.w.org\/{rel}","templated":true}]}}