{"id":6066,"date":"2024-10-23T15:45:07","date_gmt":"2024-10-23T15:45:07","guid":{"rendered":"https:\/\/simplify.rs\/?page_id=6066"},"modified":"2024-12-30T15:23:16","modified_gmt":"2024-12-30T15:23:16","slug":"business-process-outsourcing","status":"publish","type":"page","link":"https:\/\/www.simplify.rs\/sl\/storitve\/zunanje-izvajanje-poslovnih-procesov\/","title":{"rendered":"Zunanje izvajanje poslovnih procesov"},"content":{"rendered":"<div data-elementor-type=\"wp-page\" data-elementor-id=\"6066\" class=\"elementor elementor-6066\" data-elementor-post-type=\"page\">\n\t\t\t\t<div class=\"elementor-element elementor-element-c79272a e-flex e-con-boxed e-con e-parent\" data-id=\"c79272a\" data-element_type=\"container\" data-settings=\"{&quot;background_background&quot;:&quot;classic&quot;}\">\n\t\t\t\t\t<div class=\"e-con-inner\">\n\t\t\t\t<div class=\"elementor-element elementor-element-1bbd2d3 elementor-widget elementor-widget-heading\" data-id=\"1bbd2d3\" data-element_type=\"widget\" data-widget_type=\"heading.default\">\n\t\t\t\t<div class=\"elementor-widget-container\">\n\t\t\t\t\t<h2 class=\"elementor-heading-title elementor-size-default\"><span class=\"linear_lightblue11\">Zunanje izvajanje poslovnih procesov<\/span><\/h2>\t\t\t\t<\/div>\n\t\t\t\t<\/div>\n\t\t<div class=\"elementor-element elementor-element-6c2d897 e-con-full e-flex e-con e-child\" data-id=\"6c2d897\" data-element_type=\"container\" data-settings=\"{&quot;position&quot;:&quot;fixed&quot;,&quot;background_background&quot;:&quot;classic&quot;}\">\n\t\t\t\t<div class=\"elementor-element elementor-element-c8f0b6e elementor-widget__width-auto elementor-view-default elementor-widget elementor-widget-icon\" data-id=\"c8f0b6e\" data-element_type=\"widget\" data-widget_type=\"icon.default\">\n\t\t\t\t<div class=\"elementor-widget-container\">\n\t\t\t\t\t\t\t<div class=\"elementor-icon-wrapper\">\n\t\t\t<a class=\"elementor-icon\" href=\"https:\/\/www.simplify.rs\/sl\/kontakt\/#contact-btn\" target=\"_blank\" rel=\"noopener\">\n\t\t\t<svg xmlns=\"http:\/\/www.w3.org\/2000\/svg\" width=\"19\" height=\"19\" viewbox=\"0 0 19 19\" fill=\"none\"><path d=\"M9.07031 0.936523L17.5819 5.99037C17.728 6.09679 17.846 6.2282 17.9357 6.3846C18.0254 6.54101 18.0703 6.71089 18.0703 6.89422V17.1288C18.0703 17.5891 17.9161 17.9734 17.6078 18.2817C17.2995 18.5901 16.9152 18.7442 16.4549 18.7442H1.68569C1.22544 18.7442 0.841146 18.5901 0.532813 18.2817C0.224479 17.9734 0.0703125 17.5891 0.0703125 17.1288V6.89422C0.0703125 6.71089 0.115179 6.54101 0.204913 6.3846C0.294663 6.2282 0.412612 6.09679 0.558762 5.99037L9.07031 0.936523ZM9.07031 11.3942L16.8703 6.74422L9.07031 2.09422L1.27031 6.74422L9.07031 11.3942ZM9.07031 12.5519L1.07031 7.79037V17.1288C1.07031 17.3083 1.128 17.4558 1.24339 17.5711C1.35877 17.6865 1.5062 17.7442 1.68569 17.7442H16.4549C16.6344 17.7442 16.7819 17.6865 16.8972 17.5711C17.0126 17.4558 17.0703 17.3083 17.0703 17.1288V7.79037L9.07031 12.5519Z\" fill=\"white\"><\/path><\/svg>\t\t\t<\/a>\n\t\t<\/div>\n\t\t\t\t\t\t<\/div>\n\t\t\t\t<\/div>\n\t\t\t\t<\/div>\n\t\t\t\t<div class=\"elementor-element elementor-element-d3aff30 elementor-widget elementor-widget-text-editor\" data-id=\"d3aff30\" data-element_type=\"widget\" data-widget_type=\"text-editor.default\">\n\t\t\t\t<div class=\"elementor-widget-container\">\n\t\t\t\t\t\t\t\t\t<p><span style=\"font-weight: 400;\">Zunanje izvajanje poslovnih procesov (BPO)\u00a0<\/span><span style=\"text-align: var(--text-align); background-color: var( --e-global-color-b16a786 );\">je strate\u0161ka praksa, pri kateri organizacija sodeluje z zunanjim ponudnikom storitev pri delegiranju dolo\u010denih poslovnih procesov, ki niso v njenem osrednjem poudarku. Ti procesi lahko vklju\u010dujejo storitve za stranke, obra\u010dun pla\u010d, vnos podatkov, finance, \u010dlove\u0161ke vire in druge funkcije. BPO je vse bolj prisoten v dana\u0161njem globaliziranem poslovnem okolju.<\/span><\/p><h3><strong>Zakaj je BPO pomemben za va\u0161e podjetje?<\/strong><\/h3><p>BPO podjetjem omogo\u010da, da se osredoto\u010dijo na svoje klju\u010dne kompetence, medtem ko neklju\u010dne naloge prepustijo specializiranim strokovnjakom. Ta strate\u0161ka prerazporeditev virov organizacijam pomaga pri:<\/p><ul><li><strong>Optimizirajte poslovanje<\/strong><\/li><li><strong>Zmanj\u0161ajte stro\u0161ke<\/strong><\/li><li><strong>Pove\u010dajte u\u010dinkovitost<\/strong><\/li><li><strong>Izbolj\u0161ajte produktivnost<\/strong><\/li><\/ul><p>Prav tako BPO omogo\u010da dostop do globalnih talentov in najnovej\u0161ih tehnologij, s \u010dimer spodbuja inovativnost in prilagodljivost.<\/p><h3><strong>Glavne prednosti BPO:<\/strong><\/h3><p>Zunanje izvajanje poslovnih procesov podjetjem omogo\u010da, da izkoristijo strokovno znanje specializiranih ponudnikov storitev, kar zagotavlja, da se te naloge izvajajo u\u010dinkovito in v skladu z industrijskimi standardi in predpisi.<\/p><h3><strong>Kako deluje BPO?<\/strong><\/h3><p>BPO se obi\u010dajno izvaja z jasno opredeljeno pogodbo, v kateri ponudnik storitev prevzame odgovornost za izvajanje delegiranih nalog. Ta model sodelovanja omogo\u010da podjetjem, da izkoristijo zunanje vire, hkrati pa ohranijo nadzor in nadzor nad procesi, kar ima za posledico obojestranske koristi.<\/p><h3><strong>Partnerstvo s Simplifyjem \u2013 va\u0161a pot do uspeha v BPO<\/strong><\/h3><p>Pospe\u0161ite svoje BPO pobude z <strong>Poenostavite<\/strong> in dose\u010di maksimalne poslovne rezultate. Na\u0161a ekipa strokovnjakov ponuja prilagojene re\u0161itve za razli\u010dne poslovne procese, kar vam omogo\u010da, da se osredoto\u010dite na rast in inovacije.<\/p>\t\t\t\t\t\t\t\t<\/div>\n\t\t\t\t<\/div>\n\t\t<div class=\"elementor-element elementor-element-edc99ed e-con-full e-flex e-con e-child\" data-id=\"edc99ed\" data-element_type=\"container\" data-settings=\"{&quot;position&quot;:&quot;fixed&quot;,&quot;background_background&quot;:&quot;classic&quot;}\">\n\t\t\t\t<div class=\"elementor-element elementor-element-094e4e3 elementor-widget__width-auto elementor-view-default elementor-widget elementor-widget-icon\" data-id=\"094e4e3\" data-element_type=\"widget\" data-widget_type=\"icon.default\">\n\t\t\t\t<div class=\"elementor-widget-container\">\n\t\t\t\t\t\t\t<div class=\"elementor-icon-wrapper\">\n\t\t\t<a class=\"elementor-icon\" href=\"#elementor-action%3Aaction%3Dpopup%3Aopen%26settings%3DeyJpZCI6IjQzNzciLCJ0b2dnbGUiOmZhbHNlfQ%3D%3D\">\n\t\t\t<svg xmlns=\"http:\/\/www.w3.org\/2000\/svg\" width=\"18\" height=\"18\" viewbox=\"0 0 18 18\" fill=\"none\"><path d=\"M16.5549 17.3177L10.2933 11.0562C9.79333 11.4818 9.21833 11.8113 8.56833 12.0447C7.91833 12.278 7.26512 12.3947 6.6087 12.3947C5.00704 12.3947 3.6515 11.8402 2.54208 10.7314C1.43265 9.62261 0.87793 8.26781 0.87793 6.66701C0.87793 5.06621 1.43234 3.71036 2.54115 2.59946C3.64997 1.48856 5.00478 0.933105 6.60558 0.933105C8.2064 0.933105 9.56225 1.48781 10.6731 2.59723C11.784 3.70665 12.3395 5.0622 12.3395 6.66388C12.3395 7.35875 12.2164 8.03118 11.9703 8.68118C11.7241 9.33118 11.401 9.88696 11.001 10.3485L17.2626 16.61L16.5549 17.3177ZM6.6087 11.3947C7.93564 11.3947 9.05583 10.9379 9.96928 10.0245C10.8827 9.11099 11.3395 7.9908 11.3395 6.66388C11.3395 5.33696 10.8827 4.21677 9.96928 3.30331C9.05583 2.38984 7.93564 1.93311 6.6087 1.93311C5.28179 1.93311 4.1616 2.38984 3.24813 3.30331C2.33468 4.21677 1.87795 5.33696 1.87795 6.66388C1.87795 7.9908 2.33468 9.11099 3.24813 10.0245C4.1616 10.9379 5.28179 11.3947 6.6087 11.3947Z\" fill=\"white\"><\/path><\/svg>\t\t\t<\/a>\n\t\t<\/div>\n\t\t\t\t\t\t<\/div>\n\t\t\t\t<\/div>\n\t\t\t\t<\/div>\n\t\t\t\t\t<\/div>\n\t\t\t\t<\/div>\n\t\t\t\t<\/div>","protected":false},"excerpt":{"rendered":"<p>Zunanje izvajanje poslovnih procesov Zunanje izvajanje poslovnih procesov (BPO) je strate\u0161ka praksa, pri kateri organizacija sodeluje z zunanjim ponudnikom storitev za delegiranje dolo\u010denih poslovnih procesov, ki niso v njenem osrednjem fokusu. Ti procesi lahko vklju\u010dujejo storitve za stranke, obra\u010dun pla\u010d, vnos podatkov, finance, \u010dlove\u0161ke vire in druge funkcije. BPO je vse bolj prisoten v dana\u0161njem globaliziranem poslovnem okolju. [\u2026]<\/p>","protected":false},"author":3,"featured_media":0,"parent":19,"menu_order":0,"comment_status":"closed","ping_status":"closed","template":"elementor_header_footer","meta":{"footnotes":""},"class_list":["post-6066","page","type-page","status-publish","hentry"],"_links":{"self":[{"href":"https:\/\/www.simplify.rs\/sl\/wp-json\/wp\/v2\/pages\/6066","targetHints":{"allow":["GET"]}}],"collection":[{"href":"https:\/\/www.simplify.rs\/sl\/wp-json\/wp\/v2\/pages"}],"about":[{"href":"https:\/\/www.simplify.rs\/sl\/wp-json\/wp\/v2\/types\/page"}],"author":[{"embeddable":true,"href":"https:\/\/www.simplify.rs\/sl\/wp-json\/wp\/v2\/users\/3"}],"replies":[{"embeddable":true,"href":"https:\/\/www.simplify.rs\/sl\/wp-json\/wp\/v2\/comments?post=6066"}],"version-history":[{"count":0,"href":"https:\/\/www.simplify.rs\/sl\/wp-json\/wp\/v2\/pages\/6066\/revisions"}],"up":[{"embeddable":true,"href":"https:\/\/www.simplify.rs\/sl\/wp-json\/wp\/v2\/pages\/19"}],"wp:attachment":[{"href":"https:\/\/www.simplify.rs\/sl\/wp-json\/wp\/v2\/media?parent=6066"}],"curies":[{"name":"wp","href":"https:\/\/api.w.org\/{rel}","templated":true}]}}